{"id":147870,"date":"2025-02-14T11:54:09","date_gmt":"2025-02-14T10:54:09","guid":{"rendered":"https:\/\/secureus.se\/kolsyreslackare-co2-5kg\/"},"modified":"2026-01-07T10:15:39","modified_gmt":"2026-01-07T09:15:39","slug":"kolsyreslackare-co2-5kg","status":"publish","type":"product","link":"https:\/\/secureus.se\/es\/kolsyreslackare-co2-5kg\/","title":{"rendered":"Extintor de di\u00f3xido de carbono Co2 5 kg \u2013 Potente extinci\u00f3n para fuegos de clase B"},"content":{"rendered":"<h3 data-start=\"0\" data-end=\"81\"><strong data-start=\"4\" data-end=\"79\">Extintor de di\u00f3xido de carbono Co2 5 kg \u2013 Potente extinci\u00f3n para fuegos de clase B<\/strong><\/h3>\n<p data-start=\"331\" data-end=\"655\">Este <strong data-start=\"375\" data-end=\"403\">Extintor de di\u00f3xido de carbono Co2 5 kg<\/strong> Es una soluci\u00f3n potente y confiable para hacer frente a incendios en l\u00edquidos inflamables (clase B). Est\u00e1 construido seg\u00fan UNI EN 3-7:2008 y certificado seg\u00fan la Directiva de equipos a presi\u00f3n PED 2014\/68\/UE, garantizando la m\u00e1xima calidad y rendimiento.<\/p>\n<p data-start=\"657\" data-end=\"1025\">El extintor de di\u00f3xido de carbono contiene <strong data-start=\"685\" data-end=\"706\">99,99 % di\u00f3xido de carbono<\/strong>, lo que significa que extingue el fuego sin dejar ning\u00fan residuo. Esto lo hace ideal para equipos electr\u00f3nicos sensibles e instalaciones el\u00e9ctricas de hasta 1000 V. El extintor tiene una construcci\u00f3n robusta en acero de alta resistencia, recubierto de poli\u00e9ster epoxi en RAL 3000, que le proporciona una excelente protecci\u00f3n contra la corrosi\u00f3n y durabilidad.<\/p>\n<p data-start=\"1027\" data-end=\"1057\"><strong data-start=\"1027\" data-end=\"1055\">Caracter\u00edsticas y beneficios:<\/strong><\/p>\n<ul data-start=\"1058\" data-end=\"1375\">\n<li data-start=\"1058\" data-end=\"1119\"><strong data-start=\"1060\" data-end=\"1079\">Alto poder extintor<\/strong> \u2013 clase 113B para l\u00edquidos inflamables<\/li>\n<li data-start=\"1120\" data-end=\"1184\"><strong data-start=\"1122\" data-end=\"1167\">Seguro de usar en equipos el\u00e9ctricos.<\/strong> hasta 1000 V<\/li>\n<li data-start=\"1185\" data-end=\"1246\"><strong data-start=\"1187\" data-end=\"1215\">Construcci\u00f3n de acero duradera<\/strong> con revestimiento de poli\u00e9ster epoxi<\/li>\n<li data-start=\"1247\" data-end=\"1313\"><strong data-start=\"1249\" data-end=\"1269\">Largo tiempo de vaciado<\/strong> en 15 segundos para m\u00e1xima capacidad de extinci\u00f3n<\/li>\n<li data-start=\"1314\" data-end=\"1375\"><strong data-start=\"1316\" data-end=\"1373\">Certificado seg\u00fan UNI EN 3-7:2008 y PED 2014\/68\/UE<\/strong><\/li>\n<\/ul>\n<p data-start=\"1377\" data-end=\"1408\"><strong data-start=\"1377\" data-end=\"1406\">Especificaciones t\u00e9cnicas:<\/strong><\/p>\n<ul data-start=\"1409\" data-end=\"1856\">\n<li data-start=\"1409\" data-end=\"1440\"><strong data-start=\"1411\" data-end=\"1426\">Medios de extinci\u00f3n:<\/strong> 99.99 % Co2<\/li>\n<li data-start=\"1441\" data-end=\"1465\"><strong data-start=\"1443\" data-end=\"1458\">Clase de fuego:<\/strong> 113B<\/li>\n<li data-start=\"1466\" data-end=\"1509\"><strong data-start=\"1468\" data-end=\"1488\">Temperatura de funcionamiento:<\/strong> -20\u00b0C a +60\u00b0C<\/li>\n<li data-start=\"1510\" data-end=\"1541\"><strong data-start=\"1512\" data-end=\"1534\">Relleno nominal:<\/strong> 5 kilos<\/li>\n<li data-start=\"1542\" data-end=\"1569\"><strong data-start=\"1544\" data-end=\"1558\">Peso total:<\/strong> ~13,8 kilogramos<\/li>\n<li data-start=\"1570\" data-end=\"1602\"><strong data-start=\"1572\" data-end=\"1588\">Tiempo de vaciado:<\/strong> 15 segundos<\/li>\n<li data-start=\"1603\" data-end=\"1633\"><strong data-start=\"1605\" data-end=\"1624\">Par m\u00e1ximo:<\/strong> 196 Nm<\/li>\n<li data-start=\"1634\" data-end=\"1668\"><strong data-start=\"1636\" data-end=\"1658\">Presi\u00f3n de prueba del tanque:<\/strong> 250 bares<\/li>\n<li data-start=\"1669\" data-end=\"1697\"><strong data-start=\"1671\" data-end=\"1689\">Capacidad del tanque:<\/strong> 7,5 litros<\/li>\n<li data-start=\"1698\" data-end=\"1746\"><strong data-start=\"1700\" data-end=\"1729\">Presi\u00f3n de la v\u00e1lvula de seguridad:<\/strong> 185 +\/- 15 bares<\/li>\n<li data-start=\"1747\" data-end=\"1777\"><strong data-start=\"1749\" data-end=\"1762\">Material:<\/strong> Acero aleado<\/li>\n<li data-start=\"1778\" data-end=\"1856\"><strong data-start=\"1780\" data-end=\"1797\">Tratamiento de superficie:<\/strong> Poli\u00e9ster epoxi RAL 3000, arenado y recubierto de polvo.<\/li>\n<\/ul>\n<p data-start=\"1991\" data-end=\"2156\" data-is-last-node=\"\">","protected":false},"excerpt":{"rendered":"<p>Extintor de di\u00f3xido de carbono Co2 5 kg - Potente extinci\u00f3n para fuegos de clase B Este extintor de di\u00f3xido de carbono Co2 5 kg es una soluci\u00f3n potente y fiable para hacer frente a incendios en l\u00edquidos inflamables (clase B).<\/p>","protected":false},"featured_media":147869,"template":"","meta":{"_acf_changed":false},"product_brand":[],"product_cat":[1533],"product_tag":[],"class_list":{"0":"post-147870","1":"product","2":"type-product","3":"status-publish","4":"has-post-thumbnail","6":"product_cat-brandslackare","7":"tm-no-options","9":"first","10":"outofstock","11":"sale","12":"taxable","13":"shipping-taxable","14":"purchasable","15":"product-type-simple"},"acf":[],"_links":{"self":[{"href":"https:\/\/secureus.se\/es\/wp-json\/wp\/v2\/product\/147870","targetHints":{"allow":["GET"]}}],"collection":[{"href":"https:\/\/secureus.se\/es\/wp-json\/wp\/v2\/product"}],"about":[{"href":"https:\/\/secureus.se\/es\/wp-json\/wp\/v2\/types\/product"}],"wp:featuredmedia":[{"embeddable":true,"href":"https:\/\/secureus.se\/es\/wp-json\/wp\/v2\/media\/147869"}],"wp:attachment":[{"href":"https:\/\/secureus.se\/es\/wp-json\/wp\/v2\/media?parent=147870"}],"wp:term":[{"taxonomy":"product_brand","embeddable":true,"href":"https:\/\/secureus.se\/es\/wp-json\/wp\/v2\/product_brand?post=147870"},{"taxonomy":"product_cat","embeddable":true,"href":"https:\/\/secureus.se\/es\/wp-json\/wp\/v2\/product_cat?post=147870"},{"taxonomy":"product_tag","embeddable":true,"href":"https:\/\/secureus.se\/es\/wp-json\/wp\/v2\/product_tag?post=147870"}],"curies":[{"name":"wp","href":"https:\/\/api.w.org\/{rel}","templated":true}]}}