{"id":147949,"date":"2025-02-17T12:59:05","date_gmt":"2025-02-17T11:59:05","guid":{"rendered":"https:\/\/secureus.se\/?post_type=product&#038;p=147949"},"modified":"2026-04-30T12:28:38","modified_gmt":"2026-04-30T10:28:38","slug":"fonsterhallare-220-vit","status":"publish","type":"product","link":"https:\/\/secureus.se\/es\/fonsterhallare-220-vit\/","title":{"rendered":"Portaventana 220 Blanco"},"content":{"rendered":"<div>El soporte para ventana ASSA ABLOY 220 est\u00e1 adaptado para ventanas que se abren hacia adentro con marcos con rebaje excesivo.<\/div>\n<div><b><br \/>\nCaracter\u00edsticas:<\/b><\/div>\n<div>\n<ul>\n<li>La posici\u00f3n de apertura deseada se fija con el tornillo de ajuste.<\/li>\n<li>Se adapta tanto a la derecha como a la izquierda.<\/li>\n<li>Tornillo recomendado: Montaje de varilla TFX 4,0 mm y Montaje de arco TKFX 3,5 mm<\/li>\n<li>Para anchos de arco superiores a 500 mm (202 para anchos de arco inferiores a 500 mm)<\/li>\n<li>\u00a1NOTA! No a prueba de ni\u00f1os<\/li>\n<\/ul>\n<\/div>\n<div><b><br \/>\nMontaje:<\/b><\/div>\n<div>\n<ul>\n<li>Ensamble el soporte de ventana para hoja de guillotina derecha o izquierda.<\/li>\n<li>Presione hacia abajo el pasador del soporte de la varilla hasta que encaje en su lugar.<\/li>\n<li>Instalar seg\u00fan las instrucciones adjuntas.<\/li>\n<li>Las dimensiones se calculan desde el lado de la bisagra.<\/li>\n<li>El soporte del poste se monta de modo que el poste quede paralelo al arco.<\/li>\n<\/ul>\n<\/div>","protected":false},"excerpt":{"rendered":"<p>ASSA ABLOY F\u00f6nsterh\u00e5llare 220 \u00e4r anpassad f\u00f6r in\u00e5tg\u00e5ende f\u00f6nster med \u00f6verfalsad b\u00e5ge. Egenskaper: \u00d6nskat \u00f6ppningsl\u00e4ge fixeras med st\u00e4llskruven Passar s\u00e5v\u00e4l h\u00f6ger som v\u00e4nster Rekommenderad skruv: St\u00e5ngf\u00e4ste TFX 4,0 mm &amp;<\/p>","protected":false},"featured_media":147948,"template":"","meta":{"_acf_changed":false},"product_brand":[],"product_cat":[4649],"product_tag":[],"class_list":{"0":"post-147949","1":"product","2":"type-product","3":"status-publish","4":"has-post-thumbnail","6":"product_cat-fonsterhallare","7":"product_shipping_class-postnord-varubrev","8":"pa_brands-abloy","9":"tm-no-options","11":"first","12":"instock","13":"sale","14":"taxable","15":"shipping-taxable","16":"purchasable","17":"product-type-simple"},"acf":[],"_links":{"self":[{"href":"https:\/\/secureus.se\/es\/wp-json\/wp\/v2\/product\/147949","targetHints":{"allow":["GET"]}}],"collection":[{"href":"https:\/\/secureus.se\/es\/wp-json\/wp\/v2\/product"}],"about":[{"href":"https:\/\/secureus.se\/es\/wp-json\/wp\/v2\/types\/product"}],"wp:featuredmedia":[{"embeddable":true,"href":"https:\/\/secureus.se\/es\/wp-json\/wp\/v2\/media\/147948"}],"wp:attachment":[{"href":"https:\/\/secureus.se\/es\/wp-json\/wp\/v2\/media?parent=147949"}],"wp:term":[{"taxonomy":"product_brand","embeddable":true,"href":"https:\/\/secureus.se\/es\/wp-json\/wp\/v2\/product_brand?post=147949"},{"taxonomy":"product_cat","embeddable":true,"href":"https:\/\/secureus.se\/es\/wp-json\/wp\/v2\/product_cat?post=147949"},{"taxonomy":"product_tag","embeddable":true,"href":"https:\/\/secureus.se\/es\/wp-json\/wp\/v2\/product_tag?post=147949"}],"curies":[{"name":"wp","href":"https:\/\/api.w.org\/{rel}","templated":true}]}}