{"id":147966,"date":"2025-02-17T12:59:06","date_gmt":"2025-02-17T11:59:06","guid":{"rendered":"https:\/\/secureus.se\/?post_type=product&#038;p=147966"},"modified":"2026-04-14T14:07:12","modified_gmt":"2026-04-14T12:07:12","slug":"stormkrok-kultur-nickel","status":"publish","type":"product","link":"https:\/\/secureus.se\/es\/stormkrok-kultur-nickel\/","title":{"rendered":"Gancho de tormenta Cultura N\u00edquel"},"content":{"rendered":"<p>Gancho para tormentas ROCA Kultur en estilo r\u00fastico. Un gancho de tormenta cl\u00e1sico y un accesorio de ventilaci\u00f3n confiable con dos posiciones de ventilaci\u00f3n y est\u00e1 adaptado para adaptarse a mosquiteros. Un accesorio decorativo y funcional dise\u00f1ado para ventanas de apertura lateral hacia el exterior. Tambi\u00e9n es adecuado para ventanas r\u00fasticas de estilo granja escandinavo. Completo con gancho de cola y clavo. Consulte la pesta\u00f1a Combinar con.<\/p>\n<p><b>Caracter\u00edsticas:<\/b><\/p>\n<ul>\n<li>Material: Zamak<\/li>\n<li>Tratamiento superficial: Niquelado<\/li>\n<\/ul>","protected":false},"excerpt":{"rendered":"<p>Gancho para tormentas ROCA Kultur en estilo r\u00fastico. Un gancho de tormenta cl\u00e1sico y un accesorio de ventilaci\u00f3n confiable con dos posiciones de ventilaci\u00f3n y est\u00e1 adaptado para adaptarse a mosquiteros. Un accesorio decorativo y funcional pensado para<\/p>","protected":false},"featured_media":147965,"template":"","meta":{"_acf_changed":false},"product_brand":[],"product_cat":[4649],"product_tag":[],"class_list":{"0":"post-147966","1":"product","2":"type-product","3":"status-publish","4":"has-post-thumbnail","6":"product_cat-fonsterhallare","7":"product_shipping_class-postnord-varubrev","8":"pa_brands-roca","9":"tm-no-options","11":"first","12":"instock","13":"sale","14":"taxable","15":"shipping-taxable","16":"purchasable","17":"product-type-simple"},"acf":[],"_links":{"self":[{"href":"https:\/\/secureus.se\/es\/wp-json\/wp\/v2\/product\/147966","targetHints":{"allow":["GET"]}}],"collection":[{"href":"https:\/\/secureus.se\/es\/wp-json\/wp\/v2\/product"}],"about":[{"href":"https:\/\/secureus.se\/es\/wp-json\/wp\/v2\/types\/product"}],"wp:featuredmedia":[{"embeddable":true,"href":"https:\/\/secureus.se\/es\/wp-json\/wp\/v2\/media\/147965"}],"wp:attachment":[{"href":"https:\/\/secureus.se\/es\/wp-json\/wp\/v2\/media?parent=147966"}],"wp:term":[{"taxonomy":"product_brand","embeddable":true,"href":"https:\/\/secureus.se\/es\/wp-json\/wp\/v2\/product_brand?post=147966"},{"taxonomy":"product_cat","embeddable":true,"href":"https:\/\/secureus.se\/es\/wp-json\/wp\/v2\/product_cat?post=147966"},{"taxonomy":"product_tag","embeddable":true,"href":"https:\/\/secureus.se\/es\/wp-json\/wp\/v2\/product_tag?post=147966"}],"curies":[{"name":"wp","href":"https:\/\/api.w.org\/{rel}","templated":true}]}}