{"id":147990,"date":"2025-02-25T12:22:20","date_gmt":"2025-02-25T11:22:20","guid":{"rendered":"https:\/\/secureus.se\/?post_type=product&#038;p=147990"},"modified":"2026-04-08T16:28:16","modified_gmt":"2026-04-08T14:28:16","slug":"plejd-belysning-downlight-tilt-svart","status":"publish","type":"product","link":"https:\/\/secureus.se\/es\/plejd-belysning-downlight-tilt-svart\/","title":{"rendered":"Iluminaci\u00f3n Plaid Downlight Inclinable Negro"},"content":{"rendered":"<h1>Plejd DWN-01 \u2013 Downlight inteligente con blanco ajustable y control inal\u00e1mbrico<\/h1>\n<p data-start=\"586\" data-end=\"842\">Plejd DWN-01 es un downlight inteligente y flexible dise\u00f1ado para proporcionar un control \u00f3ptimo de la iluminaci\u00f3n.<\/p>\n<p data-start=\"586\" data-end=\"842\">Gracias a su funci\u00f3n de atenuaci\u00f3n incorporada, no se necesita un atenuador externo: todo se controla f\u00e1cilmente a trav\u00e9s de la aplicaci\u00f3n Plejd, un bot\u00f3n u otros dispositivos Plejd.<\/p>\n<p data-start=\"844\" data-end=\"1278\">La fuente de luz tiene una funci\u00f3n de inclinaci\u00f3n de 22\u00b0, lo que permite dirigir la luz y crear la iluminaci\u00f3n perfecta en la habitaci\u00f3n.<\/p>\n<p data-start=\"844\" data-end=\"1278\">La tecnolog\u00eda de blanco ajustable permite al usuario ajustar la temperatura de color entre 2200 K y 4000 K, lo que facilita la adaptaci\u00f3n de la luz a sus necesidades, desde una luz c\u00e1lida y acogedora hasta una luz de trabajo m\u00e1s neutra.<\/p>\n<p data-start=\"844\" data-end=\"1278\">El producto tambi\u00e9n admite la funci\u00f3n de atenuaci\u00f3n a calidez, lo que proporciona una experiencia de iluminaci\u00f3n m\u00e1s natural al atenuar.<\/p>\n<p data-start=\"1280\" data-end=\"1603\">Gracias a la tecnolog\u00eda de malla Bluetooth\u00ae, el DWN-01 se puede integrar en un sistema de iluminaci\u00f3n inteligente donde se pueden agrupar varios dispositivos de forma inal\u00e1mbrica y controlarlos juntos.<\/p>\n<p data-start=\"1280\" data-end=\"1603\">Para una mayor automatizaci\u00f3n, el DWN-01 tiene funciones de tiempo incorporadas como relojes astron\u00f3micos y semanales, que permiten ajustar la luz autom\u00e1ticamente seg\u00fan la hora del d\u00eda.<\/p>\n<p data-start=\"1605\" data-end=\"1955\">El DWN-01 tiene una clasificaci\u00f3n IP44, lo que significa que es adecuado para ba\u00f1os y otros ambientes h\u00famedos.<\/p>\n<p data-start=\"1605\" data-end=\"1955\">Tambi\u00e9n tiene protecci\u00f3n contra sobretemperatura, lo que garantiza un funcionamiento seguro y duradero.<\/p>\n<p data-start=\"1605\" data-end=\"1955\">La instalaci\u00f3n es f\u00e1cil gracias a una profundidad de instalaci\u00f3n baja de solo 40 mm, lo que significa que se puede montar incluso en espacios con profundidad limitada.<\/p>\n<h3 data-start=\"1962\" data-end=\"1997\"><strong data-start=\"1966\" data-end=\"1995\">Especificaciones t\u00e9cnicas:<\/strong><\/h3>\n<ul data-start=\"1998\" data-end=\"2808\">\n<li data-start=\"1998\" data-end=\"2034\"><strong data-start=\"2000\" data-end=\"2014\">Fuente de luz:<\/strong> LED (no reemplazable)<\/li>\n<li data-start=\"2035\" data-end=\"2060\"><strong data-start=\"2037\" data-end=\"2051\">Flujo luminoso:<\/strong> 515 l\u00famenes<\/li>\n<li data-start=\"2061\" data-end=\"2111\"><strong data-start=\"2063\" data-end=\"2082\">Temperatura de color:<\/strong> 2200\u20134000 K (blanco modulable)<\/li>\n<li data-start=\"2112\" data-end=\"2145\"><strong data-start=\"2114\" data-end=\"2133\">Rango de atenuaci\u00f3n:<\/strong> 0,1\u2013100 %<\/li>\n<li data-start=\"2146\" data-end=\"2169\"><strong data-start=\"2148\" data-end=\"2163\">Inclinabilidad:<\/strong> 22\u00b0<\/li>\n<li data-start=\"2170\" data-end=\"2199\"><strong data-start=\"2172\" data-end=\"2193\">\u00c1ngulo de expansi\u00f3n:<\/strong> 40\u00b0<\/li>\n<li data-start=\"2200\" data-end=\"2233\"><strong data-start=\"2202\" data-end=\"2228\">Reproducci\u00f3n crom\u00e1tica (IRC):<\/strong> 90<\/li>\n<li data-start=\"2234\" data-end=\"2286\"><strong data-start=\"2236\" data-end=\"2250\">Vida:<\/strong> 60.000 horas (L70\/B50 a 25 \u00b0C)<\/li>\n<li data-start=\"2287\" data-end=\"2306\"><strong data-start=\"2289\" data-end=\"2300\">Efecto:<\/strong> 8W<\/li>\n<li data-start=\"2307\" data-end=\"2342\"><strong data-start=\"2309\" data-end=\"2338\">Clase de eficiencia energ\u00e9tica:<\/strong> F<\/li>\n<li data-start=\"2343\" data-end=\"2372\"><strong data-start=\"2345\" data-end=\"2361\">Clase de protecci\u00f3n:<\/strong> Clase II<\/li>\n<li data-start=\"2373\" data-end=\"2421\"><strong data-start=\"2375\" data-end=\"2388\">Clase de IP:<\/strong> IP44 (luminaria), IP20 (controlador)<\/li>\n<li data-start=\"2422\" data-end=\"2454\"><strong data-start=\"2424\" data-end=\"2440\">Tensi\u00f3n de red:<\/strong> 230 V \/ 50 Hz<\/li>\n<li data-start=\"2455\" data-end=\"2481\"><strong data-start=\"2457\" data-end=\"2474\">Factor de potencia:<\/strong> 0,84<\/li>\n<li data-start=\"2482\" data-end=\"2528\"><strong data-start=\"2484\" data-end=\"2502\">Comunicaci\u00f3n:<\/strong> Bluetooth\u00ae de malla de 2,4 GHz<\/li>\n<li data-start=\"2529\" data-end=\"2604\"><strong data-start=\"2531\" data-end=\"2549\">Alcance de radio:<\/strong> Aproximadamente 10 metros en interiores (ampliado con tecnolog\u00eda de malla Plejd)<\/li>\n<li data-start=\"2605\" data-end=\"2651\"><strong data-start=\"2607\" data-end=\"2621\">Montaje:<\/strong> Empotrado en techo (orificio \u00d8 83 mm)<\/li>\n<li data-start=\"2652\" data-end=\"2691\"><strong data-start=\"2654\" data-end=\"2683\">Profundidad m\u00ednima de instalaci\u00f3n:<\/strong> 40 mm<\/li>\n<li data-start=\"2692\" data-end=\"2752\"><strong data-start=\"2694\" data-end=\"2707\">Material:<\/strong> Aluminio con recubrimiento en polvo, negro (RAL 9004)<\/li>\n<li data-start=\"2753\" data-end=\"2808\"><strong data-start=\"2755\" data-end=\"2774\">Compatibilidad:<\/strong> Apple HomeKit, Asistente de Google<\/li>\n<\/ul>\n<p data-start=\"2810\" data-end=\"2958\">Plejd DWN-01 es una soluci\u00f3n elegante y de alta calidad para quienes desean una iluminaci\u00f3n inteligente y flexible en su hogar o en entornos p\u00fablicos.<\/p>","protected":false},"excerpt":{"rendered":"<p>Plejd DWN-01 es un downlight inteligente con blanco regulable y funci\u00f3n de atenuaci\u00f3n incorporada: no necesita atenuador externo.<\/p>\n<p>La fuente de luz se puede inclinar para ofrecer una iluminaci\u00f3n flexible y se controla de forma inal\u00e1mbrica a trav\u00e9s de la aplicaci\u00f3n Plejd, otros productos Plejd o un bot\u00f3n.<\/p>\n<p>Temperatura de color ajustable de 2200K a 4000K y compatible con control de tiempo a trav\u00e9s de astrolog\u00eda y reloj semanal.<\/p>","protected":false},"featured_media":147989,"template":"","meta":{"_acf_changed":false},"product_brand":[],"product_cat":[4664],"product_tag":[4670],"class_list":{"0":"post-147990","1":"product","2":"type-product","3":"status-publish","4":"has-post-thumbnail","6":"product_cat-plejd-belysning","7":"product_tag-plejd","8":"product_shipping_class-postnord-varubrev","9":"pa_brands-plejd","10":"tm-has-options","12":"first","13":"instock","14":"sale","15":"taxable","16":"shipping-taxable","17":"purchasable","18":"product-type-simple"},"acf":[],"_links":{"self":[{"href":"https:\/\/secureus.se\/es\/wp-json\/wp\/v2\/product\/147990","targetHints":{"allow":["GET"]}}],"collection":[{"href":"https:\/\/secureus.se\/es\/wp-json\/wp\/v2\/product"}],"about":[{"href":"https:\/\/secureus.se\/es\/wp-json\/wp\/v2\/types\/product"}],"wp:featuredmedia":[{"embeddable":true,"href":"https:\/\/secureus.se\/es\/wp-json\/wp\/v2\/media\/147989"}],"wp:attachment":[{"href":"https:\/\/secureus.se\/es\/wp-json\/wp\/v2\/media?parent=147990"}],"wp:term":[{"taxonomy":"product_brand","embeddable":true,"href":"https:\/\/secureus.se\/es\/wp-json\/wp\/v2\/product_brand?post=147990"},{"taxonomy":"product_cat","embeddable":true,"href":"https:\/\/secureus.se\/es\/wp-json\/wp\/v2\/product_cat?post=147990"},{"taxonomy":"product_tag","embeddable":true,"href":"https:\/\/secureus.se\/es\/wp-json\/wp\/v2\/product_tag?post=147990"}],"curies":[{"name":"wp","href":"https:\/\/api.w.org\/{rel}","templated":true}]}}