{"id":147992,"date":"2025-02-25T12:22:20","date_gmt":"2025-02-25T11:22:20","guid":{"rendered":"https:\/\/secureus.se\/?post_type=product&#038;p=147992"},"modified":"2026-04-23T10:19:28","modified_gmt":"2026-04-23T08:19:28","slug":"plejd-belysning-downlight-deep-svart","status":"publish","type":"product","link":"https:\/\/secureus.se\/es\/plejd-belysning-downlight-deep-svart\/","title":{"rendered":"Iluminaci\u00f3n a cuadros Downlight Negro intenso"},"content":{"rendered":"<h1 data-start=\"413\" data-end=\"492\"><strong data-start=\"417\" data-end=\"490\">Plejd DWN-02 \u2013 Downlight inteligente con blanco ajustable y control inal\u00e1mbrico<\/strong><\/h1>\n<p data-start=\"494\" data-end=\"777\">Plejd DWN-02 es un downlight elegante y funcional desarrollado para proporcionar la m\u00e1xima flexibilidad en el control de la iluminaci\u00f3n.<\/p>\n<p data-start=\"494\" data-end=\"777\">Con una funci\u00f3n de atenuaci\u00f3n incorporada, no se necesita un atenuador externo y la luz se puede controlar f\u00e1cilmente a trav\u00e9s de la aplicaci\u00f3n Plejd, un bot\u00f3n pulsador con cable u otros dispositivos Plejd.<\/p>\n<p data-start=\"779\" data-end=\"1164\">La tecnolog\u00eda Tunable White integrada permite ajustar la temperatura de color de la luz entre 2200K y 4000K, lo que significa que la luz se puede adaptar a diferentes entornos y necesidades, desde un brillo c\u00e1lido y acogedor hasta una luz blanca m\u00e1s funcional.<\/p>\n<p data-start=\"779\" data-end=\"1164\">La funci\u00f3n de atenuaci\u00f3n a calidez crea una transici\u00f3n natural en la temperatura del color al atenu\u00e1rse, proporcionando una iluminaci\u00f3n m\u00e1s c\u00f3moda.<\/p>\n<p data-start=\"1166\" data-end=\"1414\">Este modelo tiene una distribuci\u00f3n de luz sim\u00e9trica con un \u00e1ngulo de haz de 40\u00b0, lo que lo hace adecuado tanto para iluminaci\u00f3n general como para iluminaci\u00f3n direccional.<\/p>\n<p data-start=\"1166\" data-end=\"1414\">El DWN-02 tiene una direcci\u00f3n de luz fija, que proporciona una distribuci\u00f3n uniforme de la luz en toda la habitaci\u00f3n.<\/p>\n<p data-start=\"1416\" data-end=\"1711\">La instalaci\u00f3n es f\u00e1cil gracias a una profundidad de instalaci\u00f3n baja de solo 40 mm, lo que significa que se puede montar incluso en espacios con profundidad limitada.<\/p>\n<p data-start=\"1416\" data-end=\"1711\">Tiene clasificaci\u00f3n IP44, lo que significa que se puede utilizar en ba\u00f1os y otros entornos h\u00famedos, as\u00ed como en instalaciones de aleros exteriores.<\/p>\n<p data-start=\"1713\" data-end=\"1982\">Gracias a la tecnolog\u00eda de malla Bluetooth\u00ae, es posible agrupar y controlar de forma inal\u00e1mbrica varias unidades DWN-02.<\/p>\n<p data-start=\"1713\" data-end=\"1982\">El producto tambi\u00e9n tiene funciones de tiempo integradas como relojes astron\u00f3micos y semanales, lo que permite automatizar el control de la iluminaci\u00f3n seg\u00fan las condiciones de luz del d\u00eda.<\/p>\n<p data-start=\"1984\" data-end=\"2143\">DWN-02 es una soluci\u00f3n elegante y energ\u00e9ticamente eficiente, adecuada tanto para instalaciones privadas como comerciales donde se requiere una iluminaci\u00f3n moderna e inteligente.<\/p>\n<h3 data-start=\"2145\" data-end=\"2180\"><strong data-start=\"2149\" data-end=\"2178\">Especificaciones t\u00e9cnicas:<\/strong><\/h3>\n<ul data-start=\"2181\" data-end=\"2967\">\n<li data-start=\"2181\" data-end=\"2217\"><strong data-start=\"2183\" data-end=\"2197\">Fuente de luz:<\/strong> LED (no reemplazable)<\/li>\n<li data-start=\"2218\" data-end=\"2243\"><strong data-start=\"2220\" data-end=\"2234\">Flujo luminoso:<\/strong> 515 l\u00famenes<\/li>\n<li data-start=\"2244\" data-end=\"2294\"><strong data-start=\"2246\" data-end=\"2265\">Temperatura de color:<\/strong> 2200\u20134000 K (blanco modulable)<\/li>\n<li data-start=\"2295\" data-end=\"2328\"><strong data-start=\"2297\" data-end=\"2316\">Rango de atenuaci\u00f3n:<\/strong> 0,1\u2013100 %<\/li>\n<li data-start=\"2329\" data-end=\"2358\"><strong data-start=\"2331\" data-end=\"2352\">\u00c1ngulo de expansi\u00f3n:<\/strong> 40\u00b0<\/li>\n<li data-start=\"2359\" data-end=\"2392\"><strong data-start=\"2361\" data-end=\"2387\">Reproducci\u00f3n crom\u00e1tica (IRC):<\/strong> 90<\/li>\n<li data-start=\"2393\" data-end=\"2445\"><strong data-start=\"2395\" data-end=\"2409\">Vida:<\/strong> 60.000 horas (L70\/B50 a 25 \u00b0C)<\/li>\n<li data-start=\"2446\" data-end=\"2465\"><strong data-start=\"2448\" data-end=\"2459\">Efecto:<\/strong> 8W<\/li>\n<li data-start=\"2466\" data-end=\"2501\"><strong data-start=\"2468\" data-end=\"2497\">Clase de eficiencia energ\u00e9tica:<\/strong> F<\/li>\n<li data-start=\"2502\" data-end=\"2531\"><strong data-start=\"2504\" data-end=\"2520\">Clase de protecci\u00f3n:<\/strong> Clase II<\/li>\n<li data-start=\"2532\" data-end=\"2580\"><strong data-start=\"2534\" data-end=\"2547\">Clase de IP:<\/strong> IP44 (luminaria), IP20 (controlador)<\/li>\n<li data-start=\"2581\" data-end=\"2613\"><strong data-start=\"2583\" data-end=\"2599\">Tensi\u00f3n de red:<\/strong> 230 V \/ 50 Hz<\/li>\n<li data-start=\"2614\" data-end=\"2640\"><strong data-start=\"2616\" data-end=\"2633\">Factor de potencia:<\/strong> 0,84<\/li>\n<li data-start=\"2641\" data-end=\"2687\"><strong data-start=\"2643\" data-end=\"2661\">Comunicaci\u00f3n:<\/strong> Bluetooth\u00ae de malla de 2,4 GHz<\/li>\n<li data-start=\"2688\" data-end=\"2763\"><strong data-start=\"2690\" data-end=\"2708\">Alcance de radio:<\/strong> Aproximadamente 10 metros en interiores (ampliado con tecnolog\u00eda de malla Plejd)<\/li>\n<li data-start=\"2764\" data-end=\"2810\"><strong data-start=\"2766\" data-end=\"2780\">Montaje:<\/strong> Empotrado en techo (orificio \u00d8 83 mm)<\/li>\n<li data-start=\"2811\" data-end=\"2850\"><strong data-start=\"2813\" data-end=\"2842\">Profundidad m\u00ednima de instalaci\u00f3n:<\/strong> 40 mm<\/li>\n<li data-start=\"2851\" data-end=\"2911\"><strong data-start=\"2853\" data-end=\"2866\">Material:<\/strong> Aluminio con recubrimiento en polvo, negro (RAL 9004)<\/li>\n<li data-start=\"2912\" data-end=\"2967\"><strong data-start=\"2914\" data-end=\"2933\">Compatibilidad:<\/strong> Apple HomeKit, Asistente de Google<\/li>\n<\/ul>\n<p data-start=\"2969\" data-end=\"3095\">Plejd DWN-02 es la soluci\u00f3n perfecta para instalaciones de iluminaci\u00f3n inteligente donde se combinan dise\u00f1o y funcionalidad.<\/p>","protected":false},"excerpt":{"rendered":"<p>Plejd DWN-02 es un downlight inteligente con blanco regulable y funci\u00f3n de atenuaci\u00f3n incorporada.<\/p>\n<p>No se necesita regulador externo<\/p>\n<p>Se puede controlar a trav\u00e9s de la aplicaci\u00f3n Plejd, un bot\u00f3n u otros dispositivos Plejd.<\/p>\n<p>Temperatura de color ajustable de 2200 K a 4000 K y soporte para luz tenue a c\u00e1lida.<\/p>\n<p>Con clasificaci\u00f3n IP44 y adecuado tanto para interiores como para entornos exteriores protegidos.<\/p>","protected":false},"featured_media":147991,"template":"","meta":{"_acf_changed":false},"product_brand":[],"product_cat":[4664],"product_tag":[4670],"class_list":{"0":"post-147992","1":"product","2":"type-product","3":"status-publish","4":"has-post-thumbnail","6":"product_cat-plejd-belysning","7":"product_tag-plejd","8":"product_shipping_class-postnord-varubrev","9":"pa_brands-plejd","10":"tm-has-options","12":"first","13":"instock","14":"sale","15":"taxable","16":"shipping-taxable","17":"purchasable","18":"product-type-simple"},"acf":[],"_links":{"self":[{"href":"https:\/\/secureus.se\/es\/wp-json\/wp\/v2\/product\/147992","targetHints":{"allow":["GET"]}}],"collection":[{"href":"https:\/\/secureus.se\/es\/wp-json\/wp\/v2\/product"}],"about":[{"href":"https:\/\/secureus.se\/es\/wp-json\/wp\/v2\/types\/product"}],"wp:featuredmedia":[{"embeddable":true,"href":"https:\/\/secureus.se\/es\/wp-json\/wp\/v2\/media\/147991"}],"wp:attachment":[{"href":"https:\/\/secureus.se\/es\/wp-json\/wp\/v2\/media?parent=147992"}],"wp:term":[{"taxonomy":"product_brand","embeddable":true,"href":"https:\/\/secureus.se\/es\/wp-json\/wp\/v2\/product_brand?post=147992"},{"taxonomy":"product_cat","embeddable":true,"href":"https:\/\/secureus.se\/es\/wp-json\/wp\/v2\/product_cat?post=147992"},{"taxonomy":"product_tag","embeddable":true,"href":"https:\/\/secureus.se\/es\/wp-json\/wp\/v2\/product_tag?post=147992"}],"curies":[{"name":"wp","href":"https:\/\/api.w.org\/{rel}","templated":true}]}}