{"id":147994,"date":"2025-02-25T12:22:21","date_gmt":"2025-02-25T11:22:21","guid":{"rendered":"https:\/\/secureus.se\/?post_type=product&#038;p=147994"},"modified":"2026-04-08T16:30:42","modified_gmt":"2026-04-08T14:30:42","slug":"plejd-plafond-sensor-svart","status":"publish","type":"product","link":"https:\/\/secureus.se\/es\/plejd-plafond-sensor-svart\/","title":{"rendered":"Sensor de techo Plejd negro"},"content":{"rendered":"<h1 data-start=\"428\" data-end=\"508\"><strong data-start=\"432\" data-end=\"506\">Plejd CCL-01-S \u2013 L\u00e1mpara de techo LED inteligente con sensor de movimiento y luz blanca regulable<\/strong><\/h1>\n<p data-start=\"510\" data-end=\"843\">Plejd CCL-01-S es una l\u00e1mpara de techo LED inteligente y flexible con funci\u00f3n de regulaci\u00f3n integrada y sensor de movimiento.<\/p>\n<p data-start=\"510\" data-end=\"843\">No se necesita ning\u00fan regulador externo, lo que hace que la instalaci\u00f3n sea sencilla y sin complicaciones. La iluminaci\u00f3n se puede controlar de forma inal\u00e1mbrica a trav\u00e9s de la aplicaci\u00f3n Plejd, un bot\u00f3n u otros dispositivos Plejd, lo que le brinda control total sobre la configuraci\u00f3n de la iluminaci\u00f3n.<\/p>\n<p data-start=\"845\" data-end=\"1245\">La l\u00e1mpara de techo est\u00e1 equipada con tecnolog\u00eda Tunable White, lo que significa que el usuario puede ajustar la temperatura de color entre 2200K y 4000K.<\/p>\n<p data-start=\"845\" data-end=\"1245\">Esto permite adaptar la luz a diferentes situaciones: desde una luz c\u00e1lida y atmosf\u00e9rica hasta una luz de trabajo m\u00e1s funcional.<\/p>\n<p data-start=\"845\" data-end=\"1245\">La funci\u00f3n de atenuaci\u00f3n a calidez crea un cambio de temperatura de color natural al atenuar, lo que proporciona una experiencia de iluminaci\u00f3n m\u00e1s agradable.<\/p>\n<p data-start=\"1247\" data-end=\"1585\">El sensor de movimiento incorporado combina un sensor PIR y un sensor HF para una mejor detecci\u00f3n.<\/p>\n<p data-start=\"1247\" data-end=\"1585\">Tiene un alcance de hasta 11 metros y sensibilidad ajustable. El dispositivo tambi\u00e9n est\u00e1 equipado con un sensor de luz diurna, lo que significa que puede activarse solo cuando los niveles de luz ambiental son bajos, lo que contribuye al ahorro de energ\u00eda.<\/p>\n<p data-start=\"1587\" data-end=\"1838\">Gracias a la tecnolog\u00eda de malla Bluetooth\u00ae, se pueden agrupar varios dispositivos de forma inal\u00e1mbrica y controlarlos juntos.<\/p>\n<p data-start=\"1587\" data-end=\"1838\">El producto tambi\u00e9n tiene funciones de tiempo como relojes astron\u00f3micos y semanales, lo que significa que la iluminaci\u00f3n se puede ajustar autom\u00e1ticamente seg\u00fan la hora del d\u00eda y la estaci\u00f3n.<\/p>\n<p data-start=\"1840\" data-end=\"2125\">La instalaci\u00f3n es sencilla y la l\u00e1mpara de techo se puede montar tanto en el techo como en la pared.<\/p>\n<p data-start=\"1840\" data-end=\"2125\">Tiene una clasificaci\u00f3n IP44, lo que lo hace adecuado para ba\u00f1os y otros ambientes h\u00famedos.<\/p>\n<p data-start=\"1840\" data-end=\"2125\">La l\u00e1mpara de techo est\u00e1 dise\u00f1ada para uso en interiores y tiene una construcci\u00f3n robusta con resistencia al impacto con clasificaci\u00f3n IK07.<\/p>\n<p data-start=\"2127\" data-end=\"2394\">Plejd CCL-01-S es una soluci\u00f3n de iluminaci\u00f3n energ\u00e9ticamente eficiente y duradera con una vida \u00fatil de hasta 100.000 horas.<\/p>\n<p data-start=\"2127\" data-end=\"2394\">Su alta calidad de luz (CRI 93) asegura una reproducci\u00f3n de luz natural y agradable, perfecta tanto para instalaciones privadas como comerciales.<\/p>\n<h3 data-start=\"2396\" data-end=\"2431\"><strong data-start=\"2400\" data-end=\"2429\">Especificaciones t\u00e9cnicas:<\/strong><\/h3>\n<ul data-start=\"2432\" data-end=\"3397\">\n<li data-start=\"2432\" data-end=\"2468\"><strong data-start=\"2434\" data-end=\"2448\">Fuente de luz:<\/strong> LED (no reemplazable)<\/li>\n<li data-start=\"2469\" data-end=\"2495\"><strong data-start=\"2471\" data-end=\"2485\">Flujo luminoso:<\/strong> 2000 l\u00famenes<\/li>\n<li data-start=\"2496\" data-end=\"2546\"><strong data-start=\"2498\" data-end=\"2517\">Temperatura de color:<\/strong> 2200\u20134000 K (blanco modulable)<\/li>\n<li data-start=\"2547\" data-end=\"2580\"><strong data-start=\"2549\" data-end=\"2568\">Rango de atenuaci\u00f3n:<\/strong> 0,1\u2013100 %<\/li>\n<li data-start=\"2581\" data-end=\"2654\"><strong data-start=\"2583\" data-end=\"2601\">Sensor de movimiento:<\/strong> Sensor PIR + HF (ajustable hasta 11 m de alcance)<\/li>\n<li data-start=\"2655\" data-end=\"2721\"><strong data-start=\"2657\" data-end=\"2675\">Sensor de luz diurna:<\/strong> Se activa solo en niveles bajos de luz ambiental.<\/li>\n<li data-start=\"2722\" data-end=\"2752\"><strong data-start=\"2724\" data-end=\"2745\">\u00c1ngulo de expansi\u00f3n:<\/strong> 120\u00b0<\/li>\n<li data-start=\"2753\" data-end=\"2786\"><strong data-start=\"2755\" data-end=\"2781\">Reproducci\u00f3n crom\u00e1tica (IRC):<\/strong> 93<\/li>\n<li data-start=\"2787\" data-end=\"2840\"><strong data-start=\"2789\" data-end=\"2803\">Vida:<\/strong> 100.000 horas (L70\/B50 a 25 \u00b0C)<\/li>\n<li data-start=\"2841\" data-end=\"2861\"><strong data-start=\"2843\" data-end=\"2854\">Efecto:<\/strong> 22W<\/li>\n<li data-start=\"2862\" data-end=\"2897\"><strong data-start=\"2864\" data-end=\"2893\">Clase de eficiencia energ\u00e9tica:<\/strong> F<\/li>\n<li data-start=\"2898\" data-end=\"2927\"><strong data-start=\"2900\" data-end=\"2916\">Clase de protecci\u00f3n:<\/strong> Clase II<\/li>\n<li data-start=\"2928\" data-end=\"2987\"><strong data-start=\"2930\" data-end=\"2943\">Clase de IP:<\/strong> IP44 (montaje en techo), IP20 (montaje en pared)<\/li>\n<li data-start=\"2988\" data-end=\"3014\"><strong data-start=\"2990\" data-end=\"3007\">Resistencia al impacto:<\/strong> IK07<\/li>\n<li data-start=\"3015\" data-end=\"3047\"><strong data-start=\"3017\" data-end=\"3033\">Tensi\u00f3n de red:<\/strong> 230 V \/ 50 Hz<\/li>\n<li data-start=\"3048\" data-end=\"3073\"><strong data-start=\"3050\" data-end=\"3067\">Factor de potencia:<\/strong> 0,9<\/li>\n<li data-start=\"3074\" data-end=\"3120\"><strong data-start=\"3076\" data-end=\"3094\">Comunicaci\u00f3n:<\/strong> Bluetooth\u00ae de malla de 2,4 GHz<\/li>\n<li data-start=\"3121\" data-end=\"3196\"><strong data-start=\"3123\" data-end=\"3141\">Alcance de radio:<\/strong> Aproximadamente 10 metros en interiores (ampliado con tecnolog\u00eda de malla Plejd)<\/li>\n<li data-start=\"3197\" data-end=\"3245\"><strong data-start=\"3199\" data-end=\"3213\">Montaje:<\/strong> Montaje en superficie en techo o pared<\/li>\n<li data-start=\"3246\" data-end=\"3280\"><strong data-start=\"3248\" data-end=\"3257\">Medida:<\/strong> \u00d8 294 mm, altura 50 mm<\/li>\n<li data-start=\"3281\" data-end=\"3327\"><strong data-start=\"3283\" data-end=\"3296\">Material:<\/strong> Pl\u00e1stico mate, negro (RAL 7016)<\/li>\n<li data-start=\"3328\" data-end=\"3397\"><strong data-start=\"3330\" data-end=\"3349\">Compatibilidad:<\/strong> Apple HomeKit, Asistente de Google, Amazon Alexa<\/li>\n<\/ul>\n<p>Plejd CCL-01-S es la soluci\u00f3n definitiva para iluminaci\u00f3n inteligente, que combina dise\u00f1o, funci\u00f3n y eficiencia energ\u00e9tica.<\/p>","protected":false},"excerpt":{"rendered":"<p>Plejd CCL-01-S es una luz de techo LED inteligente con blanco regulable y funci\u00f3n de atenuaci\u00f3n incorporada.<\/p>\n<p>No se necesita regulador externo Tiene un sensor de movimiento integrado con funci\u00f3n de luz b\u00e1sica y sensor de luz diurna.<\/p>\n<p>Se puede controlar a trav\u00e9s de la aplicaci\u00f3n Plejd, un bot\u00f3n u otros dispositivos Plejd.<\/p>\n<p>Temperatura de color ajustable de 2200 K a 4000 K y soporte para luz tenue a c\u00e1lida.<\/p>","protected":false},"featured_media":147993,"template":"","meta":{"_acf_changed":false},"product_brand":[],"product_cat":[4664],"product_tag":[4670],"class_list":{"0":"post-147994","1":"product","2":"type-product","3":"status-publish","4":"has-post-thumbnail","6":"product_cat-plejd-belysning","7":"product_tag-plejd","8":"product_shipping_class-postnord-varubrev","9":"pa_brands-plejd","10":"pa_farg-svart","11":"tm-has-options","13":"first","14":"instock","15":"sale","16":"taxable","17":"shipping-taxable","18":"purchasable","19":"product-type-simple"},"acf":[],"_links":{"self":[{"href":"https:\/\/secureus.se\/es\/wp-json\/wp\/v2\/product\/147994","targetHints":{"allow":["GET"]}}],"collection":[{"href":"https:\/\/secureus.se\/es\/wp-json\/wp\/v2\/product"}],"about":[{"href":"https:\/\/secureus.se\/es\/wp-json\/wp\/v2\/types\/product"}],"wp:featuredmedia":[{"embeddable":true,"href":"https:\/\/secureus.se\/es\/wp-json\/wp\/v2\/media\/147993"}],"wp:attachment":[{"href":"https:\/\/secureus.se\/es\/wp-json\/wp\/v2\/media?parent=147994"}],"wp:term":[{"taxonomy":"product_brand","embeddable":true,"href":"https:\/\/secureus.se\/es\/wp-json\/wp\/v2\/product_brand?post=147994"},{"taxonomy":"product_cat","embeddable":true,"href":"https:\/\/secureus.se\/es\/wp-json\/wp\/v2\/product_cat?post=147994"},{"taxonomy":"product_tag","embeddable":true,"href":"https:\/\/secureus.se\/es\/wp-json\/wp\/v2\/product_tag?post=147994"}],"curies":[{"name":"wp","href":"https:\/\/api.w.org\/{rel}","templated":true}]}}