{"id":147998,"date":"2025-02-25T12:22:21","date_gmt":"2025-02-25T11:22:21","guid":{"rendered":"https:\/\/secureus.se\/?post_type=product&#038;p=147998"},"modified":"2026-03-26T11:07:44","modified_gmt":"2026-03-26T10:07:44","slug":"plejd-belysning-downlight-deep-svart-6-pack","status":"publish","type":"product","link":"https:\/\/secureus.se\/es\/plejd-belysning-downlight-deep-svart-6-pack\/","title":{"rendered":"Iluminaci\u00f3n Plaid Downlight Negro intenso Paquete de 6"},"content":{"rendered":"<h1>Plejd DWN-02 \u2013 Pack de 6 focos empotrables inteligentes con blanco ajustable y control inal\u00e1mbrico<\/h1>\n<p data-start=\"521\" data-end=\"903\">Plejd DWN-02 es un downlight moderno y funcional que ofrece un control inteligente de la iluminaci\u00f3n.<\/p>\n<p data-start=\"521\" data-end=\"903\">Est\u00e1 equipado con una funci\u00f3n de atenuaci\u00f3n incorporada, lo que significa que no se necesita un atenuador externo.<\/p>\n<p data-start=\"521\" data-end=\"903\">La luz se puede ajustar y controlar f\u00e1cilmente a trav\u00e9s de la aplicaci\u00f3n Plejd, un bot\u00f3n pulsador con cable u otros dispositivos Plejd, lo que la convierte en una soluci\u00f3n flexible para hogares y entornos comerciales.<\/p>\n<p data-start=\"905\" data-end=\"1253\">La avanzada tecnolog\u00eda de blanco ajustable permite al usuario ajustar la temperatura de color entre 2200K y 4000K, lo que permite adaptar la iluminaci\u00f3n desde una luz c\u00e1lida y atmosf\u00e9rica a una luz m\u00e1s funcional y neutra.<\/p>\n<p data-start=\"905\" data-end=\"1253\">La funci\u00f3n de atenuaci\u00f3n a calidez crea un cambio de color natural al atenuar, lo que mejora a\u00fan m\u00e1s la experiencia de iluminaci\u00f3n.<\/p>\n<p data-start=\"1255\" data-end=\"1513\">El DWN-02 tiene una distribuci\u00f3n de luz sim\u00e9trica con un \u00e1ngulo de haz de 40\u00b0, lo que lo hace ideal tanto para iluminaci\u00f3n general como para iluminaci\u00f3n m\u00e1s focalizada.<\/p>\n<p data-start=\"1255\" data-end=\"1513\">No es regulable, lo que significa que proporciona una distribuci\u00f3n uniforme de la luz en toda la habitaci\u00f3n.<\/p>\n<p data-start=\"1515\" data-end=\"1792\">Gracias a la tecnolog\u00eda de malla Bluetooth\u00ae, se pueden agrupar varios downlights de forma inal\u00e1mbrica y controlarlos juntos a trav\u00e9s del sistema Plejd.<\/p>\n<p data-start=\"1515\" data-end=\"1792\">El producto tambi\u00e9n tiene funciones de tiempo integradas, como relojes astron\u00f3micos y semanales, lo que facilita la automatizaci\u00f3n de los programas de iluminaci\u00f3n seg\u00fan la hora del d\u00eda.<\/p>\n<p data-start=\"1794\" data-end=\"2046\">La instalaci\u00f3n es f\u00e1cil y se adapta a la mayor\u00eda de los techos, gracias a una baja profundidad de instalaci\u00f3n de solo 40 mm.<\/p>\n<p data-start=\"1794\" data-end=\"2046\">El downlight tiene clasificaci\u00f3n IP44, lo que lo hace adecuado para ba\u00f1os y otros entornos h\u00famedos, as\u00ed como en instalaciones de aleros exteriores.<\/p>\n<p data-start=\"2048\" data-end=\"2292\">Viene en un paquete de 6, lo que lo hace ideal para instalaciones m\u00e1s grandes donde se necesitan m\u00faltiples puntos de luz.<\/p>\n<p data-start=\"2048\" data-end=\"2292\">Su construcci\u00f3n robusta y alta eficiencia energ\u00e9tica garantizan un funcionamiento a largo plazo con una vida \u00fatil de hasta 60.000 horas.<\/p>\n<h3 data-start=\"2294\" data-end=\"2329\"><strong data-start=\"2298\" data-end=\"2327\">Especificaciones t\u00e9cnicas:<\/strong><\/h3>\n<ul data-start=\"2330\" data-end=\"3140\">\n<li data-start=\"2330\" data-end=\"2366\"><strong data-start=\"2332\" data-end=\"2346\">Fuente de luz:<\/strong> LED (no reemplazable)<\/li>\n<li data-start=\"2367\" data-end=\"2406\"><strong data-start=\"2369\" data-end=\"2383\">Flujo luminoso:<\/strong> 515 lm por downlight<\/li>\n<li data-start=\"2407\" data-end=\"2457\"><strong data-start=\"2409\" data-end=\"2428\">Temperatura de color:<\/strong> 2200\u20134000 K (blanco modulable)<\/li>\n<li data-start=\"2458\" data-end=\"2491\"><strong data-start=\"2460\" data-end=\"2479\">Rango de atenuaci\u00f3n:<\/strong> 0,1\u2013100 %<\/li>\n<li data-start=\"2492\" data-end=\"2521\"><strong data-start=\"2494\" data-end=\"2515\">\u00c1ngulo de expansi\u00f3n:<\/strong> 40\u00b0<\/li>\n<li data-start=\"2522\" data-end=\"2555\"><strong data-start=\"2524\" data-end=\"2550\">Reproducci\u00f3n crom\u00e1tica (IRC):<\/strong> 90<\/li>\n<li data-start=\"2556\" data-end=\"2608\"><strong data-start=\"2558\" data-end=\"2572\">Vida:<\/strong> 60.000 horas (L70\/B50 a 25 \u00b0C)<\/li>\n<li data-start=\"2609\" data-end=\"2638\"><strong data-start=\"2611\" data-end=\"2622\">Efecto:<\/strong> 8W por unidad<\/li>\n<li data-start=\"2639\" data-end=\"2674\"><strong data-start=\"2641\" data-end=\"2670\">Clase de eficiencia energ\u00e9tica:<\/strong> F<\/li>\n<li data-start=\"2675\" data-end=\"2704\"><strong data-start=\"2677\" data-end=\"2693\">Clase de protecci\u00f3n:<\/strong> Clase II<\/li>\n<li data-start=\"2705\" data-end=\"2753\"><strong data-start=\"2707\" data-end=\"2720\">Clase de IP:<\/strong> IP44 (luminaria), IP20 (controlador)<\/li>\n<li data-start=\"2754\" data-end=\"2786\"><strong data-start=\"2756\" data-end=\"2772\">Tensi\u00f3n de red:<\/strong> 230 V \/ 50 Hz<\/li>\n<li data-start=\"2787\" data-end=\"2813\"><strong data-start=\"2789\" data-end=\"2806\">Factor de potencia:<\/strong> 0,84<\/li>\n<li data-start=\"2814\" data-end=\"2860\"><strong data-start=\"2816\" data-end=\"2834\">Comunicaci\u00f3n:<\/strong> Bluetooth\u00ae de malla de 2,4 GHz<\/li>\n<li data-start=\"2861\" data-end=\"2936\"><strong data-start=\"2863\" data-end=\"2881\">Alcance de radio:<\/strong> Aproximadamente 10 metros en interiores (ampliado con tecnolog\u00eda de malla Plejd)<\/li>\n<li data-start=\"2937\" data-end=\"2983\"><strong data-start=\"2939\" data-end=\"2953\">Montaje:<\/strong> Empotrado en techo (orificio \u00d8 83 mm)<\/li>\n<li data-start=\"2984\" data-end=\"3023\"><strong data-start=\"2986\" data-end=\"3015\">Profundidad m\u00ednima de instalaci\u00f3n:<\/strong> 40 mm<\/li>\n<li data-start=\"3024\" data-end=\"3084\"><strong data-start=\"3026\" data-end=\"3039\">Material:<\/strong> Aluminio con recubrimiento en polvo, negro (RAL 9004)<\/li>\n<li data-start=\"3085\" data-end=\"3140\"><strong data-start=\"3087\" data-end=\"3106\">Compatibilidad:<\/strong> Apple HomeKit, Asistente de Google<\/li>\n<\/ul>\n<p data-start=\"3142\" data-end=\"3285\">Plejd DWN-02 es la soluci\u00f3n de iluminaci\u00f3n definitiva para hogares modernos y propiedades inteligentes, donde la funci\u00f3n, el estilo y la tecnolog\u00eda se unen.<\/p>","protected":false},"excerpt":{"rendered":"<p>Plejd DWN-02 es un downlight inteligente con blanco regulable y funci\u00f3n de atenuaci\u00f3n incorporada (no necesita atenuador externo).<\/p>\n<p>Se puede controlar a trav\u00e9s de la aplicaci\u00f3n Plejd, un bot\u00f3n u otros dispositivos Plejd.<\/p>\n<p>Temperatura de color ajustable de 2200 K a 4000 K y soporte para luz tenue a c\u00e1lida.<\/p>\n<p>Clasificaci\u00f3n IP44, se entrega en un paquete de 6 para una f\u00e1cil instalaci\u00f3n en toda la casa.<\/p>","protected":false},"featured_media":147997,"template":"","meta":{"_acf_changed":false},"product_brand":[],"product_cat":[4664],"product_tag":[4670],"class_list":{"0":"post-147998","1":"product","2":"type-product","3":"status-publish","4":"has-post-thumbnail","6":"product_cat-plejd-belysning","7":"product_tag-plejd","8":"product_shipping_class-tunga-paket","9":"pa_brands-plejd","10":"tm-has-options","12":"first","13":"instock","14":"sale","15":"taxable","16":"shipping-taxable","17":"purchasable","18":"product-type-simple"},"acf":[],"_links":{"self":[{"href":"https:\/\/secureus.se\/es\/wp-json\/wp\/v2\/product\/147998","targetHints":{"allow":["GET"]}}],"collection":[{"href":"https:\/\/secureus.se\/es\/wp-json\/wp\/v2\/product"}],"about":[{"href":"https:\/\/secureus.se\/es\/wp-json\/wp\/v2\/types\/product"}],"wp:featuredmedia":[{"embeddable":true,"href":"https:\/\/secureus.se\/es\/wp-json\/wp\/v2\/media\/147997"}],"wp:attachment":[{"href":"https:\/\/secureus.se\/es\/wp-json\/wp\/v2\/media?parent=147998"}],"wp:term":[{"taxonomy":"product_brand","embeddable":true,"href":"https:\/\/secureus.se\/es\/wp-json\/wp\/v2\/product_brand?post=147998"},{"taxonomy":"product_cat","embeddable":true,"href":"https:\/\/secureus.se\/es\/wp-json\/wp\/v2\/product_cat?post=147998"},{"taxonomy":"product_tag","embeddable":true,"href":"https:\/\/secureus.se\/es\/wp-json\/wp\/v2\/product_tag?post=147998"}],"curies":[{"name":"wp","href":"https:\/\/api.w.org\/{rel}","templated":true}]}}