{"id":148000,"date":"2025-02-25T12:22:21","date_gmt":"2025-02-25T11:22:21","guid":{"rendered":"https:\/\/secureus.se\/?post_type=product&#038;p=148000"},"modified":"2026-04-08T16:38:26","modified_gmt":"2026-04-08T14:38:26","slug":"plejd-belysning-downlight-tilt-svart-6-pack","status":"publish","type":"product","link":"https:\/\/secureus.se\/es\/plejd-belysning-downlight-tilt-svart-6-pack\/","title":{"rendered":"Pleid Lighting Downlight inclinable negro, paquete de 6"},"content":{"rendered":"<h1>Plejd DWN-01 \u2013 Pack de 6 focos inteligentes inclinables con \u00e1ngulo de luz ajustable y control inal\u00e1mbrico<\/h1>\n<p data-start=\"545\" data-end=\"825\">Plejd DWN-01 es un downlight elegante y funcional que ofrece un control de iluminaci\u00f3n inteligente para hogares y entornos comerciales.<\/p>\n<p data-start=\"545\" data-end=\"825\">Con una funci\u00f3n de atenuaci\u00f3n incorporada, no se necesita un atenuador externo y el control se realiza sin problemas a trav\u00e9s de la aplicaci\u00f3n Plejd, un bot\u00f3n u otros dispositivos Plejd.<\/p>\n<p data-start=\"827\" data-end=\"1100\">La gran ventaja del DWN-01 es su funci\u00f3n de inclinaci\u00f3n de 22\u00b0, que permite dirigir la luz y crear una iluminaci\u00f3n m\u00e1s flexible en la estancia.<\/p>\n<p data-start=\"827\" data-end=\"1100\">Perfecto para resaltar detalles, crear iluminaci\u00f3n puntual o proporcionar una distribuci\u00f3n uniforme de la luz seg\u00fan las necesidades de la instalaci\u00f3n.<\/p>\n<p data-start=\"1102\" data-end=\"1454\">La avanzada tecnolog\u00eda de blanco ajustable facilita el ajuste de la temperatura de color entre 2200 K y 4000 K, lo que significa que la luz se puede adaptar desde un brillo c\u00e1lido y atmosf\u00e9rico a una luz blanca m\u00e1s funcional.<\/p>\n<p data-start=\"1102\" data-end=\"1454\">La funci\u00f3n de atenuaci\u00f3n a calidez proporciona una experiencia de iluminaci\u00f3n m\u00e1s natural al atenuar, ajustando autom\u00e1ticamente la temperatura del color.<\/p>\n<p data-start=\"1456\" data-end=\"1668\">DWN-01 tiene un \u00e1ngulo de haz de 40\u00b0, lo que proporciona una distribuci\u00f3n de luz sim\u00e9trica.<\/p>\n<p data-start=\"1456\" data-end=\"1668\">Con un alto \u00edndice de reproducci\u00f3n crom\u00e1tica (CRI 90), se garantiza una luz natural y agradable, perfecta para hogares, oficinas y comercios.<\/p>\n<p data-start=\"1670\" data-end=\"1953\">Gracias a la tecnolog\u00eda de malla Bluetooth\u00ae, se pueden agrupar varios downlights de forma inal\u00e1mbrica y controlarlos juntos a trav\u00e9s del sistema Plejd.<\/p>\n<p data-start=\"1670\" data-end=\"1953\">El producto tambi\u00e9n tiene funciones de tiempo integradas, como relojes astron\u00f3micos y semanales, lo que permite automatizar los horarios de iluminaci\u00f3n seg\u00fan la hora del d\u00eda y la estaci\u00f3n.<\/p>\n<p data-start=\"1955\" data-end=\"2242\">La instalaci\u00f3n es f\u00e1cil gracias a una profundidad de instalaci\u00f3n reducida de tan solo 40 mm, lo que significa que el downlight se puede montar incluso en espacios con profundidad limitada.<\/p>\n<p data-start=\"1955\" data-end=\"2242\">Tiene clasificaci\u00f3n IP44, lo que significa que est\u00e1 protegido contra la humedad y es adecuado para ba\u00f1os y entornos exteriores protegidos.<\/p>\n<p data-start=\"2244\" data-end=\"2492\">Viene en un paquete de 6, lo que lo hace perfecto para instalaciones m\u00e1s grandes donde se necesitan m\u00faltiples puntos de luz.<\/p>\n<p data-start=\"2244\" data-end=\"2492\">El DWN-01 tiene una larga vida \u00fatil de hasta 60.000 horas, lo que garantiza una soluci\u00f3n sostenible y energ\u00e9ticamente eficiente para la iluminaci\u00f3n moderna.<\/p>\n<h3 data-start=\"2494\" data-end=\"2529\"><strong data-start=\"2498\" data-end=\"2527\">Especificaciones t\u00e9cnicas:<\/strong><\/h3>\n<ul data-start=\"2530\" data-end=\"3364\">\n<li data-start=\"2530\" data-end=\"2566\"><strong data-start=\"2532\" data-end=\"2546\">Fuente de luz:<\/strong> LED (no reemplazable)<\/li>\n<li data-start=\"2567\" data-end=\"2606\"><strong data-start=\"2569\" data-end=\"2583\">Flujo luminoso:<\/strong> 515 lm por downlight<\/li>\n<li data-start=\"2607\" data-end=\"2657\"><strong data-start=\"2609\" data-end=\"2628\">Temperatura de color:<\/strong> 2200\u20134000 K (blanco modulable)<\/li>\n<li data-start=\"2658\" data-end=\"2691\"><strong data-start=\"2660\" data-end=\"2679\">Rango de atenuaci\u00f3n:<\/strong> 0,1\u2013100 %<\/li>\n<li data-start=\"2692\" data-end=\"2715\"><strong data-start=\"2694\" data-end=\"2709\">Inclinabilidad:<\/strong> 22\u00b0<\/li>\n<li data-start=\"2716\" data-end=\"2745\"><strong data-start=\"2718\" data-end=\"2739\">\u00c1ngulo de expansi\u00f3n:<\/strong> 40\u00b0<\/li>\n<li data-start=\"2746\" data-end=\"2779\"><strong data-start=\"2748\" data-end=\"2774\">Reproducci\u00f3n crom\u00e1tica (IRC):<\/strong> 90<\/li>\n<li data-start=\"2780\" data-end=\"2832\"><strong data-start=\"2782\" data-end=\"2796\">Vida:<\/strong> 60.000 horas (L70\/B50 a 25 \u00b0C)<\/li>\n<li data-start=\"2833\" data-end=\"2862\"><strong data-start=\"2835\" data-end=\"2846\">Efecto:<\/strong> 8W por unidad<\/li>\n<li data-start=\"2863\" data-end=\"2898\"><strong data-start=\"2865\" data-end=\"2894\">Clase de eficiencia energ\u00e9tica:<\/strong> F<\/li>\n<li data-start=\"2899\" data-end=\"2928\"><strong data-start=\"2901\" data-end=\"2917\">Clase de protecci\u00f3n:<\/strong> Clase II<\/li>\n<li data-start=\"2929\" data-end=\"2977\"><strong data-start=\"2931\" data-end=\"2944\">Clase de IP:<\/strong> IP44 (luminaria), IP20 (controlador)<\/li>\n<li data-start=\"2978\" data-end=\"3010\"><strong data-start=\"2980\" data-end=\"2996\">Tensi\u00f3n de red:<\/strong> 230 V \/ 50 Hz<\/li>\n<li data-start=\"3011\" data-end=\"3037\"><strong data-start=\"3013\" data-end=\"3030\">Factor de potencia:<\/strong> 0,84<\/li>\n<li data-start=\"3038\" data-end=\"3084\"><strong data-start=\"3040\" data-end=\"3058\">Comunicaci\u00f3n:<\/strong> Bluetooth\u00ae de malla de 2,4 GHz<\/li>\n<li data-start=\"3085\" data-end=\"3160\"><strong data-start=\"3087\" data-end=\"3105\">Alcance de radio:<\/strong> Aproximadamente 10 metros en interiores (ampliado con tecnolog\u00eda de malla Plejd)<\/li>\n<li data-start=\"3161\" data-end=\"3207\"><strong data-start=\"3163\" data-end=\"3177\">Montaje:<\/strong> Empotrado en techo (orificio \u00d8 83 mm)<\/li>\n<li data-start=\"3208\" data-end=\"3247\"><strong data-start=\"3210\" data-end=\"3239\">Profundidad m\u00ednima de instalaci\u00f3n:<\/strong> 40 mm<\/li>\n<li data-start=\"3248\" data-end=\"3308\"><strong data-start=\"3250\" data-end=\"3263\">Material:<\/strong> Aluminio con recubrimiento en polvo, negro (RAL 9004)<\/li>\n<li data-start=\"3309\" data-end=\"3364\"><strong data-start=\"3311\" data-end=\"3330\">Compatibilidad:<\/strong> Apple HomeKit, Asistente de Google<\/li>\n<\/ul>\n<p data-start=\"3366\" data-end=\"3535\">Plejd DWN-01 en paquete de 6 es la soluci\u00f3n perfecta para grandes proyectos de iluminaci\u00f3n, donde la funci\u00f3n, el dise\u00f1o y la tecnolog\u00eda trabajan juntos para crear un entorno de iluminaci\u00f3n inteligente y flexible.<\/p>","protected":false},"excerpt":{"rendered":"<p>Plejd DWN-01 es un downlight inteligente con blanco regulable y funci\u00f3n de atenuaci\u00f3n incorporada: no necesita atenuador externo.<\/p>\n<p>La fuente de luz se puede inclinar para lograr una iluminaci\u00f3n flexible y controlarse a trav\u00e9s de la aplicaci\u00f3n Plejd, un bot\u00f3n u otros dispositivos Plejd.<\/p>\n<p>Temperatura de color ajustable de 2200 K a 4000 K y soporte para luz tenue a c\u00e1lida.<\/p>\n<p>Se suministra en paquetes de 6 para instalaciones m\u00e1s grandes.<\/p>","protected":false},"featured_media":147999,"template":"","meta":{"_acf_changed":false},"product_brand":[],"product_cat":[4664],"product_tag":[4670],"class_list":{"0":"post-148000","1":"product","2":"type-product","3":"status-publish","4":"has-post-thumbnail","6":"product_cat-plejd-belysning","7":"product_tag-plejd","8":"product_shipping_class-postnord-varubrev","9":"pa_brands-plejd","10":"tm-has-options","12":"first","13":"instock","14":"sale","15":"taxable","16":"shipping-taxable","17":"purchasable","18":"product-type-simple"},"acf":[],"_links":{"self":[{"href":"https:\/\/secureus.se\/es\/wp-json\/wp\/v2\/product\/148000","targetHints":{"allow":["GET"]}}],"collection":[{"href":"https:\/\/secureus.se\/es\/wp-json\/wp\/v2\/product"}],"about":[{"href":"https:\/\/secureus.se\/es\/wp-json\/wp\/v2\/types\/product"}],"wp:featuredmedia":[{"embeddable":true,"href":"https:\/\/secureus.se\/es\/wp-json\/wp\/v2\/media\/147999"}],"wp:attachment":[{"href":"https:\/\/secureus.se\/es\/wp-json\/wp\/v2\/media?parent=148000"}],"wp:term":[{"taxonomy":"product_brand","embeddable":true,"href":"https:\/\/secureus.se\/es\/wp-json\/wp\/v2\/product_brand?post=148000"},{"taxonomy":"product_cat","embeddable":true,"href":"https:\/\/secureus.se\/es\/wp-json\/wp\/v2\/product_cat?post=148000"},{"taxonomy":"product_tag","embeddable":true,"href":"https:\/\/secureus.se\/es\/wp-json\/wp\/v2\/product_tag?post=148000"}],"curies":[{"name":"wp","href":"https:\/\/api.w.org\/{rel}","templated":true}]}}