{"id":148002,"date":"2025-02-25T12:22:21","date_gmt":"2025-02-25T11:22:21","guid":{"rendered":"https:\/\/secureus.se\/?post_type=product&#038;p=148002"},"modified":"2026-04-08T16:38:23","modified_gmt":"2026-04-08T14:38:23","slug":"plejd-belysning-downlight-deep-vit","status":"publish","type":"product","link":"https:\/\/secureus.se\/es\/plejd-belysning-downlight-deep-vit\/","title":{"rendered":"Iluminaci\u00f3n a cuadros Downlight Blanco intenso"},"content":{"rendered":"<h1 data-start=\"415\" data-end=\"499\"><strong data-start=\"419\" data-end=\"497\">Plejd DWN-02 \u2013 Downlight inteligente profundo con blanco ajustable y control inal\u00e1mbrico<\/strong><\/h1>\n<p data-start=\"501\" data-end=\"837\">Plejd DWN-02 es un downlight elegante y funcional que ofrece una iluminaci\u00f3n inteligente para entornos modernos.<\/p>\n<p data-start=\"501\" data-end=\"837\">Con su funci\u00f3n de regulador de intensidad incorporada, no se necesita un regulador de intensidad externo, lo que facilita la instalaci\u00f3n y proporciona un mayor control sobre la luz.<\/p>\n<p data-start=\"501\" data-end=\"837\">El control se realiza a trav\u00e9s de la aplicaci\u00f3n Plejd, un bot\u00f3n pulsador con cable u otros dispositivos Plejd.<\/p>\n<p data-start=\"839\" data-end=\"1199\">La avanzada tecnolog\u00eda de blanco ajustable permite ajustar la temperatura de color entre 2200 K y 4000 K, lo que facilita la adaptaci\u00f3n de la luz a sus necesidades, desde un brillo c\u00e1lido y acogedor hasta una luz de trabajo m\u00e1s neutral.<\/p>\n<p data-start=\"839\" data-end=\"1199\">La funci\u00f3n de atenuaci\u00f3n a calidez garantiza que la temperatura del color se ajuste de forma natural al atenu\u00e1rse para brindar una experiencia de iluminaci\u00f3n suave y c\u00f3moda.<\/p>\n<p data-start=\"1201\" data-end=\"1492\">El DWN-02 tiene un \u00e1ngulo de haz de 40\u00b0, lo que proporciona una distribuci\u00f3n de luz sim\u00e9trica que es perfecta tanto para la iluminaci\u00f3n general como para la iluminaci\u00f3n direccional.<\/p>\n<p data-start=\"1201\" data-end=\"1492\">Con un alto \u00edndice de reproducci\u00f3n crom\u00e1tica (CRI 90), los colores se reproducen de forma natural y agradable, lo que la hace ideal para hogares, oficinas y comercios.<\/p>\n<p data-start=\"1494\" data-end=\"1792\">Gracias a la tecnolog\u00eda de malla Bluetooth\u00ae, se pueden agrupar varios downlights de forma inal\u00e1mbrica y controlarlos juntos a trav\u00e9s del sistema Plejd.<\/p>\n<p data-start=\"1494\" data-end=\"1792\">El producto tambi\u00e9n tiene funciones de tiempo integradas, como relojes astron\u00f3micos y semanales, lo que facilita la automatizaci\u00f3n de la iluminaci\u00f3n seg\u00fan la hora del d\u00eda y las condiciones de iluminaci\u00f3n.<\/p>\n<p data-start=\"1794\" data-end=\"2072\">La instalaci\u00f3n es f\u00e1cil y gracias a una profundidad de instalaci\u00f3n reducida de tan solo 40 mm, el downlight tambi\u00e9n se puede instalar en espacios con profundidad limitada.<\/p>\n<p data-start=\"1794\" data-end=\"2072\">Tiene clasificaci\u00f3n IP44, lo que significa que est\u00e1 protegido contra la humedad y es adecuado para ba\u00f1os e instalaciones de aleros exteriores.<\/p>\n<p data-start=\"2074\" data-end=\"2240\">Plejd DWN-02 es una soluci\u00f3n energ\u00e9ticamente eficiente y sostenible, con una vida \u00fatil de hasta 60.000 horas, lo que garantiza una iluminaci\u00f3n confiable y a largo plazo.<\/p>\n<h3 data-start=\"2242\" data-end=\"2277\"><strong data-start=\"2246\" data-end=\"2275\">Especificaciones t\u00e9cnicas:<\/strong><\/h3>\n<ul data-start=\"2278\" data-end=\"3062\">\n<li data-start=\"2278\" data-end=\"2314\"><strong data-start=\"2280\" data-end=\"2294\">Fuente de luz:<\/strong> LED (no reemplazable)<\/li>\n<li data-start=\"2315\" data-end=\"2340\"><strong data-start=\"2317\" data-end=\"2331\">Flujo luminoso:<\/strong> 515 l\u00famenes<\/li>\n<li data-start=\"2341\" data-end=\"2391\"><strong data-start=\"2343\" data-end=\"2362\">Temperatura de color:<\/strong> 2200\u20134000 K (blanco modulable)<\/li>\n<li data-start=\"2392\" data-end=\"2425\"><strong data-start=\"2394\" data-end=\"2413\">Rango de atenuaci\u00f3n:<\/strong> 0,1\u2013100 %<\/li>\n<li data-start=\"2426\" data-end=\"2455\"><strong data-start=\"2428\" data-end=\"2449\">\u00c1ngulo de expansi\u00f3n:<\/strong> 40\u00b0<\/li>\n<li data-start=\"2456\" data-end=\"2489\"><strong data-start=\"2458\" data-end=\"2484\">Reproducci\u00f3n crom\u00e1tica (IRC):<\/strong> 90<\/li>\n<li data-start=\"2490\" data-end=\"2542\"><strong data-start=\"2492\" data-end=\"2506\">Vida:<\/strong> 60.000 horas (L70\/B50 a 25 \u00b0C)<\/li>\n<li data-start=\"2543\" data-end=\"2562\"><strong data-start=\"2545\" data-end=\"2556\">Efecto:<\/strong> 8W<\/li>\n<li data-start=\"2563\" data-end=\"2598\"><strong data-start=\"2565\" data-end=\"2594\">Clase de eficiencia energ\u00e9tica:<\/strong> F<\/li>\n<li data-start=\"2599\" data-end=\"2628\"><strong data-start=\"2601\" data-end=\"2617\">Clase de protecci\u00f3n:<\/strong> Clase II<\/li>\n<li data-start=\"2629\" data-end=\"2677\"><strong data-start=\"2631\" data-end=\"2644\">Clase de IP:<\/strong> IP44 (luminaria), IP20 (controlador)<\/li>\n<li data-start=\"2678\" data-end=\"2710\"><strong data-start=\"2680\" data-end=\"2696\">Tensi\u00f3n de red:<\/strong> 230 V \/ 50 Hz<\/li>\n<li data-start=\"2711\" data-end=\"2737\"><strong data-start=\"2713\" data-end=\"2730\">Factor de potencia:<\/strong> 0,84<\/li>\n<li data-start=\"2738\" data-end=\"2784\"><strong data-start=\"2740\" data-end=\"2758\">Comunicaci\u00f3n:<\/strong> Bluetooth\u00ae de malla de 2,4 GHz<\/li>\n<li data-start=\"2785\" data-end=\"2860\"><strong data-start=\"2787\" data-end=\"2805\">Alcance de radio:<\/strong> Aproximadamente 10 metros en interiores (ampliado con tecnolog\u00eda de malla Plejd)<\/li>\n<li data-start=\"2861\" data-end=\"2907\"><strong data-start=\"2863\" data-end=\"2877\">Montaje:<\/strong> Empotrado en techo (orificio \u00d8 83 mm)<\/li>\n<li data-start=\"2908\" data-end=\"2947\"><strong data-start=\"2910\" data-end=\"2939\">Profundidad m\u00ednima de instalaci\u00f3n:<\/strong> 40 mm<\/li>\n<li data-start=\"2948\" data-end=\"3006\"><strong data-start=\"2950\" data-end=\"2963\">Material:<\/strong> Aluminio con recubrimiento en polvo, blanco (RAL 9003)<\/li>\n<li data-start=\"3007\" data-end=\"3062\"><strong data-start=\"3009\" data-end=\"3028\">Compatibilidad:<\/strong> Apple HomeKit, Asistente de Google<\/li>\n<\/ul>\n<p data-start=\"3064\" data-end=\"3213\">Plejd DWN-02 es la soluci\u00f3n perfecta para una iluminaci\u00f3n inteligente y elegante, donde la funci\u00f3n, el dise\u00f1o y la tecnolog\u00eda trabajan juntos para un entorno de iluminaci\u00f3n \u00f3ptimo.<\/p>","protected":false},"excerpt":{"rendered":"<p>Plejd DWN-02 es un downlight inteligente con blanco regulable y funci\u00f3n de atenuaci\u00f3n incorporada (no necesita atenuador externo).<\/p>\n<p>Se puede controlar a trav\u00e9s de la aplicaci\u00f3n Plejd, un bot\u00f3n u otros dispositivos Plejd.<\/p>\n<p>Temperatura de color ajustable de 2200 K a 4000 K y soporte para luz tenue a c\u00e1lida.<\/p>\n<p>Con clasificaci\u00f3n IP44 y adecuado tanto para entornos interiores como exteriores protegidos.<\/p>","protected":false},"featured_media":148001,"template":"","meta":{"_acf_changed":false},"product_brand":[],"product_cat":[4664],"product_tag":[4670],"class_list":{"0":"post-148002","1":"product","2":"type-product","3":"status-publish","4":"has-post-thumbnail","6":"product_cat-plejd-belysning","7":"product_tag-plejd","8":"product_shipping_class-postnord-varubrev","9":"pa_brands-plejd","10":"tm-has-options","12":"first","13":"instock","14":"sale","15":"taxable","16":"shipping-taxable","17":"purchasable","18":"product-type-simple"},"acf":[],"_links":{"self":[{"href":"https:\/\/secureus.se\/es\/wp-json\/wp\/v2\/product\/148002","targetHints":{"allow":["GET"]}}],"collection":[{"href":"https:\/\/secureus.se\/es\/wp-json\/wp\/v2\/product"}],"about":[{"href":"https:\/\/secureus.se\/es\/wp-json\/wp\/v2\/types\/product"}],"wp:featuredmedia":[{"embeddable":true,"href":"https:\/\/secureus.se\/es\/wp-json\/wp\/v2\/media\/148001"}],"wp:attachment":[{"href":"https:\/\/secureus.se\/es\/wp-json\/wp\/v2\/media?parent=148002"}],"wp:term":[{"taxonomy":"product_brand","embeddable":true,"href":"https:\/\/secureus.se\/es\/wp-json\/wp\/v2\/product_brand?post=148002"},{"taxonomy":"product_cat","embeddable":true,"href":"https:\/\/secureus.se\/es\/wp-json\/wp\/v2\/product_cat?post=148002"},{"taxonomy":"product_tag","embeddable":true,"href":"https:\/\/secureus.se\/es\/wp-json\/wp\/v2\/product_tag?post=148002"}],"curies":[{"name":"wp","href":"https:\/\/api.w.org\/{rel}","templated":true}]}}