{"id":148004,"date":"2025-02-25T12:22:22","date_gmt":"2025-02-25T11:22:22","guid":{"rendered":"https:\/\/secureus.se\/?post_type=product&#038;p=148004"},"modified":"2026-04-23T10:18:58","modified_gmt":"2026-04-23T08:18:58","slug":"plejd-belysning-downlight-tilt-vit","status":"publish","type":"product","link":"https:\/\/secureus.se\/es\/plejd-belysning-downlight-tilt-vit\/","title":{"rendered":"Iluminaci\u00f3n pleida Downlight Inclinable blanco"},"content":{"rendered":"<h1>Plejd DWN-01 \u2013 Downlight inteligente con inclinaci\u00f3n y \u00e1ngulo de luz ajustable y control inal\u00e1mbrico<\/h1>\n<p data-start=\"519\" data-end=\"919\">Plejd DWN-01 es un downlight elegante y flexible que proporciona un control de iluminaci\u00f3n inteligente tanto para hogares como para entornos comerciales.<\/p>\n<p data-start=\"519\" data-end=\"919\">Con una funci\u00f3n de atenuaci\u00f3n incorporada, no se necesita un atenuador externo, lo que simplifica la instalaci\u00f3n y proporciona un control directo sobre la luz.<\/p>\n<p data-start=\"519\" data-end=\"919\">El control se realiza a trav\u00e9s de la aplicaci\u00f3n Plejd, un bot\u00f3n u otros dispositivos Plejd, lo que permite adaptar la iluminaci\u00f3n seg\u00fan sea necesario.<\/p>\n<p data-start=\"921\" data-end=\"1182\">La fuente de luz inclinable se puede orientar hasta 22\u00b0, lo que permite dirigir la luz y crear un efecto de iluminaci\u00f3n m\u00e1s din\u00e1mico.<\/p>\n<p data-start=\"921\" data-end=\"1182\">Perfecto para resaltar detalles, crear iluminaci\u00f3n puntual o proporcionar una distribuci\u00f3n uniforme de la luz seg\u00fan los requisitos de la instalaci\u00f3n.<\/p>\n<p data-start=\"1184\" data-end=\"1539\">Con la tecnolog\u00eda de blanco ajustable, la temperatura de color se puede ajustar entre 2200K y 4000K, lo que le brinda total libertad para ajustar la iluminaci\u00f3n desde un brillo c\u00e1lido y acogedor a una luz blanca m\u00e1s funcional.<\/p>\n<p data-start=\"1184\" data-end=\"1539\">La funci\u00f3n de atenuaci\u00f3n a calidez garantiza una experiencia de iluminaci\u00f3n natural al atenuar, ajustando autom\u00e1ticamente la temperatura del color en diferentes niveles de brillo.<\/p>\n<p data-start=\"1541\" data-end=\"1790\">DWN-01 tiene un \u00e1ngulo de haz de 40\u00b0, lo que proporciona una distribuci\u00f3n de luz sim\u00e9trica y agradable.<\/p>\n<p data-start=\"1541\" data-end=\"1790\">Con un alto \u00edndice de reproducci\u00f3n crom\u00e1tica (CRI 90), se garantiza una experiencia de iluminaci\u00f3n natural y agradable, lo que la hace ideal para hogares, oficinas y tiendas.<\/p>\n<p data-start=\"1792\" data-end=\"2090\">Gracias a la tecnolog\u00eda de malla Bluetooth\u00ae, se pueden agrupar varios downlights de forma inal\u00e1mbrica y controlarlos juntos a trav\u00e9s del sistema Plejd.<\/p>\n<p data-start=\"1792\" data-end=\"2090\">El producto tambi\u00e9n tiene funciones de tiempo integradas, como relojes astron\u00f3micos y semanales, lo que facilita la automatizaci\u00f3n de los programas de iluminaci\u00f3n seg\u00fan la hora del d\u00eda y las condiciones de iluminaci\u00f3n.<\/p>\n<p data-start=\"2092\" data-end=\"2386\">La instalaci\u00f3n es f\u00e1cil gracias a una profundidad de instalaci\u00f3n reducida de tan solo 40 mm, lo que significa que el downlight se puede montar incluso en espacios con profundidad limitada.<\/p>\n<p data-start=\"2092\" data-end=\"2386\">Tiene clasificaci\u00f3n IP44, lo que significa que est\u00e1 protegido contra la humedad y es adecuado para ba\u00f1os e instalaciones de aleros exteriores.<\/p>\n<p data-start=\"2388\" data-end=\"2544\">Plejd DWN-01 es una soluci\u00f3n energ\u00e9ticamente eficiente y sostenible, con una vida \u00fatil de hasta 60.000 horas, lo que garantiza un funcionamiento estable y a largo plazo.<\/p>\n<h3 data-start=\"2546\" data-end=\"2581\"><strong data-start=\"2550\" data-end=\"2579\">Especificaciones t\u00e9cnicas:<\/strong><\/h3>\n<ul data-start=\"2582\" data-end=\"3390\">\n<li data-start=\"2582\" data-end=\"2618\"><strong data-start=\"2584\" data-end=\"2598\">Fuente de luz:<\/strong> LED (no reemplazable)<\/li>\n<li data-start=\"2619\" data-end=\"2644\"><strong data-start=\"2621\" data-end=\"2635\">Flujo luminoso:<\/strong> 515 l\u00famenes<\/li>\n<li data-start=\"2645\" data-end=\"2695\"><strong data-start=\"2647\" data-end=\"2666\">Temperatura de color:<\/strong> 2200\u20134000 K (blanco modulable)<\/li>\n<li data-start=\"2696\" data-end=\"2729\"><strong data-start=\"2698\" data-end=\"2717\">Rango de atenuaci\u00f3n:<\/strong> 0,1\u2013100 %<\/li>\n<li data-start=\"2730\" data-end=\"2753\"><strong data-start=\"2732\" data-end=\"2747\">Inclinabilidad:<\/strong> 22\u00b0<\/li>\n<li data-start=\"2754\" data-end=\"2783\"><strong data-start=\"2756\" data-end=\"2777\">\u00c1ngulo de expansi\u00f3n:<\/strong> 40\u00b0<\/li>\n<li data-start=\"2784\" data-end=\"2817\"><strong data-start=\"2786\" data-end=\"2812\">Reproducci\u00f3n crom\u00e1tica (IRC):<\/strong> 90<\/li>\n<li data-start=\"2818\" data-end=\"2870\"><strong data-start=\"2820\" data-end=\"2834\">Vida:<\/strong> 60.000 horas (L70\/B50 a 25 \u00b0C)<\/li>\n<li data-start=\"2871\" data-end=\"2890\"><strong data-start=\"2873\" data-end=\"2884\">Efecto:<\/strong> 8W<\/li>\n<li data-start=\"2891\" data-end=\"2926\"><strong data-start=\"2893\" data-end=\"2922\">Clase de eficiencia energ\u00e9tica:<\/strong> F<\/li>\n<li data-start=\"2927\" data-end=\"2956\"><strong data-start=\"2929\" data-end=\"2945\">Clase de protecci\u00f3n:<\/strong> Clase II<\/li>\n<li data-start=\"2957\" data-end=\"3005\"><strong data-start=\"2959\" data-end=\"2972\">Clase de IP:<\/strong> IP44 (luminaria), IP20 (controlador)<\/li>\n<li data-start=\"3006\" data-end=\"3038\"><strong data-start=\"3008\" data-end=\"3024\">Tensi\u00f3n de red:<\/strong> 230 V \/ 50 Hz<\/li>\n<li data-start=\"3039\" data-end=\"3065\"><strong data-start=\"3041\" data-end=\"3058\">Factor de potencia:<\/strong> 0,84<\/li>\n<li data-start=\"3066\" data-end=\"3112\"><strong data-start=\"3068\" data-end=\"3086\">Comunicaci\u00f3n:<\/strong> Bluetooth\u00ae de malla de 2,4 GHz<\/li>\n<li data-start=\"3113\" data-end=\"3188\"><strong data-start=\"3115\" data-end=\"3133\">Alcance de radio:<\/strong> Aproximadamente 10 metros en interiores (ampliado con tecnolog\u00eda de malla Plejd)<\/li>\n<li data-start=\"3189\" data-end=\"3235\"><strong data-start=\"3191\" data-end=\"3205\">Montaje:<\/strong> Empotrado en techo (orificio \u00d8 83 mm)<\/li>\n<li data-start=\"3236\" data-end=\"3275\"><strong data-start=\"3238\" data-end=\"3267\">Profundidad m\u00ednima de instalaci\u00f3n:<\/strong> 40 mm<\/li>\n<li data-start=\"3276\" data-end=\"3334\"><strong data-start=\"3278\" data-end=\"3291\">Material:<\/strong> Aluminio con recubrimiento en polvo, blanco (RAL 9003)<\/li>\n<li data-start=\"3335\" data-end=\"3390\"><strong data-start=\"3337\" data-end=\"3356\">Compatibilidad:<\/strong> Apple HomeKit, Asistente de Google<\/li>\n<\/ul>\n<p data-start=\"3392\" data-end=\"3557\">Plejd DWN-01 es la soluci\u00f3n de iluminaci\u00f3n perfecta para instalaciones inteligentes, donde la funci\u00f3n, el dise\u00f1o y la tecnolog\u00eda trabajan juntos para un entorno de iluminaci\u00f3n moderno y eficiente.<\/p>","protected":false},"excerpt":{"rendered":"<p>Plejd DWN-01 es un downlight inteligente con blanco regulable y funci\u00f3n de atenuaci\u00f3n incorporada: no necesita atenuador externo.<\/p>\n<p>La fuente de luz se puede inclinar para lograr una iluminaci\u00f3n flexible y controlarse a trav\u00e9s de la aplicaci\u00f3n Plejd, un bot\u00f3n u otros dispositivos Plejd. Temperatura de color ajustable de 2200 K a 4000 K y soporte para luz tenue a c\u00e1lida.<\/p>\n<p>Clasificaci\u00f3n IP44, perfecto para montaje en techo.<\/p>","protected":false},"featured_media":148003,"template":"","meta":{"_acf_changed":false},"product_brand":[],"product_cat":[4664],"product_tag":[4670],"class_list":{"0":"post-148004","1":"product","2":"type-product","3":"status-publish","4":"has-post-thumbnail","6":"product_cat-plejd-belysning","7":"product_tag-plejd","8":"product_shipping_class-postnord-varubrev","9":"pa_brands-plejd","10":"tm-has-options","12":"first","13":"outofstock","14":"sale","15":"taxable","16":"shipping-taxable","17":"purchasable","18":"product-type-simple"},"acf":[],"_links":{"self":[{"href":"https:\/\/secureus.se\/es\/wp-json\/wp\/v2\/product\/148004","targetHints":{"allow":["GET"]}}],"collection":[{"href":"https:\/\/secureus.se\/es\/wp-json\/wp\/v2\/product"}],"about":[{"href":"https:\/\/secureus.se\/es\/wp-json\/wp\/v2\/types\/product"}],"wp:featuredmedia":[{"embeddable":true,"href":"https:\/\/secureus.se\/es\/wp-json\/wp\/v2\/media\/148003"}],"wp:attachment":[{"href":"https:\/\/secureus.se\/es\/wp-json\/wp\/v2\/media?parent=148004"}],"wp:term":[{"taxonomy":"product_brand","embeddable":true,"href":"https:\/\/secureus.se\/es\/wp-json\/wp\/v2\/product_brand?post=148004"},{"taxonomy":"product_cat","embeddable":true,"href":"https:\/\/secureus.se\/es\/wp-json\/wp\/v2\/product_cat?post=148004"},{"taxonomy":"product_tag","embeddable":true,"href":"https:\/\/secureus.se\/es\/wp-json\/wp\/v2\/product_tag?post=148004"}],"curies":[{"name":"wp","href":"https:\/\/api.w.org\/{rel}","templated":true}]}}