{"id":148010,"date":"2025-02-25T12:22:22","date_gmt":"2025-02-25T11:22:22","guid":{"rendered":"https:\/\/secureus.se\/?post_type=product&#038;p=148010"},"modified":"2026-04-08T16:38:07","modified_gmt":"2026-04-08T14:38:07","slug":"plejd-belysning-plafond-sensor-vit","status":"publish","type":"product","link":"https:\/\/secureus.se\/es\/plejd-belysning-plafond-sensor-vit\/","title":{"rendered":"Pleid iluminaci\u00f3n Plafond Sensor blanco"},"content":{"rendered":"<h1>Plejd CCL-01-S \u2013 L\u00e1mpara de techo LED inteligente con sensor de movimiento y luz blanca regulable<\/h1>\n<p data-start=\"508\" data-end=\"757\">Plejd CCL-01-S es una l\u00e1mpara de techo LED inteligente con sensor de movimiento incorporado y control de luz, perfecta para hogares y entornos p\u00fablicos.<\/p>\n<p data-start=\"508\" data-end=\"757\">Con funci\u00f3n de atenuaci\u00f3n incorporada, no se necesita un atenuador externo, lo que hace que la instalaci\u00f3n sea m\u00e1s f\u00e1cil y flexible.<\/p>\n<p data-start=\"759\" data-end=\"1078\">Se puede controlar a trav\u00e9s de la aplicaci\u00f3n Plejd, un bot\u00f3n u otros dispositivos Plejd y tambi\u00e9n se puede agrupar de forma inal\u00e1mbrica, lo que permite un control suave de varios accesorios simult\u00e1neamente.<\/p>\n<p data-start=\"759\" data-end=\"1078\">Adem\u00e1s, tiene funciones de tiempo integradas como relojes astron\u00f3micos y semanales, lo que significa que la iluminaci\u00f3n se puede ajustar autom\u00e1ticamente seg\u00fan la hora del d\u00eda.<\/p>\n<p data-start=\"1080\" data-end=\"1483\">El sensor de movimiento integrado combina tecnolog\u00eda PIR y HF para una detecci\u00f3n de movimiento \u00f3ptima.<\/p>\n<p data-start=\"1080\" data-end=\"1483\">El sensor PIR tiene un alcance de hasta 11 metros, mientras que el sensor HF es ajustable hasta 10 metros y puede detectar incluso peque\u00f1os movimientos.<\/p>\n<p data-start=\"1080\" data-end=\"1483\">Tambi\u00e9n est\u00e1 equipado con un sensor de luz diurna, lo que significa que la iluminaci\u00f3n solo se activa cuando hay niveles bajos de luz ambiental, lo que contribuye al ahorro de energ\u00eda.<\/p>\n<p data-start=\"1485\" data-end=\"1830\">Con la tecnolog\u00eda de blanco ajustable, la temperatura de color se puede ajustar entre 2200K y 4000K, lo que facilita la adaptaci\u00f3n de la iluminaci\u00f3n a sus necesidades, desde un brillo c\u00e1lido y acogedor hasta una luz de trabajo m\u00e1s neutral.<\/p>\n<p data-start=\"1485\" data-end=\"1830\">La funci\u00f3n de atenuaci\u00f3n a calidez garantiza que la temperatura del color se ajuste de forma natural al atenu\u00e1rse para brindar una experiencia de iluminaci\u00f3n suave y c\u00f3moda.<\/p>\n<p data-start=\"1832\" data-end=\"2072\">La l\u00e1mpara de techo tiene un \u00e1ngulo de haz de 120\u00b0, lo que proporciona una distribuci\u00f3n de luz amplia y uniforme.<\/p>\n<p data-start=\"1832\" data-end=\"2072\">Con un alto \u00edndice de reproducci\u00f3n crom\u00e1tica (CRI 93), los colores se reproducen de forma natural y agradable, lo que hace que la luminaria sea ideal para hogares, oficinas y tiendas.<\/p>\n<p data-start=\"2074\" data-end=\"2253\">Gracias a la tecnolog\u00eda de malla Bluetooth\u00ae, varios dispositivos pueden comunicarse y ampliar el alcance de la radio, lo que garantiza un control estable y confiable en instalaciones m\u00e1s grandes.<\/p>\n<p data-start=\"2255\" data-end=\"2478\">Tiene clasificaci\u00f3n IP44 cuando se monta en el techo, lo que lo hace adecuado para ba\u00f1os y ambientes h\u00famedos.<\/p>\n<p data-start=\"2255\" data-end=\"2478\">Cuando se monta en la pared, tiene clasificaci\u00f3n IP20. La l\u00e1mpara de techo tambi\u00e9n tiene una resistencia al impacto con clasificaci\u00f3n IK07, lo que la hace especialmente duradera.<\/p>\n<p data-start=\"2480\" data-end=\"2653\">Plejd CCL-01-S es una soluci\u00f3n de iluminaci\u00f3n energ\u00e9ticamente eficiente y duradera, con una vida \u00fatil de hasta 100.000 horas, lo que garantiza un funcionamiento sostenible y confiable.<\/p>\n<h3 data-start=\"2655\" data-end=\"2690\"><strong data-start=\"2659\" data-end=\"2688\">Especificaciones t\u00e9cnicas:<\/strong><\/h3>\n<ul data-start=\"2691\" data-end=\"3645\">\n<li data-start=\"2691\" data-end=\"2727\"><strong data-start=\"2693\" data-end=\"2707\">Fuente de luz:<\/strong> LED (no reemplazable)<\/li>\n<li data-start=\"2728\" data-end=\"2754\"><strong data-start=\"2730\" data-end=\"2744\">Flujo luminoso:<\/strong> 2000 l\u00famenes<\/li>\n<li data-start=\"2755\" data-end=\"2805\"><strong data-start=\"2757\" data-end=\"2776\">Temperatura de color:<\/strong> 2200\u20134000 K (blanco modulable)<\/li>\n<li data-start=\"2806\" data-end=\"2839\"><strong data-start=\"2808\" data-end=\"2827\">Rango de atenuaci\u00f3n:<\/strong> 0,1\u2013100 %<\/li>\n<li data-start=\"2840\" data-end=\"2870\"><strong data-start=\"2842\" data-end=\"2863\">\u00c1ngulo de expansi\u00f3n:<\/strong> 120\u00b0<\/li>\n<li data-start=\"2871\" data-end=\"2904\"><strong data-start=\"2873\" data-end=\"2899\">Reproducci\u00f3n crom\u00e1tica (IRC):<\/strong> 93<\/li>\n<li data-start=\"2905\" data-end=\"2958\"><strong data-start=\"2907\" data-end=\"2921\">Vida:<\/strong> 100.000 horas (L70\/B50 a 25 \u00b0C)<\/li>\n<li data-start=\"2959\" data-end=\"2979\"><strong data-start=\"2961\" data-end=\"2972\">Efecto:<\/strong> 22W<\/li>\n<li data-start=\"2980\" data-end=\"3015\"><strong data-start=\"2982\" data-end=\"3011\">Clase de eficiencia energ\u00e9tica:<\/strong> F<\/li>\n<li data-start=\"3016\" data-end=\"3045\"><strong data-start=\"3018\" data-end=\"3034\">Clase de protecci\u00f3n:<\/strong> Clase II<\/li>\n<li data-start=\"3046\" data-end=\"3122\"><strong data-start=\"3048\" data-end=\"3061\">Clase de IP:<\/strong>\n<ul data-start=\"3066\" data-end=\"3122\">\n<li data-start=\"3066\" data-end=\"3092\"><strong data-start=\"3068\" data-end=\"3085\">Montaje en el techo:<\/strong> IP44<\/li>\n<li data-start=\"3095\" data-end=\"3122\"><strong data-start=\"3097\" data-end=\"3115\">Montaje en pared:<\/strong> IP20<\/li>\n<\/ul>\n<\/li>\n<li data-start=\"3123\" data-end=\"3149\"><strong data-start=\"3125\" data-end=\"3142\">Resistencia al impacto:<\/strong> IK07<\/li>\n<li data-start=\"3150\" data-end=\"3182\"><strong data-start=\"3152\" data-end=\"3168\">Tensi\u00f3n de red:<\/strong> 230 V \/ 50 Hz<\/li>\n<li data-start=\"3183\" data-end=\"3208\"><strong data-start=\"3185\" data-end=\"3202\">Factor de potencia:<\/strong> 0,9<\/li>\n<li data-start=\"3209\" data-end=\"3255\"><strong data-start=\"3211\" data-end=\"3229\">Comunicaci\u00f3n:<\/strong> Bluetooth\u00ae de malla de 2,4 GHz<\/li>\n<li data-start=\"3256\" data-end=\"3331\"><strong data-start=\"3258\" data-end=\"3276\">Alcance de radio:<\/strong> Aproximadamente 10 metros en interiores (ampliado con tecnolog\u00eda de malla Plejd)<\/li>\n<li data-start=\"3332\" data-end=\"3375\"><strong data-start=\"3334\" data-end=\"3348\">Montaje:<\/strong> Montaje en techo o pared<\/li>\n<li data-start=\"3376\" data-end=\"3410\"><strong data-start=\"3378\" data-end=\"3387\">Medida:<\/strong> \u00d8 294 mm, altura 50 mm<\/li>\n<li data-start=\"3411\" data-end=\"3455\"><strong data-start=\"3413\" data-end=\"3426\">Material:<\/strong> Pl\u00e1stico mate, blanco (RAL 9003)<\/li>\n<li data-start=\"3456\" data-end=\"3520\"><strong data-start=\"3458\" data-end=\"3476\">Sensor de movimiento:<\/strong> Sensor PIR + HF (ajustable hasta 10 m)<\/li>\n<li data-start=\"3521\" data-end=\"3575\"><strong data-start=\"3523\" data-end=\"3541\">Sensor de luz diurna:<\/strong> Se activa solo con poca luz<\/li>\n<li data-start=\"3576\" data-end=\"3645\"><strong data-start=\"3578\" data-end=\"3597\">Compatibilidad:<\/strong> Apple HomeKit, Asistente de Google, Amazon Alexa<\/li>\n<\/ul>\n<p data-start=\"3647\" data-end=\"3816\">Plejd CCL-01-S es la soluci\u00f3n de iluminaci\u00f3n \u00f3ptima para instalaciones inteligentes, donde el dise\u00f1o, la funcionalidad y la tecnolog\u00eda moderna se combinan para un entorno de iluminaci\u00f3n perfecto.<\/p>\n<p>&nbsp;<\/p>","protected":false},"excerpt":{"rendered":"<p>Plejd CCL-01-S es una l\u00e1mpara de techo LED inteligente con sensor de movimiento y funci\u00f3n de atenuaci\u00f3n incorporada. No se necesita regulador externo<\/p>\n<p>Se puede controlar a trav\u00e9s de la aplicaci\u00f3n Plejd, un bot\u00f3n u otros dispositivos Plejd y tiene una temperatura de color ajustable de 2200 K a 4000 K, as\u00ed como soporte para luz tenue o c\u00e1lida.<\/p>\n<p>Clasificaci\u00f3n IP44, perfecto tanto para entornos interiores como exteriores protegidos.<\/p>","protected":false},"featured_media":148009,"template":"","meta":{"_acf_changed":false},"product_brand":[],"product_cat":[4664],"product_tag":[4670],"class_list":{"0":"post-148010","1":"product","2":"type-product","3":"status-publish","4":"has-post-thumbnail","6":"product_cat-plejd-belysning","7":"product_tag-plejd","8":"product_shipping_class-postnord-varubrev","9":"pa_brands-plejd","10":"pa_farg-vit","11":"tm-has-options","13":"first","14":"instock","15":"sale","16":"taxable","17":"shipping-taxable","18":"purchasable","19":"product-type-simple"},"acf":[],"_links":{"self":[{"href":"https:\/\/secureus.se\/es\/wp-json\/wp\/v2\/product\/148010","targetHints":{"allow":["GET"]}}],"collection":[{"href":"https:\/\/secureus.se\/es\/wp-json\/wp\/v2\/product"}],"about":[{"href":"https:\/\/secureus.se\/es\/wp-json\/wp\/v2\/types\/product"}],"wp:featuredmedia":[{"embeddable":true,"href":"https:\/\/secureus.se\/es\/wp-json\/wp\/v2\/media\/148009"}],"wp:attachment":[{"href":"https:\/\/secureus.se\/es\/wp-json\/wp\/v2\/media?parent=148010"}],"wp:term":[{"taxonomy":"product_brand","embeddable":true,"href":"https:\/\/secureus.se\/es\/wp-json\/wp\/v2\/product_brand?post=148010"},{"taxonomy":"product_cat","embeddable":true,"href":"https:\/\/secureus.se\/es\/wp-json\/wp\/v2\/product_cat?post=148010"},{"taxonomy":"product_tag","embeddable":true,"href":"https:\/\/secureus.se\/es\/wp-json\/wp\/v2\/product_tag?post=148010"}],"curies":[{"name":"wp","href":"https:\/\/api.w.org\/{rel}","templated":true}]}}