{"id":148014,"date":"2025-02-25T12:22:22","date_gmt":"2025-02-25T11:22:22","guid":{"rendered":"https:\/\/secureus.se\/?post_type=product&#038;p=148014"},"modified":"2026-04-08T16:27:46","modified_gmt":"2026-04-08T14:27:46","slug":"plejd-vridadapter-rtr-01-rb-svart","status":"publish","type":"product","link":"https:\/\/secureus.se\/es\/plejd-vridadapter-rtr-01-rb-svart\/","title":{"rendered":"Adaptador Plejd Twist RTR-01-RB negro"},"content":{"rendered":"<h1 data-start=\"513\" data-end=\"564\"><strong data-start=\"517\" data-end=\"562\">Control de luz suave e inal\u00e1mbrico con Plejd<\/strong><\/h1>\n<p data-start=\"565\" data-end=\"971\">El adaptador giratorio RB Black es una soluci\u00f3n innovadora para quienes desean combinar la cl\u00e1sica funci\u00f3n de regulador giratorio con la \u00faltima tecnolog\u00eda inteligente.<\/p>\n<p data-start=\"565\" data-end=\"971\">Al hacer clic en el adaptador giratorio con un disco Plejd de su elecci\u00f3n, obtendr\u00e1 un control de iluminaci\u00f3n intuitivo que funciona tanto manualmente como a trav\u00e9s de la red de malla inal\u00e1mbrica de Plejd.<\/p>\n<p data-start=\"565\" data-end=\"971\">Perfecto para cualquiera que quiera un control simple y efectivo sobre la iluminaci\u00f3n de su hogar o lugar de trabajo inteligente.<\/p>\n<h3 data-start=\"973\" data-end=\"1010\"><strong data-start=\"977\" data-end=\"1008\">Flexible y adaptable<\/strong><\/h3>\n<p data-start=\"1011\" data-end=\"1373\">Una de las mayores ventajas del adaptador giratorio RB Black es su funcionalidad inal\u00e1mbrica.<\/p>\n<p data-start=\"1011\" data-end=\"1373\">Gracias a la tecnolog\u00eda de malla incorporada de Plejd, el adaptador puede comunicarse con otros productos del sistema, lo que lo hace ideal para soluciones de iluminaci\u00f3n peque\u00f1as y grandes.<\/p>\n<p data-start=\"1011\" data-end=\"1373\">Adem\u00e1s, puedes personalizar f\u00e1cilmente la configuraci\u00f3n a trav\u00e9s de la aplicaci\u00f3n Plejd para crear escenas de iluminaci\u00f3n y controles programados.<\/p>\n<h3 data-start=\"1375\" data-end=\"1415\"><strong data-start=\"1379\" data-end=\"1413\">Caracter\u00edsticas y beneficios del producto<\/strong><\/h3>\n<ul data-start=\"1417\" data-end=\"2141\">\n<li data-start=\"1417\" data-end=\"1514\"><strong data-start=\"1419\" data-end=\"1450\">Funci\u00f3n cl\u00e1sica de regulador giratorio<\/strong> \u2013 Funciona como un regulador de intensidad tradicional pero con control inteligente.<\/li>\n<li data-start=\"1515\" data-end=\"1608\"><strong data-start=\"1517\" data-end=\"1540\">Integraci\u00f3n inal\u00e1mbrica<\/strong> \u2013 Se conecta a trav\u00e9s de la red de malla del sistema Plejd para un control flexible.<\/li>\n<li data-start=\"1609\" data-end=\"1689\"><strong data-start=\"1611\" data-end=\"1630\">F\u00e1cil montaje<\/strong> \u2013 El accesorio a presi\u00f3n hace que la instalaci\u00f3n sea r\u00e1pida y sencilla.<\/li>\n<li data-start=\"1690\" data-end=\"1786\"><strong data-start=\"1692\" data-end=\"1719\">Materiales de alta calidad<\/strong> \u2013 Fabricado en termopl\u00e1stico libre de hal\u00f3genos con superficie lacada y brillante.<\/li>\n<li data-start=\"1787\" data-end=\"1856\"><strong data-start=\"1789\" data-end=\"1807\">Compatibilidad<\/strong> \u2013 Compatible con marco negro de Schneider Renova\u00ae.<\/li>\n<li data-start=\"1857\" data-end=\"1940\"><strong data-start=\"1859\" data-end=\"1877\">Dise\u00f1o elegante<\/strong> \u2013 Color negro (RAL 9005) que combina con interiores modernos.<\/li>\n<li data-start=\"1941\" data-end=\"2008\"><strong data-start=\"1943\" data-end=\"1959\">Clasificaci\u00f3n IP20<\/strong> \u2013 Protegido contra objetos s\u00f3lidos mayores a 12,5 mm.<\/li>\n<li data-start=\"2009\" data-end=\"2086\"><strong data-start=\"2011\" data-end=\"2025\">Protecci\u00f3n IK00<\/strong> \u2013 Sin resistencia al impacto adicional, recomendado para uso en interiores.<\/li>\n<li data-start=\"2087\" data-end=\"2141\"><strong data-start=\"2089\" data-end=\"2097\">Medida<\/strong> \u2013 Ancho: 52 mm, Alto: 52 mm, Profundidad: 18 mm.<\/li>\n<\/ul>\n<h3 data-start=\"2143\" data-end=\"2171\"><strong data-start=\"2147\" data-end=\"2169\">\u00c1reas de uso<\/strong><\/h3>\n<p data-start=\"2172\" data-end=\"2499\">El adaptador giratorio RB Black es una soluci\u00f3n ideal para quienes desean combinar el control de iluminaci\u00f3n tradicional con funciones inteligentes modernas.<\/p>\n<p data-start=\"2172\" data-end=\"2499\">Es perfecto para hogares, oficinas y tiendas donde se necesita un control suave e inal\u00e1mbrico. Dado que funciona con la red de malla de Plejd, se puede integrar f\u00e1cilmente en instalaciones nuevas y existentes.<\/p>\n<h3 data-start=\"2501\" data-end=\"2541\"><strong data-start=\"2505\" data-end=\"2539\">Instalaci\u00f3n y configuraci\u00f3n<\/strong><\/h3>\n<p data-start=\"2542\" data-end=\"2850\">La instalaci\u00f3n es sencilla y no requiere herramientas avanzadas. El adaptador giratorio se encaja con un disco Plejd y se monta en una caja de dispositivo est\u00e1ndar con cierre a presi\u00f3n.<\/p>\n<p data-start=\"2542\" data-end=\"2850\">Los ajustes se configuran luego en la aplicaci\u00f3n Plejd, donde puedes crear tus propias escenas de luz, establecer niveles de atenuaci\u00f3n y controlar la iluminaci\u00f3n de forma inal\u00e1mbrica.<\/p>\n<h3 data-start=\"2852\" data-end=\"2883\"><strong data-start=\"2856\" data-end=\"2881\">Dise\u00f1o y Sostenibilidad<\/strong><\/h3>\n<p data-start=\"2884\" data-end=\"3245\">El adaptador giratorio RB Black est\u00e1 dise\u00f1ado para integrarse en interiores modernos.<\/p>\n<p data-start=\"2884\" data-end=\"3245\">Tiene un elegante acabado lacado en negro con una superficie brillante y est\u00e1 hecho de termopl\u00e1stico duradero y libre de hal\u00f3genos.<\/p>\n<p data-start=\"2884\" data-end=\"3245\">Sin embargo, no es antibacteriano y no tiene etiqueta imprimible ni lente reemplazable.<\/p>\n<p data-start=\"2884\" data-end=\"3245\">Con su clasificaci\u00f3n IP20, es adecuado para uso en interiores pero debe evitarse en ambientes h\u00famedos.<\/p>\n<h3 data-start=\"3247\" data-end=\"3265\"><strong data-start=\"3251\" data-end=\"3263\">Conclusi\u00f3n<\/strong><\/h3>\n<p data-start=\"3266\" data-end=\"3587\">Con el adaptador giratorio RB Black obtendr\u00e1 una combinaci\u00f3n perfecta de la funci\u00f3n de regulador giratorio cl\u00e1sico y el moderno control de iluminaci\u00f3n inteligente.<\/p>\n<p data-start=\"3266\" data-end=\"3587\">La f\u00e1cil instalaci\u00f3n, la flexibilidad inal\u00e1mbrica y el dise\u00f1o elegante lo convierten en una excelente opci\u00f3n para cualquiera que desee un control de iluminaci\u00f3n suave y eficiente en su hogar inteligente o entorno de trabajo.<\/p>","protected":false},"excerpt":{"rendered":"<p>El adaptador giratorio RB Black se acopla con un disco Plejd opcional y funciona como un regulador giratorio cl\u00e1sico.<\/p>\n<p>Con tecnolog\u00eda de malla inal\u00e1mbrica, puede controlar otros productos Plejd en el sistema.<\/p>\n<p>F\u00e1cil instalaci\u00f3n a trav\u00e9s de la aplicaci\u00f3n.<\/p>\n<p>Fabricado en termopl\u00e1stico negro libre de hal\u00f3genos con superficie lacada y brillante.<\/p>\n<p>Compatible con marco negro de Schneider Renova\u00ae.<\/p>","protected":false},"featured_media":148013,"template":"","meta":{"_acf_changed":false},"product_brand":[],"product_cat":[4661],"product_tag":[4670],"class_list":{"0":"post-148014","1":"product","2":"type-product","3":"status-publish","4":"has-post-thumbnail","6":"product_cat-plejd-vridadapter","7":"product_tag-plejd","8":"product_shipping_class-postnord-varubrev","9":"pa_brands-plejd","10":"pa_farg-svart","11":"tm-has-options","13":"first","14":"instock","15":"sale","16":"taxable","17":"shipping-taxable","18":"purchasable","19":"product-type-simple"},"acf":[],"_links":{"self":[{"href":"https:\/\/secureus.se\/es\/wp-json\/wp\/v2\/product\/148014","targetHints":{"allow":["GET"]}}],"collection":[{"href":"https:\/\/secureus.se\/es\/wp-json\/wp\/v2\/product"}],"about":[{"href":"https:\/\/secureus.se\/es\/wp-json\/wp\/v2\/types\/product"}],"wp:featuredmedia":[{"embeddable":true,"href":"https:\/\/secureus.se\/es\/wp-json\/wp\/v2\/media\/148013"}],"wp:attachment":[{"href":"https:\/\/secureus.se\/es\/wp-json\/wp\/v2\/media?parent=148014"}],"wp:term":[{"taxonomy":"product_brand","embeddable":true,"href":"https:\/\/secureus.se\/es\/wp-json\/wp\/v2\/product_brand?post=148014"},{"taxonomy":"product_cat","embeddable":true,"href":"https:\/\/secureus.se\/es\/wp-json\/wp\/v2\/product_cat?post=148014"},{"taxonomy":"product_tag","embeddable":true,"href":"https:\/\/secureus.se\/es\/wp-json\/wp\/v2\/product_tag?post=148014"}],"curies":[{"name":"wp","href":"https:\/\/api.w.org\/{rel}","templated":true}]}}