{"id":148016,"date":"2025-02-25T12:22:22","date_gmt":"2025-02-25T11:22:22","guid":{"rendered":"https:\/\/secureus.se\/?post_type=product&#038;p=148016"},"modified":"2026-04-07T12:46:46","modified_gmt":"2026-04-07T10:46:46","slug":"plejd-vridratt-tradlos-wrt-01-ewvit","status":"publish","type":"product","link":"https:\/\/secureus.se\/es\/plejd-vridratt-tradlos-wrt-01-ewvit\/","title":{"rendered":"Perilla giratoria inal\u00e1mbrica Plejd WRT-01-EWwhite"},"content":{"rendered":"<h1 data-start=\"470\" data-end=\"521\"><strong data-start=\"474\" data-end=\"519\">Control de luz inal\u00e1mbrico y suave con Plejd<\/strong><\/h1>\n<p data-start=\"522\" data-end=\"915\">El bot\u00f3n giratorio inal\u00e1mbrico EW White es una soluci\u00f3n innovadora y flexible para controlar la iluminaci\u00f3n de su hogar u oficina.<\/p>\n<p data-start=\"522\" data-end=\"915\">Con este bot\u00f3n giratorio y pulsador inal\u00e1mbrico podr\u00e1s ajustar f\u00e1cilmente el brillo de uno o m\u00e1s dispositivos Plejd sin necesidad de cables ni instalaciones complicadas.<\/p>\n<p data-start=\"522\" data-end=\"915\">La configuraci\u00f3n se realiza sin problemas en la aplicaci\u00f3n Plejd, donde puedes personalizar las funciones y el control de escenarios seg\u00fan tus necesidades.<\/p>\n<p data-start=\"917\" data-end=\"1167\">El dise\u00f1o compacto y elegante significa que el dispositivo se integra en cualquier entorno.<\/p>\n<p data-start=\"917\" data-end=\"1167\">Con una bater\u00eda de larga duraci\u00f3n de hasta 15 a\u00f1os y compatibilidad con sistemas dom\u00e9sticos inteligentes como Apple HomeKit y Google Assistant, esta es una soluci\u00f3n a prueba de futuro para el control de iluminaci\u00f3n inal\u00e1mbrica.<\/p>\n<h3 data-start=\"1169\" data-end=\"1220\"><strong data-start=\"1173\" data-end=\"1218\">Montaje flexible y f\u00e1cil instalaci\u00f3n<\/strong><\/h3>\n<p data-start=\"1221\" data-end=\"1499\">El bot\u00f3n giratorio inal\u00e1mbrico EW White se puede montar en el exterior de una caja de dispositivo est\u00e1ndar o fijar con cinta de doble cara o tornillos, lo que hace que la instalaci\u00f3n sea r\u00e1pida y sencilla.<\/p>\n<p data-start=\"1221\" data-end=\"1499\">No requiere cableado, lo que lo hace ideal tanto para nuevas instalaciones como para actualizaciones de sistemas el\u00e9ctricos existentes.<\/p>\n<h3 data-start=\"1501\" data-end=\"1541\"><strong data-start=\"1505\" data-end=\"1539\">Caracter\u00edsticas y beneficios del producto<\/strong><\/h3>\n<ul data-start=\"1543\" data-end=\"2260\">\n<li data-start=\"1543\" data-end=\"1626\"><strong data-start=\"1545\" data-end=\"1569\">Control de luz inal\u00e1mbrico<\/strong> \u2013 Ajuste la luz f\u00e1cilmente mediante la funci\u00f3n de giro o empuje.<\/li>\n<li data-start=\"1627\" data-end=\"1721\"><strong data-start=\"1629\" data-end=\"1647\">Compatibilidad<\/strong> \u2013 Funciona con todos los dispositivos Plejd y puede controlar varias luces simult\u00e1neamente.<\/li>\n<li data-start=\"1722\" data-end=\"1794\"><strong data-start=\"1724\" data-end=\"1745\">Integraci\u00f3n inteligente<\/strong> \u2013 Compatibilidad con Apple HomeKit y Google Assistant.<\/li>\n<li data-start=\"1795\" data-end=\"1880\"><strong data-start=\"1797\" data-end=\"1816\">Bater\u00eda de larga duraci\u00f3n<\/strong> \u2013 Hasta 15 a\u00f1os (aprox. 200.000 clics) con 3 pilas CR2032.<\/li>\n<li data-start=\"1881\" data-end=\"1957\"><strong data-start=\"1883\" data-end=\"1903\">Control de escenarios<\/strong> \u2013 Hacer doble clic puede activar escenas de iluminaci\u00f3n preestablecidas.<\/li>\n<li data-start=\"1958\" data-end=\"2039\"><strong data-start=\"1960\" data-end=\"1979\">F\u00e1cil montaje<\/strong> \u2013 R\u00e1pida instalaci\u00f3n en superficie o con cinta\/tornillos.<\/li>\n<li data-start=\"2040\" data-end=\"2103\"><strong data-start=\"2042\" data-end=\"2060\">Dise\u00f1o compacto<\/strong> \u2013 Se adapta a todos los hogares y entornos modernos.<\/li>\n<li data-start=\"2104\" data-end=\"2185\"><strong data-start=\"2106\" data-end=\"2147\">Compatible con el cuadro blanco monta\u00f1a ELKO\u00ae RS\/Plus<\/strong> \u2013 Da un aspecto uniforme y elegante.<\/li>\n<li data-start=\"2186\" data-end=\"2260\"><strong data-start=\"2188\" data-end=\"2209\">Seguro y duradero<\/strong> \u2013 Fabricado en termopl\u00e1stico duradero y libre de hal\u00f3genos.<\/li>\n<\/ul>\n<h3 data-start=\"2262\" data-end=\"2296\"><strong data-start=\"2266\" data-end=\"2294\">Especificaciones t\u00e9cnicas<\/strong><\/h3>\n<ul data-start=\"2298\" data-end=\"3018\">\n<li data-start=\"2298\" data-end=\"2329\"><strong data-start=\"2300\" data-end=\"2311\">Modelo:<\/strong> Pulsador en serie<\/li>\n<li data-start=\"2330\" data-end=\"2373\"><strong data-start=\"2332\" data-end=\"2354\">M\u00e9todo de funcionamiento:<\/strong> Bot\u00f3n giratorio\/pulsador<\/li>\n<li data-start=\"2374\" data-end=\"2441\"><strong data-start=\"2376\" data-end=\"2396\">M\u00e9todo de montaje:<\/strong> Montaje en superficie (fijaci\u00f3n r\u00e1pida con cinta\/tornillo)<\/li>\n<li data-start=\"2442\" data-end=\"2470\"><strong data-start=\"2444\" data-end=\"2453\">Pintar:<\/strong> Blanco (RAL 9010)<\/li>\n<li data-start=\"2471\" data-end=\"2512\"><strong data-start=\"2473\" data-end=\"2486\">Material:<\/strong> Termopl\u00e1stico (libre de hal\u00f3genos)<\/li>\n<li data-start=\"2513\" data-end=\"2556\"><strong data-start=\"2515\" data-end=\"2532\">Tratamiento de superficie:<\/strong> Superficie brillante sin tratar<\/li>\n<li data-start=\"2557\" data-end=\"2604\"><strong data-start=\"2559\" data-end=\"2572\">Clase de IP:<\/strong> IP20 (solo para uso en interiores)<\/li>\n<li data-start=\"2605\" data-end=\"2631\"><strong data-start=\"2607\" data-end=\"2624\">Resistencia al impacto:<\/strong> IK00<\/li>\n<li data-start=\"2632\" data-end=\"2681\"><strong data-start=\"2634\" data-end=\"2643\">Medida:<\/strong> Ancho 71 mm, Alto 71 mm, Profundidad 20 mm<\/li>\n<li data-start=\"2682\" data-end=\"2724\"><strong data-start=\"2684\" data-end=\"2699\">Tipo de bater\u00eda:<\/strong> 3 x CR2032 (reemplazables)<\/li>\n<li data-start=\"2725\" data-end=\"2759\"><strong data-start=\"2727\" data-end=\"2742\">Duraci\u00f3n de la bater\u00eda:<\/strong> Hasta 15 a\u00f1os<\/li>\n<li data-start=\"2760\" data-end=\"2815\"><strong data-start=\"2762\" data-end=\"2778\">Sistema de radio:<\/strong> Malla de 2,4 GHz, Bluetooth\u00ae (&lt;10 dBm)<\/li>\n<li data-start=\"2816\" data-end=\"2858\"><strong data-start=\"2818\" data-end=\"2836\">Alcance de radio:<\/strong> Unos 10 metros en interiores<\/li>\n<li data-start=\"2859\" data-end=\"2899\"><strong data-start=\"2861\" data-end=\"2893\">Extensi\u00f3n de red de malla:<\/strong> No<\/li>\n<li data-start=\"2900\" data-end=\"2983\"><strong data-start=\"2902\" data-end=\"2921\">Compatibilidad:<\/strong> Apple HomeKit, Google Assistant (no Amazon Alexa, no IFTTT)<\/li>\n<li data-start=\"2984\" data-end=\"3018\"><strong data-start=\"2986\" data-end=\"3012\">Iluminaci\u00f3n\/luz de se\u00f1alizaci\u00f3n:<\/strong> No<\/li>\n<\/ul>\n<h3 data-start=\"3020\" data-end=\"3079\"><strong data-start=\"3024\" data-end=\"3077\">Perfecto para hogares inteligentes y entornos profesionales<\/strong><\/h3>\n<p data-start=\"3080\" data-end=\"3343\">El dise\u00f1o minimalista y la funcionalidad f\u00e1cil de usar del bot\u00f3n giratorio inal\u00e1mbrico lo hacen perfecto tanto para hogares privados como para entornos comerciales.<\/p>\n<p data-start=\"3080\" data-end=\"3343\">Controle f\u00e1cilmente toda su iluminaci\u00f3n Plejd sin tener que pasar cables y cree escenas de iluminaci\u00f3n personalizadas para diferentes ocasiones.<\/p>\n<p data-start=\"3345\" data-end=\"3556\">Con la capacidad de integrarse con Apple HomeKit y Google Assistant, puedes controlar la iluminaci\u00f3n con comandos de voz o mediante la aplicaci\u00f3n.<\/p>\n<p data-start=\"3345\" data-end=\"3556\">Esto hace que sea f\u00e1cil automatizar y adaptar la iluminaci\u00f3n a su vida cotidiana.<\/p>\n<h3 data-start=\"3558\" data-end=\"3576\"><strong data-start=\"3562\" data-end=\"3574\">Conclusi\u00f3n<\/strong><\/h3>\n<p data-start=\"3577\" data-end=\"3914\">El bot\u00f3n giratorio inal\u00e1mbrico EW White es una soluci\u00f3n innovadora y flexible para el control de la iluminaci\u00f3n inal\u00e1mbrica.<\/p>\n<p data-start=\"3577\" data-end=\"3914\">Con bater\u00eda de larga duraci\u00f3n, f\u00e1cil instalaci\u00f3n y funciones inteligentes, este es un dispositivo \u00f3ptimo para cualquiera que desee un control de iluminaci\u00f3n suave y moderno.<\/p>\n<p data-start=\"3577\" data-end=\"3914\">Perfecto tanto para hogares inteligentes como para entornos profesionales donde la simplicidad y la funcionalidad son clave.<\/p>","protected":false},"excerpt":{"rendered":"<p>El bot\u00f3n giratorio inal\u00e1mbrico EW White permite el control inal\u00e1mbrico de una o m\u00e1s unidades Plejd.<\/p>\n<p>Se monta f\u00e1cilmente en el exterior de la caja del dispositivo o con cinta\/tornillos.<\/p>\n<p>Hasta 15 a\u00f1os de duraci\u00f3n de bater\u00eda.<\/p>\n<p>Compatible con Apple HomeKit y Google Assistant.<\/p>\n<p>Compatible con el marco blanco de monta\u00f1a de ELKO\u00ae RS\/Plus.<\/p>","protected":false},"featured_media":148015,"template":"","meta":{"_acf_changed":false},"product_brand":[],"product_cat":[4661],"product_tag":[4670],"class_list":{"0":"post-148016","1":"product","2":"type-product","3":"status-publish","4":"has-post-thumbnail","6":"product_cat-plejd-vridadapter","7":"product_tag-plejd","8":"product_shipping_class-postnord-varubrev","9":"pa_brands-plejd","10":"pa_farg-vit","11":"tm-has-options","13":"first","14":"instock","15":"sale","16":"taxable","17":"shipping-taxable","18":"purchasable","19":"product-type-simple"},"acf":[],"_links":{"self":[{"href":"https:\/\/secureus.se\/es\/wp-json\/wp\/v2\/product\/148016","targetHints":{"allow":["GET"]}}],"collection":[{"href":"https:\/\/secureus.se\/es\/wp-json\/wp\/v2\/product"}],"about":[{"href":"https:\/\/secureus.se\/es\/wp-json\/wp\/v2\/types\/product"}],"wp:featuredmedia":[{"embeddable":true,"href":"https:\/\/secureus.se\/es\/wp-json\/wp\/v2\/media\/148015"}],"wp:attachment":[{"href":"https:\/\/secureus.se\/es\/wp-json\/wp\/v2\/media?parent=148016"}],"wp:term":[{"taxonomy":"product_brand","embeddable":true,"href":"https:\/\/secureus.se\/es\/wp-json\/wp\/v2\/product_brand?post=148016"},{"taxonomy":"product_cat","embeddable":true,"href":"https:\/\/secureus.se\/es\/wp-json\/wp\/v2\/product_cat?post=148016"},{"taxonomy":"product_tag","embeddable":true,"href":"https:\/\/secureus.se\/es\/wp-json\/wp\/v2\/product_tag?post=148016"}],"curies":[{"name":"wp","href":"https:\/\/api.w.org\/{rel}","templated":true}]}}