{"id":148018,"date":"2025-02-25T12:22:22","date_gmt":"2025-02-25T11:22:22","guid":{"rendered":"https:\/\/secureus.se\/?post_type=product&#038;p=148018"},"modified":"2026-04-08T16:29:43","modified_gmt":"2026-04-08T14:29:43","slug":"plejd-monteringsclips-din-vagg","status":"publish","type":"product","link":"https:\/\/secureus.se\/es\/plejd-monteringsclips-din-vagg\/","title":{"rendered":"Clips de montaje Plejd DIN\/pared"},"content":{"rendered":"<h1 data-start=\"446\" data-end=\"498\"><strong data-start=\"450\" data-end=\"496\">Montaje sencillo y sin problemas de Plejd Pucks<\/strong><\/h1>\n<p data-start=\"499\" data-end=\"790\">Los clips de montaje DIN\/WALL son una soluci\u00f3n inteligente y flexible para montar discos Plejd en un riel DIN (35 mm) o directamente en una pared.<\/p>\n<p data-start=\"499\" data-end=\"790\">Con la pr\u00e1ctica funci\u00f3n de clip, puedes colocar el disco en su lugar de forma r\u00e1pida y sencilla despu\u00e9s de montar los clips, lo que garantiza una colocaci\u00f3n estable y segura.<\/p>\n<h3 data-start=\"792\" data-end=\"838\"><strong data-start=\"796\" data-end=\"836\">Instalaci\u00f3n flexible para todas las necesidades<\/strong><\/h3>\n<p data-start=\"839\" data-end=\"1112\">Ya sea que desee montar un disco Plejd en un panel el\u00e9ctrico en un riel DIN o directamente en la pared en una caja de conexiones, los clips de montaje DIN\/WALL le brindan la flexibilidad que necesita.<\/p>\n<p data-start=\"839\" data-end=\"1112\">El dise\u00f1o simple le permite instalar y desmontar dispositivos sin problemas y sin herramientas adicionales.<\/p>\n<h3 data-start=\"1114\" data-end=\"1154\"><strong data-start=\"1118\" data-end=\"1152\">Caracter\u00edsticas y beneficios del producto<\/strong><\/h3>\n<ul data-start=\"1156\" data-end=\"1625\">\n<li data-start=\"1156\" data-end=\"1217\"><strong data-start=\"1158\" data-end=\"1187\">Compatibilidad universal<\/strong> \u2013 Se adapta a todos los discos Plejd.<\/li>\n<li data-start=\"1218\" data-end=\"1293\"><strong data-start=\"1220\" data-end=\"1242\">Montaje flexible<\/strong> \u2013 Se puede fijar tanto a carril DIN (35 mm) como a pared.<\/li>\n<li data-start=\"1294\" data-end=\"1377\"><strong data-start=\"1296\" data-end=\"1318\">Instalaci\u00f3n r\u00e1pida<\/strong> \u2013 La funci\u00f3n de clip permite colocar el disco en su lugar f\u00e1cilmente.<\/li>\n<li data-start=\"1378\" data-end=\"1463\"><strong data-start=\"1380\" data-end=\"1404\">Construcci\u00f3n sostenible<\/strong> \u2013 Hecho de pl\u00e1stico duradero para un uso duradero.<\/li>\n<li data-start=\"1464\" data-end=\"1544\"><strong data-start=\"1466\" data-end=\"1489\">Fijaci\u00f3n estable<\/strong> \u2013 Asegura que el disco quede asentado de forma firme y segura.<\/li>\n<li data-start=\"1545\" data-end=\"1625\"><strong data-start=\"1547\" data-end=\"1574\">Soluci\u00f3n que ahorra espacio<\/strong> \u2013 Perfecto para paneles el\u00e9ctricos y armarios de instalaci\u00f3n.<\/li>\n<\/ul>\n<h3 data-start=\"1627\" data-end=\"1655\"><strong data-start=\"1631\" data-end=\"1653\">\u00c1reas de uso<\/strong><\/h3>\n<p data-start=\"1656\" data-end=\"1944\">Los clips de montaje DIN\/WALL son ideales tanto para electricistas profesionales como para usuarios dom\u00e9sticos que desean un montaje estable y seguro de los productos Plejd.<\/p>\n<p data-start=\"1656\" data-end=\"1944\">Se puede utilizar en armarios el\u00e9ctricos, cajas de conexiones o directamente en la pared, convirti\u00e9ndose en una soluci\u00f3n vers\u00e1til para diversas instalaciones.<\/p>\n<h3 data-start=\"1946\" data-end=\"1983\"><strong data-start=\"1950\" data-end=\"1981\">Instalaci\u00f3n y uso<\/strong><\/h3>\n<p data-start=\"1984\" data-end=\"2038\">El montaje es sencillo y no requiere herramientas especiales:<\/p>\n<ol data-start=\"2040\" data-end=\"2292\">\n<li data-start=\"2040\" data-end=\"2129\"><strong data-start=\"2043\" data-end=\"2059\">Coloque los clips<\/strong> \u2013 Se monta directamente en carril DIN (35 mm) o en la pared con tornillos.<\/li>\n<li data-start=\"2130\" data-end=\"2216\"><strong data-start=\"2133\" data-end=\"2154\">Chasquea el disco<\/strong> \u2013 El disco Plejd se coloca f\u00e1cilmente en su lugar en los clips de montaje.<\/li>\n<li data-start=\"2217\" data-end=\"2292\"><strong data-start=\"2220\" data-end=\"2243\">Instalaci\u00f3n completada<\/strong> \u2013 El disco est\u00e1 colocado de forma segura y listo para usar.<\/li>\n<\/ol>\n<p data-start=\"2294\" data-end=\"2411\">Esta soluci\u00f3n facilita la sustituci\u00f3n o actualizaci\u00f3n de unidades Plejd sin tener que desmontar toda la instalaci\u00f3n.<\/p>\n<h3 data-start=\"2413\" data-end=\"2447\"><strong data-start=\"2417\" data-end=\"2445\">Especificaciones t\u00e9cnicas<\/strong><\/h3>\n<ul data-start=\"2449\" data-end=\"2665\">\n<li data-start=\"2449\" data-end=\"2515\"><strong data-start=\"2451\" data-end=\"2475\">Tipo de archivo adjunto:<\/strong> Montaje en carril DIN (35 mm) o pared<\/li>\n<li data-start=\"2516\" data-end=\"2547\"><strong data-start=\"2518\" data-end=\"2541\">Tipo de soporte de carril:<\/strong> Derecho<\/li>\n<li data-start=\"2548\" data-end=\"2571\"><strong data-start=\"2550\" data-end=\"2563\">Material:<\/strong> Pl\u00e1stico<\/li>\n<li data-start=\"2572\" data-end=\"2620\"><strong data-start=\"2574\" data-end=\"2593\">Compatibilidad:<\/strong> Se adapta a todos los discos Plejd<\/li>\n<li data-start=\"2621\" data-end=\"2665\"><strong data-start=\"2623\" data-end=\"2643\">M\u00e9todo de montaje:<\/strong> Funci\u00f3n de clip\/ajuste<\/li>\n<\/ul>\n<h3 data-start=\"2667\" data-end=\"2710\"><strong data-start=\"2671\" data-end=\"2708\">Dise\u00f1o sostenible y f\u00e1cil de usar<\/strong><\/h3>\n<p data-start=\"2711\" data-end=\"3002\">Los clips de montaje DIN\/WALL est\u00e1n dise\u00f1ados para facilitar la instalaci\u00f3n de los productos Plejd de una manera suave y segura.<\/p>\n<p data-start=\"2711\" data-end=\"3002\">Con una construcci\u00f3n de pl\u00e1stico robusta y una funci\u00f3n de clip simple, es una soluci\u00f3n perfecta para todo tipo de instalaciones, desde residenciales hasta propiedades comerciales m\u00e1s grandes.<\/p>\n<h3 data-start=\"3004\" data-end=\"3022\"><strong data-start=\"3008\" data-end=\"3020\">Conclusi\u00f3n<\/strong><\/h3>\n<p data-start=\"3023\" data-end=\"3274\">Con los clips de montaje DIN\/WALL obtendr\u00e1 un montaje simple, r\u00e1pido y seguro de los discos Plejd en un riel DIN o en la pared.<\/p>\n<p data-start=\"3023\" data-end=\"3274\">Su elegante dise\u00f1o y compatibilidad con todos los dispositivos Plejd lo convierten en un componente indispensable tanto para profesionales como para particulares.<\/p>\n<h4 data-start=\"3276\" data-end=\"3304\"><strong data-start=\"3281\" data-end=\"3302\">Meta T\u00edtulo (SEO):<\/strong><\/h4>\n<p data-start=\"3305\" data-end=\"3365\">Clips de montaje DIN\/PARED: f\u00e1cil montaje de discos Plejd<\/p>\n<h4 data-start=\"3367\" data-end=\"3401\"><strong data-start=\"3372\" data-end=\"3399\">Meta descripci\u00f3n (SEO):<\/strong><\/h4>\n<p data-start=\"3402\" data-end=\"3556\" data-is-last-node=\"\">Coloque los discos Plejd f\u00e1cilmente con los clips de montaje DIN\/PARED. Montaje r\u00e1pido en carril DIN (35 mm) o pared.<\/p>\n<p data-start=\"3402\" data-end=\"3556\" data-is-last-node=\"\">Funci\u00f3n de clip suave y construcci\u00f3n de pl\u00e1stico robusta.<\/p>","protected":false},"excerpt":{"rendered":"<p>Los clips de montaje DIN\/WALL facilitan la fijaci\u00f3n de cualquier disco Plejd a un riel DIN (35 mm) o a la pared.<\/p>\n<p>Gracias a una pr\u00e1ctica funci\u00f3n de clip, el disco se coloca f\u00e1cilmente en su lugar despu\u00e9s del montaje.<\/p>\n<p>Hecho de pl\u00e1stico duradero y dise\u00f1ado para una f\u00e1cil instalaci\u00f3n.<\/p>","protected":false},"featured_media":148017,"template":"","meta":{"_acf_changed":false},"product_brand":[],"product_cat":[4662],"product_tag":[4670],"class_list":{"0":"post-148018","1":"product","2":"type-product","3":"status-publish","4":"has-post-thumbnail","6":"product_cat-plejd-tillbehor","7":"product_tag-plejd","8":"product_shipping_class-postnord-varubrev","9":"pa_brands-plejd","10":"tm-has-options","12":"first","13":"instock","14":"sale","15":"taxable","16":"shipping-taxable","17":"purchasable","18":"product-type-simple"},"acf":[],"_links":{"self":[{"href":"https:\/\/secureus.se\/es\/wp-json\/wp\/v2\/product\/148018","targetHints":{"allow":["GET"]}}],"collection":[{"href":"https:\/\/secureus.se\/es\/wp-json\/wp\/v2\/product"}],"about":[{"href":"https:\/\/secureus.se\/es\/wp-json\/wp\/v2\/types\/product"}],"wp:featuredmedia":[{"embeddable":true,"href":"https:\/\/secureus.se\/es\/wp-json\/wp\/v2\/media\/148017"}],"wp:attachment":[{"href":"https:\/\/secureus.se\/es\/wp-json\/wp\/v2\/media?parent=148018"}],"wp:term":[{"taxonomy":"product_brand","embeddable":true,"href":"https:\/\/secureus.se\/es\/wp-json\/wp\/v2\/product_brand?post=148018"},{"taxonomy":"product_cat","embeddable":true,"href":"https:\/\/secureus.se\/es\/wp-json\/wp\/v2\/product_cat?post=148018"},{"taxonomy":"product_tag","embeddable":true,"href":"https:\/\/secureus.se\/es\/wp-json\/wp\/v2\/product_tag?post=148018"}],"curies":[{"name":"wp","href":"https:\/\/api.w.org\/{rel}","templated":true}]}}