{"id":148020,"date":"2025-02-25T12:22:22","date_gmt":"2025-02-25T11:22:22","guid":{"rendered":"https:\/\/secureus.se\/?post_type=product&#038;p=148020"},"modified":"2026-04-07T12:46:37","modified_gmt":"2026-04-07T10:46:37","slug":"plejd-vridadapter-rtr-01-sa-antracit","status":"publish","type":"product","link":"https:\/\/secureus.se\/es\/plejd-vridadapter-rtr-01-sa-antracit\/","title":{"rendered":"Adaptador Plejd Twist RTR-01-SA antracita"},"content":{"rendered":"<h1 data-start=\"479\" data-end=\"539\"><strong data-start=\"483\" data-end=\"537\">Combine la funci\u00f3n de atenuaci\u00f3n cl\u00e1sica con la tecnolog\u00eda inteligente<\/strong><\/h1>\n<p data-start=\"540\" data-end=\"919\">El adaptador giratorio SA Antracita es una soluci\u00f3n elegante y funcional para el control inteligente de la iluminaci\u00f3n.<\/p>\n<p data-start=\"540\" data-end=\"919\">Al conectar el adaptador con un disco Plejd de su elecci\u00f3n, obtendr\u00e1 un regulador giratorio tradicional que puede controlarse tanto de forma manual como inal\u00e1mbrica a trav\u00e9s de la tecnolog\u00eda de malla del sistema Plejd.<\/p>\n<p data-start=\"540\" data-end=\"919\">Esto lo hace ideal tanto para hogares modernos como para instalaciones profesionales donde la flexibilidad y el dise\u00f1o son factores importantes.<\/p>\n<h3 data-start=\"921\" data-end=\"970\"><strong data-start=\"925\" data-end=\"968\">Control de iluminaci\u00f3n inal\u00e1mbrico y flexible<\/strong><\/h3>\n<p data-start=\"971\" data-end=\"1349\">Una de las grandes ventajas del Vridadapter SA Anthracite es su capacidad para funcionar en el ecosistema Plejd.<\/p>\n<p data-start=\"971\" data-end=\"1349\">Con tecnolog\u00eda de malla inal\u00e1mbrica, puede controlar otros dispositivos Plejd e integrarse perfectamente en su sistema existente.<\/p>\n<p data-start=\"971\" data-end=\"1349\">El disco utilizado con el adaptador conserva sus funciones, como control de entrada y configuraci\u00f3n de tiempo, lo que le permite controlar la iluminaci\u00f3n desde varios botones diferentes.<\/p>\n<h3 data-start=\"1351\" data-end=\"1391\"><strong data-start=\"1355\" data-end=\"1389\">Caracter\u00edsticas y beneficios del producto<\/strong><\/h3>\n<ul data-start=\"1393\" data-end=\"2051\">\n<li data-start=\"1393\" data-end=\"1482\"><strong data-start=\"1395\" data-end=\"1426\">Funci\u00f3n cl\u00e1sica de regulador giratorio<\/strong> \u2013 Proporciona una sensaci\u00f3n tradicional con tecnolog\u00eda inteligente moderna.<\/li>\n<li data-start=\"1483\" data-end=\"1557\"><strong data-start=\"1485\" data-end=\"1508\">Integraci\u00f3n inal\u00e1mbrica<\/strong> \u2013 Controlar otros dispositivos Plejd a trav\u00e9s de la red de malla.<\/li>\n<li data-start=\"1558\" data-end=\"1628\"><strong data-start=\"1560\" data-end=\"1582\">F\u00e1cil instalaci\u00f3n<\/strong> \u2013 Fijaci\u00f3n a presi\u00f3n en caja o doble marco.<\/li>\n<li data-start=\"1629\" data-end=\"1695\"><strong data-start=\"1631\" data-end=\"1649\">Dise\u00f1o elegante<\/strong> \u2013 Superficie lacada mate en color antracita (RAL 7024).<\/li>\n<li data-start=\"1696\" data-end=\"1794\"><strong data-start=\"1698\" data-end=\"1720\">Montaje flexible<\/strong> \u2013 Se puede instalar de forma independiente o en un marco doble con un interruptor de luz est\u00e1ndar.<\/li>\n<li data-start=\"1795\" data-end=\"1883\"><strong data-start=\"1797\" data-end=\"1818\">Material sostenible<\/strong> \u2013 Fabricado en termopl\u00e1stico libre de hal\u00f3genos para una mayor durabilidad.<\/li>\n<li data-start=\"1884\" data-end=\"1964\"><strong data-start=\"1886\" data-end=\"1901\">Control de aplicaciones<\/strong> \u2013 La configuraci\u00f3n y los ajustes se realizan f\u00e1cilmente en la aplicaci\u00f3n Plejd.<\/li>\n<li data-start=\"1884\" data-end=\"1964\"><strong data-start=\"1967\" data-end=\"2005\">Compatible con marcos Schneider Exxact\u00ae<\/strong> \u2013 Para una instalaci\u00f3n uniforme y elegante.<\/li>\n<\/ul>\n<h3><strong data-start=\"2057\" data-end=\"2110\">Perfecto para hogares inteligentes y entornos profesionales<\/strong><\/h3>\n<p data-start=\"2113\" data-end=\"2325\">El adaptador giratorio SA Anthracite es una soluci\u00f3n perfecta para quienes desean un control de iluminaci\u00f3n elegante y funcional. Se adapta igualmente bien a hogares modernos y entornos de oficina donde desea combinar estilo con funciones inteligentes.<\/p>\n<h3 data-start=\"2327\" data-end=\"2364\"><strong data-start=\"2331\" data-end=\"2362\">Instalaci\u00f3n y uso<\/strong><\/h3>\n<p data-start=\"2365\" data-end=\"2422\">La instalaci\u00f3n es sencilla y no requiere herramientas especiales:<\/p>\n<ol data-start=\"2424\" data-end=\"2843\">\n<li data-start=\"2424\" data-end=\"2522\"><strong data-start=\"2427\" data-end=\"2473\">Encaja el adaptador giratorio con un disco Plejd<\/strong> \u2013 Elige un disco compatible de la gama de Plejd.<\/li>\n<li data-start=\"2523\" data-end=\"2633\"><strong data-start=\"2526\" data-end=\"2546\">Monte el adaptador<\/strong> \u2013 Enc\u00e1jelo en una caja o en un marco doble junto con un interruptor de luz normal.<\/li>\n<li data-start=\"2634\" data-end=\"2734\"><strong data-start=\"2637\" data-end=\"2662\">Configurar a trav\u00e9s de la aplicaci\u00f3n<\/strong> \u2013 Ajuste el brillo, los escenarios y otras funciones a trav\u00e9s de la aplicaci\u00f3n Plejd.<\/li>\n<li data-start=\"2735\" data-end=\"2843\"><strong data-start=\"2738\" data-end=\"2765\">Empieza a controlar la iluminaci\u00f3n<\/strong> \u2013 Aten\u00fae la luz con la perilla o utilice las funciones inal\u00e1mbricas del sistema Plejd.<\/li>\n<\/ol>\n<p data-start=\"2845\" data-end=\"2985\">El montaje flexible permite instalar el adaptador giratorio SA Antracita tanto de forma independiente como en combinaci\u00f3n con otras unidades Plejd.<\/p>\n<h3 data-start=\"2987\" data-end=\"3021\"><strong data-start=\"2991\" data-end=\"3019\">Especificaciones t\u00e9cnicas<\/strong><\/h3>\n<ul data-start=\"3023\" data-end=\"3576\">\n<li data-start=\"3023\" data-end=\"3043\"><strong data-start=\"3025\" data-end=\"3036\">Modelo:<\/strong> Naufragio<\/li>\n<li data-start=\"3044\" data-end=\"3083\"><strong data-start=\"3046\" data-end=\"3068\">M\u00e9todo de funcionamiento:<\/strong> Funci\u00f3n de rotaci\u00f3n<\/li>\n<li data-start=\"3084\" data-end=\"3116\"><strong data-start=\"3086\" data-end=\"3108\">Tipo de sellado:<\/strong> Quebrar<\/li>\n<li data-start=\"3117\" data-end=\"3158\"><strong data-start=\"3119\" data-end=\"3132\">Material:<\/strong> Termopl\u00e1stico (libre de hal\u00f3genos)<\/li>\n<li data-start=\"3159\" data-end=\"3199\"><strong data-start=\"3161\" data-end=\"3178\">Tratamiento de superficie:<\/strong> Superficie lacada y mate<\/li>\n<li data-start=\"3200\" data-end=\"3233\"><strong data-start=\"3202\" data-end=\"3211\">Pintar:<\/strong> Antracita (RAL 7024)<\/li>\n<li data-start=\"3234\" data-end=\"3274\"><strong data-start=\"3236\" data-end=\"3249\">Clase de IP:<\/strong> IP20 (para uso en interiores)<\/li>\n<li data-start=\"3275\" data-end=\"3301\"><strong data-start=\"3277\" data-end=\"3294\">Resistencia al impacto:<\/strong> IK00<\/li>\n<li data-start=\"3302\" data-end=\"3322\"><strong data-start=\"3304\" data-end=\"3314\">Ancho:<\/strong> 55 mm<\/li>\n<li data-start=\"3323\" data-end=\"3342\"><strong data-start=\"3325\" data-end=\"3334\">Altura:<\/strong> 55 mm<\/li>\n<li data-start=\"3343\" data-end=\"3362\"><strong data-start=\"3345\" data-end=\"3354\">Profundidad:<\/strong> 18 mm<\/li>\n<li data-start=\"3363\" data-end=\"3417\"><strong data-start=\"3365\" data-end=\"3411\">Adecuado para sensor t\u00e1ctil para sistemas de bus:<\/strong> No<\/li>\n<li data-start=\"3418\" data-end=\"3461\"><strong data-start=\"3420\" data-end=\"3455\">S\u00edmbolo escaneable \/ sin barreras:<\/strong> No<\/li>\n<li data-start=\"3462\" data-end=\"3495\"><strong data-start=\"3464\" data-end=\"3489\">Con etiqueta imprimible:<\/strong> No<\/li>\n<li data-start=\"3496\" data-end=\"3533\"><strong data-start=\"3498\" data-end=\"3527\">Con lente\/s\u00edmbolo intercambiable:<\/strong> No<\/li>\n<li data-start=\"3534\" data-end=\"3576\"><strong data-start=\"3536\" data-end=\"3570\">Ventana de vigilancia\/toma de luz:<\/strong> No<\/li>\n<\/ul>\n<h3 data-start=\"3578\" data-end=\"3625\"><strong data-start=\"3582\" data-end=\"3623\">Dise\u00f1o y funci\u00f3n en perfecta armon\u00eda<\/strong><\/h3>\n<p data-start=\"3626\" data-end=\"3911\">La superficie mate de color antracita y la compatibilidad con los marcos Schneider Exxact\u00ae hacen del adaptador giratorio SA Antracita una opci\u00f3n elegante para todo tipo de entornos.<\/p>\n<p data-start=\"3626\" data-end=\"3911\">El dise\u00f1o minimalista combina muy bien con interiores modernos y al mismo tiempo ofrece un control total sobre la iluminaci\u00f3n.<\/p>\n<h3 data-start=\"3913\" data-end=\"3931\"><strong data-start=\"3917\" data-end=\"3929\">Conclusi\u00f3n<\/strong><\/h3>\n<p data-start=\"3932\" data-end=\"4246\">El adaptador giratorio SA Antracita es una soluci\u00f3n de control de iluminaci\u00f3n elegante e inteligente que combina la funci\u00f3n cl\u00e1sica de regulador giratorio con la moderna tecnolog\u00eda inal\u00e1mbrica.<\/p>\n<p data-start=\"3932\" data-end=\"4246\">La f\u00e1cil instalaci\u00f3n, el dise\u00f1o elegante y la integraci\u00f3n con el sistema Plejd lo convierten en una opci\u00f3n obvia tanto para particulares como para instaladores profesionales.<\/p>","protected":false},"excerpt":{"rendered":"<p>El adaptador giratorio SA Anthracite se acopla con un disco Plejd opcional y funciona como un regulador giratorio cl\u00e1sico.<\/p>\n<p>La tecnolog\u00eda de malla inal\u00e1mbrica permite controlar otros dispositivos Plejd.<\/p>\n<p>F\u00e1cil instalaci\u00f3n y configuraci\u00f3n a trav\u00e9s de la aplicaci\u00f3n Plejd.<\/p>\n<p>Compatible con el marco de color antracita de Schneider Exxact\u00ae.<\/p>","protected":false},"featured_media":148019,"template":"","meta":{"_acf_changed":false},"product_brand":[],"product_cat":[4661],"product_tag":[4670],"class_list":{"0":"post-148020","1":"product","2":"type-product","3":"status-publish","4":"has-post-thumbnail","6":"product_cat-plejd-vridadapter","7":"product_tag-plejd","8":"product_shipping_class-postnord-varubrev","9":"pa_brands-plejd","10":"pa_farg-antracit","11":"tm-has-options","13":"first","14":"instock","15":"sale","16":"taxable","17":"shipping-taxable","18":"purchasable","19":"product-type-simple"},"acf":[],"_links":{"self":[{"href":"https:\/\/secureus.se\/es\/wp-json\/wp\/v2\/product\/148020","targetHints":{"allow":["GET"]}}],"collection":[{"href":"https:\/\/secureus.se\/es\/wp-json\/wp\/v2\/product"}],"about":[{"href":"https:\/\/secureus.se\/es\/wp-json\/wp\/v2\/types\/product"}],"wp:featuredmedia":[{"embeddable":true,"href":"https:\/\/secureus.se\/es\/wp-json\/wp\/v2\/media\/148019"}],"wp:attachment":[{"href":"https:\/\/secureus.se\/es\/wp-json\/wp\/v2\/media?parent=148020"}],"wp:term":[{"taxonomy":"product_brand","embeddable":true,"href":"https:\/\/secureus.se\/es\/wp-json\/wp\/v2\/product_brand?post=148020"},{"taxonomy":"product_cat","embeddable":true,"href":"https:\/\/secureus.se\/es\/wp-json\/wp\/v2\/product_cat?post=148020"},{"taxonomy":"product_tag","embeddable":true,"href":"https:\/\/secureus.se\/es\/wp-json\/wp\/v2\/product_tag?post=148020"}],"curies":[{"name":"wp","href":"https:\/\/api.w.org\/{rel}","templated":true}]}}