{"id":148022,"date":"2025-02-25T12:22:23","date_gmt":"2025-02-25T11:22:23","guid":{"rendered":"https:\/\/secureus.se\/?post_type=product&#038;p=148022"},"modified":"2026-03-26T11:07:11","modified_gmt":"2026-03-26T10:07:11","slug":"plejd-monteringsdosa","status":"publish","type":"product","link":"https:\/\/secureus.se\/es\/plejd-monteringsdosa\/","title":{"rendered":"Caja de montaje Plejd"},"content":{"rendered":"<h1 data-start=\"450\" data-end=\"501\"><strong data-start=\"454\" data-end=\"499\">Montaje seguro y sencillo de Plejd Pucks<\/strong><\/h1>\n<p data-start=\"502\" data-end=\"791\">La caja de montaje es una soluci\u00f3n pr\u00e1ctica y segura para instalar los discos Plejd en la pared, en un armario el\u00e9ctrico o en un hueco.<\/p>\n<p data-start=\"502\" data-end=\"791\">Con su dise\u00f1o compacto y construcci\u00f3n funcional, la caja garantiza una instalaci\u00f3n segura al tacto a la vez que proporciona un montaje estable y una gesti\u00f3n ordenada de los cables.<\/p>\n<p data-start=\"793\" data-end=\"1019\">Est\u00e1 dise\u00f1ado para adaptarse a una variedad de entornos de instalaci\u00f3n y es compatible con instalaciones de pared y techo est\u00e1ndar.<\/p>\n<p data-start=\"793\" data-end=\"1019\">La caja de montaje est\u00e1 hecha de pl\u00e1stico duradero, libre de hal\u00f3genos y tiene clasificaci\u00f3n IP20 para uso en interiores.<\/p>\n<h3 data-start=\"1021\" data-end=\"1068\"><strong data-start=\"1025\" data-end=\"1066\">Montaje flexible y adaptable<\/strong><\/h3>\n<p data-start=\"1069\" data-end=\"1385\">La caja de montaje est\u00e1 desarrollada para adaptarse a una variedad de instalaciones diferentes y se puede utilizar tanto en montaje en pared como en armarios el\u00e9ctricos.<\/p>\n<p data-start=\"1069\" data-end=\"1385\">Con seis entradas y pre-perforaciones para cableado, la caja se puede adaptar f\u00e1cilmente a diferentes necesidades.<\/p>\n<p data-start=\"1069\" data-end=\"1385\">Tambi\u00e9n est\u00e1 equipado con alivio de tensi\u00f3n para garantizar una conexi\u00f3n de cable estable y segura.<\/p>\n<h3 data-start=\"1387\" data-end=\"1427\"><strong data-start=\"1391\" data-end=\"1425\">Caracter\u00edsticas y beneficios del producto<\/strong><\/h3>\n<ul data-start=\"1429\" data-end=\"2080\">\n<li data-start=\"1429\" data-end=\"1506\"><strong data-start=\"1431\" data-end=\"1450\">Montaje seguro<\/strong> \u2013 Proporciona una instalaci\u00f3n segura al tacto de los discos Plejd.<\/li>\n<li data-start=\"1507\" data-end=\"1592\"><strong data-start=\"1509\" data-end=\"1527\">Alivio de tensi\u00f3n<\/strong> \u2013 Evita que los cables se suelten o se da\u00f1en durante la instalaci\u00f3n.<\/li>\n<li data-start=\"1593\" data-end=\"1670\"><strong data-start=\"1595\" data-end=\"1620\">Instalaci\u00f3n flexible<\/strong> \u2013 Se puede montar en la pared, en un armario o en el hueco de un foco.<\/li>\n<li data-start=\"1671\" data-end=\"1749\"><strong data-start=\"1673\" data-end=\"1699\">Dise\u00f1o que ahorra espacio<\/strong> \u2013 Tama\u00f1o compacto que se adapta a espacios reducidos.<\/li>\n<li data-start=\"1750\" data-end=\"1830\"><strong data-start=\"1752\" data-end=\"1776\">Construcci\u00f3n sostenible<\/strong> \u2013 Fabricado en pl\u00e1stico libre de hal\u00f3genos para una larga vida \u00fatil.<\/li>\n<li data-start=\"1831\" data-end=\"1905\"><strong data-start=\"1833\" data-end=\"1856\">Clase de protecci\u00f3n IP20<\/strong> \u2013 Protegido contra objetos s\u00f3lidos mayores a 12,5 mm.<\/li>\n<li data-start=\"1906\" data-end=\"1995\"><strong data-start=\"1908\" data-end=\"1931\">Cableado f\u00e1cil<\/strong> \u2013 Seis entradas con preperforaciones para tubos conductores de hasta 16 mm.<\/li>\n<li data-start=\"1996\" data-end=\"2080\"><strong data-start=\"1998\" data-end=\"2026\">Montaje f\u00e1cil de usar<\/strong> \u2013 Instalaci\u00f3n r\u00e1pida y sencilla sin herramientas adicionales.<\/li>\n<\/ul>\n<h3 data-start=\"2082\" data-end=\"2110\"><strong data-start=\"2086\" data-end=\"2108\">\u00c1reas de uso<\/strong><\/h3>\n<p data-start=\"2111\" data-end=\"2298\">La caja de montaje es perfecta tanto para usuarios dom\u00e9sticos como para instaladores profesionales que desean una instalaci\u00f3n segura y sencilla de los discos Plejd. Se puede utilizar en diversos entornos, incluidos:<\/p>\n<ul data-start=\"2300\" data-end=\"2560\">\n<li data-start=\"2300\" data-end=\"2373\"><strong data-start=\"2302\" data-end=\"2319\">Montaje en pared<\/strong> \u2013 Perfecto para instalaci\u00f3n en instalaciones el\u00e9ctricas est\u00e1ndar.<\/li>\n<li data-start=\"2374\" data-end=\"2487\"><strong data-start=\"2376\" data-end=\"2405\">Armarios el\u00e9ctricos y cajas de conexiones<\/strong> \u2013 Ideal para instalaci\u00f3n en gabinetes donde se requiere un enrutamiento seguro y ordenado de cables.<\/li>\n<li data-start=\"2488\" data-end=\"2560\"><strong data-start=\"2490\" data-end=\"2501\">Agujero de punto<\/strong> \u2013 Adecuado para instalaciones de techo y sistemas de iluminaci\u00f3n.<\/li>\n<\/ul>\n<h3 data-start=\"2562\" data-end=\"2596\"><strong data-start=\"2566\" data-end=\"2594\">Especificaciones t\u00e9cnicas<\/strong><\/h3>\n<ul data-start=\"2598\" data-end=\"3189\">\n<li data-start=\"2598\" data-end=\"2625\"><strong data-start=\"2600\" data-end=\"2611\">Modelo:<\/strong> Caja del dispositivo<\/li>\n<li data-start=\"2626\" data-end=\"2667\"><strong data-start=\"2628\" data-end=\"2648\">M\u00e9todo de montaje:<\/strong> Montaje en pared\/techo<\/li>\n<li data-start=\"2668\" data-end=\"2704\"><strong data-start=\"2670\" data-end=\"2683\">Material:<\/strong> Pl\u00e1stico (libre de hal\u00f3genos)<\/li>\n<li data-start=\"2705\" data-end=\"2722\"><strong data-start=\"2707\" data-end=\"2716\">Pintar:<\/strong> Blanco<\/li>\n<li data-start=\"2723\" data-end=\"2751\"><strong data-start=\"2725\" data-end=\"2744\">Clase de recinto:<\/strong> IP20<\/li>\n<li data-start=\"2752\" data-end=\"2777\"><strong data-start=\"2754\" data-end=\"2773\">N\u00famero de entradas:<\/strong> 6<\/li>\n<li data-start=\"2778\" data-end=\"2826\"><strong data-start=\"2780\" data-end=\"2812\">Tipo de paso de caja:<\/strong> Pregrabado<\/li>\n<li data-start=\"2827\" data-end=\"2860\"><strong data-start=\"2829\" data-end=\"2851\">\u00c1rea m\u00e1xima del conductor:<\/strong> 16 mm\u00b2<\/li>\n<li data-start=\"2861\" data-end=\"2896\"><strong data-start=\"2863\" data-end=\"2888\">Para di\u00e1metro de tuber\u00eda conductora:<\/strong> 16 mm<\/li>\n<li data-start=\"2897\" data-end=\"2924\"><strong data-start=\"2899\" data-end=\"2919\">Entrada desde la parte trasera:<\/strong> S\u00ed<\/li>\n<li data-start=\"2925\" data-end=\"2945\"><strong data-start=\"2927\" data-end=\"2937\">Longitud:<\/strong> 93 mm<\/li>\n<li data-start=\"2946\" data-end=\"2966\"><strong data-start=\"2948\" data-end=\"2958\">Ancho:<\/strong> 53 mm<\/li>\n<li data-start=\"2967\" data-end=\"2986\"><strong data-start=\"2969\" data-end=\"2978\">Profundidad:<\/strong> 25 mm<\/li>\n<li data-start=\"2987\" data-end=\"3010\"><strong data-start=\"2989\" data-end=\"3002\">Di\u00e1metro:<\/strong> 70 mm<\/li>\n<li data-start=\"3011\" data-end=\"3044\"><strong data-start=\"3013\" data-end=\"3027\">Tapa\/cubierta:<\/strong> Cubierta de montaje<\/li>\n<li data-start=\"3045\" data-end=\"3074\"><strong data-start=\"3047\" data-end=\"3068\">Tapa transparente:<\/strong> No<\/li>\n<li data-start=\"3075\" data-end=\"3098\"><strong data-start=\"3077\" data-end=\"3092\">Sellable:<\/strong> No<\/li>\n<li data-start=\"3099\" data-end=\"3141\"><strong data-start=\"3101\" data-end=\"3133\">Tensi\u00f3n nominal de aislamiento:<\/strong> 400 V<\/li>\n<li data-start=\"3142\" data-end=\"3189\"><strong data-start=\"3144\" data-end=\"3170\">Rango de temperatura de funcionamiento:<\/strong> -30\u00b0C a +60\u00b0C<\/li>\n<\/ul>\n<h3 data-start=\"3191\" data-end=\"3229\"><strong data-start=\"3195\" data-end=\"3227\">Instalaci\u00f3n f\u00e1cil y segura<\/strong><\/h3>\n<p data-start=\"3230\" data-end=\"3523\">La caja de montaje est\u00e1 dise\u00f1ada para ser f\u00e1cil de instalar y manipular. Gracias a sus pre-perforaciones podr\u00e1s pasar los cables f\u00e1cilmente y adaptar la instalaci\u00f3n seg\u00fan tus necesidades.<\/p>\n<p data-start=\"3230\" data-end=\"3523\">El alivio de tensi\u00f3n estable garantiza que los cables se mantengan en su lugar y minimiza el riesgo de da\u00f1os o conexiones incorrectas.<\/p>\n<h3 data-start=\"3525\" data-end=\"3583\"><strong data-start=\"3529\" data-end=\"3581\">Un componente necesario en los sistemas de iluminaci\u00f3n inteligente<\/strong><\/h3>\n<p data-start=\"3584\" data-end=\"3840\">Con su construcci\u00f3n robusta y dise\u00f1o adaptable, la caja de montaje es una parte importante de todas las instalaciones de Plejd.<\/p>\n<p data-start=\"3584\" data-end=\"3840\">Ofrece un montaje seguro y profesional a la vez que facilita la organizaci\u00f3n y protecci\u00f3n de los cables en su instalaci\u00f3n.<\/p>\n<h3 data-start=\"3842\" data-end=\"3860\"><strong data-start=\"3846\" data-end=\"3858\">Conclusi\u00f3n<\/strong><\/h3>\n<p data-start=\"3861\" data-end=\"4180\">La caja de montaje es una soluci\u00f3n inteligente, flexible y segura para instalar discos Plejd de forma protegida contra el contacto.<\/p>\n<p data-start=\"3861\" data-end=\"4180\">Es ideal tanto para profesionales como para usuarios dom\u00e9sticos que desean una configuraci\u00f3n estable y organizada.<\/p>\n<p data-start=\"3861\" data-end=\"4180\">Con su f\u00e1cil montaje y construcci\u00f3n duradera, es un componente perfecto para el sistema Plejd.<\/p>","protected":false},"excerpt":{"rendered":"<p>Caja de montaje para un montaje seguro y protegido contra contacto de los discos Plejd en la pared, en un armario o en un hueco.<\/p>\n<p>Equipado con alivio de tensi\u00f3n para una conexi\u00f3n segura del cable.<\/p>\n<p>Clasificaci\u00f3n IP20, fabricado en pl\u00e1stico libre de hal\u00f3genos con seis entradas y un dise\u00f1o compacto para una f\u00e1cil instalaci\u00f3n.<\/p>","protected":false},"featured_media":148021,"template":"","meta":{"_acf_changed":false},"product_brand":[],"product_cat":[4662],"product_tag":[4670],"class_list":{"0":"post-148022","1":"product","2":"type-product","3":"status-publish","4":"has-post-thumbnail","6":"product_cat-plejd-tillbehor","7":"product_tag-plejd","8":"product_shipping_class-postnord-varubrev","9":"pa_brands-plejd","10":"pa_farg-vit","11":"tm-has-options","13":"first","14":"instock","15":"sale","16":"taxable","17":"shipping-taxable","18":"purchasable","19":"product-type-simple"},"acf":[],"_links":{"self":[{"href":"https:\/\/secureus.se\/es\/wp-json\/wp\/v2\/product\/148022","targetHints":{"allow":["GET"]}}],"collection":[{"href":"https:\/\/secureus.se\/es\/wp-json\/wp\/v2\/product"}],"about":[{"href":"https:\/\/secureus.se\/es\/wp-json\/wp\/v2\/types\/product"}],"wp:featuredmedia":[{"embeddable":true,"href":"https:\/\/secureus.se\/es\/wp-json\/wp\/v2\/media\/148021"}],"wp:attachment":[{"href":"https:\/\/secureus.se\/es\/wp-json\/wp\/v2\/media?parent=148022"}],"wp:term":[{"taxonomy":"product_brand","embeddable":true,"href":"https:\/\/secureus.se\/es\/wp-json\/wp\/v2\/product_brand?post=148022"},{"taxonomy":"product_cat","embeddable":true,"href":"https:\/\/secureus.se\/es\/wp-json\/wp\/v2\/product_cat?post=148022"},{"taxonomy":"product_tag","embeddable":true,"href":"https:\/\/secureus.se\/es\/wp-json\/wp\/v2\/product_tag?post=148022"}],"curies":[{"name":"wp","href":"https:\/\/api.w.org\/{rel}","templated":true}]}}