{"id":148024,"date":"2025-02-25T12:22:23","date_gmt":"2025-02-25T11:22:23","guid":{"rendered":"https:\/\/secureus.se\/?post_type=product&#038;p=148024"},"modified":"2026-04-23T10:18:26","modified_gmt":"2026-04-23T08:18:26","slug":"plejd-vridadapter-rtr-01-eb-svart","status":"publish","type":"product","link":"https:\/\/secureus.se\/es\/plejd-vridadapter-rtr-01-eb-svart\/","title":{"rendered":"Adaptador Plejd Twist RTR-01-EB negro"},"content":{"rendered":"<h1 data-start=\"448\" data-end=\"508\"><strong data-start=\"452\" data-end=\"506\">Combine la funci\u00f3n de atenuaci\u00f3n cl\u00e1sica con la tecnolog\u00eda inteligente<\/strong><\/h1>\n<p data-start=\"509\" data-end=\"885\">El adaptador giratorio EB Black es una soluci\u00f3n elegante y funcional para el control de la iluminaci\u00f3n inteligente.<\/p>\n<p data-start=\"509\" data-end=\"885\">Al conectar el adaptador con un disco Plejd de su elecci\u00f3n, obtendr\u00e1 un regulador giratorio tradicional que puede controlarse tanto de forma manual como inal\u00e1mbrica a trav\u00e9s de la tecnolog\u00eda de malla del sistema Plejd.<\/p>\n<p data-start=\"509\" data-end=\"885\">Esto lo hace ideal tanto para hogares modernos como para instalaciones profesionales donde la flexibilidad y el dise\u00f1o son factores importantes.<\/p>\n<h3 data-start=\"887\" data-end=\"936\"><strong data-start=\"891\" data-end=\"934\">Control de iluminaci\u00f3n inal\u00e1mbrico y flexible<\/strong><\/h3>\n<p data-start=\"937\" data-end=\"1312\">Una de las grandes ventajas del adaptador giratorio EB Black es su capacidad para funcionar en el ecosistema Plejd.<\/p>\n<p data-start=\"937\" data-end=\"1312\">Con tecnolog\u00eda de malla inal\u00e1mbrica, puede controlar otros dispositivos Plejd e integrarse perfectamente en su sistema existente.<\/p>\n<p data-start=\"937\" data-end=\"1312\">El disco utilizado con el adaptador conserva sus funciones, como control de entrada y configuraci\u00f3n de tiempo, lo que le permite controlar la iluminaci\u00f3n desde varios botones diferentes.<\/p>\n<h3 data-start=\"1314\" data-end=\"1354\"><strong data-start=\"1318\" data-end=\"1352\">Caracter\u00edsticas y beneficios del producto<\/strong><\/h3>\n<ul data-start=\"1356\" data-end=\"2079\">\n<li data-start=\"1356\" data-end=\"1445\"><strong data-start=\"1358\" data-end=\"1389\">Funci\u00f3n cl\u00e1sica de regulador giratorio<\/strong> \u2013 Proporciona una sensaci\u00f3n tradicional con tecnolog\u00eda inteligente moderna.<\/li>\n<li data-start=\"1446\" data-end=\"1520\"><strong data-start=\"1448\" data-end=\"1471\">Integraci\u00f3n inal\u00e1mbrica<\/strong> \u2013 Controlar otros dispositivos Plejd a trav\u00e9s de la red de malla.<\/li>\n<li data-start=\"1521\" data-end=\"1591\"><strong data-start=\"1523\" data-end=\"1545\">F\u00e1cil instalaci\u00f3n<\/strong> \u2013 Fijaci\u00f3n a presi\u00f3n en caja o doble marco.<\/li>\n<li data-start=\"1592\" data-end=\"1655\"><strong data-start=\"1594\" data-end=\"1612\">Dise\u00f1o elegante<\/strong> \u2013 Superficie lacada mate en color negro (RAL 9005).<\/li>\n<li data-start=\"1656\" data-end=\"1754\"><strong data-start=\"1658\" data-end=\"1680\">Montaje flexible<\/strong> \u2013 Se puede instalar de forma independiente o en un marco doble con un interruptor de luz est\u00e1ndar.<\/li>\n<li data-start=\"1755\" data-end=\"1843\"><strong data-start=\"1757\" data-end=\"1778\">Material sostenible<\/strong> \u2013 Fabricado en termopl\u00e1stico libre de hal\u00f3genos para una mayor durabilidad.<\/li>\n<li data-start=\"1844\" data-end=\"1924\"><strong data-start=\"1846\" data-end=\"1861\">Control de aplicaciones<\/strong> \u2013 La configuraci\u00f3n y los ajustes se realizan f\u00e1cilmente en la aplicaci\u00f3n Plejd.<\/li>\n<li data-start=\"1925\" data-end=\"2004\"><strong data-start=\"1927\" data-end=\"1958\">Compatible con marcos ELKO\u00ae Plus<\/strong> \u2013 Para una instalaci\u00f3n uniforme y elegante.<\/li>\n<li data-start=\"2005\" data-end=\"2079\"><strong data-start=\"2007\" data-end=\"2031\">Disponible en varios colores.<\/strong> \u2013 Personal\u00edzalo para adaptarlo a tu interior con diferentes opciones de colores.<\/li>\n<\/ul>\n<h3 data-start=\"2081\" data-end=\"2140\"><strong data-start=\"2085\" data-end=\"2138\">Perfecto para hogares inteligentes y entornos profesionales<\/strong><\/h3>\n<p data-start=\"2141\" data-end=\"2350\">El adaptador giratorio EB Black es una soluci\u00f3n perfecta para quienes desean un control de iluminaci\u00f3n elegante y funcional.<\/p>\n<p data-start=\"2141\" data-end=\"2350\">Se adapta igualmente bien a hogares modernos y entornos de oficina donde desea combinar estilo con funciones inteligentes.<\/p>\n<h3 data-start=\"2352\" data-end=\"2389\"><strong data-start=\"2356\" data-end=\"2387\">Instalaci\u00f3n y uso<\/strong><\/h3>\n<p data-start=\"2390\" data-end=\"2447\">La instalaci\u00f3n es sencilla y no requiere herramientas especiales:<\/p>\n<ol data-start=\"2449\" data-end=\"2868\">\n<li data-start=\"2449\" data-end=\"2547\"><strong data-start=\"2452\" data-end=\"2498\">Encaja el adaptador giratorio con un disco Plejd<\/strong> \u2013 Elige un disco compatible de la gama de Plejd.<\/li>\n<li data-start=\"2548\" data-end=\"2658\"><strong data-start=\"2551\" data-end=\"2571\">Monte el adaptador<\/strong> \u2013 Enc\u00e1jelo en una caja o en un marco doble junto con un interruptor de luz normal.<\/li>\n<li data-start=\"2659\" data-end=\"2759\"><strong data-start=\"2662\" data-end=\"2687\">Configurar a trav\u00e9s de la aplicaci\u00f3n<\/strong> \u2013 Ajuste el brillo, los escenarios y otras funciones a trav\u00e9s de la aplicaci\u00f3n Plejd.<\/li>\n<li data-start=\"2760\" data-end=\"2868\"><strong data-start=\"2763\" data-end=\"2790\">Empieza a controlar la iluminaci\u00f3n<\/strong> \u2013 Aten\u00fae la luz con la perilla o utilice las funciones inal\u00e1mbricas del sistema Plejd.<\/li>\n<\/ol>\n<p data-start=\"2870\" data-end=\"3007\">El montaje flexible permite instalar el adaptador giratorio EB Black tanto de forma independiente como en combinaci\u00f3n con otras unidades Plejd.<\/p>\n<h3 data-start=\"3009\" data-end=\"3043\"><strong data-start=\"3013\" data-end=\"3041\">Especificaciones t\u00e9cnicas<\/strong><\/h3>\n<ul data-start=\"3045\" data-end=\"3595\">\n<li data-start=\"3045\" data-end=\"3065\"><strong data-start=\"3047\" data-end=\"3058\">Modelo:<\/strong> Naufragio<\/li>\n<li data-start=\"3066\" data-end=\"3105\"><strong data-start=\"3068\" data-end=\"3090\">M\u00e9todo de funcionamiento:<\/strong> Funci\u00f3n de rotaci\u00f3n<\/li>\n<li data-start=\"3106\" data-end=\"3138\"><strong data-start=\"3108\" data-end=\"3130\">Tipo de sellado:<\/strong> Quebrar<\/li>\n<li data-start=\"3139\" data-end=\"3180\"><strong data-start=\"3141\" data-end=\"3154\">Material:<\/strong> Termopl\u00e1stico (libre de hal\u00f3genos)<\/li>\n<li data-start=\"3181\" data-end=\"3221\"><strong data-start=\"3183\" data-end=\"3200\">Tratamiento de superficie:<\/strong> Superficie lacada y mate<\/li>\n<li data-start=\"3222\" data-end=\"3252\"><strong data-start=\"3224\" data-end=\"3233\">Pintar:<\/strong> Negro (RAL 9005)<\/li>\n<li data-start=\"3253\" data-end=\"3293\"><strong data-start=\"3255\" data-end=\"3268\">Clase de IP:<\/strong> IP20 (para uso en interiores)<\/li>\n<li data-start=\"3294\" data-end=\"3320\"><strong data-start=\"3296\" data-end=\"3313\">Resistencia al impacto:<\/strong> IK00<\/li>\n<li data-start=\"3321\" data-end=\"3341\"><strong data-start=\"3323\" data-end=\"3333\">Ancho:<\/strong> 55 mm<\/li>\n<li data-start=\"3342\" data-end=\"3361\"><strong data-start=\"3344\" data-end=\"3353\">Altura:<\/strong> 55 mm<\/li>\n<li data-start=\"3362\" data-end=\"3381\"><strong data-start=\"3364\" data-end=\"3373\">Profundidad:<\/strong> 18 mm<\/li>\n<li data-start=\"3382\" data-end=\"3436\"><strong data-start=\"3384\" data-end=\"3430\">Adecuado para sensor t\u00e1ctil para sistemas de bus:<\/strong> No<\/li>\n<li data-start=\"3437\" data-end=\"3480\"><strong data-start=\"3439\" data-end=\"3474\">S\u00edmbolo escaneable \/ sin barreras:<\/strong> No<\/li>\n<li data-start=\"3481\" data-end=\"3514\"><strong data-start=\"3483\" data-end=\"3508\">Con etiqueta imprimible:<\/strong> No<\/li>\n<li data-start=\"3515\" data-end=\"3552\"><strong data-start=\"3517\" data-end=\"3546\">Con lente\/s\u00edmbolo intercambiable:<\/strong> No<\/li>\n<li data-start=\"3553\" data-end=\"3595\"><strong data-start=\"3555\" data-end=\"3589\">Ventana de vigilancia\/toma de luz:<\/strong> No<\/li>\n<\/ul>\n<h3 data-start=\"3597\" data-end=\"3644\"><strong data-start=\"3601\" data-end=\"3642\">Dise\u00f1o y funci\u00f3n en perfecta armon\u00eda<\/strong><\/h3>\n<p data-start=\"3645\" data-end=\"3911\">La superficie negra mate y la compatibilidad con los marcos ELKO\u00ae Plus hacen del adaptador giratorio EB Black una opci\u00f3n elegante para todo tipo de entornos.<\/p>\n<p data-start=\"3645\" data-end=\"3911\">El dise\u00f1o minimalista combina muy bien con interiores modernos y al mismo tiempo ofrece un control total sobre la iluminaci\u00f3n.<\/p>\n<h3 data-start=\"3913\" data-end=\"3931\"><strong data-start=\"3917\" data-end=\"3929\">Conclusi\u00f3n<\/strong><\/h3>\n<p data-start=\"3932\" data-end=\"4243\">El adaptador giratorio EB Black es una soluci\u00f3n de control de iluminaci\u00f3n elegante e inteligente que combina la funci\u00f3n cl\u00e1sica de regulador giratorio con la moderna tecnolog\u00eda inal\u00e1mbrica.<\/p>\n<p data-start=\"3932\" data-end=\"4243\">La f\u00e1cil instalaci\u00f3n, el dise\u00f1o elegante y la integraci\u00f3n con el sistema Plejd lo convierten en una opci\u00f3n obvia tanto para particulares como para instaladores profesionales.<\/p>","protected":false},"excerpt":{"rendered":"<p>El adaptador giratorio EB Black se acopla con un disco Plejd opcional y funciona como un regulador giratorio cl\u00e1sico.<\/p>\n<p>Con tecnolog\u00eda de malla inal\u00e1mbrica, puede controlar otros dispositivos Plejd.<\/p>\n<p>F\u00e1cil instalaci\u00f3n y configuraci\u00f3n a trav\u00e9s de la aplicaci\u00f3n Plejd.<\/p>\n<p>Compatible con el marco negro de ELKO\u00ae Plus.<\/p>","protected":false},"featured_media":148023,"template":"","meta":{"_acf_changed":false},"product_brand":[],"product_cat":[4661],"product_tag":[4670],"class_list":{"0":"post-148024","1":"product","2":"type-product","3":"status-publish","4":"has-post-thumbnail","6":"product_cat-plejd-vridadapter","7":"product_tag-plejd","8":"product_shipping_class-postnord-varubrev","9":"pa_brands-plejd","10":"pa_farg-svart","11":"tm-has-options","13":"first","14":"instock","15":"sale","16":"taxable","17":"shipping-taxable","18":"purchasable","19":"product-type-simple"},"acf":[],"_links":{"self":[{"href":"https:\/\/secureus.se\/es\/wp-json\/wp\/v2\/product\/148024","targetHints":{"allow":["GET"]}}],"collection":[{"href":"https:\/\/secureus.se\/es\/wp-json\/wp\/v2\/product"}],"about":[{"href":"https:\/\/secureus.se\/es\/wp-json\/wp\/v2\/types\/product"}],"wp:featuredmedia":[{"embeddable":true,"href":"https:\/\/secureus.se\/es\/wp-json\/wp\/v2\/media\/148023"}],"wp:attachment":[{"href":"https:\/\/secureus.se\/es\/wp-json\/wp\/v2\/media?parent=148024"}],"wp:term":[{"taxonomy":"product_brand","embeddable":true,"href":"https:\/\/secureus.se\/es\/wp-json\/wp\/v2\/product_brand?post=148024"},{"taxonomy":"product_cat","embeddable":true,"href":"https:\/\/secureus.se\/es\/wp-json\/wp\/v2\/product_cat?post=148024"},{"taxonomy":"product_tag","embeddable":true,"href":"https:\/\/secureus.se\/es\/wp-json\/wp\/v2\/product_tag?post=148024"}],"curies":[{"name":"wp","href":"https:\/\/api.w.org\/{rel}","templated":true}]}}