{"id":148026,"date":"2025-02-25T12:22:23","date_gmt":"2025-02-25T11:22:23","guid":{"rendered":"https:\/\/secureus.se\/?post_type=product&#038;p=148026"},"modified":"2026-03-26T11:07:26","modified_gmt":"2026-03-26T10:07:26","slug":"plejd-vridadapter-rtr-01-ew-vit","status":"publish","type":"product","link":"https:\/\/secureus.se\/es\/plejd-vridadapter-rtr-01-ew-vit\/","title":{"rendered":"Adaptador Plejd Twist RTR-01-EW blanco"},"content":{"rendered":"<h1 data-start=\"437\" data-end=\"491\"><strong data-start=\"441\" data-end=\"489\">Control de iluminaci\u00f3n sencillo y fluido para hogares inteligentes<\/strong><\/h1>\n<p data-start=\"492\" data-end=\"864\">El adaptador giratorio EW White es una soluci\u00f3n elegante y funcional para el control de la iluminaci\u00f3n inteligente.<\/p>\n<p data-start=\"492\" data-end=\"864\">Al conectar el adaptador con un disco Plejd de su elecci\u00f3n, obtendr\u00e1 un regulador giratorio tradicional que puede controlarse tanto de forma manual como inal\u00e1mbrica a trav\u00e9s de la tecnolog\u00eda de malla del sistema Plejd.<\/p>\n<p data-start=\"492\" data-end=\"864\">Esto lo convierte en una soluci\u00f3n perfecta tanto para hogares como para entornos comerciales donde el control de la iluminaci\u00f3n simple y flexible es un requisito.<\/p>\n<h3 data-start=\"866\" data-end=\"912\"><strong data-start=\"870\" data-end=\"910\">Control de iluminaci\u00f3n inteligente e inal\u00e1mbrico<\/strong><\/h3>\n<p data-start=\"913\" data-end=\"1239\">Gracias a la tecnolog\u00eda de malla inal\u00e1mbrica de Plejd, el adaptador giratorio blanco EW puede controlar otros dispositivos Plejd e integrarse perfectamente en su sistema inteligente existente.<\/p>\n<p data-start=\"913\" data-end=\"1239\">El disco utilizado con el adaptador conserva sus funciones, como control de entrada y configuraci\u00f3n de tiempo, lo que le permite controlar la iluminaci\u00f3n desde varios botones y dispositivos diferentes.<\/p>\n<h3 data-start=\"1241\" data-end=\"1281\"><strong data-start=\"1245\" data-end=\"1279\">Caracter\u00edsticas y beneficios del producto<\/strong><\/h3>\n<ul data-start=\"1283\" data-end=\"2024\">\n<li data-start=\"1283\" data-end=\"1363\"><strong data-start=\"1285\" data-end=\"1316\">Funci\u00f3n cl\u00e1sica de regulador giratorio<\/strong> \u2013 Permite un control de la iluminaci\u00f3n sencillo e intuitivo.<\/li>\n<li data-start=\"1364\" data-end=\"1442\"><strong data-start=\"1366\" data-end=\"1389\">Integraci\u00f3n inal\u00e1mbrica<\/strong> \u2013 Controle otros dispositivos Plejd a trav\u00e9s de la red de malla Plejd.<\/li>\n<li data-start=\"1443\" data-end=\"1513\"><strong data-start=\"1445\" data-end=\"1467\">F\u00e1cil instalaci\u00f3n<\/strong> \u2013 Fijaci\u00f3n a presi\u00f3n en caja o doble marco.<\/li>\n<li data-start=\"1514\" data-end=\"1576\"><strong data-start=\"1516\" data-end=\"1534\">Dise\u00f1o elegante<\/strong> \u2013 Superficie blanca brillante sin tratar (RAL 9010).<\/li>\n<li data-start=\"1577\" data-end=\"1675\"><strong data-start=\"1579\" data-end=\"1601\">Montaje flexible<\/strong> \u2013 Se puede instalar de forma independiente o en un marco doble con un interruptor de luz est\u00e1ndar.<\/li>\n<li data-start=\"1676\" data-end=\"1764\"><strong data-start=\"1678\" data-end=\"1699\">Material sostenible<\/strong> \u2013 Fabricado en termopl\u00e1stico libre de hal\u00f3genos para una mayor durabilidad.<\/li>\n<li data-start=\"1765\" data-end=\"1848\"><strong data-start=\"1767\" data-end=\"1782\">Control de aplicaciones<\/strong> \u2013 Personalice f\u00e1cilmente la configuraci\u00f3n y los escenarios de iluminaci\u00f3n en la aplicaci\u00f3n Plejd.<\/li>\n<li data-start=\"1849\" data-end=\"1945\"><strong data-start=\"1851\" data-end=\"1885\">Compatible con cuadros ELKO\u00ae RS\/Plus<\/strong> \u2013 Para una instalaci\u00f3n uniforme y est\u00e9ticamente agradable.<\/li>\n<li data-start=\"1946\" data-end=\"2024\"><strong data-start=\"1948\" data-end=\"1972\">M\u00faltiples opciones de color<\/strong> \u2013 Disponible en diferentes colores para combinar con el interior.<\/li>\n<\/ul>\n<h3 data-start=\"2026\" data-end=\"2092\"><strong data-start=\"2030\" data-end=\"2090\">Perfecto para hogares inteligentes e instalaciones profesionales<\/strong><\/h3>\n<p data-start=\"2093\" data-end=\"2317\">El adaptador giratorio EW White es una soluci\u00f3n perfecta para quienes desean un control de la iluminaci\u00f3n suave y elegante.<\/p>\n<p data-start=\"2093\" data-end=\"2317\">Es ideal para hogares modernos, entornos de oficina y otras instalaciones donde la flexibilidad y la facilidad de uso son la prioridad.<\/p>\n<h3 data-start=\"2319\" data-end=\"2356\"><strong data-start=\"2323\" data-end=\"2354\">Instalaci\u00f3n y uso<\/strong><\/h3>\n<p data-start=\"2357\" data-end=\"2414\">La instalaci\u00f3n es sencilla y no requiere herramientas especiales:<\/p>\n<ol data-start=\"2416\" data-end=\"2835\">\n<li data-start=\"2416\" data-end=\"2514\"><strong data-start=\"2419\" data-end=\"2465\">Encaja el adaptador giratorio con un disco Plejd<\/strong> \u2013 Elige un disco compatible de la gama de Plejd.<\/li>\n<li data-start=\"2515\" data-end=\"2625\"><strong data-start=\"2518\" data-end=\"2538\">Monte el adaptador<\/strong> \u2013 Enc\u00e1jelo en una caja o en un marco doble junto con un interruptor de luz normal.<\/li>\n<li data-start=\"2626\" data-end=\"2726\"><strong data-start=\"2629\" data-end=\"2654\">Configurar a trav\u00e9s de la aplicaci\u00f3n<\/strong> \u2013 Ajuste el brillo, los escenarios y otras funciones a trav\u00e9s de la aplicaci\u00f3n Plejd.<\/li>\n<li data-start=\"2727\" data-end=\"2835\"><strong data-start=\"2730\" data-end=\"2757\">Empieza a controlar la iluminaci\u00f3n<\/strong> \u2013 Aten\u00fae la luz con la perilla o utilice las funciones inal\u00e1mbricas del sistema Plejd.<\/li>\n<\/ol>\n<p data-start=\"2837\" data-end=\"2972\">El montaje flexible permite instalar el adaptador giratorio blanco EW tanto de forma independiente como en combinaci\u00f3n con otras unidades Plejd.<\/p>\n<h3 data-start=\"2974\" data-end=\"3008\"><strong data-start=\"2978\" data-end=\"3006\">Especificaciones t\u00e9cnicas<\/strong><\/h3>\n<ul data-start=\"3010\" data-end=\"3561\">\n<li data-start=\"3010\" data-end=\"3030\"><strong data-start=\"3012\" data-end=\"3023\">Modelo:<\/strong> Naufragio<\/li>\n<li data-start=\"3031\" data-end=\"3070\"><strong data-start=\"3033\" data-end=\"3055\">M\u00e9todo de funcionamiento:<\/strong> Funci\u00f3n de rotaci\u00f3n<\/li>\n<li data-start=\"3071\" data-end=\"3103\"><strong data-start=\"3073\" data-end=\"3095\">Tipo de sellado:<\/strong> Quebrar<\/li>\n<li data-start=\"3104\" data-end=\"3145\"><strong data-start=\"3106\" data-end=\"3119\">Material:<\/strong> Termopl\u00e1stico (libre de hal\u00f3genos)<\/li>\n<li data-start=\"3146\" data-end=\"3189\"><strong data-start=\"3148\" data-end=\"3165\">Tratamiento de superficie:<\/strong> Superficie brillante sin tratar<\/li>\n<li data-start=\"3190\" data-end=\"3218\"><strong data-start=\"3192\" data-end=\"3201\">Pintar:<\/strong> Blanco (RAL 9010)<\/li>\n<li data-start=\"3219\" data-end=\"3259\"><strong data-start=\"3221\" data-end=\"3234\">Clase de IP:<\/strong> IP20 (para uso en interiores)<\/li>\n<li data-start=\"3260\" data-end=\"3286\"><strong data-start=\"3262\" data-end=\"3279\">Resistencia al impacto:<\/strong> IK00<\/li>\n<li data-start=\"3287\" data-end=\"3307\"><strong data-start=\"3289\" data-end=\"3299\">Ancho:<\/strong> 55 mm<\/li>\n<li data-start=\"3308\" data-end=\"3327\"><strong data-start=\"3310\" data-end=\"3319\">Altura:<\/strong> 55 mm<\/li>\n<li data-start=\"3328\" data-end=\"3347\"><strong data-start=\"3330\" data-end=\"3339\">Profundidad:<\/strong> 18 mm<\/li>\n<li data-start=\"3348\" data-end=\"3402\"><strong data-start=\"3350\" data-end=\"3396\">Adecuado para sensor t\u00e1ctil para sistemas de bus:<\/strong> No<\/li>\n<li data-start=\"3403\" data-end=\"3446\"><strong data-start=\"3405\" data-end=\"3440\">S\u00edmbolo escaneable \/ sin barreras:<\/strong> No<\/li>\n<li data-start=\"3447\" data-end=\"3480\"><strong data-start=\"3449\" data-end=\"3474\">Con etiqueta imprimible:<\/strong> No<\/li>\n<li data-start=\"3481\" data-end=\"3518\"><strong data-start=\"3483\" data-end=\"3512\">Con lente\/s\u00edmbolo intercambiable:<\/strong> No<\/li>\n<li data-start=\"3519\" data-end=\"3561\"><strong data-start=\"3521\" data-end=\"3555\">Ventana de vigilancia\/toma de luz:<\/strong> No<\/li>\n<\/ul>\n<h3 data-start=\"3563\" data-end=\"3610\"><strong data-start=\"3567\" data-end=\"3608\">Dise\u00f1o y funci\u00f3n en perfecta armon\u00eda<\/strong><\/h3>\n<p data-start=\"3611\" data-end=\"3877\">La superficie blanca brillante y la compatibilidad con los marcos ELKO\u00ae RS\/Plus hacen del adaptador giratorio EW White una opci\u00f3n elegante para todo tipo de entornos.<\/p>\n<p data-start=\"3611\" data-end=\"3877\">El dise\u00f1o minimalista combina muy bien con interiores modernos y al mismo tiempo ofrece un control total sobre la iluminaci\u00f3n.<\/p>\n<h3 data-start=\"3879\" data-end=\"3897\"><strong data-start=\"3883\" data-end=\"3895\">Conclusi\u00f3n<\/strong><\/h3>\n<p data-start=\"3898\" data-end=\"4207\">El adaptador giratorio EW White es una soluci\u00f3n de control de iluminaci\u00f3n elegante e inteligente que combina la cl\u00e1sica funci\u00f3n de regulador giratorio con la moderna tecnolog\u00eda inal\u00e1mbrica.<\/p>\n<p data-start=\"3898\" data-end=\"4207\">La f\u00e1cil instalaci\u00f3n, el dise\u00f1o elegante y la integraci\u00f3n con el sistema Plejd lo convierten en una opci\u00f3n obvia tanto para particulares como para instaladores profesionales.<\/p>","protected":false},"excerpt":{"rendered":"<p>El adaptador giratorio EW White se acopla con un disco Plejd opcional y funciona como un regulador giratorio cl\u00e1sico.<\/p>\n<p>Con tecnolog\u00eda de malla inal\u00e1mbrica, puede controlar otros dispositivos Plejd.<\/p>\n<p>F\u00e1cil instalaci\u00f3n y configuraci\u00f3n a trav\u00e9s de la aplicaci\u00f3n Plejd.<\/p>\n<p>Compatible con marco blanco de ELKO\u00ae RS\/Plus.<\/p>","protected":false},"featured_media":148025,"template":"","meta":{"_acf_changed":false},"product_brand":[],"product_cat":[4661],"product_tag":[4670],"class_list":{"0":"post-148026","1":"product","2":"type-product","3":"status-publish","4":"has-post-thumbnail","6":"product_cat-plejd-vridadapter","7":"product_tag-plejd","8":"product_shipping_class-tunga-paket","9":"pa_brands-plejd","10":"pa_farg-vit","11":"tm-has-options","13":"first","14":"instock","15":"sale","16":"taxable","17":"shipping-taxable","18":"purchasable","19":"product-type-simple"},"acf":[],"_links":{"self":[{"href":"https:\/\/secureus.se\/es\/wp-json\/wp\/v2\/product\/148026","targetHints":{"allow":["GET"]}}],"collection":[{"href":"https:\/\/secureus.se\/es\/wp-json\/wp\/v2\/product"}],"about":[{"href":"https:\/\/secureus.se\/es\/wp-json\/wp\/v2\/types\/product"}],"wp:featuredmedia":[{"embeddable":true,"href":"https:\/\/secureus.se\/es\/wp-json\/wp\/v2\/media\/148025"}],"wp:attachment":[{"href":"https:\/\/secureus.se\/es\/wp-json\/wp\/v2\/media?parent=148026"}],"wp:term":[{"taxonomy":"product_brand","embeddable":true,"href":"https:\/\/secureus.se\/es\/wp-json\/wp\/v2\/product_brand?post=148026"},{"taxonomy":"product_cat","embeddable":true,"href":"https:\/\/secureus.se\/es\/wp-json\/wp\/v2\/product_cat?post=148026"},{"taxonomy":"product_tag","embeddable":true,"href":"https:\/\/secureus.se\/es\/wp-json\/wp\/v2\/product_tag?post=148026"}],"curies":[{"name":"wp","href":"https:\/\/api.w.org\/{rel}","templated":true}]}}