{"id":148028,"date":"2025-02-25T12:22:23","date_gmt":"2025-02-25T11:22:23","guid":{"rendered":"https:\/\/secureus.se\/?post_type=product&#038;p=148028"},"modified":"2026-04-08T16:29:29","modified_gmt":"2026-04-08T14:29:29","slug":"plejd-vridratt-tradlos-wrt-01-eb-svart","status":"publish","type":"product","link":"https:\/\/secureus.se\/es\/plejd-vridratt-tradlos-wrt-01-eb-svart\/","title":{"rendered":"Perilla giratoria inal\u00e1mbrica Plejd WRT-01-EB negra"},"content":{"rendered":"<h1 data-start=\"475\" data-end=\"522\"><strong data-start=\"479\" data-end=\"520\">Control de iluminaci\u00f3n inal\u00e1mbrico y conveniente<\/strong><\/h1>\n<p data-start=\"523\" data-end=\"917\">El bot\u00f3n giratorio inal\u00e1mbrico EB Black es una soluci\u00f3n flexible y elegante para controlar la iluminaci\u00f3n de su hogar inteligente.<\/p>\n<p data-start=\"523\" data-end=\"917\">Con este bot\u00f3n giratorio y pulsador inal\u00e1mbrico podr\u00e1s ajustar f\u00e1cilmente el brillo de uno o m\u00e1s dispositivos Plejd sin necesidad de cableado ni instalaciones complicadas.<\/p>\n<p data-start=\"523\" data-end=\"917\">La configuraci\u00f3n se realiza sin problemas a trav\u00e9s de la aplicaci\u00f3n Plejd, donde puede personalizar la configuraci\u00f3n y el control del escenario seg\u00fan sus necesidades.<\/p>\n<p data-start=\"919\" data-end=\"1087\">Con una bater\u00eda de larga duraci\u00f3n de hasta 15 a\u00f1os y compatibilidad con Apple HomeKit y Google Assistant, esta es una soluci\u00f3n a prueba de futuro y energ\u00e9ticamente eficiente para el control de la iluminaci\u00f3n moderna.<\/p>\n<h3 data-start=\"1089\" data-end=\"1132\"><strong data-start=\"1093\" data-end=\"1130\">Montaje flexible para todas las necesidades<\/strong><\/h3>\n<p data-start=\"1133\" data-end=\"1392\">El bot\u00f3n giratorio inal\u00e1mbrico EB Black se puede montar exactamente donde lo desees. Se puede fijar con cinta adhesiva de doble cara o atornillar a una caja el\u00e9ctrica est\u00e1ndar.<\/p>\n<p data-start=\"1133\" data-end=\"1392\">Tambi\u00e9n se puede montar en un marco doble junto con un interruptor de luz normal para una instalaci\u00f3n m\u00e1s integrada.<\/p>\n<h3 data-start=\"1394\" data-end=\"1434\"><strong data-start=\"1398\" data-end=\"1432\">Caracter\u00edsticas y beneficios del producto<\/strong><\/h3>\n<ul data-start=\"1436\" data-end=\"2190\">\n<li data-start=\"1436\" data-end=\"1519\"><strong data-start=\"1438\" data-end=\"1462\">Control de luz inal\u00e1mbrico<\/strong> \u2013 Ajuste la luz f\u00e1cilmente mediante la funci\u00f3n de giro o empuje.<\/li>\n<li data-start=\"1520\" data-end=\"1614\"><strong data-start=\"1522\" data-end=\"1540\">Compatibilidad<\/strong> \u2013 Funciona con todos los dispositivos Plejd y puede controlar varias luces simult\u00e1neamente.<\/li>\n<li data-start=\"1615\" data-end=\"1687\"><strong data-start=\"1617\" data-end=\"1638\">Integraci\u00f3n inteligente<\/strong> \u2013 Compatibilidad con Apple HomeKit y Google Assistant.<\/li>\n<li data-start=\"1688\" data-end=\"1773\"><strong data-start=\"1690\" data-end=\"1709\">Bater\u00eda de larga duraci\u00f3n<\/strong> \u2013 Hasta 15 a\u00f1os (aprox. 200.000 clics) con 3 pilas CR2032.<\/li>\n<li data-start=\"1774\" data-end=\"1850\"><strong data-start=\"1776\" data-end=\"1796\">Control de escenarios<\/strong> \u2013 Hacer doble clic puede activar escenas de iluminaci\u00f3n preestablecidas.<\/li>\n<li data-start=\"1851\" data-end=\"1931\"><strong data-start=\"1853\" data-end=\"1872\">F\u00e1cil montaje<\/strong> \u2013 Instalaci\u00f3n r\u00e1pida con cinta\/tornillos o en caja de conexiones.<\/li>\n<li data-start=\"1932\" data-end=\"2029\"><strong data-start=\"1934\" data-end=\"1952\">Dise\u00f1o elegante<\/strong> \u2013 Superficie lacada en negro mate (RAL 9005) que se integra en interiores modernos.<\/li>\n<li data-start=\"2030\" data-end=\"2109\"><strong data-start=\"2032\" data-end=\"2063\">Compatible con marcos ELKO\u00ae Plus<\/strong> \u2013 Para una instalaci\u00f3n uniforme y elegante.<\/li>\n<li data-start=\"2110\" data-end=\"2190\"><strong data-start=\"2112\" data-end=\"2136\">M\u00faltiples opciones de color<\/strong> \u2013 Disponible en diferentes colores para adaptarse a diferentes entornos.<\/li>\n<\/ul>\n<h3 data-start=\"2192\" data-end=\"2226\"><strong data-start=\"2196\" data-end=\"2224\">Especificaciones t\u00e9cnicas<\/strong><\/h3>\n<ul data-start=\"2228\" data-end=\"2924\">\n<li data-start=\"2228\" data-end=\"2259\"><strong data-start=\"2230\" data-end=\"2241\">Modelo:<\/strong> Pulsador en serie<\/li>\n<li data-start=\"2260\" data-end=\"2303\"><strong data-start=\"2262\" data-end=\"2284\">M\u00e9todo de funcionamiento:<\/strong> Bot\u00f3n giratorio\/pulsador<\/li>\n<li data-start=\"2304\" data-end=\"2344\"><strong data-start=\"2306\" data-end=\"2328\">Tipo de sellado:<\/strong> Pegamento\/tornillo<\/li>\n<li data-start=\"2345\" data-end=\"2386\"><strong data-start=\"2347\" data-end=\"2360\">Material:<\/strong> Termopl\u00e1stico (libre de hal\u00f3genos)<\/li>\n<li data-start=\"2387\" data-end=\"2427\"><strong data-start=\"2389\" data-end=\"2406\">Tratamiento de superficie:<\/strong> Superficie lacada y mate<\/li>\n<li data-start=\"2428\" data-end=\"2458\"><strong data-start=\"2430\" data-end=\"2439\">Pintar:<\/strong> Negro (RAL 9005)<\/li>\n<li data-start=\"2459\" data-end=\"2499\"><strong data-start=\"2461\" data-end=\"2474\">Clase de IP:<\/strong> IP20 (para uso en interiores)<\/li>\n<li data-start=\"2500\" data-end=\"2526\"><strong data-start=\"2502\" data-end=\"2519\">Resistencia al impacto:<\/strong> IK00<\/li>\n<li data-start=\"2527\" data-end=\"2547\"><strong data-start=\"2529\" data-end=\"2539\">Ancho:<\/strong> 71 mm<\/li>\n<li data-start=\"2548\" data-end=\"2567\"><strong data-start=\"2550\" data-end=\"2559\">Altura:<\/strong> 71 mm<\/li>\n<li data-start=\"2568\" data-end=\"2587\"><strong data-start=\"2570\" data-end=\"2579\">Profundidad:<\/strong> 20 mm<\/li>\n<li data-start=\"2588\" data-end=\"2630\"><strong data-start=\"2590\" data-end=\"2605\">Tipo de bater\u00eda:<\/strong> 3 x CR2032 (reemplazables)<\/li>\n<li data-start=\"2631\" data-end=\"2665\"><strong data-start=\"2633\" data-end=\"2648\">Duraci\u00f3n de la bater\u00eda:<\/strong> Hasta 15 a\u00f1os<\/li>\n<li data-start=\"2666\" data-end=\"2721\"><strong data-start=\"2668\" data-end=\"2684\">Sistema de radio:<\/strong> Malla de 2,4 GHz, Bluetooth\u00ae (&lt;10 dBm)<\/li>\n<li data-start=\"2722\" data-end=\"2764\"><strong data-start=\"2724\" data-end=\"2742\">Alcance de radio:<\/strong> Unos 10 metros en interiores<\/li>\n<li data-start=\"2765\" data-end=\"2805\"><strong data-start=\"2767\" data-end=\"2799\">Extensi\u00f3n de red de malla:<\/strong> No<\/li>\n<li data-start=\"2806\" data-end=\"2889\"><strong data-start=\"2808\" data-end=\"2827\">Compatibilidad:<\/strong> Apple HomeKit, Google Assistant (no Amazon Alexa, no IFTTT)<\/li>\n<li data-start=\"2890\" data-end=\"2924\"><strong data-start=\"2892\" data-end=\"2918\">Iluminaci\u00f3n\/luz de se\u00f1alizaci\u00f3n:<\/strong> No<\/li>\n<\/ul>\n<h3 data-start=\"2926\" data-end=\"2983\"><strong data-start=\"2930\" data-end=\"2981\">Perfecto para hogares inteligentes y entornos comerciales<\/strong><\/h3>\n<p data-start=\"2984\" data-end=\"3245\">La perilla giratoria inal\u00e1mbrica negra EB es ideal tanto para usuarios dom\u00e9sticos como para instaladores profesionales que desean un control de iluminaci\u00f3n inal\u00e1mbrico y flexible.<\/p>\n<p data-start=\"2984\" data-end=\"3245\">Controle f\u00e1cilmente la iluminaci\u00f3n Plejd sin tener que pasar cables y cree escenas de iluminaci\u00f3n personalizadas para diferentes ocasiones.<\/p>\n<p data-start=\"3247\" data-end=\"3409\">Con soporte para Apple HomeKit y Google Assistant, tambi\u00e9n puedes controlar tu iluminaci\u00f3n con comandos de voz o la aplicaci\u00f3n, brindando una experiencia de usuario perfecta y moderna.<\/p>\n<h3 data-start=\"3411\" data-end=\"3449\"><strong data-start=\"3415\" data-end=\"3447\">Instalaci\u00f3n f\u00e1cil y r\u00e1pida<\/strong><\/h3>\n<p data-start=\"3450\" data-end=\"3507\">La instalaci\u00f3n es sencilla y no requiere herramientas especiales:<\/p>\n<ol data-start=\"3509\" data-end=\"3842\">\n<li data-start=\"3509\" data-end=\"3636\"><strong data-start=\"3512\" data-end=\"3545\">Coloque la perilla giratoria en la ubicaci\u00f3n deseada<\/strong> \u2013 Se monta en una caja el\u00e9ctrica est\u00e1ndar o con cinta\/tornillos en cualquier superficie.<\/li>\n<li data-start=\"3637\" data-end=\"3724\"><strong data-start=\"3640\" data-end=\"3669\">Configurar en la aplicaci\u00f3n Plejd<\/strong> \u2013 Con\u00e9ctese y ajuste la configuraci\u00f3n directamente en la aplicaci\u00f3n.<\/li>\n<li data-start=\"3725\" data-end=\"3842\"><strong data-start=\"3728\" data-end=\"3755\">Empieza a controlar la iluminaci\u00f3n<\/strong> \u2013 Gire para atenuar, presione para encender\/apagar y haga doble clic para controlar el escenario.<\/li>\n<\/ol>\n<h3 data-start=\"3844\" data-end=\"3893\"><strong data-start=\"3848\" data-end=\"3891\">Dise\u00f1o elegante y construcci\u00f3n duradera.<\/strong><\/h3>\n<p data-start=\"3894\" data-end=\"4192\">El acabado negro mate y la compatibilidad con los marcos ELKO\u00ae Plus hacen del Rotary Wireless EB Black una opci\u00f3n elegante para todo tipo de entornos.<\/p>\n<p data-start=\"3894\" data-end=\"4192\">El dise\u00f1o minimalista significa que combina muy bien con interiores modernos y cl\u00e1sicos al tiempo que ofrece un control de iluminaci\u00f3n avanzado.<\/p>\n<h3 data-start=\"4194\" data-end=\"4212\"><strong data-start=\"4198\" data-end=\"4210\">Conclusi\u00f3n<\/strong><\/h3>\n<p data-start=\"4213\" data-end=\"4453\">El bot\u00f3n giratorio inal\u00e1mbrico EB Black es una soluci\u00f3n innovadora y flexible para el control de iluminaci\u00f3n inal\u00e1mbrica.<\/p>\n<p data-start=\"4213\" data-end=\"4453\">Con bater\u00eda de larga duraci\u00f3n, f\u00e1cil instalaci\u00f3n y funciones inteligentes, este es un dispositivo \u00f3ptimo para cualquiera que desee un control de iluminaci\u00f3n suave y moderno.<\/p>","protected":false},"excerpt":{"rendered":"<p>El bot\u00f3n giratorio inal\u00e1mbrico EB Black permite el control inal\u00e1mbrico de una o m\u00e1s unidades Plejd.<\/p>\n<p>F\u00e1cil instalaci\u00f3n en el exterior de una caja el\u00e9ctrica est\u00e1ndar o con cinta\/tornillos.<\/p>\n<p>Hasta 15 a\u00f1os de duraci\u00f3n de bater\u00eda. Compatible con Apple HomeKit y Google Assistant.<\/p>\n<p>Compatible con el marco negro de ELKO\u00ae Plus.<\/p>","protected":false},"featured_media":148027,"template":"","meta":{"_acf_changed":false},"product_brand":[],"product_cat":[4661],"product_tag":[4670],"class_list":{"0":"post-148028","1":"product","2":"type-product","3":"status-publish","4":"has-post-thumbnail","6":"product_cat-plejd-vridadapter","7":"product_tag-plejd","8":"product_shipping_class-postnord-varubrev","9":"pa_brands-plejd","10":"pa_farg-svart","11":"tm-has-options","13":"first","14":"instock","15":"sale","16":"taxable","17":"shipping-taxable","18":"purchasable","19":"product-type-simple"},"acf":[],"_links":{"self":[{"href":"https:\/\/secureus.se\/es\/wp-json\/wp\/v2\/product\/148028","targetHints":{"allow":["GET"]}}],"collection":[{"href":"https:\/\/secureus.se\/es\/wp-json\/wp\/v2\/product"}],"about":[{"href":"https:\/\/secureus.se\/es\/wp-json\/wp\/v2\/types\/product"}],"wp:featuredmedia":[{"embeddable":true,"href":"https:\/\/secureus.se\/es\/wp-json\/wp\/v2\/media\/148027"}],"wp:attachment":[{"href":"https:\/\/secureus.se\/es\/wp-json\/wp\/v2\/media?parent=148028"}],"wp:term":[{"taxonomy":"product_brand","embeddable":true,"href":"https:\/\/secureus.se\/es\/wp-json\/wp\/v2\/product_brand?post=148028"},{"taxonomy":"product_cat","embeddable":true,"href":"https:\/\/secureus.se\/es\/wp-json\/wp\/v2\/product_cat?post=148028"},{"taxonomy":"product_tag","embeddable":true,"href":"https:\/\/secureus.se\/es\/wp-json\/wp\/v2\/product_tag?post=148028"}],"curies":[{"name":"wp","href":"https:\/\/api.w.org\/{rel}","templated":true}]}}