{"id":148030,"date":"2025-02-25T12:22:23","date_gmt":"2025-02-25T11:22:23","guid":{"rendered":"https:\/\/secureus.se\/?post_type=product&#038;p=148030"},"modified":"2026-04-08T16:29:25","modified_gmt":"2026-04-08T14:29:25","slug":"plejd-vridratt-tradlos-wrt-01-saantracit","status":"publish","type":"product","link":"https:\/\/secureus.se\/es\/plejd-vridratt-tradlos-wrt-01-saantracit\/","title":{"rendered":"Perilla giratoria inal\u00e1mbrica Plejd WRT-01-SAnthracite"},"content":{"rendered":"<h1 data-start=\"496\" data-end=\"543\"><strong data-start=\"500\" data-end=\"541\">Control de iluminaci\u00f3n inal\u00e1mbrico y conveniente<\/strong><\/h1>\n<p data-start=\"544\" data-end=\"939\">Rotary Wireless SA Anthracite es una soluci\u00f3n elegante y flexible para controlar la iluminaci\u00f3n de su hogar inteligente.<\/p>\n<p data-start=\"544\" data-end=\"939\">Con este bot\u00f3n giratorio y pulsador inal\u00e1mbrico podr\u00e1s ajustar f\u00e1cilmente el brillo de uno o m\u00e1s dispositivos Plejd sin necesidad de cableado ni instalaciones avanzadas.<\/p>\n<p data-start=\"544\" data-end=\"939\">La configuraci\u00f3n se realiza sin problemas a trav\u00e9s de la aplicaci\u00f3n Plejd, donde puede personalizar la configuraci\u00f3n y el control del escenario seg\u00fan sus necesidades.<\/p>\n<p data-start=\"941\" data-end=\"1109\">Con una bater\u00eda de larga duraci\u00f3n de hasta 15 a\u00f1os y compatibilidad con Apple HomeKit y Google Assistant, esta es una soluci\u00f3n a prueba de futuro y energ\u00e9ticamente eficiente para el control de la iluminaci\u00f3n moderna.<\/p>\n<h3 data-start=\"1111\" data-end=\"1154\"><strong data-start=\"1115\" data-end=\"1152\">Montaje flexible para todas las necesidades<\/strong><\/h3>\n<p data-start=\"1155\" data-end=\"1417\">El bot\u00f3n giratorio inal\u00e1mbrico SA Antracita se puede montar exactamente donde lo desees. Se puede fijar con cinta adhesiva de doble cara o atornillar a una caja el\u00e9ctrica est\u00e1ndar.<\/p>\n<p data-start=\"1155\" data-end=\"1417\">Tambi\u00e9n se puede montar en un marco doble junto con un interruptor de luz normal para una instalaci\u00f3n m\u00e1s integrada.<\/p>\n<h3 data-start=\"1419\" data-end=\"1459\"><strong data-start=\"1423\" data-end=\"1457\">Caracter\u00edsticas y beneficios del producto<\/strong><\/h3>\n<ul data-start=\"1461\" data-end=\"2231\">\n<li data-start=\"1461\" data-end=\"1544\"><strong data-start=\"1463\" data-end=\"1487\">Control de luz inal\u00e1mbrico<\/strong> \u2013 Ajuste la luz f\u00e1cilmente mediante la funci\u00f3n de giro o empuje.<\/li>\n<li data-start=\"1545\" data-end=\"1639\"><strong data-start=\"1547\" data-end=\"1565\">Compatibilidad<\/strong> \u2013 Funciona con todos los dispositivos Plejd y puede controlar varias luces simult\u00e1neamente.<\/li>\n<li data-start=\"1640\" data-end=\"1712\"><strong data-start=\"1642\" data-end=\"1663\">Integraci\u00f3n inteligente<\/strong> \u2013 Compatibilidad con Apple HomeKit y Google Assistant.<\/li>\n<li data-start=\"1713\" data-end=\"1798\"><strong data-start=\"1715\" data-end=\"1734\">Bater\u00eda de larga duraci\u00f3n<\/strong> \u2013 Hasta 15 a\u00f1os (aprox. 200.000 clics) con 3 pilas CR2032.<\/li>\n<li data-start=\"1799\" data-end=\"1875\"><strong data-start=\"1801\" data-end=\"1821\">Control de escenarios<\/strong> \u2013 Hacer doble clic puede activar escenas de iluminaci\u00f3n preestablecidas.<\/li>\n<li data-start=\"1876\" data-end=\"1956\"><strong data-start=\"1878\" data-end=\"1897\">F\u00e1cil montaje<\/strong> \u2013 Instalaci\u00f3n r\u00e1pida con cinta\/tornillos o en caja de conexiones.<\/li>\n<li data-start=\"1957\" data-end=\"2063\"><strong data-start=\"1959\" data-end=\"1977\">Dise\u00f1o elegante<\/strong> \u2013 Superficie lacada mate color antracita (RAL 7024) que se integra en interiores modernos.<\/li>\n<li data-start=\"2064\" data-end=\"2150\"><strong data-start=\"2066\" data-end=\"2104\">Compatible con marcos Schneider Exxact\u00ae<\/strong> \u2013 Para una instalaci\u00f3n uniforme y elegante.<\/li>\n<li data-start=\"2151\" data-end=\"2231\"><strong data-start=\"2153\" data-end=\"2177\">M\u00faltiples opciones de color<\/strong> \u2013 Disponible en diferentes colores para adaptarse a diferentes entornos.<\/li>\n<\/ul>\n<h3 data-start=\"2233\" data-end=\"2267\"><strong data-start=\"2237\" data-end=\"2265\">Especificaciones t\u00e9cnicas<\/strong><\/h3>\n<ul data-start=\"2269\" data-end=\"2968\">\n<li data-start=\"2269\" data-end=\"2300\"><strong data-start=\"2271\" data-end=\"2282\">Modelo:<\/strong> Pulsador en serie<\/li>\n<li data-start=\"2301\" data-end=\"2344\"><strong data-start=\"2303\" data-end=\"2325\">M\u00e9todo de funcionamiento:<\/strong> Bot\u00f3n giratorio\/pulsador<\/li>\n<li data-start=\"2345\" data-end=\"2385\"><strong data-start=\"2347\" data-end=\"2369\">Tipo de sellado:<\/strong> Pegamento\/tornillo<\/li>\n<li data-start=\"2386\" data-end=\"2427\"><strong data-start=\"2388\" data-end=\"2401\">Material:<\/strong> Termopl\u00e1stico (libre de hal\u00f3genos)<\/li>\n<li data-start=\"2428\" data-end=\"2468\"><strong data-start=\"2430\" data-end=\"2447\">Tratamiento de superficie:<\/strong> Superficie lacada y mate<\/li>\n<li data-start=\"2469\" data-end=\"2502\"><strong data-start=\"2471\" data-end=\"2480\">Pintar:<\/strong> Antracita (RAL 7024)<\/li>\n<li data-start=\"2503\" data-end=\"2543\"><strong data-start=\"2505\" data-end=\"2518\">Clase de IP:<\/strong> IP20 (para uso en interiores)<\/li>\n<li data-start=\"2544\" data-end=\"2570\"><strong data-start=\"2546\" data-end=\"2563\">Resistencia al impacto:<\/strong> IK00<\/li>\n<li data-start=\"2571\" data-end=\"2591\"><strong data-start=\"2573\" data-end=\"2583\">Ancho:<\/strong> 71 mm<\/li>\n<li data-start=\"2592\" data-end=\"2611\"><strong data-start=\"2594\" data-end=\"2603\">Altura:<\/strong> 71 mm<\/li>\n<li data-start=\"2612\" data-end=\"2631\"><strong data-start=\"2614\" data-end=\"2623\">Profundidad:<\/strong> 20 mm<\/li>\n<li data-start=\"2632\" data-end=\"2674\"><strong data-start=\"2634\" data-end=\"2649\">Tipo de bater\u00eda:<\/strong> 3 x CR2032 (reemplazables)<\/li>\n<li data-start=\"2675\" data-end=\"2709\"><strong data-start=\"2677\" data-end=\"2692\">Duraci\u00f3n de la bater\u00eda:<\/strong> Hasta 15 a\u00f1os<\/li>\n<li data-start=\"2710\" data-end=\"2765\"><strong data-start=\"2712\" data-end=\"2728\">Sistema de radio:<\/strong> Malla de 2,4 GHz, Bluetooth\u00ae (&lt;10 dBm)<\/li>\n<li data-start=\"2766\" data-end=\"2808\"><strong data-start=\"2768\" data-end=\"2786\">Alcance de radio:<\/strong> Unos 10 metros en interiores<\/li>\n<li data-start=\"2809\" data-end=\"2849\"><strong data-start=\"2811\" data-end=\"2843\">Extensi\u00f3n de red de malla:<\/strong> No<\/li>\n<li data-start=\"2850\" data-end=\"2933\"><strong data-start=\"2852\" data-end=\"2871\">Compatibilidad:<\/strong> Apple HomeKit, Google Assistant (no Amazon Alexa, no IFTTT)<\/li>\n<li data-start=\"2934\" data-end=\"2968\"><strong data-start=\"2936\" data-end=\"2962\">Iluminaci\u00f3n\/luz de se\u00f1alizaci\u00f3n:<\/strong> No<\/li>\n<\/ul>\n<h3 data-start=\"2970\" data-end=\"3027\"><strong data-start=\"2974\" data-end=\"3025\">Perfecto para hogares inteligentes y entornos comerciales<\/strong><\/h3>\n<p data-start=\"3028\" data-end=\"3292\">El Rotary Wireless SA Anthracite es ideal tanto para usuarios dom\u00e9sticos como para instaladores profesionales que desean un control de iluminaci\u00f3n inal\u00e1mbrico y flexible.<\/p>\n<p data-start=\"3028\" data-end=\"3292\">Controle f\u00e1cilmente la iluminaci\u00f3n Plejd sin tener que pasar cables y cree escenas de iluminaci\u00f3n personalizadas para diferentes ocasiones.<\/p>\n<p data-start=\"3294\" data-end=\"3456\">Con soporte para Apple HomeKit y Google Assistant, tambi\u00e9n puedes controlar tu iluminaci\u00f3n con comandos de voz o la aplicaci\u00f3n, brindando una experiencia de usuario perfecta y moderna.<\/p>\n<h3 data-start=\"3458\" data-end=\"3496\"><strong data-start=\"3462\" data-end=\"3494\">Instalaci\u00f3n f\u00e1cil y r\u00e1pida<\/strong><\/h3>\n<p data-start=\"3497\" data-end=\"3554\">La instalaci\u00f3n es sencilla y no requiere herramientas especiales:<\/p>\n<ol data-start=\"3556\" data-end=\"3889\">\n<li data-start=\"3556\" data-end=\"3683\"><strong data-start=\"3559\" data-end=\"3592\">Coloque la perilla giratoria en la ubicaci\u00f3n deseada<\/strong> \u2013 Se monta en una caja el\u00e9ctrica est\u00e1ndar o con cinta\/tornillos en cualquier superficie.<\/li>\n<li data-start=\"3684\" data-end=\"3771\"><strong data-start=\"3687\" data-end=\"3716\">Configurar en la aplicaci\u00f3n Plejd<\/strong> \u2013 Con\u00e9ctese y ajuste la configuraci\u00f3n directamente en la aplicaci\u00f3n.<\/li>\n<li data-start=\"3772\" data-end=\"3889\"><strong data-start=\"3775\" data-end=\"3802\">Empieza a controlar la iluminaci\u00f3n<\/strong> \u2013 Gire para atenuar, presione para encender\/apagar y haga doble clic para controlar el escenario.<\/li>\n<\/ol>\n<h3 data-start=\"3891\" data-end=\"3940\"><strong data-start=\"3895\" data-end=\"3938\">Dise\u00f1o elegante y construcci\u00f3n duradera.<\/strong><\/h3>\n<p data-start=\"3941\" data-end=\"4258\">El acabado mate de color antracita y la compatibilidad con los marcos Schneider Exxact\u00ae hacen del Rotary Wireless SA Anthracite una opci\u00f3n elegante para todo tipo de entornos.<\/p>\n<p data-start=\"3941\" data-end=\"4258\">El dise\u00f1o minimalista significa que combina muy bien con interiores modernos y cl\u00e1sicos al tiempo que ofrece un control de iluminaci\u00f3n avanzado.<\/p>\n<h3 data-start=\"4260\" data-end=\"4278\"><strong data-start=\"4264\" data-end=\"4276\">Conclusi\u00f3n<\/strong><\/h3>\n<p data-start=\"4279\" data-end=\"4522\">El bot\u00f3n giratorio inal\u00e1mbrico SA Antracita es una soluci\u00f3n innovadora y flexible para el control de la iluminaci\u00f3n inal\u00e1mbrica.<\/p>\n<p data-start=\"4279\" data-end=\"4522\">Con bater\u00eda de larga duraci\u00f3n, f\u00e1cil instalaci\u00f3n y funciones inteligentes, este es un dispositivo \u00f3ptimo para cualquiera que desee un control de iluminaci\u00f3n suave y moderno.<\/p>","protected":false},"excerpt":{"rendered":"<p>El bot\u00f3n giratorio Wireless SA Anthracite permite el control inal\u00e1mbrico de una o m\u00e1s unidades Plejd.<\/p>\n<p>F\u00e1cil instalaci\u00f3n en el exterior de una caja el\u00e9ctrica est\u00e1ndar o con cinta\/tornillos.<\/p>\n<p>Hasta 15 a\u00f1os de duraci\u00f3n de bater\u00eda. Compatible con Apple HomeKit y Google Assistant.<\/p>\n<p>Compatible con el marco de color antracita de Schneider Exxact\u00ae.<\/p>","protected":false},"featured_media":148029,"template":"","meta":{"_acf_changed":false},"product_brand":[],"product_cat":[4661],"product_tag":[4670],"class_list":{"0":"post-148030","1":"product","2":"type-product","3":"status-publish","4":"has-post-thumbnail","6":"product_cat-plejd-vridadapter","7":"product_tag-plejd","8":"product_shipping_class-postnord-varubrev","9":"pa_brands-plejd","10":"pa_farg-antracit","11":"tm-has-options","13":"first","14":"instock","15":"sale","16":"taxable","17":"shipping-taxable","18":"purchasable","19":"product-type-simple"},"acf":[],"_links":{"self":[{"href":"https:\/\/secureus.se\/es\/wp-json\/wp\/v2\/product\/148030","targetHints":{"allow":["GET"]}}],"collection":[{"href":"https:\/\/secureus.se\/es\/wp-json\/wp\/v2\/product"}],"about":[{"href":"https:\/\/secureus.se\/es\/wp-json\/wp\/v2\/types\/product"}],"wp:featuredmedia":[{"embeddable":true,"href":"https:\/\/secureus.se\/es\/wp-json\/wp\/v2\/media\/148029"}],"wp:attachment":[{"href":"https:\/\/secureus.se\/es\/wp-json\/wp\/v2\/media?parent=148030"}],"wp:term":[{"taxonomy":"product_brand","embeddable":true,"href":"https:\/\/secureus.se\/es\/wp-json\/wp\/v2\/product_brand?post=148030"},{"taxonomy":"product_cat","embeddable":true,"href":"https:\/\/secureus.se\/es\/wp-json\/wp\/v2\/product_cat?post=148030"},{"taxonomy":"product_tag","embeddable":true,"href":"https:\/\/secureus.se\/es\/wp-json\/wp\/v2\/product_tag?post=148030"}],"curies":[{"name":"wp","href":"https:\/\/api.w.org\/{rel}","templated":true}]}}