{"id":148032,"date":"2025-02-25T12:22:23","date_gmt":"2025-02-25T11:22:23","guid":{"rendered":"https:\/\/secureus.se\/?post_type=product&#038;p=148032"},"modified":"2026-04-07T12:45:43","modified_gmt":"2026-04-07T10:45:43","slug":"plejd-vridadapter-rtr-01-rw-vit","status":"publish","type":"product","link":"https:\/\/secureus.se\/es\/plejd-vridadapter-rtr-01-rw-vit\/","title":{"rendered":"Adaptador Plejd Twist RTR-01-RW blanco"},"content":{"rendered":"<h1 data-start=\"441\" data-end=\"495\"><strong data-start=\"445\" data-end=\"493\">Control de iluminaci\u00f3n sencillo y fluido para hogares inteligentes<\/strong><\/h1>\n<p data-start=\"496\" data-end=\"868\">El adaptador giratorio RW White es una soluci\u00f3n elegante y funcional para el control de la iluminaci\u00f3n inteligente.<\/p>\n<p data-start=\"496\" data-end=\"868\">Al conectar el adaptador con un disco Plejd de su elecci\u00f3n, obtendr\u00e1 un regulador giratorio tradicional que puede controlarse tanto de forma manual como inal\u00e1mbrica a trav\u00e9s de la tecnolog\u00eda de malla del sistema Plejd.<\/p>\n<p data-start=\"496\" data-end=\"868\">Esto lo convierte en una soluci\u00f3n perfecta tanto para hogares como para entornos comerciales donde el control de la iluminaci\u00f3n simple y flexible es un requisito.<\/p>\n<h3 data-start=\"870\" data-end=\"916\"><strong data-start=\"874\" data-end=\"914\">Control de iluminaci\u00f3n inteligente e inal\u00e1mbrico<\/strong><\/h3>\n<p data-start=\"917\" data-end=\"1243\">Gracias a la tecnolog\u00eda de malla inal\u00e1mbrica de Plejd, el adaptador giratorio blanco RW puede controlar otros dispositivos Plejd e integrarse perfectamente en su sistema inteligente existente.<\/p>\n<p data-start=\"917\" data-end=\"1243\">El disco utilizado con el adaptador conserva sus funciones, como control de entrada y configuraci\u00f3n de tiempo, lo que le permite controlar la iluminaci\u00f3n desde varios botones y dispositivos diferentes.<\/p>\n<h3 data-start=\"1245\" data-end=\"1285\"><strong data-start=\"1249\" data-end=\"1283\">Caracter\u00edsticas y beneficios del producto<\/strong><\/h3>\n<ul data-start=\"1287\" data-end=\"2032\">\n<li data-start=\"1287\" data-end=\"1367\"><strong data-start=\"1289\" data-end=\"1320\">Funci\u00f3n cl\u00e1sica de regulador giratorio<\/strong> \u2013 Permite un control de la iluminaci\u00f3n sencillo e intuitivo.<\/li>\n<li data-start=\"1368\" data-end=\"1446\"><strong data-start=\"1370\" data-end=\"1393\">Integraci\u00f3n inal\u00e1mbrica<\/strong> \u2013 Controle otros dispositivos Plejd a trav\u00e9s de la red de malla Plejd.<\/li>\n<li data-start=\"1447\" data-end=\"1517\"><strong data-start=\"1449\" data-end=\"1471\">F\u00e1cil instalaci\u00f3n<\/strong> \u2013 Fijaci\u00f3n a presi\u00f3n en caja o doble marco.<\/li>\n<li data-start=\"1518\" data-end=\"1580\"><strong data-start=\"1520\" data-end=\"1538\">Dise\u00f1o elegante<\/strong> \u2013 Superficie blanca brillante sin tratar (RAL 9003).<\/li>\n<li data-start=\"1581\" data-end=\"1679\"><strong data-start=\"1583\" data-end=\"1605\">Montaje flexible<\/strong> \u2013 Se puede instalar de forma independiente o en un marco doble con un interruptor de luz est\u00e1ndar.<\/li>\n<li data-start=\"1680\" data-end=\"1768\"><strong data-start=\"1682\" data-end=\"1703\">Material sostenible<\/strong> \u2013 Fabricado en termopl\u00e1stico libre de hal\u00f3genos para una mayor durabilidad.<\/li>\n<li data-start=\"1769\" data-end=\"1852\"><strong data-start=\"1771\" data-end=\"1786\">Control de aplicaciones<\/strong> \u2013 Personalice f\u00e1cilmente la configuraci\u00f3n y los escenarios de iluminaci\u00f3n en la aplicaci\u00f3n Plejd.<\/li>\n<li data-start=\"1853\" data-end=\"1953\"><strong data-start=\"1855\" data-end=\"1893\">Compatible con los marcos Schneider Renova\u00ae<\/strong> \u2013 Para una instalaci\u00f3n uniforme y est\u00e9ticamente agradable.<\/li>\n<li data-start=\"1954\" data-end=\"2032\"><strong data-start=\"1956\" data-end=\"1980\">M\u00faltiples opciones de color<\/strong> \u2013 Disponible en diferentes colores para combinar con el interior.<\/li>\n<\/ul>\n<h3 data-start=\"2034\" data-end=\"2100\"><strong data-start=\"2038\" data-end=\"2098\">Perfecto para hogares inteligentes e instalaciones profesionales<\/strong><\/h3>\n<p data-start=\"2101\" data-end=\"2325\">El adaptador giratorio RW White es una soluci\u00f3n perfecta para quienes desean un control de la iluminaci\u00f3n suave y elegante.<\/p>\n<p data-start=\"2101\" data-end=\"2325\">Es ideal para hogares modernos, entornos de oficina y otras instalaciones donde la flexibilidad y la facilidad de uso son la prioridad.<\/p>\n<h3 data-start=\"2327\" data-end=\"2364\"><strong data-start=\"2331\" data-end=\"2362\">Instalaci\u00f3n y uso<\/strong><\/h3>\n<p data-start=\"2365\" data-end=\"2422\">La instalaci\u00f3n es sencilla y no requiere herramientas especiales:<\/p>\n<ol data-start=\"2424\" data-end=\"2843\">\n<li data-start=\"2424\" data-end=\"2522\"><strong data-start=\"2427\" data-end=\"2473\">Encaja el adaptador giratorio con un disco Plejd<\/strong> \u2013 Elige un disco compatible de la gama de Plejd.<\/li>\n<li data-start=\"2523\" data-end=\"2633\"><strong data-start=\"2526\" data-end=\"2546\">Monte el adaptador<\/strong> \u2013 Enc\u00e1jelo en una caja o en un marco doble junto con un interruptor de luz normal.<\/li>\n<li data-start=\"2634\" data-end=\"2734\"><strong data-start=\"2637\" data-end=\"2662\">Configurar a trav\u00e9s de la aplicaci\u00f3n<\/strong> \u2013 Ajuste el brillo, los escenarios y otras funciones a trav\u00e9s de la aplicaci\u00f3n Plejd.<\/li>\n<li data-start=\"2735\" data-end=\"2843\"><strong data-start=\"2738\" data-end=\"2765\">Empieza a controlar la iluminaci\u00f3n<\/strong> \u2013 Aten\u00fae la luz con la perilla o utilice las funciones inal\u00e1mbricas del sistema Plejd.<\/li>\n<\/ol>\n<p data-start=\"2845\" data-end=\"2980\">El montaje flexible permite instalar el adaptador giratorio RW White tanto de forma independiente como en combinaci\u00f3n con otras unidades Plejd.<\/p>\n<h3 data-start=\"2982\" data-end=\"3016\"><strong data-start=\"2986\" data-end=\"3014\">Especificaciones t\u00e9cnicas<\/strong><\/h3>\n<ul data-start=\"3018\" data-end=\"3569\">\n<li data-start=\"3018\" data-end=\"3038\"><strong data-start=\"3020\" data-end=\"3031\">Modelo:<\/strong> Naufragio<\/li>\n<li data-start=\"3039\" data-end=\"3078\"><strong data-start=\"3041\" data-end=\"3063\">M\u00e9todo de funcionamiento:<\/strong> Funci\u00f3n de rotaci\u00f3n<\/li>\n<li data-start=\"3079\" data-end=\"3111\"><strong data-start=\"3081\" data-end=\"3103\">Tipo de sellado:<\/strong> Quebrar<\/li>\n<li data-start=\"3112\" data-end=\"3153\"><strong data-start=\"3114\" data-end=\"3127\">Material:<\/strong> Termopl\u00e1stico (libre de hal\u00f3genos)<\/li>\n<li data-start=\"3154\" data-end=\"3197\"><strong data-start=\"3156\" data-end=\"3173\">Tratamiento de superficie:<\/strong> Superficie brillante sin tratar<\/li>\n<li data-start=\"3198\" data-end=\"3226\"><strong data-start=\"3200\" data-end=\"3209\">Pintar:<\/strong> Blanco (RAL 9003)<\/li>\n<li data-start=\"3227\" data-end=\"3267\"><strong data-start=\"3229\" data-end=\"3242\">Clase de IP:<\/strong> IP20 (para uso en interiores)<\/li>\n<li data-start=\"3268\" data-end=\"3294\"><strong data-start=\"3270\" data-end=\"3287\">Resistencia al impacto:<\/strong> IK00<\/li>\n<li data-start=\"3295\" data-end=\"3315\"><strong data-start=\"3297\" data-end=\"3307\">Ancho:<\/strong> 52 mm<\/li>\n<li data-start=\"3316\" data-end=\"3335\"><strong data-start=\"3318\" data-end=\"3327\">Altura:<\/strong> 52 mm<\/li>\n<li data-start=\"3336\" data-end=\"3355\"><strong data-start=\"3338\" data-end=\"3347\">Profundidad:<\/strong> 18 mm<\/li>\n<li data-start=\"3356\" data-end=\"3410\"><strong data-start=\"3358\" data-end=\"3404\">Adecuado para sensor t\u00e1ctil para sistemas de bus:<\/strong> No<\/li>\n<li data-start=\"3411\" data-end=\"3454\"><strong data-start=\"3413\" data-end=\"3448\">S\u00edmbolo escaneable \/ sin barreras:<\/strong> No<\/li>\n<li data-start=\"3455\" data-end=\"3488\"><strong data-start=\"3457\" data-end=\"3482\">Con etiqueta imprimible:<\/strong> No<\/li>\n<li data-start=\"3489\" data-end=\"3526\"><strong data-start=\"3491\" data-end=\"3520\">Con lente\/s\u00edmbolo intercambiable:<\/strong> No<\/li>\n<li data-start=\"3527\" data-end=\"3569\"><strong data-start=\"3529\" data-end=\"3563\">Ventana de vigilancia\/toma de luz:<\/strong> No<\/li>\n<\/ul>\n<h3 data-start=\"3571\" data-end=\"3618\"><strong data-start=\"3575\" data-end=\"3616\">Dise\u00f1o y funci\u00f3n en perfecta armon\u00eda<\/strong><\/h3>\n<p data-start=\"3619\" data-end=\"3889\">La superficie blanca brillante y la compatibilidad con los marcos Schneider Renova\u00ae hacen del adaptador giratorio RW blanco una opci\u00f3n elegante para todo tipo de entornos.<\/p>\n<p data-start=\"3619\" data-end=\"3889\">El dise\u00f1o minimalista combina muy bien con interiores modernos y al mismo tiempo ofrece un control total sobre la iluminaci\u00f3n.<\/p>\n<h3 data-start=\"3891\" data-end=\"3909\"><strong data-start=\"3895\" data-end=\"3907\">Conclusi\u00f3n<\/strong><\/h3>\n<p data-start=\"3910\" data-end=\"4219\">El adaptador giratorio RW White es una soluci\u00f3n de control de iluminaci\u00f3n elegante e inteligente que combina la cl\u00e1sica funci\u00f3n de regulador giratorio con la moderna tecnolog\u00eda inal\u00e1mbrica.<\/p>\n<p data-start=\"3910\" data-end=\"4219\">La f\u00e1cil instalaci\u00f3n, el dise\u00f1o elegante y la integraci\u00f3n con el sistema Plejd lo convierten en una opci\u00f3n obvia tanto para particulares como para instaladores profesionales.<\/p>","protected":false},"excerpt":{"rendered":"<p>El adaptador giratorio RW White se acopla con un disco Plejd opcional y funciona como un regulador giratorio cl\u00e1sico.<\/p>\n<p>Con tecnolog\u00eda de malla inal\u00e1mbrica, puede controlar otros dispositivos Plejd. F\u00e1cil instalaci\u00f3n y configuraci\u00f3n a trav\u00e9s de la aplicaci\u00f3n Plejd.<\/p>\n<p>Compatible con marco blanco de Schneider Renova\u00ae.<\/p>","protected":false},"featured_media":148031,"template":"","meta":{"_acf_changed":false},"product_brand":[],"product_cat":[4661],"product_tag":[4670],"class_list":{"0":"post-148032","1":"product","2":"type-product","3":"status-publish","4":"has-post-thumbnail","6":"product_cat-plejd-vridadapter","7":"product_tag-plejd","8":"product_shipping_class-postnord-varubrev","9":"pa_brands-plejd","10":"pa_farg-vit","11":"tm-has-options","13":"first","14":"outofstock","15":"sale","16":"taxable","17":"shipping-taxable","18":"purchasable","19":"product-type-simple"},"acf":[],"_links":{"self":[{"href":"https:\/\/secureus.se\/es\/wp-json\/wp\/v2\/product\/148032","targetHints":{"allow":["GET"]}}],"collection":[{"href":"https:\/\/secureus.se\/es\/wp-json\/wp\/v2\/product"}],"about":[{"href":"https:\/\/secureus.se\/es\/wp-json\/wp\/v2\/types\/product"}],"wp:featuredmedia":[{"embeddable":true,"href":"https:\/\/secureus.se\/es\/wp-json\/wp\/v2\/media\/148031"}],"wp:attachment":[{"href":"https:\/\/secureus.se\/es\/wp-json\/wp\/v2\/media?parent=148032"}],"wp:term":[{"taxonomy":"product_brand","embeddable":true,"href":"https:\/\/secureus.se\/es\/wp-json\/wp\/v2\/product_brand?post=148032"},{"taxonomy":"product_cat","embeddable":true,"href":"https:\/\/secureus.se\/es\/wp-json\/wp\/v2\/product_cat?post=148032"},{"taxonomy":"product_tag","embeddable":true,"href":"https:\/\/secureus.se\/es\/wp-json\/wp\/v2\/product_tag?post=148032"}],"curies":[{"name":"wp","href":"https:\/\/api.w.org\/{rel}","templated":true}]}}