{"id":148034,"date":"2025-02-25T12:22:23","date_gmt":"2025-02-25T11:22:23","guid":{"rendered":"https:\/\/secureus.se\/?post_type=product&#038;p=148034"},"modified":"2026-04-08T16:27:11","modified_gmt":"2026-04-08T14:27:11","slug":"plejd-tryckknapp-tradlos-wph-01-eb-svart","status":"publish","type":"product","link":"https:\/\/secureus.se\/es\/plejd-tryckknapp-tradlos-wph-01-eb-svart\/","title":{"rendered":"Pulsador inal\u00e1mbrico Plejd WPH-01-EB negro"},"content":{"rendered":"<h1 data-start=\"443\" data-end=\"490\"><strong data-start=\"447\" data-end=\"488\">Control de iluminaci\u00f3n inal\u00e1mbrico y conveniente<\/strong><\/h1>\n<p data-start=\"491\" data-end=\"772\">El bot\u00f3n pulsador inal\u00e1mbrico EB Black es una soluci\u00f3n elegante y flexible para controlar la iluminaci\u00f3n de su hogar o lugar de trabajo inteligente.<\/p>\n<p data-start=\"491\" data-end=\"772\">Con este bot\u00f3n inal\u00e1mbrico puedes encender, apagar o atenuar f\u00e1cilmente la iluminaci\u00f3n de uno o m\u00e1s dispositivos Plejd, sin necesidad de cableado.<\/p>\n<p data-start=\"774\" data-end=\"995\">Los ajustes se realizan f\u00e1cilmente en la aplicaci\u00f3n Plejd, donde puedes crear escenarios, controlar los niveles de luz y personalizar funciones seg\u00fan sea necesario.<\/p>\n<p data-start=\"774\" data-end=\"995\">Tambi\u00e9n es compatible con la tecnolog\u00eda de malla de 2,4 GHz de Plejd para una comunicaci\u00f3n confiable dentro del sistema.<\/p>\n<h3 data-start=\"997\" data-end=\"1048\"><strong data-start=\"1001\" data-end=\"1046\">Montaje flexible y f\u00e1cil instalaci\u00f3n<\/strong><\/h3>\n<p data-start=\"1049\" data-end=\"1137\">El pulsador inal\u00e1mbrico EB Black se puede montar de varias maneras para adaptarse a su instalaci\u00f3n:<\/p>\n<ul data-start=\"1139\" data-end=\"1352\">\n<li data-start=\"1139\" data-end=\"1209\"><strong data-start=\"1141\" data-end=\"1158\">Montaje con cinta<\/strong> \u2013 Perfecto para superficies lisas como paredes o azulejos.<\/li>\n<li data-start=\"1210\" data-end=\"1282\"><strong data-start=\"1212\" data-end=\"1230\">Montaje con tornillos<\/strong> \u2013 Se puede montar directamente en una caja el\u00e9ctrica est\u00e1ndar.<\/li>\n<li data-start=\"1283\" data-end=\"1352\"><strong data-start=\"1285\" data-end=\"1309\">Montaje independiente<\/strong> \u2013 Se puede colocar en cualquier lugar de la habitaci\u00f3n.<\/li>\n<\/ul>\n<p data-start=\"1354\" data-end=\"1456\">Con su elegante dise\u00f1o y compatibilidad con los marcos ELKO\u00ae Plus, se integra en los interiores modernos.<\/p>\n<h3 data-start=\"1458\" data-end=\"1498\"><strong data-start=\"1462\" data-end=\"1496\">Caracter\u00edsticas y beneficios del producto<\/strong><\/h3>\n<ul data-start=\"1500\" data-end=\"2199\">\n<li data-start=\"1500\" data-end=\"1588\"><strong data-start=\"1502\" data-end=\"1522\">Control inal\u00e1mbrico<\/strong> \u2013 Enciende, apaga o aten\u00faa la iluminaci\u00f3n con solo tocar un bot\u00f3n.<\/li>\n<li data-start=\"1589\" data-end=\"1670\"><strong data-start=\"1591\" data-end=\"1613\">Montaje flexible<\/strong> \u2013 Fijar con cinta, tornillos o directamente a una caja de conexiones.<\/li>\n<li data-start=\"1671\" data-end=\"1766\"><strong data-start=\"1673\" data-end=\"1692\">Bater\u00eda de larga duraci\u00f3n<\/strong> \u2013 Hasta 15 a\u00f1os o 200.000 clics (2 pilas CR2032, reemplazables).<\/li>\n<li data-start=\"1767\" data-end=\"1859\"><strong data-start=\"1769\" data-end=\"1801\">Control directo y escenarios<\/strong> \u2013 Personaliza funciones y crea horarios a trav\u00e9s de la aplicaci\u00f3n Plejd.<\/li>\n<li data-start=\"1860\" data-end=\"1921\"><strong data-start=\"1862\" data-end=\"1880\">Dise\u00f1o elegante<\/strong> \u2013 Superficie pintada en negro mate (RAL 9005).<\/li>\n<li data-start=\"1922\" data-end=\"1997\"><strong data-start=\"1924\" data-end=\"1951\">Se adapta a los marcos ELKO\u00ae Plus<\/strong> \u2013 Para una instalaci\u00f3n uniforme y elegante.<\/li>\n<li data-start=\"1998\" data-end=\"2080\"><strong data-start=\"2000\" data-end=\"2025\">Comunicaci\u00f3n inal\u00e1mbrica<\/strong> \u2013 Malla de 2,4 GHz y Bluetooth\u00ae para una conexi\u00f3n estable.<\/li>\n<li data-start=\"2081\" data-end=\"2128\"><strong data-start=\"2083\" data-end=\"2100\">Alcance de la radio<\/strong> \u2013 Aproximadamente 10 metros en interiores.<\/li>\n<li data-start=\"2129\" data-end=\"2199\"><strong data-start=\"2131\" data-end=\"2152\">Operaci\u00f3n con dos botones<\/strong> \u2013 Viene con balanc\u00edn simple y doble.<\/li>\n<\/ul>\n<h3 data-start=\"2201\" data-end=\"2267\"><strong data-start=\"2205\" data-end=\"2265\">Perfecto para hogares inteligentes e instalaciones profesionales<\/strong><\/h3>\n<p data-start=\"2268\" data-end=\"2509\">El bot\u00f3n pulsador inal\u00e1mbrico EB Black es una soluci\u00f3n perfecta para quienes desean un control sencillo e inal\u00e1mbrico de su iluminaci\u00f3n.<\/p>\n<p data-start=\"2268\" data-end=\"2509\">Es ideal para hogares inteligentes, entornos de oficina y otras instalaciones donde la flexibilidad y la facilidad de uso son la prioridad.<\/p>\n<h3 data-start=\"2511\" data-end=\"2548\"><strong data-start=\"2515\" data-end=\"2546\">Instalaci\u00f3n y uso<\/strong><\/h3>\n<p data-start=\"2549\" data-end=\"2606\">La instalaci\u00f3n es sencilla y no requiere herramientas especiales:<\/p>\n<ol data-start=\"2608\" data-end=\"2890\">\n<li data-start=\"2608\" data-end=\"2713\"><strong data-start=\"2611\" data-end=\"2630\">Instalar el bot\u00f3n<\/strong> \u2013 F\u00edjelo con la cinta incluida, atorn\u00edllelo a la caja del dispositivo o col\u00f3quelo de forma independiente.<\/li>\n<li data-start=\"2714\" data-end=\"2783\"><strong data-start=\"2717\" data-end=\"2741\">Con\u00e9ctate en la aplicaci\u00f3n Plejd<\/strong> \u2013 Configurar y personalizar las funciones.<\/li>\n<li data-start=\"2784\" data-end=\"2890\"><strong data-start=\"2787\" data-end=\"2812\">Comience a usar el bot\u00f3n<\/strong> \u2013 Controle la iluminaci\u00f3n f\u00e1cilmente presionando botones o escenarios programados.<\/li>\n<\/ol>\n<h3 data-start=\"2892\" data-end=\"2926\"><strong data-start=\"2896\" data-end=\"2924\">Especificaciones t\u00e9cnicas<\/strong><\/h3>\n<ul data-start=\"2928\" data-end=\"3608\">\n<li data-start=\"2928\" data-end=\"2959\"><strong data-start=\"2930\" data-end=\"2941\">Modelo:<\/strong> Pulsador en serie<\/li>\n<li data-start=\"2960\" data-end=\"2997\"><strong data-start=\"2962\" data-end=\"2984\">M\u00e9todo de funcionamiento:<\/strong> Pulsador<\/li>\n<li data-start=\"2998\" data-end=\"3038\"><strong data-start=\"3000\" data-end=\"3022\">Tipo de sellado:<\/strong> Pegamento\/tornillo<\/li>\n<li data-start=\"3039\" data-end=\"3067\"><strong data-start=\"3041\" data-end=\"3054\">Material:<\/strong> Termopl\u00e1stico<\/li>\n<li data-start=\"3068\" data-end=\"3108\"><strong data-start=\"3070\" data-end=\"3087\">Tratamiento de superficie:<\/strong> Superficie lacada y mate<\/li>\n<li data-start=\"3109\" data-end=\"3139\"><strong data-start=\"3111\" data-end=\"3120\">Pintar:<\/strong> Negro (RAL 9005)<\/li>\n<li data-start=\"3140\" data-end=\"3180\"><strong data-start=\"3142\" data-end=\"3155\">Clase de IP:<\/strong> IP20 (para uso en interiores)<\/li>\n<li data-start=\"3181\" data-end=\"3236\"><strong data-start=\"3183\" data-end=\"3201\">N\u00famero de botones:<\/strong> 2 (balanc\u00edn simple y doble incluido)<\/li>\n<li data-start=\"3237\" data-end=\"3268\"><strong data-start=\"3239\" data-end=\"3264\">N\u00famero de puntos de control:<\/strong> 4<\/li>\n<li data-start=\"3269\" data-end=\"3289\"><strong data-start=\"3271\" data-end=\"3281\">Ancho:<\/strong> 71 mm<\/li>\n<li data-start=\"3290\" data-end=\"3309\"><strong data-start=\"3292\" data-end=\"3301\">Altura:<\/strong> 71 mm<\/li>\n<li data-start=\"3310\" data-end=\"3329\"><strong data-start=\"3312\" data-end=\"3321\">Profundidad:<\/strong> 14 mil\u00edmetros<\/li>\n<li data-start=\"3330\" data-end=\"3372\"><strong data-start=\"3332\" data-end=\"3347\">Tipo de bater\u00eda:<\/strong> 2 x CR2032 (reemplazables)<\/li>\n<li data-start=\"3373\" data-end=\"3427\"><strong data-start=\"3375\" data-end=\"3390\">Duraci\u00f3n de la bater\u00eda:<\/strong> Hasta 15 a\u00f1os o 200.000 clics<\/li>\n<li data-start=\"3428\" data-end=\"3483\"><strong data-start=\"3430\" data-end=\"3446\">Sistema de radio:<\/strong> Malla de 2,4 GHz, Bluetooth\u00ae (&lt;10 dBm)<\/li>\n<li data-start=\"3484\" data-end=\"3526\"><strong data-start=\"3486\" data-end=\"3504\">Alcance de radio:<\/strong> Unos 10 metros en interiores<\/li>\n<li data-start=\"3527\" data-end=\"3567\"><strong data-start=\"3529\" data-end=\"3561\">Extensi\u00f3n de red de malla:<\/strong> No<\/li>\n<li data-start=\"3568\" data-end=\"3608\"><strong data-start=\"3570\" data-end=\"3589\">Compatibilidad:<\/strong> Marcos ELKO\u00ae Plus<\/li>\n<\/ul>\n<h3 data-start=\"3610\" data-end=\"3659\"><strong data-start=\"3614\" data-end=\"3657\">Dise\u00f1o elegante y construcci\u00f3n duradera.<\/strong><\/h3>\n<p data-start=\"3660\" data-end=\"3960\">El acabado negro mate y la compatibilidad con los marcos ELKO\u00ae Plus hacen del Push Button Wireless EB Black una opci\u00f3n elegante para todo tipo de entornos.<\/p>\n<p data-start=\"3660\" data-end=\"3960\">El dise\u00f1o minimalista significa que combina muy bien con interiores modernos y cl\u00e1sicos al tiempo que ofrece un control de iluminaci\u00f3n avanzado.<\/p>\n<h3 data-start=\"3962\" data-end=\"3980\"><strong data-start=\"3966\" data-end=\"3978\">Conclusi\u00f3n<\/strong><\/h3>\n<p data-start=\"3981\" data-end=\"4223\">El bot\u00f3n pulsador inal\u00e1mbrico EB Black es una soluci\u00f3n innovadora y flexible para el control de iluminaci\u00f3n inal\u00e1mbrica.<\/p>\n<p data-start=\"3981\" data-end=\"4223\">Con bater\u00eda de larga duraci\u00f3n, f\u00e1cil instalaci\u00f3n y funciones inteligentes, este es un dispositivo \u00f3ptimo para cualquiera que desee un control de iluminaci\u00f3n suave y moderno.<\/p>","protected":false},"excerpt":{"rendered":"<p>El bot\u00f3n pulsador inal\u00e1mbrico EB Black permite el control inal\u00e1mbrico de uno o m\u00e1s dispositivos Plejd.<\/p>\n<p>F\u00e1cil instalaci\u00f3n en el exterior de una caja el\u00e9ctrica est\u00e1ndar o con cinta\/tornillos.<\/p>\n<p>Hasta 15 a\u00f1os de duraci\u00f3n de bater\u00eda o 200.000 clics.<\/p>\n<p>Compatible con cuadros ELKO\u00ae Plus.<\/p>","protected":false},"featured_media":148033,"template":"","meta":{"_acf_changed":false},"product_brand":[],"product_cat":[4658],"product_tag":[4670],"class_list":{"0":"post-148034","1":"product","2":"type-product","3":"status-publish","4":"has-post-thumbnail","6":"product_cat-plejd-stromstallare","7":"product_tag-plejd","8":"product_shipping_class-postnord-varubrev","9":"pa_brands-plejd","10":"pa_farg-svart","11":"tm-has-options","13":"first","14":"instock","15":"sale","16":"taxable","17":"shipping-taxable","18":"purchasable","19":"product-type-simple"},"acf":[],"_links":{"self":[{"href":"https:\/\/secureus.se\/es\/wp-json\/wp\/v2\/product\/148034","targetHints":{"allow":["GET"]}}],"collection":[{"href":"https:\/\/secureus.se\/es\/wp-json\/wp\/v2\/product"}],"about":[{"href":"https:\/\/secureus.se\/es\/wp-json\/wp\/v2\/types\/product"}],"wp:featuredmedia":[{"embeddable":true,"href":"https:\/\/secureus.se\/es\/wp-json\/wp\/v2\/media\/148033"}],"wp:attachment":[{"href":"https:\/\/secureus.se\/es\/wp-json\/wp\/v2\/media?parent=148034"}],"wp:term":[{"taxonomy":"product_brand","embeddable":true,"href":"https:\/\/secureus.se\/es\/wp-json\/wp\/v2\/product_brand?post=148034"},{"taxonomy":"product_cat","embeddable":true,"href":"https:\/\/secureus.se\/es\/wp-json\/wp\/v2\/product_cat?post=148034"},{"taxonomy":"product_tag","embeddable":true,"href":"https:\/\/secureus.se\/es\/wp-json\/wp\/v2\/product_tag?post=148034"}],"curies":[{"name":"wp","href":"https:\/\/api.w.org\/{rel}","templated":true}]}}