{"id":148036,"date":"2025-02-25T12:22:24","date_gmt":"2025-02-25T11:22:24","guid":{"rendered":"https:\/\/secureus.se\/?post_type=product&#038;p=148036"},"modified":"2026-03-26T11:06:34","modified_gmt":"2026-03-26T10:06:34","slug":"plejd-tryckknapp-tradlos-wph-01-ew-vit","status":"publish","type":"product","link":"https:\/\/secureus.se\/es\/plejd-tryckknapp-tradlos-wph-01-ew-vit\/","title":{"rendered":"Pulsador inal\u00e1mbrico Plejd WPH-01-EW blanco"},"content":{"rendered":"<h1 data-start=\"438\" data-end=\"487\"><strong data-start=\"442\" data-end=\"485\">Control de iluminaci\u00f3n inal\u00e1mbrico y flexible<\/strong><\/h1>\n<p data-start=\"488\" data-end=\"794\">El bot\u00f3n pulsador inal\u00e1mbrico EW White es una soluci\u00f3n elegante y flexible para controlar la iluminaci\u00f3n de su hogar o lugar de trabajo.<\/p>\n<p data-start=\"488\" data-end=\"794\">Con este bot\u00f3n inal\u00e1mbrico puedes encender, apagar o atenuar f\u00e1cilmente la iluminaci\u00f3n de uno o m\u00e1s dispositivos Plejd, sin necesidad de cableado ni instalaciones complicadas.<\/p>\n<p data-start=\"796\" data-end=\"1057\">Los ajustes se realizan f\u00e1cilmente a trav\u00e9s de <strong data-start=\"829\" data-end=\"844\">La aplicaci\u00f3n Plejd<\/strong>, donde podr\u00e1s crear escenarios, controlar niveles de luz y personalizar funciones seg\u00fan tus necesidades.<\/p>\n<p data-start=\"796\" data-end=\"1057\">El pulsador se comunica a trav\u00e9s de <strong data-start=\"957\" data-end=\"995\">Tecnolog\u00eda de malla de 2,4 GHz y Bluetooth\u00ae<\/strong>, lo que garantiza una conexi\u00f3n estable dentro del sistema Plejd.<\/p>\n<h3 data-start=\"1059\" data-end=\"1110\"><strong data-start=\"1063\" data-end=\"1108\">Montaje flexible y f\u00e1cil instalaci\u00f3n<\/strong><\/h3>\n<p data-start=\"1111\" data-end=\"1202\">El pulsador inal\u00e1mbrico EW White se puede montar de varias maneras seg\u00fan sus necesidades de instalaci\u00f3n:<\/p>\n<ul data-start=\"1204\" data-end=\"1417\">\n<li data-start=\"1204\" data-end=\"1274\"><strong data-start=\"1206\" data-end=\"1223\">Montaje con cinta<\/strong> \u2013 Perfecto para superficies lisas como paredes o azulejos.<\/li>\n<li data-start=\"1275\" data-end=\"1347\"><strong data-start=\"1277\" data-end=\"1295\">Montaje con tornillos<\/strong> \u2013 Se puede montar directamente en una caja el\u00e9ctrica est\u00e1ndar.<\/li>\n<li data-start=\"1348\" data-end=\"1417\"><strong data-start=\"1350\" data-end=\"1374\">Montaje independiente<\/strong> \u2013 Se puede colocar en cualquier lugar de la habitaci\u00f3n.<\/li>\n<\/ul>\n<p data-start=\"1419\" data-end=\"1545\">El dise\u00f1o elegante y la compatibilidad con <strong data-start=\"1466\" data-end=\"1489\">Marcos ELKO\u00ae RS\/Plus<\/strong> hace que el bot\u00f3n pulsador se integre en interiores modernos.<\/p>\n<h3 data-start=\"1547\" data-end=\"1587\"><strong data-start=\"1551\" data-end=\"1585\">Caracter\u00edsticas y beneficios del producto<\/strong><\/h3>\n<ul data-start=\"1589\" data-end=\"2292\">\n<li data-start=\"1589\" data-end=\"1677\"><strong data-start=\"1591\" data-end=\"1611\">Control inal\u00e1mbrico<\/strong> \u2013 Enciende, apaga o aten\u00faa la iluminaci\u00f3n con solo tocar un bot\u00f3n.<\/li>\n<li data-start=\"1678\" data-end=\"1759\"><strong data-start=\"1680\" data-end=\"1702\">Montaje flexible<\/strong> \u2013 Fijar con cinta, tornillos o directamente a una caja de conexiones.<\/li>\n<li data-start=\"1760\" data-end=\"1855\"><strong data-start=\"1762\" data-end=\"1781\">Bater\u00eda de larga duraci\u00f3n<\/strong> \u2013 Hasta 15 a\u00f1os o 200.000 clics (2 pilas CR2032, reemplazables).<\/li>\n<li data-start=\"1856\" data-end=\"1948\"><strong data-start=\"1858\" data-end=\"1890\">Control directo y escenarios<\/strong> \u2013 Personaliza funciones y crea horarios a trav\u00e9s de la aplicaci\u00f3n Plejd.<\/li>\n<li data-start=\"1949\" data-end=\"2011\"><strong data-start=\"1951\" data-end=\"1969\">Dise\u00f1o elegante<\/strong> \u2013 Superficie blanca brillante sin tratar (RAL 9010).<\/li>\n<li data-start=\"2012\" data-end=\"2090\"><strong data-start=\"2014\" data-end=\"2044\">Se adapta a cuadros ELKO\u00ae RS\/Plus<\/strong> \u2013 Para una instalaci\u00f3n uniforme y elegante.<\/li>\n<li data-start=\"2091\" data-end=\"2173\"><strong data-start=\"2093\" data-end=\"2118\">Comunicaci\u00f3n inal\u00e1mbrica<\/strong> \u2013 Malla de 2,4 GHz y Bluetooth\u00ae para una conexi\u00f3n estable.<\/li>\n<li data-start=\"2174\" data-end=\"2221\"><strong data-start=\"2176\" data-end=\"2193\">Alcance de la radio<\/strong> \u2013 Aproximadamente 10 metros en interiores.<\/li>\n<li data-start=\"2222\" data-end=\"2292\"><strong data-start=\"2224\" data-end=\"2245\">Operaci\u00f3n con dos botones<\/strong> \u2013 Viene con balanc\u00edn simple y doble.<\/li>\n<\/ul>\n<h3 data-start=\"2294\" data-end=\"2360\"><strong data-start=\"2298\" data-end=\"2358\">Perfecto para hogares inteligentes e instalaciones profesionales<\/strong><\/h3>\n<p data-start=\"2361\" data-end=\"2604\">El pulsador inal\u00e1mbrico EW White es una soluci\u00f3n ideal para quienes desean un control sencillo e inal\u00e1mbrico de su iluminaci\u00f3n.<\/p>\n<p data-start=\"2361\" data-end=\"2604\">Es perfecto para <strong data-start=\"2494\" data-end=\"2549\">casas inteligentes, entornos de oficina y otras instalaciones<\/strong> donde la flexibilidad y la facilidad de uso son cruciales.<\/p>\n<h3 data-start=\"2606\" data-end=\"2643\"><strong data-start=\"2610\" data-end=\"2641\">Instalaci\u00f3n y uso<\/strong><\/h3>\n<p data-start=\"2644\" data-end=\"2701\">La instalaci\u00f3n es sencilla y no requiere herramientas especiales:<\/p>\n<ol data-start=\"2703\" data-end=\"2985\">\n<li data-start=\"2703\" data-end=\"2808\"><strong data-start=\"2706\" data-end=\"2725\">Instalar el bot\u00f3n<\/strong> \u2013 F\u00edjelo con la cinta incluida, atorn\u00edllelo a la caja del dispositivo o col\u00f3quelo de forma independiente.<\/li>\n<li data-start=\"2809\" data-end=\"2878\"><strong data-start=\"2812\" data-end=\"2836\">Con\u00e9ctate en la aplicaci\u00f3n Plejd<\/strong> \u2013 Configurar y personalizar las funciones.<\/li>\n<li data-start=\"2879\" data-end=\"2985\"><strong data-start=\"2882\" data-end=\"2907\">Comience a usar el bot\u00f3n<\/strong> \u2013 Controle la iluminaci\u00f3n f\u00e1cilmente presionando botones o escenarios programados.<\/li>\n<\/ol>\n<h3 data-start=\"2987\" data-end=\"3021\"><strong data-start=\"2991\" data-end=\"3019\">Especificaciones t\u00e9cnicas<\/strong><\/h3>\n<ul data-start=\"3023\" data-end=\"3707\">\n<li data-start=\"3023\" data-end=\"3054\"><strong data-start=\"3025\" data-end=\"3036\">Modelo:<\/strong> Pulsador en serie<\/li>\n<li data-start=\"3055\" data-end=\"3092\"><strong data-start=\"3057\" data-end=\"3079\">M\u00e9todo de funcionamiento:<\/strong> Pulsador<\/li>\n<li data-start=\"3093\" data-end=\"3133\"><strong data-start=\"3095\" data-end=\"3117\">Tipo de sellado:<\/strong> Pegamento\/tornillo<\/li>\n<li data-start=\"3134\" data-end=\"3162\"><strong data-start=\"3136\" data-end=\"3149\">Material:<\/strong> Termopl\u00e1stico<\/li>\n<li data-start=\"3163\" data-end=\"3206\"><strong data-start=\"3165\" data-end=\"3182\">Tratamiento de superficie:<\/strong> Superficie brillante sin tratar<\/li>\n<li data-start=\"3207\" data-end=\"3235\"><strong data-start=\"3209\" data-end=\"3218\">Pintar:<\/strong> Blanco (RAL 9010)<\/li>\n<li data-start=\"3236\" data-end=\"3276\"><strong data-start=\"3238\" data-end=\"3251\">Clase de IP:<\/strong> IP20 (para uso en interiores)<\/li>\n<li data-start=\"3277\" data-end=\"3332\"><strong data-start=\"3279\" data-end=\"3297\">N\u00famero de botones:<\/strong> 2 (balanc\u00edn simple y doble incluido)<\/li>\n<li data-start=\"3333\" data-end=\"3364\"><strong data-start=\"3335\" data-end=\"3360\">N\u00famero de puntos de control:<\/strong> 4<\/li>\n<li data-start=\"3365\" data-end=\"3385\"><strong data-start=\"3367\" data-end=\"3377\">Ancho:<\/strong> 71 mm<\/li>\n<li data-start=\"3386\" data-end=\"3405\"><strong data-start=\"3388\" data-end=\"3397\">Altura:<\/strong> 71 mm<\/li>\n<li data-start=\"3406\" data-end=\"3425\"><strong data-start=\"3408\" data-end=\"3417\">Profundidad:<\/strong> 14 mil\u00edmetros<\/li>\n<li data-start=\"3426\" data-end=\"3468\"><strong data-start=\"3428\" data-end=\"3443\">Tipo de bater\u00eda:<\/strong> 2 x CR2032 (reemplazables)<\/li>\n<li data-start=\"3469\" data-end=\"3523\"><strong data-start=\"3471\" data-end=\"3486\">Duraci\u00f3n de la bater\u00eda:<\/strong> Hasta 15 a\u00f1os o 200.000 clics<\/li>\n<li data-start=\"3524\" data-end=\"3579\"><strong data-start=\"3526\" data-end=\"3542\">Sistema de radio:<\/strong> Malla de 2,4 GHz, Bluetooth\u00ae (&lt;10 dBm)<\/li>\n<li data-start=\"3580\" data-end=\"3622\"><strong data-start=\"3582\" data-end=\"3600\">Alcance de radio:<\/strong> Unos 10 metros en interiores<\/li>\n<li data-start=\"3623\" data-end=\"3663\"><strong data-start=\"3625\" data-end=\"3657\">Extensi\u00f3n de red de malla:<\/strong> No<\/li>\n<li data-start=\"3664\" data-end=\"3707\"><strong data-start=\"3666\" data-end=\"3685\">Compatibilidad:<\/strong> Marcos ELKO\u00ae RS\/Plus<\/li>\n<\/ul>\n<h3 data-start=\"3709\" data-end=\"3758\"><strong data-start=\"3713\" data-end=\"3756\">Dise\u00f1o elegante y construcci\u00f3n duradera.<\/strong><\/h3>\n<p data-start=\"3759\" data-end=\"4067\">El acabado blanco brillante y la compatibilidad con <strong data-start=\"3810\" data-end=\"3833\">Marcos ELKO\u00ae RS\/Plus<\/strong> hacer <strong data-start=\"3838\" data-end=\"3867\">Pulsador inal\u00e1mbrico EW blanco<\/strong> Una elecci\u00f3n elegante para todo tipo de entornos.<\/p>\n<p data-start=\"3759\" data-end=\"4067\">El dise\u00f1o minimalista significa que combina muy bien con interiores modernos y cl\u00e1sicos al tiempo que ofrece un control de iluminaci\u00f3n avanzado.<\/p>\n<h3 data-start=\"4069\" data-end=\"4087\"><strong data-start=\"4073\" data-end=\"4085\">Conclusi\u00f3n<\/strong><\/h3>\n<p data-start=\"4088\" data-end=\"4336\">Pulsador Inal\u00e1mbrico EW Blanco es una soluci\u00f3n innovadora y flexible para <strong data-start=\"4155\" data-end=\"4179\">control de luz inal\u00e1mbrico<\/strong>.<\/p>\n<p data-start=\"4088\" data-end=\"4336\">Con una bater\u00eda de larga duraci\u00f3n, f\u00e1cil instalaci\u00f3n y funciones inteligentes, este es un dispositivo \u00f3ptimo para cualquiera que quiera un <strong data-start=\"4293\" data-end=\"4333\">Control de iluminaci\u00f3n suave y moderno<\/strong>.<\/p>","protected":false},"excerpt":{"rendered":"<p>El bot\u00f3n pulsador inal\u00e1mbrico EW White permite el control inal\u00e1mbrico de una o m\u00e1s unidades Plejd.<\/p>\n<p>F\u00e1cil instalaci\u00f3n en el exterior de una caja el\u00e9ctrica est\u00e1ndar o con cinta\/tornillos.<\/p>\n<p>Hasta 15 a\u00f1os de duraci\u00f3n de bater\u00eda o 200.000 clics.<\/p>\n<p>Compatible con cuadros ELKO\u00ae RS\/Plus.<\/p>","protected":false},"featured_media":148035,"template":"","meta":{"_acf_changed":false},"product_brand":[],"product_cat":[4658],"product_tag":[4670],"class_list":{"0":"post-148036","1":"product","2":"type-product","3":"status-publish","4":"has-post-thumbnail","6":"product_cat-plejd-stromstallare","7":"product_tag-plejd","8":"product_shipping_class-tunga-paket","9":"pa_brands-plejd","10":"pa_farg-vit","11":"tm-has-options","13":"first","14":"instock","15":"sale","16":"taxable","17":"shipping-taxable","18":"purchasable","19":"product-type-simple"},"acf":[],"_links":{"self":[{"href":"https:\/\/secureus.se\/es\/wp-json\/wp\/v2\/product\/148036","targetHints":{"allow":["GET"]}}],"collection":[{"href":"https:\/\/secureus.se\/es\/wp-json\/wp\/v2\/product"}],"about":[{"href":"https:\/\/secureus.se\/es\/wp-json\/wp\/v2\/types\/product"}],"wp:featuredmedia":[{"embeddable":true,"href":"https:\/\/secureus.se\/es\/wp-json\/wp\/v2\/media\/148035"}],"wp:attachment":[{"href":"https:\/\/secureus.se\/es\/wp-json\/wp\/v2\/media?parent=148036"}],"wp:term":[{"taxonomy":"product_brand","embeddable":true,"href":"https:\/\/secureus.se\/es\/wp-json\/wp\/v2\/product_brand?post=148036"},{"taxonomy":"product_cat","embeddable":true,"href":"https:\/\/secureus.se\/es\/wp-json\/wp\/v2\/product_cat?post=148036"},{"taxonomy":"product_tag","embeddable":true,"href":"https:\/\/secureus.se\/es\/wp-json\/wp\/v2\/product_tag?post=148036"}],"curies":[{"name":"wp","href":"https:\/\/api.w.org\/{rel}","templated":true}]}}