{"id":148040,"date":"2025-02-25T12:22:24","date_gmt":"2025-02-25T11:22:24","guid":{"rendered":"https:\/\/secureus.se\/?post_type=product&#038;p=148040"},"modified":"2026-04-08T16:37:14","modified_gmt":"2026-04-08T14:37:14","slug":"plejd-vridratt-tradlos-wrt-01-sw-vit","status":"publish","type":"product","link":"https:\/\/secureus.se\/es\/plejd-vridratt-tradlos-wrt-01-sw-vit\/","title":{"rendered":"Perilla giratoria inal\u00e1mbrica Plejd WRT-01-SW blanca"},"content":{"rendered":"<h1 data-start=\"470\" data-end=\"517\"><strong data-start=\"474\" data-end=\"515\">Control de iluminaci\u00f3n inal\u00e1mbrico y conveniente<\/strong><\/h1>\n<p data-start=\"518\" data-end=\"815\">El bot\u00f3n giratorio inal\u00e1mbrico SW White es una soluci\u00f3n elegante y flexible para controlar la iluminaci\u00f3n de su hogar o lugar de trabajo inteligente.<\/p>\n<p data-start=\"518\" data-end=\"815\">Con este bot\u00f3n giratorio y pulsador inal\u00e1mbrico podr\u00e1s ajustar f\u00e1cilmente el brillo de uno o m\u00e1s dispositivos Plejd sin necesidad de cableado ni instalaciones complicadas.<\/p>\n<p data-start=\"817\" data-end=\"1076\">Los ajustes se realizan f\u00e1cilmente a trav\u00e9s de <strong data-start=\"850\" data-end=\"865\">La aplicaci\u00f3n Plejd<\/strong>, donde podr\u00e1s crear escenarios, controlar niveles de luz y personalizar funciones seg\u00fan tus necesidades.<\/p>\n<p data-start=\"817\" data-end=\"1076\">El bot\u00f3n giratorio se comunica a trav\u00e9s de <strong data-start=\"976\" data-end=\"1014\">Tecnolog\u00eda de malla de 2,4 GHz y Bluetooth\u00ae<\/strong>, lo que garantiza una conexi\u00f3n estable dentro del sistema Plejd.<\/p>\n<h3 data-start=\"1078\" data-end=\"1129\"><strong data-start=\"1082\" data-end=\"1127\">Montaje flexible y f\u00e1cil instalaci\u00f3n<\/strong><\/h3>\n<p data-start=\"1130\" data-end=\"1219\">El bot\u00f3n giratorio inal\u00e1mbrico SW White se puede montar de varias maneras seg\u00fan sus necesidades de instalaci\u00f3n:<\/p>\n<ul data-start=\"1221\" data-end=\"1434\">\n<li data-start=\"1221\" data-end=\"1291\"><strong data-start=\"1223\" data-end=\"1240\">Montaje con cinta<\/strong> \u2013 Perfecto para superficies lisas como paredes o azulejos.<\/li>\n<li data-start=\"1292\" data-end=\"1364\"><strong data-start=\"1294\" data-end=\"1312\">Montaje con tornillos<\/strong> \u2013 Se puede montar directamente en una caja el\u00e9ctrica est\u00e1ndar.<\/li>\n<li data-start=\"1365\" data-end=\"1434\"><strong data-start=\"1367\" data-end=\"1391\">Montaje independiente<\/strong> \u2013 Se puede colocar en cualquier lugar de la habitaci\u00f3n.<\/li>\n<\/ul>\n<p data-start=\"1436\" data-end=\"1596\">El dise\u00f1o elegante y la compatibilidad con <strong data-start=\"1483\" data-end=\"1510\">Marcos Schneider Exxact\u00ae<\/strong> Hace que la instalaci\u00f3n de la perilla giratoria sea uniforme y se integre en interiores modernos.<\/p>\n<h3 data-start=\"1598\" data-end=\"1638\"><strong data-start=\"1602\" data-end=\"1636\">Caracter\u00edsticas y beneficios del producto<\/strong><\/h3>\n<ul data-start=\"1640\" data-end=\"2366\">\n<li data-start=\"1640\" data-end=\"1723\"><strong data-start=\"1642\" data-end=\"1666\">Control de luz inal\u00e1mbrico<\/strong> \u2013 Ajuste la luz f\u00e1cilmente mediante la funci\u00f3n de giro o empuje.<\/li>\n<li data-start=\"1724\" data-end=\"1818\"><strong data-start=\"1726\" data-end=\"1744\">Compatibilidad<\/strong> \u2013 Funciona con todos los dispositivos Plejd y puede controlar varias luces simult\u00e1neamente.<\/li>\n<li data-start=\"1819\" data-end=\"1891\"><strong data-start=\"1821\" data-end=\"1842\">Integraci\u00f3n inteligente<\/strong> \u2013 Compatibilidad con Apple HomeKit y Google Assistant.<\/li>\n<li data-start=\"1892\" data-end=\"1977\"><strong data-start=\"1894\" data-end=\"1913\">Bater\u00eda de larga duraci\u00f3n<\/strong> \u2013 Hasta 15 a\u00f1os (aprox. 200.000 clics) con 3 pilas CR2032.<\/li>\n<li data-start=\"1978\" data-end=\"2054\"><strong data-start=\"1980\" data-end=\"2000\">Control de escenarios<\/strong> \u2013 Hacer doble clic puede activar escenas de iluminaci\u00f3n preestablecidas.<\/li>\n<li data-start=\"2055\" data-end=\"2135\"><strong data-start=\"2057\" data-end=\"2076\">F\u00e1cil montaje<\/strong> \u2013 Instalaci\u00f3n r\u00e1pida con cinta\/tornillos o en caja de conexiones.<\/li>\n<li data-start=\"2136\" data-end=\"2198\"><strong data-start=\"2138\" data-end=\"2156\">Dise\u00f1o elegante<\/strong> \u2013 Superficie blanca brillante sin tratar (RAL 9003).<\/li>\n<li data-start=\"2199\" data-end=\"2285\"><strong data-start=\"2201\" data-end=\"2239\">Compatible con marcos Schneider Exxact\u00ae<\/strong> \u2013 Para una instalaci\u00f3n uniforme y elegante.<\/li>\n<li data-start=\"2286\" data-end=\"2366\"><strong data-start=\"2288\" data-end=\"2312\">M\u00faltiples opciones de color<\/strong> \u2013 Disponible en diferentes colores para adaptarse a diferentes entornos.<\/li>\n<\/ul>\n<h3 data-start=\"2368\" data-end=\"2402\"><strong data-start=\"2372\" data-end=\"2400\">Especificaciones t\u00e9cnicas<\/strong><\/h3>\n<ul data-start=\"2404\" data-end=\"3101\">\n<li data-start=\"2404\" data-end=\"2435\"><strong data-start=\"2406\" data-end=\"2417\">Modelo:<\/strong> Pulsador en serie<\/li>\n<li data-start=\"2436\" data-end=\"2479\"><strong data-start=\"2438\" data-end=\"2460\">M\u00e9todo de funcionamiento:<\/strong> Bot\u00f3n giratorio\/pulsador<\/li>\n<li data-start=\"2480\" data-end=\"2520\"><strong data-start=\"2482\" data-end=\"2504\">Tipo de sellado:<\/strong> Pegamento\/tornillo<\/li>\n<li data-start=\"2521\" data-end=\"2562\"><strong data-start=\"2523\" data-end=\"2536\">Material:<\/strong> Termopl\u00e1stico (libre de hal\u00f3genos)<\/li>\n<li data-start=\"2563\" data-end=\"2606\"><strong data-start=\"2565\" data-end=\"2582\">Tratamiento de superficie:<\/strong> Superficie brillante sin tratar<\/li>\n<li data-start=\"2607\" data-end=\"2635\"><strong data-start=\"2609\" data-end=\"2618\">Pintar:<\/strong> Blanco (RAL 9003)<\/li>\n<li data-start=\"2636\" data-end=\"2676\"><strong data-start=\"2638\" data-end=\"2651\">Clase de IP:<\/strong> IP20 (para uso en interiores)<\/li>\n<li data-start=\"2677\" data-end=\"2703\"><strong data-start=\"2679\" data-end=\"2696\">Resistencia al impacto:<\/strong> IK00<\/li>\n<li data-start=\"2704\" data-end=\"2724\"><strong data-start=\"2706\" data-end=\"2716\">Ancho:<\/strong> 71 mm<\/li>\n<li data-start=\"2725\" data-end=\"2744\"><strong data-start=\"2727\" data-end=\"2736\">Altura:<\/strong> 71 mm<\/li>\n<li data-start=\"2745\" data-end=\"2764\"><strong data-start=\"2747\" data-end=\"2756\">Profundidad:<\/strong> 20 mm<\/li>\n<li data-start=\"2765\" data-end=\"2807\"><strong data-start=\"2767\" data-end=\"2782\">Tipo de bater\u00eda:<\/strong> 3 x CR2032 (reemplazables)<\/li>\n<li data-start=\"2808\" data-end=\"2842\"><strong data-start=\"2810\" data-end=\"2825\">Duraci\u00f3n de la bater\u00eda:<\/strong> Hasta 15 a\u00f1os<\/li>\n<li data-start=\"2843\" data-end=\"2898\"><strong data-start=\"2845\" data-end=\"2861\">Sistema de radio:<\/strong> Malla de 2,4 GHz, Bluetooth\u00ae (&lt;10 dBm)<\/li>\n<li data-start=\"2899\" data-end=\"2941\"><strong data-start=\"2901\" data-end=\"2919\">Alcance de radio:<\/strong> Unos 10 metros en interiores<\/li>\n<li data-start=\"2942\" data-end=\"2982\"><strong data-start=\"2944\" data-end=\"2976\">Extensi\u00f3n de red de malla:<\/strong> No<\/li>\n<li data-start=\"2983\" data-end=\"3066\"><strong data-start=\"2985\" data-end=\"3004\">Compatibilidad:<\/strong> Apple HomeKit, Google Assistant (no Amazon Alexa, no IFTTT)<\/li>\n<li data-start=\"3067\" data-end=\"3101\"><strong data-start=\"3069\" data-end=\"3095\">Iluminaci\u00f3n\/luz de se\u00f1alizaci\u00f3n:<\/strong> No<\/li>\n<\/ul>\n<h3 data-start=\"3103\" data-end=\"3169\"><strong data-start=\"3107\" data-end=\"3167\">Perfecto para hogares inteligentes e instalaciones profesionales<\/strong><\/h3>\n<p data-start=\"3170\" data-end=\"3411\">El bot\u00f3n giratorio inal\u00e1mbrico SW blanco es una soluci\u00f3n ideal para quienes desean un control sencillo e inal\u00e1mbrico de su iluminaci\u00f3n.<\/p>\n<p data-start=\"3170\" data-end=\"3411\">Es perfecto para <strong data-start=\"3301\" data-end=\"3356\">casas inteligentes, entornos de oficina y otras instalaciones<\/strong> donde la flexibilidad y la facilidad de uso son cruciales.<\/p>\n<h3 data-start=\"3413\" data-end=\"3450\"><strong data-start=\"3417\" data-end=\"3448\">Instalaci\u00f3n y uso<\/strong><\/h3>\n<p data-start=\"3451\" data-end=\"3508\">La instalaci\u00f3n es sencilla y no requiere herramientas especiales:<\/p>\n<ol data-start=\"3510\" data-end=\"3827\">\n<li data-start=\"3510\" data-end=\"3640\"><strong data-start=\"3513\" data-end=\"3549\">Monte la perilla giratoria en la ubicaci\u00f3n deseada.<\/strong> \u2013 Se monta en una caja el\u00e9ctrica est\u00e1ndar o con cinta\/tornillos en cualquier superficie.<\/li>\n<li data-start=\"3641\" data-end=\"3710\"><strong data-start=\"3644\" data-end=\"3668\">Con\u00e9ctate en la aplicaci\u00f3n Plejd<\/strong> \u2013 Configurar y personalizar las funciones.<\/li>\n<li data-start=\"3711\" data-end=\"3827\"><strong data-start=\"3714\" data-end=\"3740\">Comience a utilizar el bot\u00f3n giratorio<\/strong> \u2013 Gire para atenuar, presione para encender\/apagar y haga doble clic para controlar el escenario.<\/li>\n<\/ol>\n<h3 data-start=\"3829\" data-end=\"3878\"><strong data-start=\"3833\" data-end=\"3876\">Dise\u00f1o elegante y construcci\u00f3n duradera.<\/strong><\/h3>\n<p data-start=\"3879\" data-end=\"4189\">El acabado blanco brillante y la compatibilidad con <strong data-start=\"3930\" data-end=\"3957\">Marcos Schneider Exxact\u00ae<\/strong> hacer <strong data-start=\"3962\" data-end=\"3989\">Perilla giratoria inal\u00e1mbrica SW blanca<\/strong> Una elecci\u00f3n elegante para todo tipo de entornos.<\/p>\n<p data-start=\"3879\" data-end=\"4189\">El dise\u00f1o minimalista significa que combina muy bien con interiores modernos y cl\u00e1sicos al tiempo que ofrece un control de iluminaci\u00f3n avanzado.<\/p>\n<h3 data-start=\"4191\" data-end=\"4209\"><strong data-start=\"4195\" data-end=\"4207\">Conclusi\u00f3n<\/strong><\/h3>\n<p data-start=\"4210\" data-end=\"4456\">El bot\u00f3n giratorio inal\u00e1mbrico SW White es una soluci\u00f3n innovadora y flexible para <strong data-start=\"4275\" data-end=\"4299\">control de luz inal\u00e1mbrico<\/strong>.<\/p>\n<p data-start=\"4210\" data-end=\"4456\">Con una bater\u00eda de larga duraci\u00f3n, f\u00e1cil instalaci\u00f3n y funciones inteligentes, este es un dispositivo \u00f3ptimo para cualquiera que quiera un <strong data-start=\"4413\" data-end=\"4453\">Control de iluminaci\u00f3n suave y moderno<\/strong>.<\/p>","protected":false},"excerpt":{"rendered":"<p>El bot\u00f3n giratorio Wireless SW White permite el control inal\u00e1mbrico de una o m\u00e1s unidades Plejd.<\/p>\n<p>F\u00e1cil instalaci\u00f3n en el exterior de una caja el\u00e9ctrica est\u00e1ndar o con cinta\/tornillos.<\/p>\n<p>Hasta 15 a\u00f1os de duraci\u00f3n de bater\u00eda. Compatible con Apple HomeKit y Google Assistant.<\/p>\n<p>Compatible con marco blanco de Schneider Exxact\u00ae.<\/p>","protected":false},"featured_media":148039,"template":"","meta":{"_acf_changed":false},"product_brand":[],"product_cat":[4661],"product_tag":[4670],"class_list":{"0":"post-148040","1":"product","2":"type-product","3":"status-publish","4":"has-post-thumbnail","6":"product_cat-plejd-vridadapter","7":"product_tag-plejd","8":"product_shipping_class-postnord-varubrev","9":"pa_brands-plejd","10":"pa_farg-vit","11":"tm-has-options","13":"first","14":"instock","15":"sale","16":"taxable","17":"shipping-taxable","18":"purchasable","19":"product-type-simple"},"acf":[],"_links":{"self":[{"href":"https:\/\/secureus.se\/es\/wp-json\/wp\/v2\/product\/148040","targetHints":{"allow":["GET"]}}],"collection":[{"href":"https:\/\/secureus.se\/es\/wp-json\/wp\/v2\/product"}],"about":[{"href":"https:\/\/secureus.se\/es\/wp-json\/wp\/v2\/types\/product"}],"wp:featuredmedia":[{"embeddable":true,"href":"https:\/\/secureus.se\/es\/wp-json\/wp\/v2\/media\/148039"}],"wp:attachment":[{"href":"https:\/\/secureus.se\/es\/wp-json\/wp\/v2\/media?parent=148040"}],"wp:term":[{"taxonomy":"product_brand","embeddable":true,"href":"https:\/\/secureus.se\/es\/wp-json\/wp\/v2\/product_brand?post=148040"},{"taxonomy":"product_cat","embeddable":true,"href":"https:\/\/secureus.se\/es\/wp-json\/wp\/v2\/product_cat?post=148040"},{"taxonomy":"product_tag","embeddable":true,"href":"https:\/\/secureus.se\/es\/wp-json\/wp\/v2\/product_tag?post=148040"}],"curies":[{"name":"wp","href":"https:\/\/api.w.org\/{rel}","templated":true}]}}