{"id":148044,"date":"2025-02-25T12:22:24","date_gmt":"2025-02-25T11:22:24","guid":{"rendered":"https:\/\/secureus.se\/?post_type=product&#038;p=148044"},"modified":"2026-04-08T16:32:22","modified_gmt":"2026-04-08T14:32:22","slug":"plejd-extender-ext-01-2xin-bat-mesh-bt","status":"publish","type":"product","link":"https:\/\/secureus.se\/es\/plejd-extender-ext-01-2xin-bat-mesh-bt\/","title":{"rendered":"Extensor Plejd EXT-01 2xIN BAT Mesh BT"},"content":{"rendered":"<h1 data-start=\"527\" data-end=\"590\"><strong data-start=\"531\" data-end=\"588\">Alcance mejorado y confiabilidad operativa con Plaid Mesh<\/strong><\/h1>\n<p data-start=\"591\" data-end=\"936\">Plejd Extender 2xIN BAT Mesh BT (EXT-01) es un dispositivo potente que <strong data-start=\"658\" data-end=\"705\">ampl\u00eda el alcance de la red de malla Plejd<\/strong> actuando como un puente inal\u00e1mbrico entre dispositivos.<\/p>\n<p data-start=\"591\" data-end=\"936\">Ayuda a <strong data-start=\"783\" data-end=\"819\">garantizar una comunicaci\u00f3n estable<\/strong> dentro del sistema, lo que lo hace perfecto para instalaciones m\u00e1s grandes donde la distancia entre unidades puede ser un desaf\u00edo.<\/p>\n<p data-start=\"938\" data-end=\"1220\">Gracias a ello <strong data-start=\"952\" data-end=\"992\">bater\u00eda de respaldo integrada (BAT-01)<\/strong> \u00bfPuede cronometrar funciones como <strong data-start=\"1016\" data-end=\"1062\">Reloj astron\u00f3mico y otros ajustes controlados por tiempo<\/strong> continuar\u00e1 funcionando incluso durante un corte de energ\u00eda.<\/p>\n<p data-start=\"938\" data-end=\"1220\">Esto hace que el EXT-01 sea un componente importante en instalaciones de iluminaci\u00f3n inteligente donde la confiabilidad es crucial.<\/p>\n<h3 data-start=\"1222\" data-end=\"1267\"><strong data-start=\"1226\" data-end=\"1265\">Control inal\u00e1mbrico con m\u00faltiples entradas<\/strong><\/h3>\n<p data-start=\"1268\" data-end=\"1416\">Plejd Extender tambi\u00e9n puede funcionar como un <strong data-start=\"1308\" data-end=\"1321\">m\u00f3dulo de control<\/strong> para otros dispositivos Plejd a trav\u00e9s de sus dos entradas separadas. Esto permite conectar:<\/p>\n<ul data-start=\"1418\" data-end=\"1500\">\n<li data-start=\"1418\" data-end=\"1452\"><strong data-start=\"1420\" data-end=\"1450\">Botones pulsadores con resorte<\/strong><\/li>\n<li data-start=\"1453\" data-end=\"1474\"><strong data-start=\"1455\" data-end=\"1472\">Guardias de movimiento<\/strong><\/li>\n<li data-start=\"1475\" data-end=\"1500\"><strong data-start=\"1477\" data-end=\"1498\">Adaptador rotatorio (RTR)<\/strong><\/li>\n<\/ul>\n<p data-start=\"1502\" data-end=\"1622\">Estas caracter\u00edsticas facilitan la adaptaci\u00f3n del control de la iluminaci\u00f3n seg\u00fan sea necesario y crean una soluci\u00f3n de iluminaci\u00f3n inteligente y flexible.<\/p>\n<h3 data-start=\"1624\" data-end=\"1666\"><strong data-start=\"1628\" data-end=\"1664\">Instalaci\u00f3n f\u00e1cil y vers\u00e1til<\/strong><\/h3>\n<p data-start=\"1667\" data-end=\"1753\">EXT-01 est\u00e1 dise\u00f1ado para ser f\u00e1cil de instalar y se puede montar de varias maneras:<\/p>\n<ul data-start=\"1755\" data-end=\"1930\">\n<li data-start=\"1755\" data-end=\"1813\"><strong data-start=\"1757\" data-end=\"1774\">En la caja del dispositivo<\/strong> \u2013 Detr\u00e1s de un pulsador o de la tapa de una caja.<\/li>\n<li data-start=\"1814\" data-end=\"1854\"><strong data-start=\"1816\" data-end=\"1827\">En la pared<\/strong> \u2013 Para una colocaci\u00f3n discreta.<\/li>\n<li data-start=\"1855\" data-end=\"1930\"><strong data-start=\"1857\" data-end=\"1873\">En carril DIN<\/strong> \u2013 Utilizando el clip de montaje (MNT-01, no incluido).<\/li>\n<\/ul>\n<p data-start=\"1932\" data-end=\"2098\">El dise\u00f1o compacto (46x46x18 mm) hace que sea f\u00e1cil de colocar en espacios reducidos y <strong data-start=\"2021\" data-end=\"2061\">Bajo consumo en modo de espera de solo 0,2 W<\/strong> garantiza un funcionamiento energ\u00e9ticamente eficiente.<\/p>\n<h3 data-start=\"2100\" data-end=\"2140\"><strong data-start=\"2104\" data-end=\"2138\">Caracter\u00edsticas y beneficios del producto<\/strong><\/h3>\n<ul data-start=\"2142\" data-end=\"2700\">\n<li data-start=\"2142\" data-end=\"2217\"><strong data-start=\"2144\" data-end=\"2181\">Ampl\u00eda el alcance en malla Plaid<\/strong> \u2013 Perfecto para propiedades m\u00e1s grandes.<\/li>\n<li data-start=\"2218\" data-end=\"2307\"><strong data-start=\"2220\" data-end=\"2257\">Bater\u00eda de respaldo integrada (BAT-01)<\/strong> \u2013 Garantiza las funciones de tiempo en caso de corte de energ\u00eda.<\/li>\n<li data-start=\"2308\" data-end=\"2405\"><strong data-start=\"2310\" data-end=\"2347\">Dos entradas para control inal\u00e1mbrico<\/strong> \u2013 Conecte pulsadores, sensores de movimiento o adaptadores giratorios.<\/li>\n<li data-start=\"2406\" data-end=\"2491\"><strong data-start=\"2408\" data-end=\"2431\">Instalaci\u00f3n sin problemas<\/strong> \u2013 Se puede montar en una caja de conexiones, en una pared o en un carril DIN.<\/li>\n<li data-start=\"2492\" data-end=\"2547\"><strong data-start=\"2494\" data-end=\"2512\">Eficiencia energ\u00e9tica<\/strong> \u2013 Consumo en standby de solo 0,2 W.<\/li>\n<li data-start=\"2548\" data-end=\"2615\"><strong data-start=\"2550\" data-end=\"2582\">Comunicaci\u00f3n inal\u00e1mbrica estable<\/strong> \u2013 Malla de 2,4 GHz y Bluetooth\u00ae.<\/li>\n<li data-start=\"2616\" data-end=\"2700\"><strong data-start=\"2618\" data-end=\"2658\">Alcance de radio de unos 10 metros en interiores.<\/strong> \u2013 Ampl\u00eda y estabiliza la red.<\/li>\n<\/ul>\n<h3 data-start=\"2702\" data-end=\"2739\"><strong data-start=\"2706\" data-end=\"2737\">Instalaci\u00f3n y uso<\/strong><\/h3>\n<p data-start=\"2740\" data-end=\"2807\">La instalaci\u00f3n es sencilla y no requiere ninguna configuraci\u00f3n avanzada:<\/p>\n<ol data-start=\"2809\" data-end=\"3129\">\n<li data-start=\"2809\" data-end=\"2878\"><strong data-start=\"2812\" data-end=\"2875\">Coloque el EXT-01 en una caja de conexiones, en una pared o en un riel DIN<\/strong>.<\/li>\n<li data-start=\"2879\" data-end=\"2943\"><strong data-start=\"2882\" data-end=\"2940\">Conecte la fuente de alimentaci\u00f3n (230 V CA, 50 Hz, m\u00e1x. 0,02 A)<\/strong>.<\/li>\n<li data-start=\"2944\" data-end=\"3048\"><strong data-start=\"2947\" data-end=\"3002\">Conecte pulsadores opcionales u otras entradas<\/strong> (por ejemplo, sensor de movimiento o adaptador giratorio).<\/li>\n<li data-start=\"3049\" data-end=\"3129\"><strong data-start=\"3052\" data-end=\"3089\">Configurar el dispositivo en la aplicaci\u00f3n Plejd<\/strong> y personalizar las funciones seg\u00fan sea necesario.<\/li>\n<\/ol>\n<p data-start=\"3131\" data-end=\"3247\">EXT-01 se iniciar\u00e1 autom\u00e1ticamente. <strong data-start=\"3170\" data-end=\"3233\">ampliar el alcance y comunicarse con otros dispositivos Plejd<\/strong> en el sistema.<\/p>\n<h3 data-start=\"3249\" data-end=\"3283\"><strong data-start=\"3253\" data-end=\"3281\">Especificaciones t\u00e9cnicas<\/strong><\/h3>\n<ul data-start=\"3285\" data-end=\"3853\">\n<li data-start=\"3285\" data-end=\"3307\"><strong data-start=\"3287\" data-end=\"3298\">Modelo:<\/strong> EXT-01<\/li>\n<li data-start=\"3308\" data-end=\"3354\"><strong data-start=\"3310\" data-end=\"3326\">Tensi\u00f3n de red:<\/strong> 230 V \/ 50 Hz, m\u00e1x. 0,02 A<\/li>\n<li data-start=\"3355\" data-end=\"3383\"><strong data-start=\"3357\" data-end=\"3375\">Energ\u00eda en espera:<\/strong> 0,2 W<\/li>\n<li data-start=\"3384\" data-end=\"3439\"><strong data-start=\"3386\" data-end=\"3421\">Temperatura de funcionamiento (fuera de la caja):<\/strong> -25 a +35\u00b0C<\/li>\n<li data-start=\"3440\" data-end=\"3489\"><strong data-start=\"3442\" data-end=\"3460\">Bater\u00eda de respaldo:<\/strong> Hasta 10 a\u00f1os de reserva de marcha<\/li>\n<li data-start=\"3490\" data-end=\"3526\"><strong data-start=\"3492\" data-end=\"3508\">Dimensiones:<\/strong> 46 x 46 x 18 mm<\/li>\n<li data-start=\"3527\" data-end=\"3557\"><strong data-start=\"3529\" data-end=\"3543\">\u00c1rea de cable:<\/strong> 0,5\u20134,0 mm\u00b2<\/li>\n<li data-start=\"3558\" data-end=\"3613\"><strong data-start=\"3560\" data-end=\"3576\">Sistema de radio:<\/strong> Malla de 2,4 GHz, Bluetooth\u00ae (&lt;10 dBm)<\/li>\n<li data-start=\"3614\" data-end=\"3656\"><strong data-start=\"3616\" data-end=\"3634\">Alcance de radio:<\/strong> Unos 10 metros en interiores<\/li>\n<li data-start=\"3657\" data-end=\"3685\"><strong data-start=\"3659\" data-end=\"3678\">Clase de recinto:<\/strong> IP20<\/li>\n<li data-start=\"3686\" data-end=\"3711\"><strong data-start=\"3688\" data-end=\"3707\">N\u00famero de entradas:<\/strong> 2<\/li>\n<li data-start=\"3712\" data-end=\"3756\"><strong data-start=\"3714\" data-end=\"3741\">Tipo de voltaje de entrada:<\/strong> CA 220\u2013240 V<\/li>\n<li data-start=\"3757\" data-end=\"3853\"><strong data-start=\"3759\" data-end=\"3784\">Opciones de montaje:<\/strong> Caja de alojamiento del dispositivo, pared o carril DIN (con clip de montaje, MNT-01)<\/li>\n<\/ul>\n<h3 data-start=\"3855\" data-end=\"3899\"><strong data-start=\"3859\" data-end=\"3897\">Ventajas de la malla Plaid y EXT-01<\/strong><\/h3>\n<p data-start=\"3900\" data-end=\"4183\">La malla a cuadros es una <strong data-start=\"3917\" data-end=\"3961\">Soluci\u00f3n de red autorreparable y escalable<\/strong> donde cada dispositivo se comunica con otros dispositivos para garantizar una conectividad \u00f3ptima.<\/p>\n<p data-start=\"3900\" data-end=\"4183\">Al utilizar EXT-01 puede: <strong data-start=\"4081\" data-end=\"4103\">ampliar la red<\/strong> y al mismo tiempo habilitar m\u00e1s opciones de control en su sistema de iluminaci\u00f3n inteligente.<\/p>\n<h3 data-start=\"4185\" data-end=\"4203\"><strong data-start=\"4189\" data-end=\"4201\">Conclusi\u00f3n<\/strong><\/h3>\n<p data-start=\"4204\" data-end=\"4544\">Plejd Extender 2xIN BAT Mesh BT (EXT-01) es un dispositivo vers\u00e1til y potente que <strong data-start=\"4290\" data-end=\"4357\">Ampl\u00eda el alcance de la malla Plejd y act\u00faa como m\u00f3dulo de control<\/strong> para otros dispositivos.<\/p>\n<p data-start=\"4204\" data-end=\"4544\">Con <strong data-start=\"4381\" data-end=\"4409\">bater\u00eda de respaldo integrada<\/strong>, dos entradas para pulsadores y f\u00e1cil instalaci\u00f3n, este es un <strong data-start=\"4476\" data-end=\"4496\">producto imprescindible<\/strong> para cualquiera que quiera optimizar su sistema Plejd.<\/p>\n<p>&nbsp;<\/p>","protected":false},"excerpt":{"rendered":"<p>Plejd Extender (EXT-01) ampl\u00eda el alcance de la malla Plejd y garantiza que las funciones horarias, como el reloj astron\u00f3mico, funcionen incluso durante cortes de energ\u00eda gracias a la bater\u00eda de respaldo integrada.<\/p>\n<p>Control inal\u00e1mbrico de dispositivos Plejd mediante pulsador, sensor de movimiento o adaptador giratorio.<\/p>\n<p>F\u00e1cil instalaci\u00f3n en caja de conexiones o en carril DIN.<\/p>","protected":false},"featured_media":148043,"template":"","meta":{"_acf_changed":false},"product_brand":[],"product_cat":[4656],"product_tag":[4670],"class_list":{"0":"post-148044","1":"product","2":"type-product","3":"status-publish","4":"has-post-thumbnail","6":"product_cat-plejd-controller-extender","7":"product_tag-plejd","8":"product_shipping_class-postnord-varubrev","9":"pa_brands-plejd","10":"tm-has-options","12":"first","13":"instock","14":"sale","15":"taxable","16":"shipping-taxable","17":"purchasable","18":"product-type-simple"},"acf":[],"_links":{"self":[{"href":"https:\/\/secureus.se\/es\/wp-json\/wp\/v2\/product\/148044","targetHints":{"allow":["GET"]}}],"collection":[{"href":"https:\/\/secureus.se\/es\/wp-json\/wp\/v2\/product"}],"about":[{"href":"https:\/\/secureus.se\/es\/wp-json\/wp\/v2\/types\/product"}],"wp:featuredmedia":[{"embeddable":true,"href":"https:\/\/secureus.se\/es\/wp-json\/wp\/v2\/media\/148043"}],"wp:attachment":[{"href":"https:\/\/secureus.se\/es\/wp-json\/wp\/v2\/media?parent=148044"}],"wp:term":[{"taxonomy":"product_brand","embeddable":true,"href":"https:\/\/secureus.se\/es\/wp-json\/wp\/v2\/product_brand?post=148044"},{"taxonomy":"product_cat","embeddable":true,"href":"https:\/\/secureus.se\/es\/wp-json\/wp\/v2\/product_cat?post=148044"},{"taxonomy":"product_tag","embeddable":true,"href":"https:\/\/secureus.se\/es\/wp-json\/wp\/v2\/product_tag?post=148044"}],"curies":[{"name":"wp","href":"https:\/\/api.w.org\/{rel}","templated":true}]}}