{"id":148046,"date":"2025-02-25T12:22:24","date_gmt":"2025-02-25T11:22:24","guid":{"rendered":"https:\/\/secureus.se\/?post_type=product&#038;p=148046"},"modified":"2026-04-08T16:32:19","modified_gmt":"2026-04-08T14:32:19","slug":"plejd-rela-rel-01-2p-1-2-pol-16a-13a-mesh-bluetooth","status":"publish","type":"product","link":"https:\/\/secureus.se\/es\/plejd-rela-rel-01-2p-1-2-pol-16a-13a-mesh-bluetooth\/","title":{"rendered":"Rel\u00e9 Plejd REL-01-2P de 1\/2 polos, 16 A\/13 A, malla Bluetooth"},"content":{"rendered":"<h1 data-start=\"480\" data-end=\"539\"><strong data-start=\"484\" data-end=\"537\">Interruptor de rel\u00e9 avanzado para sistemas de iluminaci\u00f3n inteligente<\/strong><\/h1>\n<p data-start=\"540\" data-end=\"762\">El rel\u00e9 Plejd 1\/2 polo 16A\/13A Mesh BT (REL-01-2P) es un rel\u00e9 vers\u00e1til y potente <strong data-start=\"617\" data-end=\"661\">Interruptor de rel\u00e9 para control de iluminaci\u00f3n inteligente<\/strong>.<\/p>\n<p data-start=\"540\" data-end=\"762\">Tiene soporte para <strong data-start=\"680\" data-end=\"709\">interruptor de 1 o 2 polos<\/strong>, haci\u00e9ndolo flexible para diferentes instalaciones.<\/p>\n<ul data-start=\"764\" data-end=\"978\">\n<li data-start=\"764\" data-end=\"849\"><strong data-start=\"766\" data-end=\"790\">En caso de rotura de un polo<\/strong> La unidad puede manejar una carga de hasta <strong data-start=\"831\" data-end=\"846\">16 A (3500 W)<\/strong>.<\/li>\n<li data-start=\"850\" data-end=\"978\"><strong data-start=\"852\" data-end=\"876\">En caso de conmutaci\u00f3n de 2 polos<\/strong> es la corriente m\u00e1xima <strong data-start=\"894\" data-end=\"909\">13 A (3000 W)<\/strong>, lo que lo hace ideal para <strong data-start=\"939\" data-end=\"975\">instalaciones que requieren seguridad<\/strong>.<\/li>\n<\/ul>\n<p data-start=\"980\" data-end=\"1145\">REL-01-2P est\u00e1 equipado con <strong data-start=\"1006\" data-end=\"1035\">detecci\u00f3n de cruce por cero<\/strong> y <strong data-start=\"1040\" data-end=\"1055\">protecci\u00f3n del disyuntor<\/strong>, lo que minimiza el desgaste y extiende la vida \u00fatil tanto del rel\u00e9 como de las cargas conectadas.<\/p>\n<h3 data-start=\"1147\" data-end=\"1204\"><strong data-start=\"1151\" data-end=\"1202\">Control inal\u00e1mbrico y funciones de temporizaci\u00f3n integradas<\/strong><\/h3>\n<p data-start=\"1205\" data-end=\"1230\">El dispositivo se puede controlar a trav\u00e9s de:<\/p>\n<ul data-start=\"1232\" data-end=\"1574\">\n<li data-start=\"1232\" data-end=\"1305\"><strong data-start=\"1234\" data-end=\"1249\">La aplicaci\u00f3n Plejd<\/strong> \u2013 Control total sobre la iluminaci\u00f3n directamente desde tu m\u00f3vil.<\/li>\n<li data-start=\"1306\" data-end=\"1368\"><strong data-start=\"1308\" data-end=\"1336\">Bot\u00f3n pulsador con retorno por resorte<\/strong> \u2013 Para control f\u00edsico directo.<\/li>\n<li data-start=\"1369\" data-end=\"1456\"><strong data-start=\"1371\" data-end=\"1406\">Interruptor o sensor de movimiento<\/strong> \u2013 Para activaci\u00f3n autom\u00e1tica en funci\u00f3n del movimiento.<\/li>\n<li data-start=\"1457\" data-end=\"1574\"><strong data-start=\"1459\" data-end=\"1477\">Funciones de tiempo<\/strong> \u2013 REL-01-2P tiene funciones de temporizador, astro y reloj semanal incorporadas para <strong data-start=\"1544\" data-end=\"1571\">control autom\u00e1tico de luz<\/strong>.<\/li>\n<\/ul>\n<p data-start=\"1576\" data-end=\"1706\">Tambi\u00e9n puedes crear <strong data-start=\"1594\" data-end=\"1621\">escenarios en la aplicaci\u00f3n Plejd<\/strong> y controlar uno o m\u00e1s dispositivos simult\u00e1neamente a trav\u00e9s del m\u00f3vil, tablet o pulsador.<\/p>\n<h3 data-start=\"1708\" data-end=\"1772\"><strong data-start=\"1712\" data-end=\"1770\">F\u00e1cil instalaci\u00f3n y opciones de montaje vers\u00e1tiles<\/strong><\/h3>\n<p data-start=\"1773\" data-end=\"1841\">El REL-01-2P se puede instalar de varias maneras para adaptarse a diferentes necesidades:<\/p>\n<ul data-start=\"1843\" data-end=\"2028\">\n<li data-start=\"1843\" data-end=\"1901\"><strong data-start=\"1845\" data-end=\"1862\">En la caja del dispositivo<\/strong> \u2013 Detr\u00e1s de un pulsador o de la tapa de una caja.<\/li>\n<li data-start=\"1902\" data-end=\"1952\"><strong data-start=\"1904\" data-end=\"1915\">En la pared<\/strong> \u2013 Para instalaciones m\u00e1s flexibles.<\/li>\n<li data-start=\"1953\" data-end=\"2028\"><strong data-start=\"1955\" data-end=\"1971\">En carril DIN<\/strong> \u2013 Utilizando el clip de montaje (MNT-01, no incluido).<\/li>\n<\/ul>\n<p data-start=\"2030\" data-end=\"2120\">El tama\u00f1o compacto (46x46x18 mm) hace que sea f\u00e1cil de instalar en <strong data-start=\"2098\" data-end=\"2117\">espacios reducidos<\/strong>.<\/p>\n<h3 data-start=\"2122\" data-end=\"2162\"><strong data-start=\"2126\" data-end=\"2160\">Caracter\u00edsticas y beneficios del producto<\/strong><\/h3>\n<ul data-start=\"2164\" data-end=\"2767\">\n<li data-start=\"2164\" data-end=\"2244\"><strong data-start=\"2166\" data-end=\"2186\">Control inal\u00e1mbrico<\/strong> \u2013 Controle el dispositivo a trav\u00e9s de la aplicaci\u00f3n Plejd o pulsando un bot\u00f3n.<\/li>\n<li data-start=\"2245\" data-end=\"2320\"><strong data-start=\"2247\" data-end=\"2283\">Admite conmutaci\u00f3n de 1 y 2 polos<\/strong> \u2013 Personalizar seg\u00fan los requisitos de instalaci\u00f3n.<\/li>\n<li data-start=\"2321\" data-end=\"2403\"><strong data-start=\"2323\" data-end=\"2371\">Potencia m\u00e1xima 3500 W (1 polo) o 3000 W (2 polos)<\/strong> \u2013 Soporte para cargas potentes.<\/li>\n<li data-start=\"2404\" data-end=\"2490\"><strong data-start=\"2406\" data-end=\"2435\">Detecci\u00f3n de cruce por cero<\/strong> \u2013 Protege las cargas conectadas y prolonga la vida \u00fatil.<\/li>\n<li data-start=\"2491\" data-end=\"2551\"><strong data-start=\"2493\" data-end=\"2520\">Funciones de tiempo incorporadas<\/strong> \u2013 Temporizador, astro y reloj semanal.<\/li>\n<li data-start=\"2552\" data-end=\"2610\"><strong data-start=\"2554\" data-end=\"2576\">Soporte para escenarios<\/strong> \u2013 Controlar varios dispositivos simult\u00e1neamente.<\/li>\n<li data-start=\"2611\" data-end=\"2699\"><strong data-start=\"2613\" data-end=\"2642\">Compatible con malla Plaid<\/strong> \u2013 Ampl\u00eda el alcance de tu sistema de iluminaci\u00f3n inteligente.<\/li>\n<li data-start=\"2700\" data-end=\"2767\"><strong data-start=\"2702\" data-end=\"2720\">Eficiencia energ\u00e9tica<\/strong> \u2013 Bajo consumo en modo espera de s\u00f3lo <strong data-start=\"2756\" data-end=\"2764\">0,3 W<\/strong>.<\/li>\n<\/ul>\n<h3 data-start=\"2769\" data-end=\"2806\"><strong data-start=\"2773\" data-end=\"2804\">Instalaci\u00f3n y uso<\/strong><\/h3>\n<ol data-start=\"2807\" data-end=\"3098\">\n<li data-start=\"2807\" data-end=\"2877\"><strong data-start=\"2810\" data-end=\"2874\">Coloque el dispositivo en una caja de conexiones, en una pared o en un riel DIN<\/strong>.<\/li>\n<li data-start=\"2878\" data-end=\"2948\"><strong data-start=\"2881\" data-end=\"2925\">Conecte las cargas seg\u00fan los requisitos de instalaci\u00f3n<\/strong> (unipolar o bipolar).<\/li>\n<li data-start=\"2949\" data-end=\"3020\"><strong data-start=\"2952\" data-end=\"2989\">Configurar el dispositivo en la aplicaci\u00f3n Plejd<\/strong> y personalizar la configuraci\u00f3n.<\/li>\n<li data-start=\"3021\" data-end=\"3098\"><strong data-start=\"3024\" data-end=\"3095\">Comience a controlar su iluminaci\u00f3n a trav\u00e9s de la aplicaci\u00f3n, botones o sensores de movimiento.<\/strong>.<\/li>\n<\/ol>\n<h3 data-start=\"3100\" data-end=\"3134\"><strong data-start=\"3104\" data-end=\"3132\">Especificaciones t\u00e9cnicas<\/strong><\/h3>\n<ul data-start=\"3136\" data-end=\"3902\">\n<li data-start=\"3136\" data-end=\"3161\"><strong data-start=\"3138\" data-end=\"3149\">Modelo:<\/strong> REL-01-2P<\/li>\n<li data-start=\"3162\" data-end=\"3194\"><strong data-start=\"3164\" data-end=\"3180\">Tensi\u00f3n de red:<\/strong> 230 V \/ 50 Hz<\/li>\n<li data-start=\"3195\" data-end=\"3223\"><strong data-start=\"3197\" data-end=\"3215\">Energ\u00eda en espera:<\/strong> 0,3 W<\/li>\n<li data-start=\"3224\" data-end=\"3264\"><strong data-start=\"3226\" data-end=\"3246\">Temperatura de funcionamiento:<\/strong> -25 a +35\u00b0C<\/li>\n<li data-start=\"3265\" data-end=\"3301\"><strong data-start=\"3267\" data-end=\"3283\">Dimensiones:<\/strong> 46 x 46 x 18 mm<\/li>\n<li data-start=\"3302\" data-end=\"3332\"><strong data-start=\"3304\" data-end=\"3318\">\u00c1rea de cable:<\/strong> 0,5\u20134,0 mm\u00b2<\/li>\n<li data-start=\"3333\" data-end=\"3411\"><strong data-start=\"3335\" data-end=\"3351\">Capacidad de ruptura:<\/strong>\n<ul data-start=\"3356\" data-end=\"3411\">\n<li data-start=\"3356\" data-end=\"3382\">1 polo: <strong data-start=\"3365\" data-end=\"3380\">16 A (3500 W)<\/strong><\/li>\n<li data-start=\"3385\" data-end=\"3411\">2 polos: <strong data-start=\"3394\" data-end=\"3409\">13 A (3000 W)<\/strong><\/li>\n<\/ul>\n<\/li>\n<li data-start=\"3412\" data-end=\"3589\"><strong data-start=\"3414\" data-end=\"3428\">Tipos de carga:<\/strong>\n<ul data-start=\"3433\" data-end=\"3589\">\n<li data-start=\"3433\" data-end=\"3471\">L\u00e1mpara hal\u00f3gena\/incandescente (230 V): <strong data-start=\"3460\" data-end=\"3469\">3500W<\/strong><\/li>\n<li data-start=\"3474\" data-end=\"3498\">Cargas LED: <strong data-start=\"3488\" data-end=\"3496\">800 W<\/strong><\/li>\n<li data-start=\"3501\" data-end=\"3522\">Fluorescente: <strong data-start=\"3511\" data-end=\"3520\">1500W<\/strong><\/li>\n<li data-start=\"3525\" data-end=\"3589\">Hal\u00f3geno electr\u00f3nico\/convencional de bajo voltaje: <strong data-start=\"3570\" data-end=\"3587\">1500 W \/ 1200 W<\/strong><\/li>\n<\/ul>\n<\/li>\n<li data-start=\"3590\" data-end=\"3687\"><strong data-start=\"3592\" data-end=\"3602\">Protecci\u00f3n:<\/strong>\n<ul data-start=\"3607\" data-end=\"3687\">\n<li data-start=\"3607\" data-end=\"3650\">Detecci\u00f3n de cruce por cero (protecci\u00f3n del disyuntor)<\/li>\n<li data-start=\"3653\" data-end=\"3687\">Protecci\u00f3n contra sobretemperatura (software)<\/li>\n<\/ul>\n<\/li>\n<li data-start=\"3688\" data-end=\"3733\"><strong data-start=\"3690\" data-end=\"3706\">Sistema de radio:<\/strong> Malla de 2,4 GHz, Bluetooth\u00ae<\/li>\n<li data-start=\"3734\" data-end=\"3776\"><strong data-start=\"3736\" data-end=\"3754\">Alcance de radio:<\/strong> Unos 10 metros en interiores<\/li>\n<li data-start=\"3777\" data-end=\"3805\"><strong data-start=\"3779\" data-end=\"3798\">Clase de recinto:<\/strong> IP20<\/li>\n<li data-start=\"3806\" data-end=\"3902\"><strong data-start=\"3808\" data-end=\"3833\">Opciones de montaje:<\/strong> Caja de alojamiento del dispositivo, pared o carril DIN (con clip de montaje, MNT-01)<\/li>\n<\/ul>\n<h3 data-start=\"3904\" data-end=\"3970\"><strong data-start=\"3908\" data-end=\"3968\">Perfecto para hogares inteligentes e instalaciones profesionales<\/strong><\/h3>\n<p data-start=\"3971\" data-end=\"4239\">Plejd REL-01-2P es ideal tanto para <strong data-start=\"4008\" data-end=\"4055\">viviendas particulares e instalaciones comerciales<\/strong> donde se necesita un control de iluminaci\u00f3n inteligente y flexible.<\/p>\n<p data-start=\"3971\" data-end=\"4239\">Gracias a <strong data-start=\"4116\" data-end=\"4137\">Tecnolog\u00eda de malla a cuadros<\/strong> puede <strong data-start=\"4145\" data-end=\"4170\">Ampl\u00eda tu red<\/strong> y asegurar <strong data-start=\"4187\" data-end=\"4236\">comunicaci\u00f3n inal\u00e1mbrica estable entre dispositivos<\/strong>.<\/p>\n<h3 data-start=\"4241\" data-end=\"4259\"><strong data-start=\"4245\" data-end=\"4257\">Conclusi\u00f3n<\/strong><\/h3>\n<p data-start=\"4260\" data-end=\"4618\">El rel\u00e9 Plejd 1\/2 polo 16A\/13A Mesh BT (REL-01-2P) es una soluci\u00f3n potente y flexible para <strong data-start=\"4348\" data-end=\"4403\">Control inal\u00e1mbrico de iluminaci\u00f3n y cargas el\u00e9ctricas<\/strong>.<\/p>\n<p data-start=\"4260\" data-end=\"4618\">Con soporte para ambos <strong data-start=\"4423\" data-end=\"4450\">Conmutaci\u00f3n de 1 y 2 polos<\/strong>, <strong data-start=\"4452\" data-end=\"4488\">control inal\u00e1mbrico a trav\u00e9s de la aplicaci\u00f3n Plejd<\/strong> y <strong data-start=\"4493\" data-end=\"4520\">funciones de tiempo integradas<\/strong> \u00bfEs esto un? <strong data-start=\"4533\" data-end=\"4551\">dispositivo imprescindible<\/strong> para todos los que quieran <strong data-start=\"4573\" data-end=\"4615\">un sistema el\u00e9ctrico inteligente y energ\u00e9ticamente eficiente<\/strong>.<\/p>\n<p data-start=\"2030\" data-end=\"2120\">","protected":false},"excerpt":{"rendered":"<p>Plejd Relay (REL-01-2P) es un conmutador de rel\u00e9 inal\u00e1mbrico compatible con conmutaci\u00f3n de 1 o 2 polos.<\/p>\n<p>Corriente m\u00e1xima: 16A en 1 polo, 13A en 2 polos.<\/p>\n<p>Control mediante aplicaci\u00f3n, pulsador o sensor de movimiento. Se incluyen funciones de tiempo como astrolog\u00eda y reloj semanal.<\/p>\n<p>Instalar en una caja de conexiones o en un riel DIN.<\/p>","protected":false},"featured_media":148045,"template":"","meta":{"_acf_changed":false},"product_brand":[],"product_cat":[4660],"product_tag":[4670],"class_list":{"0":"post-148046","1":"product","2":"type-product","3":"status-publish","4":"has-post-thumbnail","6":"product_cat-plejd-relaer-led","7":"product_tag-plejd","8":"product_shipping_class-postnord-varubrev","9":"pa_brands-plejd","10":"tm-has-options","12":"first","13":"instock","14":"sale","15":"taxable","16":"shipping-taxable","17":"purchasable","18":"product-type-simple"},"acf":[],"_links":{"self":[{"href":"https:\/\/secureus.se\/es\/wp-json\/wp\/v2\/product\/148046","targetHints":{"allow":["GET"]}}],"collection":[{"href":"https:\/\/secureus.se\/es\/wp-json\/wp\/v2\/product"}],"about":[{"href":"https:\/\/secureus.se\/es\/wp-json\/wp\/v2\/types\/product"}],"wp:featuredmedia":[{"embeddable":true,"href":"https:\/\/secureus.se\/es\/wp-json\/wp\/v2\/media\/148045"}],"wp:attachment":[{"href":"https:\/\/secureus.se\/es\/wp-json\/wp\/v2\/media?parent=148046"}],"wp:term":[{"taxonomy":"product_brand","embeddable":true,"href":"https:\/\/secureus.se\/es\/wp-json\/wp\/v2\/product_brand?post=148046"},{"taxonomy":"product_cat","embeddable":true,"href":"https:\/\/secureus.se\/es\/wp-json\/wp\/v2\/product_cat?post=148046"},{"taxonomy":"product_tag","embeddable":true,"href":"https:\/\/secureus.se\/es\/wp-json\/wp\/v2\/product_tag?post=148046"}],"curies":[{"name":"wp","href":"https:\/\/api.w.org\/{rel}","templated":true}]}}