{"id":148048,"date":"2025-02-25T12:22:24","date_gmt":"2025-02-25T11:22:24","guid":{"rendered":"https:\/\/secureus.se\/?post_type=product&#038;p=148048"},"modified":"2026-04-08T16:32:15","modified_gmt":"2026-04-08T14:32:15","slug":"gateway-bluetooth-internet","status":"publish","type":"product","link":"https:\/\/secureus.se\/es\/gateway-bluetooth-internet\/","title":{"rendered":"Puerta de enlace a Internet Bluetooth"},"content":{"rendered":"<h1 data-start=\"538\" data-end=\"624\"><strong data-start=\"542\" data-end=\"622\">Lleve el sistema Plejd al siguiente nivel con control remoto e integraciones inteligentes<\/strong><\/h1>\n<p data-start=\"625\" data-end=\"875\">Plejd Gateway GWY-01 es una soluci\u00f3n potente y compacta para <strong data-start=\"690\" data-end=\"730\">Conectar el sistema Plejd a Internet<\/strong>.<\/p>\n<p data-start=\"625\" data-end=\"875\">Al vincular la malla Plejd con Internet, le ofrece al usuario <strong data-start=\"796\" data-end=\"842\">Posibilidad de controlar la iluminaci\u00f3n a distancia<\/strong>, sin importar d\u00f3nde est\u00e9s.<\/p>\n<p data-start=\"877\" data-end=\"1058\">Con apoyo para <strong data-start=\"890\" data-end=\"938\">Google Home, Apple HomeKit\u00ae, Alexa y Homey<\/strong> Puede integrar f\u00e1cilmente Plejd con su hogar inteligente y controlar la iluminaci\u00f3n mediante comandos de voz o escenarios de automatizaci\u00f3n.<\/p>\n<h3 data-start=\"1060\" data-end=\"1099\"><strong data-start=\"1064\" data-end=\"1097\">Caracter\u00edsticas y beneficios clave<\/strong><\/h3>\n<ul data-start=\"1101\" data-end=\"1743\">\n<li data-start=\"1101\" data-end=\"1186\"><strong data-start=\"1103\" data-end=\"1135\">Control remoto de iluminaci\u00f3n<\/strong> \u2013 Gestiona el sistema Plejd dondequiera que est\u00e9s.<\/li>\n<li data-start=\"1187\" data-end=\"1260\"><strong data-start=\"1189\" data-end=\"1219\">Activar el modo vacaciones<\/strong> \u2013 Simular presencia cuando est\u00e1s ausente.<\/li>\n<li data-start=\"1261\" data-end=\"1376\"><strong data-start=\"1263\" data-end=\"1306\">Protege las funciones de tiempo en caso de un corte de energ\u00eda.<\/strong> \u2013 Garantiza que los relojes astron\u00f3micos y semanales funcionen incluso en caso de corte de energ\u00eda.<\/li>\n<li data-start=\"1377\" data-end=\"1487\"><strong data-start=\"1379\" data-end=\"1428\">Permite la integraci\u00f3n con servicios de terceros.<\/strong> \u2013 Compatibilidad con Google Home, Apple HomeKit\u00ae, Alexa y Homey.<\/li>\n<li data-start=\"1488\" data-end=\"1582\"><strong data-start=\"1490\" data-end=\"1512\">F\u00e1cil instalaci\u00f3n<\/strong> \u2013 Se conecta con cable de red (Ethernet\/RJ45) y adaptador de corriente USB-C.<\/li>\n<li data-start=\"1583\" data-end=\"1686\"><strong data-start=\"1585\" data-end=\"1606\">Parte de malla a cuadros<\/strong> \u2013 Se instala a trav\u00e9s de la aplicaci\u00f3n Plejd y extiende el alcance a trav\u00e9s de la comunicaci\u00f3n de malla.<\/li>\n<li data-start=\"1687\" data-end=\"1743\"><strong data-start=\"1689\" data-end=\"1707\">Eficiencia energ\u00e9tica<\/strong> \u2013 Consume s\u00f3lo 0,6 W en funcionamiento.<\/li>\n<\/ul>\n<h3 data-start=\"1745\" data-end=\"1786\"><strong data-start=\"1749\" data-end=\"1784\">Integraci\u00f3n perfecta en Plaid Mesh<\/strong><\/h3>\n<p data-start=\"1787\" data-end=\"1977\">La pasarela GWY-01 se convierte en una <strong data-start=\"1810\" data-end=\"1855\">parte integrada de su red de malla Plejd<\/strong>, lo que significa que puede comunicarse directamente con los dispositivos y utilizar la tecnolog\u00eda de malla de Plejd para ampliar el alcance.<\/p>\n<p data-start=\"1979\" data-end=\"2158\">Tiene una <strong data-start=\"1990\" data-end=\"2030\">Alcance de radio de unos 10 metros en interiores<\/strong>, pero gracias a la malla Plejd, otros dispositivos Plejd pueden retransmitir la se\u00f1al, lo que permite instalaciones grandes y estables.<\/p>\n<h3 data-start=\"2160\" data-end=\"2195\"><strong data-start=\"2164\" data-end=\"2193\">Control remoto inteligente<\/strong><\/h3>\n<p data-start=\"2196\" data-end=\"2432\">Con Gateway instalado, puedes <strong data-start=\"2227\" data-end=\"2267\">controla la iluminaci\u00f3n desde cualquier lugar<\/strong> a trav\u00e9s de la aplicaci\u00f3n Plejd.<\/p>\n<p data-start=\"2196\" data-end=\"2432\">Ya sea que est\u00e9 de vacaciones o desee ajustar la iluminaci\u00f3n antes de llegar a casa, puede controlar c\u00f3modamente sus dispositivos Plejd con su tel\u00e9fono inteligente.<\/p>\n<p data-start=\"2434\" data-end=\"2470\"><strong data-start=\"2434\" data-end=\"2468\">Ejemplos de usos:<\/strong><\/p>\n<ul data-start=\"2471\" data-end=\"2664\">\n<li data-start=\"2471\" data-end=\"2520\">Enciende y apaga las luces cuando est\u00e9s fuera.<\/li>\n<li data-start=\"2521\" data-end=\"2581\">Cree escenarios de automatizaci\u00f3n seg\u00fan el tiempo y el nivel de luz.<\/li>\n<li data-start=\"2582\" data-end=\"2664\">Controle luces individuales o habitaciones enteras con comandos de voz a trav\u00e9s de asistentes inteligentes.<\/li>\n<\/ul>\n<h3 data-start=\"2666\" data-end=\"2709\"><strong data-start=\"2670\" data-end=\"2707\">F\u00e1cil instalaci\u00f3n y uso<\/strong><\/h3>\n<p data-start=\"2710\" data-end=\"2756\">La instalaci\u00f3n del GWY-01 es r\u00e1pida y sencilla:<\/p>\n<ol data-start=\"2758\" data-end=\"3089\">\n<li data-start=\"2758\" data-end=\"2848\"><strong data-start=\"2761\" data-end=\"2794\">Conectar el dispositivo a la red<\/strong> con el cable de red suministrado (Ethernet\/RJ45).<\/li>\n<li data-start=\"2849\" data-end=\"2906\"><strong data-start=\"2852\" data-end=\"2884\">Conectar la fuente de alimentaci\u00f3n<\/strong> a trav\u00e9s del adaptador USB-C.<\/li>\n<li data-start=\"2907\" data-end=\"2998\"><strong data-start=\"2910\" data-end=\"2946\">Instalar el dispositivo en la aplicaci\u00f3n Plejd<\/strong> y con\u00e9ctelo a su sistema Plejd existente.<\/li>\n<li data-start=\"2999\" data-end=\"3089\"><strong data-start=\"3002\" data-end=\"3030\">Empieza a controlar tus dispositivos<\/strong> de forma remota e integrarlos con plataformas de terceros.<\/li>\n<\/ol>\n<p data-start=\"3091\" data-end=\"3235\">La pasarela GWY-01 se puede montar <strong data-start=\"3119\" data-end=\"3163\">en la pared con el soporte de pared incluido<\/strong>, lo que le permite colocarlo de manera \u00f3ptima para obtener el mejor rango de se\u00f1al.<\/p>\n<h3 data-start=\"3237\" data-end=\"3271\"><strong data-start=\"3241\" data-end=\"3269\">Especificaciones t\u00e9cnicas<\/strong><\/h3>\n<ul data-start=\"3273\" data-end=\"3712\">\n<li data-start=\"3273\" data-end=\"3295\"><strong data-start=\"3275\" data-end=\"3286\">Modelo:<\/strong> GWY-01<\/li>\n<li data-start=\"3296\" data-end=\"3331\"><strong data-start=\"3298\" data-end=\"3313\">Conexi\u00f3n:<\/strong> Ethernet (RJ45)<\/li>\n<li data-start=\"3332\" data-end=\"3371\"><strong data-start=\"3334\" data-end=\"3355\">Fuente de alimentaci\u00f3n:<\/strong> Adaptador USB-C<\/li>\n<li data-start=\"3372\" data-end=\"3404\"><strong data-start=\"3374\" data-end=\"3396\">Consumo de energ\u00eda:<\/strong> 0,6 W<\/li>\n<li data-start=\"3405\" data-end=\"3450\"><strong data-start=\"3407\" data-end=\"3423\">Sistema de radio:<\/strong> Malla de 2,4 GHz, Bluetooth\u00ae<\/li>\n<li data-start=\"3451\" data-end=\"3493\"><strong data-start=\"3453\" data-end=\"3471\">Alcance de radio:<\/strong> Unos 10 metros en interiores<\/li>\n<li data-start=\"3494\" data-end=\"3533\"><strong data-start=\"3496\" data-end=\"3524\">Protocolo de comunicaci\u00f3n:<\/strong> TCP\/IP<\/li>\n<li data-start=\"3534\" data-end=\"3573\"><strong data-start=\"3536\" data-end=\"3568\">N\u00famero m\u00e1ximo de dispositivos por canal:<\/strong> 80<\/li>\n<li data-start=\"3574\" data-end=\"3612\"><strong data-start=\"3576\" data-end=\"3596\">Temperatura de funcionamiento:<\/strong> 0 a +35\u00b0C<\/li>\n<li data-start=\"3613\" data-end=\"3649\"><strong data-start=\"3615\" data-end=\"3631\">Dimensiones:<\/strong> 70 x 70 x 20 mm<\/li>\n<li data-start=\"3650\" data-end=\"3689\"><strong data-start=\"3652\" data-end=\"3672\">M\u00e9todo de montaje:<\/strong> Montaje en superficie<\/li>\n<li data-start=\"3690\" data-end=\"3712\"><strong data-start=\"3692\" data-end=\"3705\">Clase de IP:<\/strong> IP20<\/li>\n<\/ul>\n<h3 data-start=\"3714\" data-end=\"3762\"><strong data-start=\"3718\" data-end=\"3760\">Seguridad y automatizaci\u00f3n mejoradas<\/strong><\/h3>\n<p data-start=\"3763\" data-end=\"3942\">Plejd Gateway garantiza que su <strong data-start=\"3799\" data-end=\"3862\">Las funciones de tiempo contin\u00faan funcionando incluso en caso de un corte de energ\u00eda<\/strong>, lo que significa que, por ejemplo, <strong data-start=\"3890\" data-end=\"3912\">reloj astron\u00f3mico y semanal<\/strong> Pueden mantener sus horarios.<\/p>\n<p data-start=\"3944\" data-end=\"4083\">Al conectarlo a <strong data-start=\"3971\" data-end=\"4021\">Google Home, Apple HomeKit\u00ae, Alexa o Homey<\/strong>, tambi\u00e9n puedes crear escenarios automatizados como:<\/p>\n<ul data-start=\"4085\" data-end=\"4267\">\n<li data-start=\"4085\" data-end=\"4148\">Enciende las luces autom\u00e1ticamente al amanecer o al atardecer.<\/li>\n<li data-start=\"4149\" data-end=\"4201\">Apaga todas las luces de la casa con un comando de voz.<\/li>\n<li data-start=\"4202\" data-end=\"4267\">Utilice sensores de movimiento en combinaci\u00f3n con el control de iluminaci\u00f3n.<\/li>\n<\/ul>\n<h3 data-start=\"4269\" data-end=\"4335\"><strong data-start=\"4273\" data-end=\"4333\">Perfecto para hogares inteligentes e instalaciones profesionales<\/strong><\/h3>\n<p data-start=\"4336\" data-end=\"4577\">Plejd Gateway GWY-01 es una necesidad para cualquiera que quiera <strong data-start=\"4391\" data-end=\"4446\">Una soluci\u00f3n de iluminaci\u00f3n m\u00e1s inteligente y conectada<\/strong>.<\/p>\n<p data-start=\"4336\" data-end=\"4577\">Es perfecto para ambos. <strong data-start=\"4476\" data-end=\"4520\">viviendas particulares y propiedades comerciales<\/strong> donde el control remoto y las integraciones inteligentes son importantes.<\/p>\n<p data-start=\"4579\" data-end=\"4767\">Ya sea que quieras <strong data-start=\"4598\" data-end=\"4700\">Mejore la seguridad de su hogar, agilice el uso de energ\u00eda o cree automatizaciones fluidas<\/strong> \u00bfEs esta una puerta de entrada? <strong data-start=\"4721\" data-end=\"4764\">componente necesario en su sistema Plejd<\/strong>.<\/p>\n<h3 data-start=\"4769\" data-end=\"4787\"><strong data-start=\"4773\" data-end=\"4785\">Conclusi\u00f3n<\/strong><\/h3>\n<p data-start=\"4788\" data-end=\"5151\">Plejd Gateway GWY-01 es una soluci\u00f3n inteligente y eficiente para <strong data-start=\"4850\" data-end=\"4894\">Conecte su malla Plejd a Internet<\/strong> y habilitar control remoto, automatizaciones inteligentes e integraciones de terceros.<\/p>\n<p data-start=\"4788\" data-end=\"5151\">F\u00e1cil instalaci\u00f3n, bajo consumo energ\u00e9tico y una potente conexi\u00f3n hacen de esta pasarela <strong data-start=\"5068\" data-end=\"5148\">una parte indispensable de su soluci\u00f3n de iluminaci\u00f3n comercial o dom\u00e9stica inteligente<\/strong>.<\/p>","protected":false},"excerpt":{"rendered":"<p>Plejd Gateway (GWY-01) conecta la malla Plejd a Internet, lo que permite el control remoto del sistema y la activaci\u00f3n del modo vacaciones.<\/p>\n<p>Protege las funciones de temporizaci\u00f3n en caso de corte de energ\u00eda y permite la integraci\u00f3n con Google Home, Apple HomeKit\u00ae, Alexa y Homey.<\/p>\n<p>F\u00e1cil instalaci\u00f3n con cable de red y adaptador de corriente USB-C.<\/p>","protected":false},"featured_media":148047,"template":"","meta":{"_acf_changed":false},"product_brand":[],"product_cat":[4668],"product_tag":[4670],"class_list":{"0":"post-148048","1":"product","2":"type-product","3":"status-publish","4":"has-post-thumbnail","6":"product_cat-plejd-gateway","7":"product_tag-plejd","8":"product_shipping_class-postnord-varubrev","9":"pa_brands-plejd","10":"tm-has-options","12":"first","13":"instock","14":"sale","15":"taxable","16":"shipping-taxable","17":"purchasable","18":"product-type-simple"},"acf":[],"_links":{"self":[{"href":"https:\/\/secureus.se\/es\/wp-json\/wp\/v2\/product\/148048","targetHints":{"allow":["GET"]}}],"collection":[{"href":"https:\/\/secureus.se\/es\/wp-json\/wp\/v2\/product"}],"about":[{"href":"https:\/\/secureus.se\/es\/wp-json\/wp\/v2\/types\/product"}],"wp:featuredmedia":[{"embeddable":true,"href":"https:\/\/secureus.se\/es\/wp-json\/wp\/v2\/media\/148047"}],"wp:attachment":[{"href":"https:\/\/secureus.se\/es\/wp-json\/wp\/v2\/media?parent=148048"}],"wp:term":[{"taxonomy":"product_brand","embeddable":true,"href":"https:\/\/secureus.se\/es\/wp-json\/wp\/v2\/product_brand?post=148048"},{"taxonomy":"product_cat","embeddable":true,"href":"https:\/\/secureus.se\/es\/wp-json\/wp\/v2\/product_cat?post=148048"},{"taxonomy":"product_tag","embeddable":true,"href":"https:\/\/secureus.se\/es\/wp-json\/wp\/v2\/product_tag?post=148048"}],"curies":[{"name":"wp","href":"https:\/\/api.w.org\/{rel}","templated":true}]}}