{"id":148050,"date":"2025-02-25T12:22:24","date_gmt":"2025-02-25T11:22:24","guid":{"rendered":"https:\/\/secureus.se\/?post_type=product&#038;p=148050"},"modified":"2026-04-23T10:17:49","modified_gmt":"2026-04-23T08:17:49","slug":"plejd-kronrela-rel-02-16a-2-mesh-bluetooth","status":"publish","type":"product","link":"https:\/\/secureus.se\/es\/plejd-kronrela-rel-02-16a-2-mesh-bluetooth\/","title":{"rendered":"Rel\u00e9 Pleid Crown REL-02 16A\/2 malla Bluetooth"},"content":{"rendered":"<h1 data-start=\"505\" data-end=\"567\"><strong data-start=\"509\" data-end=\"565\">Control de rel\u00e9s inteligente para sistemas de iluminaci\u00f3n inteligente<\/strong><\/h1>\n<p data-start=\"568\" data-end=\"911\">El rel\u00e9 Plejd Crown Relay 16A\/2 Mesh Bluetooth (REL-02) es un <strong data-start=\"619\" data-end=\"657\">interruptor de rel\u00e9 potente y flexible<\/strong> para controlar la iluminaci\u00f3n y otras cargas el\u00e9ctricas.<\/p>\n<p data-start=\"568\" data-end=\"911\">Con <strong data-start=\"717\" data-end=\"746\">dos salidas de rel\u00e9 independientes<\/strong> El dispositivo se puede utilizar para <strong data-start=\"776\" data-end=\"827\">fase de interrupci\u00f3n (L) a una o dos cargas separadas<\/strong>, por ejemplo en una conexi\u00f3n de escalera, o para controlar dos grupos de iluminaci\u00f3n individualmente.<\/p>\n<p data-start=\"913\" data-end=\"1172\">El <strong data-start=\"917\" data-end=\"949\">La capacidad m\u00e1xima de corte es de 16 A.<\/strong>, lo que lo hace perfecto para <strong data-start=\"978\" data-end=\"1015\">instalaciones de iluminaci\u00f3n exigentes<\/strong>.<\/p>\n<p data-start=\"913\" data-end=\"1172\">Con apoyo para <strong data-start=\"1030\" data-end=\"1075\">detecci\u00f3n de cruce por cero y protecci\u00f3n del disyuntor<\/strong> Se minimiza el desgaste tanto del rel\u00e9 como de las cargas conectadas, lo que prolonga la vida \u00fatil del producto.<\/p>\n<h3 data-start=\"1174\" data-end=\"1219\"><strong data-start=\"1178\" data-end=\"1217\">Control y automatizaci\u00f3n inal\u00e1mbricos<\/strong><\/h3>\n<p data-start=\"1220\" data-end=\"1260\">Plejd REL-02 se puede controlar de varias maneras:<\/p>\n<ul data-start=\"1262\" data-end=\"1566\">\n<li data-start=\"1262\" data-end=\"1310\"><strong data-start=\"1264\" data-end=\"1279\">La aplicaci\u00f3n Plejd<\/strong> - Control total a trav\u00e9s del tel\u00e9fono m\u00f3vil.<\/li>\n<li data-start=\"1311\" data-end=\"1369\"><strong data-start=\"1313\" data-end=\"1341\">Bot\u00f3n pulsador con retorno por resorte<\/strong> \u2013 Control f\u00edsico directo.<\/li>\n<li data-start=\"1370\" data-end=\"1450\"><strong data-start=\"1372\" data-end=\"1407\">Interruptor o sensor de movimiento<\/strong> \u2013 Para encendido y extinci\u00f3n autom\u00e1ticos.<\/li>\n<li data-start=\"1451\" data-end=\"1566\"><strong data-start=\"1453\" data-end=\"1480\">Funciones de tiempo incorporadas<\/strong> \u2013 REL-02 tiene temporizador incorporado, relojes astron\u00f3micos y semanales para el control autom\u00e1tico de la iluminaci\u00f3n.<\/li>\n<\/ul>\n<p data-start=\"1568\" data-end=\"1748\">El inteligente <strong data-start=\"1579\" data-end=\"1601\">control de escenarios<\/strong> facilita el ajuste de la iluminaci\u00f3n seg\u00fan sea necesario y la unidad tambi\u00e9n se puede integrar con otros <strong data-start=\"1696\" data-end=\"1715\">Productos a cuadros<\/strong> para <strong data-start=\"1720\" data-end=\"1745\">control de grupo inal\u00e1mbrico<\/strong>.<\/p>\n<h3 data-start=\"1750\" data-end=\"1814\"><strong data-start=\"1754\" data-end=\"1812\">F\u00e1cil instalaci\u00f3n y opciones de montaje vers\u00e1tiles<\/strong><\/h3>\n<p data-start=\"1815\" data-end=\"1881\">REL-02 se puede montar de varias maneras seg\u00fan los requisitos de instalaci\u00f3n:<\/p>\n<ul data-start=\"1883\" data-end=\"2060\">\n<li data-start=\"1883\" data-end=\"1943\"><strong data-start=\"1885\" data-end=\"1902\">En la caja del dispositivo<\/strong> \u2013 Perfecto para instalaciones discretas.<\/li>\n<li data-start=\"1944\" data-end=\"1993\"><strong data-start=\"1946\" data-end=\"1957\">En la pared<\/strong> \u2013 Puede instalarse en superficie.<\/li>\n<li data-start=\"1994\" data-end=\"2060\"><strong data-start=\"1996\" data-end=\"2012\">En carril DIN<\/strong> \u2013 Con clip de montaje (MNT-01, no incluido).<\/li>\n<\/ul>\n<p data-start=\"2062\" data-end=\"2171\">El <strong data-start=\"2066\" data-end=\"2101\">dise\u00f1o compacto (46x46x18 mm)<\/strong> Esto significa que la unidad puede adaptarse f\u00e1cilmente incluso en espacios de instalaci\u00f3n reducidos.<\/p>\n<h3 data-start=\"2173\" data-end=\"2213\"><strong data-start=\"2177\" data-end=\"2211\">Caracter\u00edsticas y beneficios del producto<\/strong><\/h3>\n<ul data-start=\"2215\" data-end=\"2855\">\n<li data-start=\"2215\" data-end=\"2281\"><strong data-start=\"2217\" data-end=\"2246\">Dos salidas de rel\u00e9 independientes<\/strong> \u2013 Puede controlar dos cargas separadas.<\/li>\n<li data-start=\"2282\" data-end=\"2368\"><strong data-start=\"2284\" data-end=\"2319\">Control inal\u00e1mbrico a trav\u00e9s de la malla Plejd<\/strong> \u2013 Se integra en la red de iluminaci\u00f3n inteligente.<\/li>\n<li data-start=\"2369\" data-end=\"2446\"><strong data-start=\"2371\" data-end=\"2397\">Potencia m\u00e1xima 3500W (16A)<\/strong> \u2013 Perfecto para instalaciones de iluminaci\u00f3n m\u00e1s grandes.<\/li>\n<li data-start=\"2447\" data-end=\"2533\"><strong data-start=\"2449\" data-end=\"2478\">Detecci\u00f3n de cruce por cero<\/strong> \u2013 Protege las cargas conectadas y prolonga la vida \u00fatil.<\/li>\n<li data-start=\"2534\" data-end=\"2621\"><strong data-start=\"2536\" data-end=\"2579\">Funciones de tiempo (astro, reloj semanal, temporizador)<\/strong> \u2013 Para el control automatizado de la iluminaci\u00f3n.<\/li>\n<li data-start=\"2622\" data-end=\"2701\"><strong data-start=\"2624\" data-end=\"2653\">Soporte para control de escenarios<\/strong> \u2013 Integraci\u00f3n perfecta con otros dispositivos Plejd.<\/li>\n<li data-start=\"2702\" data-end=\"2779\"><strong data-start=\"2704\" data-end=\"2725\">Bajo consumo de energ\u00eda en modo de espera<\/strong> \u2013 Eficiencia energ\u00e9tica con solo <strong data-start=\"2754\" data-end=\"2762\">0,3 W<\/strong> en modo de espera.<\/li>\n<li data-start=\"2780\" data-end=\"2855\"><strong data-start=\"2782\" data-end=\"2804\">F\u00e1cil instalaci\u00f3n<\/strong> \u2013 Se puede montar en una caja de dispositivo o en un carril DIN.<\/li>\n<\/ul>\n<h3 data-start=\"2857\" data-end=\"2894\"><strong data-start=\"2861\" data-end=\"2892\">Instalaci\u00f3n y uso<\/strong><\/h3>\n<ol data-start=\"2895\" data-end=\"3193\">\n<li data-start=\"2895\" data-end=\"2961\"><strong data-start=\"2898\" data-end=\"2958\">Instale REL-02 en una caja de conexiones, en una pared o en un riel DIN<\/strong>.<\/li>\n<li data-start=\"2962\" data-end=\"3043\"><strong data-start=\"2965\" data-end=\"3009\">Conecte las cargas seg\u00fan los requisitos de instalaci\u00f3n<\/strong> (una o dos cargas separadas).<\/li>\n<li data-start=\"3044\" data-end=\"3115\"><strong data-start=\"3047\" data-end=\"3084\">Configurar el dispositivo en la aplicaci\u00f3n Plejd<\/strong> y personalizar la configuraci\u00f3n.<\/li>\n<li data-start=\"3116\" data-end=\"3193\"><strong data-start=\"3119\" data-end=\"3190\">Comience a controlar su iluminaci\u00f3n a trav\u00e9s de la aplicaci\u00f3n, botones o sensores de movimiento.<\/strong>.<\/li>\n<\/ol>\n<h3 data-start=\"3195\" data-end=\"3229\"><strong data-start=\"3199\" data-end=\"3227\">Especificaciones t\u00e9cnicas<\/strong><\/h3>\n<ul data-start=\"3231\" data-end=\"3940\">\n<li data-start=\"3231\" data-end=\"3253\"><strong data-start=\"3233\" data-end=\"3244\">Modelo:<\/strong> REL-02<\/li>\n<li data-start=\"3254\" data-end=\"3286\"><strong data-start=\"3256\" data-end=\"3272\">Tensi\u00f3n de red:<\/strong> 230 V \/ 50 Hz<\/li>\n<li data-start=\"3287\" data-end=\"3315\"><strong data-start=\"3289\" data-end=\"3307\">Energ\u00eda en espera:<\/strong> 0,3 W<\/li>\n<li data-start=\"3316\" data-end=\"3356\"><strong data-start=\"3318\" data-end=\"3338\">Temperatura de funcionamiento:<\/strong> -25 a +35\u00b0C<\/li>\n<li data-start=\"3357\" data-end=\"3393\"><strong data-start=\"3359\" data-end=\"3375\">Dimensiones:<\/strong> 46 x 46 x 18 mm<\/li>\n<li data-start=\"3394\" data-end=\"3424\"><strong data-start=\"3396\" data-end=\"3410\">\u00c1rea de cable:<\/strong> 0,5\u20134,0 mm\u00b2<\/li>\n<li data-start=\"3425\" data-end=\"3641\"><strong data-start=\"3427\" data-end=\"3443\">Capacidad de ruptura:<\/strong>\n<ul data-start=\"3448\" data-end=\"3641\">\n<li data-start=\"3448\" data-end=\"3484\"><strong data-start=\"3450\" data-end=\"3467\">Efecto total:<\/strong> 16 A (10 A + 6 A)<\/li>\n<li data-start=\"3487\" data-end=\"3513\"><strong data-start=\"3489\" data-end=\"3506\">LED de carga m\u00e1xima:<\/strong> 800 W<\/li>\n<li data-start=\"3516\" data-end=\"3556\"><strong data-start=\"3518\" data-end=\"3548\">Carga m\u00e1xima de luz hal\u00f3gena\/incandescente:<\/strong> 3500W<\/li>\n<li data-start=\"3559\" data-end=\"3589\"><strong data-start=\"3561\" data-end=\"3581\">Carga m\u00e1xima del tubo fluorescente:<\/strong> 1500W<\/li>\n<li data-start=\"3592\" data-end=\"3641\"><strong data-start=\"3594\" data-end=\"3633\">Transformador electr\u00f3nico de carga m\u00e1xima:<\/strong> 1500W<\/li>\n<\/ul>\n<\/li>\n<li data-start=\"3642\" data-end=\"3725\"><strong data-start=\"3644\" data-end=\"3654\">Protecci\u00f3n:<\/strong>\n<ul data-start=\"3659\" data-end=\"3725\">\n<li data-start=\"3659\" data-end=\"3688\">Detecci\u00f3n de cruce por cero<\/li>\n<li data-start=\"3691\" data-end=\"3725\">Protecci\u00f3n contra sobretemperatura (software)<\/li>\n<\/ul>\n<\/li>\n<li data-start=\"3726\" data-end=\"3771\"><strong data-start=\"3728\" data-end=\"3744\">Sistema de radio:<\/strong> Malla de 2,4 GHz, Bluetooth\u00ae<\/li>\n<li data-start=\"3772\" data-end=\"3814\"><strong data-start=\"3774\" data-end=\"3792\">Alcance de radio:<\/strong> Unos 10 metros en interiores<\/li>\n<li data-start=\"3815\" data-end=\"3843\"><strong data-start=\"3817\" data-end=\"3836\">Clase de recinto:<\/strong> IP20<\/li>\n<li data-start=\"3844\" data-end=\"3940\"><strong data-start=\"3846\" data-end=\"3871\">Opciones de montaje:<\/strong> Caja de alojamiento del dispositivo, pared o carril DIN (con clip de montaje, MNT-01)<\/li>\n<\/ul>\n<h3 data-start=\"3942\" data-end=\"4008\"><strong data-start=\"3946\" data-end=\"4006\">Perfecto para hogares inteligentes e instalaciones profesionales<\/strong><\/h3>\n<p data-start=\"4009\" data-end=\"4266\">Plaid REL-02 es perfecto para <strong data-start=\"4037\" data-end=\"4090\">casas particulares, oficinas, hoteles y otras propiedades<\/strong> d\u00f3nde <strong data-start=\"4095\" data-end=\"4125\">soluciones de iluminaci\u00f3n inteligente<\/strong> requerido.<\/p>\n<p data-start=\"4009\" data-end=\"4266\">Gracias a <strong data-start=\"4143\" data-end=\"4164\">Tecnolog\u00eda de malla a cuadros<\/strong> puede <strong data-start=\"4172\" data-end=\"4197\">Ampl\u00eda tu red<\/strong> y asegurar <strong data-start=\"4214\" data-end=\"4263\">comunicaci\u00f3n inal\u00e1mbrica estable entre dispositivos<\/strong>.<\/p>\n<p data-start=\"4268\" data-end=\"4447\">Independientemente de si lo deseas <strong data-start=\"4290\" data-end=\"4390\">Control manual suave, funciones de tiempo automatizadas o control remoto completo a trav\u00e9s de la aplicaci\u00f3n<\/strong>El REL-02 ofrece una <strong data-start=\"4411\" data-end=\"4444\">soluci\u00f3n eficiente y flexible<\/strong>.<\/p>\n<h3 data-start=\"4449\" data-end=\"4467\"><strong data-start=\"4453\" data-end=\"4465\">Conclusi\u00f3n<\/strong><\/h3>\n<p data-start=\"4468\" data-end=\"4789\">El rel\u00e9 Plejd Crown Relay 16A\/2 Mesh Bluetooth (REL-02) es un <strong data-start=\"4519\" data-end=\"4558\">Interruptor de rel\u00e9 potente y vers\u00e1til<\/strong> para instalaciones de iluminaci\u00f3n inteligente.<\/p>\n<p data-start=\"4468\" data-end=\"4789\">Con <strong data-start=\"4600\" data-end=\"4682\">Dos salidas independientes, compatibilidad con control inal\u00e1mbrico y funciones de temporizaci\u00f3n avanzadas.<\/strong> \u00bfEs esto un? <strong data-start=\"4695\" data-end=\"4786\">Soluci\u00f3n ideal para quienes desean un control de iluminaci\u00f3n inteligente y energ\u00e9ticamente eficiente.<\/strong>.<\/p>","protected":false},"excerpt":{"rendered":"<p>El rel\u00e9 Plejd Crown (REL-02) permite la conmutaci\u00f3n de una o dos cargas separadas de hasta 16 A (por ejemplo, 10 + 6 A).<\/p>\n<p>Control mediante aplicaci\u00f3n, pulsador o sensor de movimiento. Funciones de tiempo incorporadas como reloj astron\u00f3mico y semanal.<\/p>\n<p>Instalado en una caja de dispositivo o en un carril DIN.<\/p>\n<p>Perfecto para un control de iluminaci\u00f3n flexible e inal\u00e1mbrico.<\/p>","protected":false},"featured_media":148049,"template":"","meta":{"_acf_changed":false},"product_brand":[],"product_cat":[4660],"product_tag":[4670],"class_list":{"0":"post-148050","1":"product","2":"type-product","3":"status-publish","4":"has-post-thumbnail","6":"product_cat-plejd-relaer-led","7":"product_tag-plejd","8":"product_shipping_class-postnord-varubrev","9":"pa_brands-plejd","10":"tm-has-options","12":"first","13":"instock","14":"sale","15":"taxable","16":"shipping-taxable","17":"purchasable","18":"product-type-simple"},"acf":[],"_links":{"self":[{"href":"https:\/\/secureus.se\/es\/wp-json\/wp\/v2\/product\/148050","targetHints":{"allow":["GET"]}}],"collection":[{"href":"https:\/\/secureus.se\/es\/wp-json\/wp\/v2\/product"}],"about":[{"href":"https:\/\/secureus.se\/es\/wp-json\/wp\/v2\/types\/product"}],"wp:featuredmedia":[{"embeddable":true,"href":"https:\/\/secureus.se\/es\/wp-json\/wp\/v2\/media\/148049"}],"wp:attachment":[{"href":"https:\/\/secureus.se\/es\/wp-json\/wp\/v2\/media?parent=148050"}],"wp:term":[{"taxonomy":"product_brand","embeddable":true,"href":"https:\/\/secureus.se\/es\/wp-json\/wp\/v2\/product_brand?post=148050"},{"taxonomy":"product_cat","embeddable":true,"href":"https:\/\/secureus.se\/es\/wp-json\/wp\/v2\/product_cat?post=148050"},{"taxonomy":"product_tag","embeddable":true,"href":"https:\/\/secureus.se\/es\/wp-json\/wp\/v2\/product_tag?post=148050"}],"curies":[{"name":"wp","href":"https:\/\/api.w.org\/{rel}","templated":true}]}}