{"id":148054,"date":"2025-02-25T12:22:24","date_gmt":"2025-02-25T11:22:24","guid":{"rendered":"https:\/\/secureus.se\/?post_type=product&#038;p=148054"},"modified":"2026-04-23T10:17:42","modified_gmt":"2026-04-23T08:17:42","slug":"plejd-smart-plug-spr-01-on-off-16a-mesh-bluetooth","status":"publish","type":"product","link":"https:\/\/secureus.se\/es\/plejd-smart-plug-spr-01-on-off-16a-mesh-bluetooth\/","title":{"rendered":"Enchufe inteligente Plejd SPR-01 con Bluetooth, encendido y apagado, 16 A y malla"},"content":{"rendered":"<h1 data-start=\"542\" data-end=\"607\"><strong data-start=\"546\" data-end=\"605\">Haga que sus dispositivos el\u00e9ctricos sean inteligentes con el enchufe inteligente Plejd<\/strong><\/h1>\n<p data-start=\"608\" data-end=\"875\">El enchufe inteligente Plejd SPR-01 es un <strong data-start=\"638\" data-end=\"670\">soluci\u00f3n flexible y potente<\/strong> para controlar la iluminaci\u00f3n y los aparatos el\u00e9ctricos en casa o en el trabajo.<\/p>\n<p data-start=\"608\" data-end=\"875\">Por <strong data-start=\"763\" data-end=\"801\">Se conecta f\u00e1cilmente a una toma de pared<\/strong> da SPR-01 <strong data-start=\"813\" data-end=\"872\">control completo sobre dispositivos de hasta 16 A (3600 W)<\/strong>.<\/p>\n<p data-start=\"877\" data-end=\"1108\">Se puede controlar a trav\u00e9s de <strong data-start=\"896\" data-end=\"911\">La aplicaci\u00f3n Plejd<\/strong>, a trav\u00e9s de otros dispositivos Plejd o manualmente a trav\u00e9s del <strong data-start=\"962\" data-end=\"985\">bot\u00f3n integrado<\/strong> en la pagina.<\/p>\n<p data-start=\"877\" data-end=\"1108\">Para el control remoto y la integraci\u00f3n con Google Home, Apple HomeKit\u00ae, Alexa y Homey, un <strong data-start=\"1088\" data-end=\"1105\">Plaid Gateway<\/strong>.<\/p>\n<h3 data-start=\"1110\" data-end=\"1167\"><strong data-start=\"1114\" data-end=\"1165\">Control suave de encendido y apagado para instalaciones sencillas<\/strong><\/h3>\n<p data-start=\"1168\" data-end=\"1294\">SPR-01 es <strong data-start=\"1178\" data-end=\"1211\">Perfecto para encender y apagar<\/strong> dispositivos el\u00e9ctricos, pero son <strong data-start=\"1239\" data-end=\"1252\">no regulable<\/strong>. Esto lo hace \u00f3ptimo para dispositivos como:<\/p>\n<ul data-start=\"1296\" data-end=\"1436\">\n<li data-start=\"1296\" data-end=\"1313\"><strong data-start=\"1298\" data-end=\"1311\">Iluminaci\u00f3n<\/strong><\/li>\n<li data-start=\"1314\" data-end=\"1334\"><strong data-start=\"1316\" data-end=\"1332\">Calentadores de ventilador<\/strong><\/li>\n<li data-start=\"1335\" data-end=\"1356\"><strong data-start=\"1337\" data-end=\"1354\">Cafetera<\/strong><\/li>\n<li data-start=\"1357\" data-end=\"1391\"><strong data-start=\"1359\" data-end=\"1389\">Estaciones de carga para bicicletas el\u00e9ctricas<\/strong><\/li>\n<li data-start=\"1392\" data-end=\"1436\"><strong data-start=\"1394\" data-end=\"1434\">Otras cargas el\u00e9ctricas hasta 16A<\/strong><\/li>\n<\/ul>\n<p data-start=\"1438\" data-end=\"1594\">Funciona en ambos casos <strong data-start=\"1456\" data-end=\"1470\">independiente<\/strong> y como parte de una <strong data-start=\"1493\" data-end=\"1515\">Red de malla a cuadros<\/strong>, donde la se\u00f1al puede <strong data-start=\"1534\" data-end=\"1571\">extendido a trav\u00e9s de otros dispositivos Plejd<\/strong> Para una mejor cobertura.<\/p>\n<h3 data-start=\"1596\" data-end=\"1643\"><strong data-start=\"1600\" data-end=\"1641\">Gesti\u00f3n inteligente del tiempo y automatizaci\u00f3n<\/strong><\/h3>\n<p data-start=\"1644\" data-end=\"1765\">Adem\u00e1s de un sencillo control de encendido y apagado, el SPR-01 tiene un control integrado <strong data-start=\"1692\" data-end=\"1710\">funciones de tiempo<\/strong>, lo que lo hace ideal para el control automatizado.<\/p>\n<p data-start=\"1767\" data-end=\"2083\">\u2714 <strong data-start=\"1769\" data-end=\"1778\">Minutero<\/strong> \u2013 Establecer un apagado autom\u00e1tico despu\u00e9s de un tiempo determinado.<br data-start=\"1834\" data-end=\"1837\" \/>\u2714 <strong data-start=\"1839\" data-end=\"1851\">Reloj astron\u00f3mico<\/strong> \u2013 Sincronizar el dispositivo con la salida y la puesta del sol.<br data-start=\"1903\" data-end=\"1906\" \/>\u2714 <strong data-start=\"1908\" data-end=\"1919\">Reloj semanal<\/strong> \u2013 Programe dispositivos para que se enciendan y apaguen en horarios espec\u00edficos.<br data-start=\"1986\" data-end=\"1989\" \/>\u2714 <strong data-start=\"1991\" data-end=\"2004\">Gui\u00f3n<\/strong> \u2013 Se utiliza junto con la aplicaci\u00f3n Plejd para controlar varios dispositivos simult\u00e1neamente.<\/p>\n<h3 data-start=\"2085\" data-end=\"2127\"><strong data-start=\"2089\" data-end=\"2125\">Control flexible y f\u00e1cil de usar<\/strong><\/h3>\n<p data-start=\"2128\" data-end=\"2162\">El SPR-01 se puede controlar de varias maneras:<\/p>\n<ul data-start=\"2164\" data-end=\"2374\">\n<li data-start=\"2164\" data-end=\"2201\"><strong data-start=\"2166\" data-end=\"2181\">La aplicaci\u00f3n Plejd<\/strong> (iOS y Android)<\/li>\n<li data-start=\"2202\" data-end=\"2248\"><strong data-start=\"2204\" data-end=\"2246\">Pulsadores u otros dispositivos Plejd<\/strong><\/li>\n<li data-start=\"2249\" data-end=\"2289\"><strong data-start=\"2251\" data-end=\"2287\">El bot\u00f3n integrado en el lateral<\/strong><\/li>\n<li data-start=\"2290\" data-end=\"2374\"><strong data-start=\"2292\" data-end=\"2350\">Control por voz a trav\u00e9s de Google Home, Apple HomeKit\u00ae y Alexa<\/strong> <em data-start=\"2351\" data-end=\"2372\">(v\u00eda Plaid Gateway)<\/em><\/li>\n<\/ul>\n<p data-start=\"2376\" data-end=\"2516\">Ya sea que quieras <strong data-start=\"2395\" data-end=\"2420\">iluminaci\u00f3n programada<\/strong> o <strong data-start=\"2427\" data-end=\"2462\">aparatos el\u00e9ctricos con control remoto<\/strong> El SPR-01 ofrece una <strong data-start=\"2482\" data-end=\"2513\">soluci\u00f3n simple y vers\u00e1til<\/strong>.<\/p>\n<h3 data-start=\"2518\" data-end=\"2558\"><strong data-start=\"2522\" data-end=\"2556\">Caracter\u00edsticas y beneficios del producto<\/strong><\/h3>\n<p data-start=\"2560\" data-end=\"3171\">\u2714 <strong data-start=\"2562\" data-end=\"2612\">Control inal\u00e1mbrico a trav\u00e9s de Bluetooth\u00ae y malla Plejd<\/strong><br data-start=\"2612\" data-end=\"2615\" \/>\u2714 <strong data-start=\"2617\" data-end=\"2649\">Carga m\u00e1xima de 16 A (3600 W)<\/strong> \u2013 Puede manejar aparatos el\u00e9ctricos potentes<br data-start=\"2690\" data-end=\"2693\" \/>\u2714 <strong data-start=\"2695\" data-end=\"2721\">Control manual de encendido y apagado<\/strong> mediante bot\u00f3n integrado<br data-start=\"2742\" data-end=\"2745\" \/>\u2714 <strong data-start=\"2747\" data-end=\"2792\">Funciones de tiempo (reloj astron\u00f3mico, reloj semanal, temporizador)<\/strong><br data-start=\"2792\" data-end=\"2795\" \/>\u2714 <strong data-start=\"2797\" data-end=\"2847\">Posibilidad de control remoto a trav\u00e9s de Plejd Gateway<\/strong><br data-start=\"2847\" data-end=\"2850\" \/>\u2714 <strong data-start=\"2852\" data-end=\"2908\">Compatible con Google Home, Apple HomeKit\u00ae y Alexa<\/strong> <em data-start=\"2909\" data-end=\"2930\">(v\u00eda Plaid Gateway)<\/em><br data-start=\"2930\" data-end=\"2933\" \/>\u2714 <strong data-start=\"2935\" data-end=\"2987\">Eficiencia energ\u00e9tica con bajo consumo en modo espera (0,3 W)<\/strong><br data-start=\"2987\" data-end=\"2990\" \/>\u2714 <strong data-start=\"2992\" data-end=\"3022\">Dise\u00f1o compacto y elegante.<\/strong> \u2013 Se integra en todos los entornos.<br data-start=\"3050\" data-end=\"3053\" \/>\u2714 <strong data-start=\"3055\" data-end=\"3078\">Protecci\u00f3n contra sobretemperatura<\/strong> para un uso seguro<br data-start=\"3099\" data-end=\"3102\" \/>\u2714 <strong data-start=\"3104\" data-end=\"3139\">Alcance de radio de hasta 10 metros<\/strong> <em data-start=\"3140\" data-end=\"3169\">(se puede ampliar con malla Plaid)<\/em><\/p>\n<h3 data-start=\"3173\" data-end=\"3207\"><strong data-start=\"3177\" data-end=\"3205\">Especificaciones t\u00e9cnicas<\/strong><\/h3>\n<ul data-start=\"3209\" data-end=\"3638\">\n<li data-start=\"3209\" data-end=\"3231\"><strong data-start=\"3211\" data-end=\"3222\">Modelo:<\/strong> SPR-01<\/li>\n<li data-start=\"3232\" data-end=\"3264\"><strong data-start=\"3234\" data-end=\"3250\">Tensi\u00f3n de red:<\/strong> 230 V \/ 50 Hz<\/li>\n<li data-start=\"3265\" data-end=\"3294\"><strong data-start=\"3267\" data-end=\"3279\">Carga m\u00e1xima:<\/strong> 16 A (3600 W)<\/li>\n<li data-start=\"3295\" data-end=\"3350\"><strong data-start=\"3297\" data-end=\"3313\">Sistema de radio:<\/strong> Malla de 2,4 GHz, Bluetooth\u00ae (&lt;10 dBm)<\/li>\n<li data-start=\"3351\" data-end=\"3396\"><strong data-start=\"3353\" data-end=\"3371\">Alcance de radio:<\/strong> Aproximadamente 10 metros en interiores<\/li>\n<li data-start=\"3397\" data-end=\"3430\"><strong data-start=\"3399\" data-end=\"3419\">Temperatura de funcionamiento:<\/strong> 0 \u2013 35 \u00b0C<\/li>\n<li data-start=\"3431\" data-end=\"3473\"><strong data-start=\"3433\" data-end=\"3449\">Entorno operativo:<\/strong> Solo en interiores (IP20)<\/li>\n<li data-start=\"3474\" data-end=\"3505\"><strong data-start=\"3476\" data-end=\"3492\">Dimensiones:<\/strong> 66 x 43 mil\u00edmetros<\/li>\n<li data-start=\"3506\" data-end=\"3533\"><strong data-start=\"3508\" data-end=\"3526\">Energ\u00eda en espera:<\/strong> 0,3 W<\/li>\n<li data-start=\"3534\" data-end=\"3568\"><strong data-start=\"3536\" data-end=\"3546\">Protecci\u00f3n:<\/strong> Protecci\u00f3n contra sobretemperatura<\/li>\n<li data-start=\"3569\" data-end=\"3638\"><strong data-start=\"3571\" data-end=\"3580\">Pintar:<\/strong> Disponible en blanco y negro (n\u00famero E 13 777 40 \/ 13 777 41)<\/li>\n<\/ul>\n<h3 data-start=\"3640\" data-end=\"3682\"><strong data-start=\"3644\" data-end=\"3680\">F\u00e1cil instalaci\u00f3n: conectar y usar<\/strong><\/h3>\n<p data-start=\"3683\" data-end=\"3735\">\u00a1No requiere instalaci\u00f3n avanzada! Aqu\u00ed te explicamos c\u00f3mo:<\/p>\n<ol data-start=\"3737\" data-end=\"3988\">\n<li data-start=\"3737\" data-end=\"3775\"><strong data-start=\"3740\" data-end=\"3773\">Conecte el SPR-01 a una toma el\u00e9ctrica.<\/strong><\/li>\n<li data-start=\"3776\" data-end=\"3814\"><strong data-start=\"3779\" data-end=\"3812\">Conecte el dispositivo que desea controlar.<\/strong><\/li>\n<li data-start=\"3815\" data-end=\"3865\"><strong data-start=\"3818\" data-end=\"3847\">Emparejar con la aplicaci\u00f3n Plejd<\/strong> a trav\u00e9s de Bluetooth\u00ae.<\/li>\n<li data-start=\"3866\" data-end=\"3930\"><strong data-start=\"3869\" data-end=\"3915\">Configurar funciones de tiempo o escenarios<\/strong> seg\u00fan sea necesario.<\/li>\n<li data-start=\"3931\" data-end=\"3988\"><strong data-start=\"3934\" data-end=\"3965\">Control remoto con Plejd Gateway<\/strong> <em data-start=\"3966\" data-end=\"3985\">(si est\u00e1 disponible)<\/em>.<\/li>\n<\/ol>\n<p data-start=\"3990\" data-end=\"4114\">En pocos minutos tendr\u00e1s <strong data-start=\"4016\" data-end=\"4067\">control total sobre sus dispositivos conectados<\/strong>\u00a1Directamente a trav\u00e9s de la aplicaci\u00f3n u otros dispositivos Plejd!<\/p>\n<h3 data-start=\"4116\" data-end=\"4182\"><strong data-start=\"4120\" data-end=\"4180\">Perfecto para hogares inteligentes e instalaciones profesionales<\/strong><\/h3>\n<p data-start=\"4183\" data-end=\"4418\">El enchufe inteligente Plejd SPR-01 es un <strong data-start=\"4213\" data-end=\"4276\">Soluci\u00f3n ideal tanto para uso privado como comercial<\/strong>.<\/p>\n<p data-start=\"4183\" data-end=\"4418\">Perfecto para <strong data-start=\"4290\" data-end=\"4304\">casas inteligentes<\/strong>, <strong data-start=\"4306\" data-end=\"4317\">v\u00edveres<\/strong>, <strong data-start=\"4319\" data-end=\"4329\">oficina<\/strong>, <strong data-start=\"4331\" data-end=\"4341\">Hotel<\/strong> y otros entornos donde <strong data-start=\"4364\" data-end=\"4415\">Se necesita control inal\u00e1mbrico de aparatos el\u00e9ctricos<\/strong>.<\/p>\n<h3 data-start=\"4420\" data-end=\"4438\"><strong data-start=\"4424\" data-end=\"4436\">Conclusi\u00f3n<\/strong><\/h3>\n<p data-start=\"4439\" data-end=\"4819\">El enchufe inteligente Plejd SPR-01 es <strong data-start=\"4466\" data-end=\"4503\">una soluci\u00f3n potente y flexible<\/strong> para automatizar y controlar remotamente <strong data-start=\"4540\" data-end=\"4576\">iluminaci\u00f3n y aparatos el\u00e9ctricos<\/strong>.<\/p>\n<p data-start=\"4439\" data-end=\"4819\">Con <strong data-start=\"4582\" data-end=\"4632\">Control inal\u00e1mbrico a trav\u00e9s de Bluetooth\u00ae y malla Plejd<\/strong>, <strong data-start=\"4634\" data-end=\"4652\">funciones de tiempo<\/strong> y <strong data-start=\"4657\" data-end=\"4707\">Posibilidad de control remoto a trav\u00e9s de Plejd Gateway<\/strong>\u00bfEs esto un? <strong data-start=\"4721\" data-end=\"4739\">dispositivo imprescindible<\/strong> para todos los que quieran uno <strong data-start=\"4765\" data-end=\"4816\">Hogar o lugar de trabajo inteligente y energ\u00e9ticamente eficiente<\/strong>.<\/p>","protected":false},"excerpt":{"rendered":"<p>Plejd Smart Plug SPR-01 es un enchufe inteligente inal\u00e1mbrico que controla iluminaci\u00f3n y electrodom\u00e9sticos de hasta 16 A (3600 W).<\/p>\n<p>Control a trav\u00e9s de la aplicaci\u00f3n Plejd, otros productos Plejd o el bot\u00f3n integrado.<\/p>\n<p>Soporte para temporizador, astro y reloj semanal.<\/p>\n<p>Se puede integrar con sistemas de terceros a trav\u00e9s de Plejd Gateway.<\/p>\n<p>IP20, s\u00f3lo para uso en interiores.<\/p>","protected":false},"featured_media":148053,"template":"","meta":{"_acf_changed":false},"product_brand":[],"product_cat":[4659],"product_tag":[4670],"class_list":{"0":"post-148054","1":"product","2":"type-product","3":"status-publish","4":"has-post-thumbnail","6":"product_cat-plejd-plugg","7":"product_tag-plejd","8":"product_shipping_class-postnord-varubrev","9":"pa_farg-vit","10":"tm-has-options","12":"first","13":"instock","14":"sale","15":"taxable","16":"shipping-taxable","17":"purchasable","18":"product-type-simple"},"acf":[],"_links":{"self":[{"href":"https:\/\/secureus.se\/es\/wp-json\/wp\/v2\/product\/148054","targetHints":{"allow":["GET"]}}],"collection":[{"href":"https:\/\/secureus.se\/es\/wp-json\/wp\/v2\/product"}],"about":[{"href":"https:\/\/secureus.se\/es\/wp-json\/wp\/v2\/types\/product"}],"wp:featuredmedia":[{"embeddable":true,"href":"https:\/\/secureus.se\/es\/wp-json\/wp\/v2\/media\/148053"}],"wp:attachment":[{"href":"https:\/\/secureus.se\/es\/wp-json\/wp\/v2\/media?parent=148054"}],"wp:term":[{"taxonomy":"product_brand","embeddable":true,"href":"https:\/\/secureus.se\/es\/wp-json\/wp\/v2\/product_brand?post=148054"},{"taxonomy":"product_cat","embeddable":true,"href":"https:\/\/secureus.se\/es\/wp-json\/wp\/v2\/product_cat?post=148054"},{"taxonomy":"product_tag","embeddable":true,"href":"https:\/\/secureus.se\/es\/wp-json\/wp\/v2\/product_tag?post=148054"}],"curies":[{"name":"wp","href":"https:\/\/api.w.org\/{rel}","templated":true}]}}