{"id":148056,"date":"2025-02-25T12:22:25","date_gmt":"2025-02-25T11:22:25","guid":{"rendered":"https:\/\/secureus.se\/?post_type=product&#038;p=148056"},"modified":"2026-04-08T16:26:50","modified_gmt":"2026-04-08T14:26:50","slug":"plejd-led-driver-led-10-10w-150-700ma-12-24v","status":"publish","type":"product","link":"https:\/\/secureus.se\/es\/plejd-led-driver-led-10-10w-150-700ma-12-24v\/","title":{"rendered":"Controlador LED Plejd LED-10 10W 150-700mA 12\/24V"},"content":{"rendered":"<h1 data-start=\"524\" data-end=\"583\"><strong data-start=\"528\" data-end=\"581\">Control de LED suave y flexible con Plejd LED-10<\/strong><\/h1>\n<p data-start=\"584\" data-end=\"925\">El controlador LED Plejd LED-10 es un <strong data-start=\"614\" data-end=\"653\">Controlador LED compacto e inteligente<\/strong> con incorporado <strong data-start=\"666\" data-end=\"684\">funci\u00f3n de atenuaci\u00f3n<\/strong>, perfecto para controlar luminarias LED individuales o tiras LED.<\/p>\n<p data-start=\"584\" data-end=\"925\">Con <strong data-start=\"753\" data-end=\"789\">control inal\u00e1mbrico a trav\u00e9s de la aplicaci\u00f3n Plejd<\/strong> y apoyo para <strong data-start=\"803\" data-end=\"849\">bot\u00f3n pulsador con resorte o sensor de movimiento<\/strong>, es ideal para <strong data-start=\"871\" data-end=\"922\">Soluciones de iluminaci\u00f3n modernas y energ\u00e9ticamente eficientes<\/strong>.<\/p>\n<p data-start=\"927\" data-end=\"1192\">LED-10 es <strong data-start=\"937\" data-end=\"1006\">Perfecto para cargas de corriente constante (CC) y voltaje constante (CV)<\/strong> y ofertas <strong data-start=\"1020\" data-end=\"1044\">atenuaci\u00f3n de 1 a 100 %<\/strong> Sin parpadeo.<\/p>\n<p data-start=\"927\" data-end=\"1192\">El producto es f\u00e1cil de instalar. <strong data-start=\"1088\" data-end=\"1133\">En una caja de conexiones, en una pared o en un carril DIN<\/strong> con la ayuda de <strong data-start=\"1147\" data-end=\"1189\">Clip de montaje (MNT-01, no incluido)<\/strong>.<\/p>\n<h3 data-start=\"1194\" data-end=\"1248\"><strong data-start=\"1198\" data-end=\"1246\">Control de iluminaci\u00f3n inal\u00e1mbrico y automatizado<\/strong><\/h3>\n<p data-start=\"1249\" data-end=\"1323\">El LED-10 se puede controlar de varias maneras para ajustar el brillo seg\u00fan sea necesario:<\/p>\n<p data-start=\"1325\" data-end=\"1705\">\u2714 <strong data-start=\"1327\" data-end=\"1342\">La aplicaci\u00f3n Plejd<\/strong> \u2013 Controla la iluminaci\u00f3n directamente a trav\u00e9s del m\u00f3vil o tablet.<br data-start=\"1403\" data-end=\"1406\" \/>\u2714 <strong data-start=\"1408\" data-end=\"1436\">Bot\u00f3n pulsador con retorno por resorte<\/strong> \u2013 F\u00e1cil control manual cuando sea necesario.<br data-start=\"1472\" data-end=\"1475\" \/>\u2714 <strong data-start=\"1477\" data-end=\"1492\">Sensor de movimiento<\/strong> \u2013 Automatizar el control de la iluminaci\u00f3n en funci\u00f3n del movimiento.<br data-start=\"1540\" data-end=\"1543\" \/>\u2714 <strong data-start=\"1545\" data-end=\"1558\">Gui\u00f3n<\/strong> \u2013 Utilice la aplicaci\u00f3n Plejd para controlar varios dispositivos simult\u00e1neamente.<br data-start=\"1618\" data-end=\"1621\" \/>\u2714 <strong data-start=\"1623\" data-end=\"1641\">Funciones de tiempo<\/strong> \u2013 Incorporado <strong data-start=\"1652\" data-end=\"1674\">reloj astron\u00f3mico y semanal<\/strong> para el control autom\u00e1tico de la luz.<\/p>\n<p data-start=\"1707\" data-end=\"1847\">Por <strong data-start=\"1713\" data-end=\"1734\">Tecnolog\u00eda de malla a cuadros<\/strong> puede LED-10 <strong data-start=\"1746\" data-end=\"1785\">comunicarse con otros dispositivos Plejd<\/strong> para crear un <strong data-start=\"1803\" data-end=\"1844\">soluci\u00f3n de iluminaci\u00f3n estable y flexible<\/strong>.<\/p>\n<h3 data-start=\"1849\" data-end=\"1901\"><strong data-start=\"1853\" data-end=\"1899\">Alta compatibilidad y control LED regulable<\/strong><\/h3>\n<p data-start=\"1902\" data-end=\"2046\">LED-10 es <strong data-start=\"1912\" data-end=\"1980\">Compatible tanto con corriente constante (CC) como con voltaje constante (CV)<\/strong>, lo que lo hace <strong data-start=\"1997\" data-end=\"2043\">Perfecto para muchas instalaciones LED diferentes<\/strong>.<\/p>\n<table data-start=\"2048\" data-end=\"2251\">\n<thead data-start=\"2048\" data-end=\"2083\">\n<tr data-start=\"2048\" data-end=\"2083\">\n<th data-start=\"2048\" data-end=\"2063\"><strong data-start=\"2050\" data-end=\"2061\">Tipo de carga<\/strong><\/th>\n<th data-start=\"2063\" data-end=\"2083\"><strong data-start=\"2065\" data-end=\"2081\">Rango de potencia<\/strong><\/th>\n<\/tr>\n<\/thead>\n<tbody data-start=\"2117\" data-end=\"2251\">\n<tr data-start=\"2117\" data-end=\"2138\">\n<td><strong data-start=\"2119\" data-end=\"2129\">150 mA<\/strong><\/td>\n<td>1\u20134W<\/td>\n<\/tr>\n<tr data-start=\"2139\" data-end=\"2160\">\n<td><strong data-start=\"2141\" data-end=\"2151\">350 mA<\/strong><\/td>\n<td>1\u20139W<\/td>\n<\/tr>\n<tr data-start=\"2161\" data-end=\"2183\">\n<td><strong data-start=\"2163\" data-end=\"2173\">500 mA<\/strong><\/td>\n<td>1\u201310 W<\/td>\n<\/tr>\n<tr data-start=\"2184\" data-end=\"2206\">\n<td><strong data-start=\"2186\" data-end=\"2196\">700 mA<\/strong><\/td>\n<td>1\u201310 W<\/td>\n<\/tr>\n<tr data-start=\"2207\" data-end=\"2228\">\n<td><strong data-start=\"2209\" data-end=\"2219\">12 V CC<\/strong><\/td>\n<td>0\u20138 W<\/td>\n<\/tr>\n<tr data-start=\"2229\" data-end=\"2251\">\n<td><strong data-start=\"2231\" data-end=\"2241\">24 V CC<\/strong><\/td>\n<td>0\u201310 W<\/td>\n<\/tr>\n<\/tbody>\n<\/table>\n<p data-start=\"2253\" data-end=\"2464\">El LED-10 garantiza <strong data-start=\"2273\" data-end=\"2312\">transiciones de atenuaci\u00f3n suaves y precisas<\/strong>, y el <strong data-start=\"2322\" data-end=\"2351\">tecnolog\u00eda de protecci\u00f3n avanzada<\/strong> incluye <strong data-start=\"2363\" data-end=\"2409\">protecci\u00f3n contra cortocircuitos y sobretemperatura<\/strong>, lo que garantiza una <strong data-start=\"2432\" data-end=\"2461\">Operaci\u00f3n segura y duradera<\/strong>.<\/p>\n<h3 data-start=\"2466\" data-end=\"2509\"><strong data-start=\"2470\" data-end=\"2507\">F\u00e1cil instalaci\u00f3n en todos los entornos<\/strong><\/h3>\n<p data-start=\"2510\" data-end=\"2562\">El LED-10 se puede instalar f\u00e1cilmente de varias maneras diferentes:<\/p>\n<ul data-start=\"2564\" data-end=\"2729\">\n<li data-start=\"2564\" data-end=\"2619\"><strong data-start=\"2566\" data-end=\"2583\">En la caja del dispositivo<\/strong> \u2013 Detr\u00e1s de un pulsador o de la tapa de una caja.<\/li>\n<li data-start=\"2620\" data-end=\"2659\"><strong data-start=\"2622\" data-end=\"2633\">En la pared<\/strong> \u2013 Montado con tornillos.<\/li>\n<li data-start=\"2660\" data-end=\"2729\"><strong data-start=\"2662\" data-end=\"2678\">En carril DIN<\/strong> \u2013 Requiere clip de montaje (MNT-01, no incluido).<\/li>\n<\/ul>\n<p data-start=\"2731\" data-end=\"2842\">El <strong data-start=\"2735\" data-end=\"2770\">dise\u00f1o compacto (46x46x18 mm)<\/strong> hace que la unidad sea f\u00e1cil de instalar incluso en espacios de instalaci\u00f3n reducidos.<\/p>\n<h3 data-start=\"2844\" data-end=\"2884\"><strong data-start=\"2848\" data-end=\"2882\">Caracter\u00edsticas y beneficios del producto<\/strong><\/h3>\n<p data-start=\"2886\" data-end=\"3461\">\u2714 <strong data-start=\"2888\" data-end=\"2920\">Control de LED regulable (1\u2013100%)<\/strong> \u2013 Perfecto tanto para luminarias LED como para tiras LED.<br data-start=\"2969\" data-end=\"2972\" \/>\u2714 <strong data-start=\"2974\" data-end=\"3024\">Control inal\u00e1mbrico a trav\u00e9s de malla Plejd y Bluetooth\u00ae<\/strong>.<br data-start=\"3025\" data-end=\"3028\" \/>\u2714 <strong data-start=\"3030\" data-end=\"3110\">Potencia m\u00e1xima 10 W: admite corriente constante (CC) y voltaje constante (CV).<\/strong><br data-start=\"3110\" data-end=\"3113\" \/>\u2714 <strong data-start=\"3115\" data-end=\"3142\">Iluminaci\u00f3n automatizada<\/strong> \u2013 Reloj astron\u00f3mico y semanal incorporado.<br data-start=\"3172\" data-end=\"3175\" \/>\u2714 <strong data-start=\"3177\" data-end=\"3199\">Soporte para escenarios<\/strong> \u2013 Integraci\u00f3n perfecta con otros dispositivos Plejd.<br data-start=\"3245\" data-end=\"3248\" \/>\u2714 <strong data-start=\"3250\" data-end=\"3278\">Bajo consumo en modo de espera (0,3 W)<\/strong> \u2013 Eficiencia energ\u00e9tica.<br data-start=\"3296\" data-end=\"3299\" \/>\u2714 <strong data-start=\"3301\" data-end=\"3320\">Protecci\u00f3n avanzada<\/strong> \u2013 Protecci\u00f3n contra cortocircuitos y sobretemperatura.<br data-start=\"3362\" data-end=\"3365\" \/>\u2714 <strong data-start=\"3367\" data-end=\"3404\">Instalaci\u00f3n compacta y flexible<\/strong> \u2013 Se puede montar en una caja de conexiones, en una pared o en un carril DIN.<\/p>\n<h3 data-start=\"3463\" data-end=\"3497\"><strong data-start=\"3467\" data-end=\"3495\">Especificaciones t\u00e9cnicas<\/strong><\/h3>\n<ul data-start=\"3499\" data-end=\"4026\">\n<li data-start=\"3499\" data-end=\"3521\"><strong data-start=\"3501\" data-end=\"3512\">Modelo:<\/strong> LED-10<\/li>\n<li data-start=\"3522\" data-end=\"3565\"><strong data-start=\"3524\" data-end=\"3540\">Tensi\u00f3n de red:<\/strong> 230 V\/50 Hz, m\u00e1x. 0,15 A<\/li>\n<li data-start=\"3566\" data-end=\"3593\"><strong data-start=\"3568\" data-end=\"3586\">Energ\u00eda en espera:<\/strong> 0,3 W<\/li>\n<li data-start=\"3594\" data-end=\"3633\"><strong data-start=\"3596\" data-end=\"3616\">Temperatura de funcionamiento:<\/strong> -20 a +35\u00b0C<\/li>\n<li data-start=\"3634\" data-end=\"3666\"><strong data-start=\"3636\" data-end=\"3652\">Dimensiones:<\/strong> 46 x 46 x 18 mm<\/li>\n<li data-start=\"3667\" data-end=\"3697\"><strong data-start=\"3669\" data-end=\"3683\">\u00c1rea de cable:<\/strong> 0,5\u20134,0 mm\u00b2<\/li>\n<li data-start=\"3698\" data-end=\"3731\"><strong data-start=\"3700\" data-end=\"3720\">Voltaje de salida:<\/strong> 3\u201328 V CC<\/li>\n<li data-start=\"3732\" data-end=\"3758\"><strong data-start=\"3734\" data-end=\"3750\">Capacidad de ruptura:<\/strong> 1\u201310 W<\/li>\n<li data-start=\"3759\" data-end=\"3813\"><strong data-start=\"3761\" data-end=\"3771\">Protecci\u00f3n:<\/strong> Protecci\u00f3n contra sobretemperatura, protecci\u00f3n contra cortocircuitos.<\/li>\n<li data-start=\"3814\" data-end=\"3863\"><strong data-start=\"3816\" data-end=\"3826\">Radio:<\/strong> Malla de 2,4 GHz, Bluetooth\u00ae (&lt;10 dBm)<\/li>\n<li data-start=\"3864\" data-end=\"3906\"><strong data-start=\"3866\" data-end=\"3884\">Alcance de radio:<\/strong> Unos 10 metros en interiores<\/li>\n<li data-start=\"3907\" data-end=\"3929\"><strong data-start=\"3909\" data-end=\"3922\">Clase de IP:<\/strong> IP20<\/li>\n<li data-start=\"3930\" data-end=\"4026\"><strong data-start=\"3932\" data-end=\"3957\">Opciones de montaje:<\/strong> Caja de alojamiento del dispositivo, pared o carril DIN (con clip de montaje, MNT-01)<\/li>\n<\/ul>\n<h3 data-start=\"4028\" data-end=\"4094\"><strong data-start=\"4032\" data-end=\"4092\">Perfecto para hogares inteligentes e instalaciones profesionales<\/strong><\/h3>\n<p data-start=\"4095\" data-end=\"4369\">Plejd LED-10 es ideal para <strong data-start=\"4124\" data-end=\"4181\">Propiedades residenciales, de oficinas, hoteleras y comerciales<\/strong> d\u00f3nde <strong data-start=\"4186\" data-end=\"4221\">Control de LED inteligente y flexible<\/strong> requerido.<\/p>\n<p data-start=\"4095\" data-end=\"4369\">Mediante el uso <strong data-start=\"4247\" data-end=\"4268\">Tecnolog\u00eda de malla a cuadros<\/strong> \u00bfPuedes crear uno? <strong data-start=\"4285\" data-end=\"4332\">Soluci\u00f3n de iluminaci\u00f3n segura, estable e inal\u00e1mbrica<\/strong> sin necesidad de cableado adicional.<\/p>\n<p data-start=\"4371\" data-end=\"4554\">Independientemente de si lo deseas <strong data-start=\"4393\" data-end=\"4469\">Control manual, escenarios automatizados o control remoto de iluminaci\u00f3n<\/strong>El LED-10 ofrece una <strong data-start=\"4490\" data-end=\"4517\">soluci\u00f3n simple e inteligente<\/strong> Para todo tipo de iluminaci\u00f3n LED.<\/p>\n<h3 data-start=\"4556\" data-end=\"4574\"><strong data-start=\"4560\" data-end=\"4572\">Conclusi\u00f3n<\/strong><\/h3>\n<p data-start=\"4575\" data-end=\"4858\">Plejd LED-10 es un <strong data-start=\"4594\" data-end=\"4637\">Controlador LED avanzado y de bajo consumo<\/strong> lo cual da <strong data-start=\"4646\" data-end=\"4680\">control total sobre la iluminaci\u00f3n<\/strong>. Con <strong data-start=\"4686\" data-end=\"4755\">Funci\u00f3n regulable, compatibilidad con la aplicaci\u00f3n Plejd y funciones de tiempo integradas.<\/strong> \u00bfEs esto un? <strong data-start=\"4768\" data-end=\"4788\">producto imprescindible<\/strong> para todos los que quieran <strong data-start=\"4810\" data-end=\"4855\">Control de iluminaci\u00f3n suave e inteligente<\/strong>.<\/p>\n<p data-start=\"2886\" data-end=\"3461\">","protected":false},"excerpt":{"rendered":"<p>El controlador LED Plejd LED-10 es un controlador LED regulable compatible con cargas de corriente constante (CC) y voltaje constante (CV) de hasta 10 W.<\/p>\n<p>Control inal\u00e1mbrico a trav\u00e9s de la aplicaci\u00f3n Plejd, bot\u00f3n pulsador con resorte o sensor de movimiento.<\/p>\n<p>Funciones de tiempo integradas y soporte de escenarios.<\/p>\n<p>Montado en una caja de dispositivo, en una pared o carril DIN.<\/p>","protected":false},"featured_media":148055,"template":"","meta":{"_acf_changed":false},"product_brand":[],"product_cat":[4660],"product_tag":[4670],"class_list":{"0":"post-148056","1":"product","2":"type-product","3":"status-publish","4":"has-post-thumbnail","6":"product_cat-plejd-relaer-led","7":"product_tag-plejd","8":"product_shipping_class-postnord-varubrev","9":"pa_brands-plejd","10":"tm-has-options","12":"first","13":"instock","14":"sale","15":"taxable","16":"shipping-taxable","17":"purchasable","18":"product-type-simple"},"acf":[],"_links":{"self":[{"href":"https:\/\/secureus.se\/es\/wp-json\/wp\/v2\/product\/148056","targetHints":{"allow":["GET"]}}],"collection":[{"href":"https:\/\/secureus.se\/es\/wp-json\/wp\/v2\/product"}],"about":[{"href":"https:\/\/secureus.se\/es\/wp-json\/wp\/v2\/types\/product"}],"wp:featuredmedia":[{"embeddable":true,"href":"https:\/\/secureus.se\/es\/wp-json\/wp\/v2\/media\/148055"}],"wp:attachment":[{"href":"https:\/\/secureus.se\/es\/wp-json\/wp\/v2\/media?parent=148056"}],"wp:term":[{"taxonomy":"product_brand","embeddable":true,"href":"https:\/\/secureus.se\/es\/wp-json\/wp\/v2\/product_brand?post=148056"},{"taxonomy":"product_cat","embeddable":true,"href":"https:\/\/secureus.se\/es\/wp-json\/wp\/v2\/product_cat?post=148056"},{"taxonomy":"product_tag","embeddable":true,"href":"https:\/\/secureus.se\/es\/wp-json\/wp\/v2\/product_tag?post=148056"}],"curies":[{"name":"wp","href":"https:\/\/api.w.org\/{rel}","templated":true}]}}