{"id":148058,"date":"2025-02-25T12:22:25","date_gmt":"2025-02-25T11:22:25","guid":{"rendered":"https:\/\/secureus.se\/?post_type=product&#038;p=148058"},"modified":"2026-04-23T10:17:50","modified_gmt":"2026-04-23T08:17:50","slug":"plejd-tryckknapp-tradlos-wph-01-sw-vit","status":"publish","type":"product","link":"https:\/\/secureus.se\/es\/plejd-tryckknapp-tradlos-wph-01-sw-vit\/","title":{"rendered":"Pulsador inal\u00e1mbrico Plejd WPH-01-SW blanco"},"content":{"rendered":"<h1 data-start=\"514\" data-end=\"892\">Plejd WPH-01-SW es un pulsador inal\u00e1mbrico y flexible que permite un control suave de uno o m\u00e1s dispositivos Plejd.<\/h1>\n<p data-start=\"514\" data-end=\"892\">Se puede utilizar para controlar directamente la iluminaci\u00f3n, crear conexiones de escaleras o activar diferentes escenarios a trav\u00e9s de la aplicaci\u00f3n Plejd.<\/p>\n<p data-start=\"514\" data-end=\"892\">La instalaci\u00f3n es sencilla y se puede realizar en el exterior de una caja el\u00e9ctrica est\u00e1ndar con tornillos o fij\u00e1ndola directamente a la pared con la cinta incluida.<\/p>\n<p data-start=\"894\" data-end=\"1233\">El pulsador utiliza tecnolog\u00eda de malla Bluetooth\u00ae a 2,4 GHz y tiene un alcance de radio de aproximadamente 10 metros en interiores.<\/p>\n<p data-start=\"894\" data-end=\"1233\">Tenga en cuenta que el WPH-01-SW no ampl\u00eda el alcance del sistema de malla Plejd. Con una impresionante duraci\u00f3n de bater\u00eda de hasta 15 a\u00f1os o 200.000 clics (alimentado por dos bater\u00edas CR2032), este bot\u00f3n pulsador es una soluci\u00f3n confiable y a largo plazo.<\/p>\n<p data-start=\"1235\" data-end=\"1559\">En t\u00e9rminos de dise\u00f1o, el pulsador se adapta perfectamente a entornos modernos con su marco Exxact\u00ae blanco y sus dimensiones compactas de 71x71x14 mm.<\/p>\n<p data-start=\"1235\" data-end=\"1559\">Viene con balanc\u00edn simple y doble para una mayor flexibilidad. Est\u00e1 fabricado en termopl\u00e1stico de alta calidad con una superficie brillante y est\u00e1 clasificado como IP20, lo que lo hace adecuado para uso en interiores.<\/p>\n<h3 data-start=\"1561\" data-end=\"1594\"><strong data-start=\"1565\" data-end=\"1594\">Especificaciones t\u00e9cnicas:<\/strong><\/h3>\n<ul data-start=\"1595\" data-end=\"2122\">\n<li data-start=\"1595\" data-end=\"1650\"><strong data-start=\"1597\" data-end=\"1615\">Comunicaci\u00f3n:<\/strong> Bluetooth\u00ae de malla de 2,4 GHz, &lt;10 dBm<\/li>\n<li data-start=\"1651\" data-end=\"1696\"><strong data-start=\"1653\" data-end=\"1671\">Alcance de radio:<\/strong> Aproximadamente 10 metros en interiores<\/li>\n<li data-start=\"1697\" data-end=\"1751\"><strong data-start=\"1699\" data-end=\"1714\">Duraci\u00f3n de la bater\u00eda:<\/strong> Hasta 15 a\u00f1os o 200.000 clics<\/li>\n<li data-start=\"1752\" data-end=\"1812\"><strong data-start=\"1754\" data-end=\"1775\">Fuente de alimentaci\u00f3n:<\/strong> 2 piezas Pilas CR2032 (reemplazables)<\/li>\n<li data-start=\"1813\" data-end=\"1887\"><strong data-start=\"1815\" data-end=\"1835\">M\u00e9todo de montaje:<\/strong> Montaje en superficie con tornillos o cinta autoadhesiva.<\/li>\n<li data-start=\"1888\" data-end=\"1913\"><strong data-start=\"1890\" data-end=\"1899\">Medida:<\/strong> 71 x 71 x 14 mm<\/li>\n<li data-start=\"1914\" data-end=\"1945\"><strong data-start=\"1916\" data-end=\"1934\">Placa central:<\/strong> 55\u00d755 mm<\/li>\n<li data-start=\"1946\" data-end=\"1990\"><strong data-start=\"1948\" data-end=\"1961\">Material:<\/strong> Termopl\u00e1stico, blanco (RAL 9003)<\/li>\n<li data-start=\"1991\" data-end=\"2021\"><strong data-start=\"1993\" data-end=\"2001\">Superficie:<\/strong> En blanco, sin tratar<\/li>\n<li data-start=\"2022\" data-end=\"2065\"><strong data-start=\"2024\" data-end=\"2037\">Clase de IP:<\/strong> IP20 (solo para uso en interiores)<\/li>\n<li data-start=\"2066\" data-end=\"2122\"><strong data-start=\"2068\" data-end=\"2087\">Compatibilidad:<\/strong> Compatible con el marco Schneider Exxact\u00ae<\/li>\n<\/ul>\n<p data-start=\"2124\" data-end=\"2335\">Con Plejd WPH-01-SW obtendr\u00e1 una soluci\u00f3n elegante y funcional para el control inal\u00e1mbrico de su iluminaci\u00f3n inteligente.<\/p>\n<p data-start=\"2124\" data-end=\"2335\">Perfecto para hogares, oficinas u otros entornos interiores donde se prioriza la flexibilidad y la f\u00e1cil instalaci\u00f3n.<\/p>","protected":false},"excerpt":{"rendered":"<p>Plejd WPH-01-SW es un pulsador inal\u00e1mbrico que proporciona un control suave de los productos Plejd.<\/p>\n<p>Se puede montar en la superficie con cinta o tornillos y se configura f\u00e1cilmente en la aplicaci\u00f3n Plejd.<\/p>\n<p>Con una duraci\u00f3n de bater\u00eda de hasta 15 a\u00f1os y tecnolog\u00eda de malla Bluetooth\u00ae, es una soluci\u00f3n flexible y a largo plazo para el control de la iluminaci\u00f3n inteligente.<\/p>","protected":false},"featured_media":148057,"template":"","meta":{"_acf_changed":false},"product_brand":[],"product_cat":[4658],"product_tag":[],"class_list":{"0":"post-148058","1":"product","2":"type-product","3":"status-publish","4":"has-post-thumbnail","6":"product_cat-plejd-stromstallare","7":"product_shipping_class-postnord-varubrev","8":"pa_brands-plejd","9":"pa_farg-vit","10":"tm-has-options","12":"first","13":"instock","14":"sale","15":"taxable","16":"shipping-taxable","17":"purchasable","18":"product-type-simple"},"acf":[],"_links":{"self":[{"href":"https:\/\/secureus.se\/es\/wp-json\/wp\/v2\/product\/148058","targetHints":{"allow":["GET"]}}],"collection":[{"href":"https:\/\/secureus.se\/es\/wp-json\/wp\/v2\/product"}],"about":[{"href":"https:\/\/secureus.se\/es\/wp-json\/wp\/v2\/types\/product"}],"wp:featuredmedia":[{"embeddable":true,"href":"https:\/\/secureus.se\/es\/wp-json\/wp\/v2\/media\/148057"}],"wp:attachment":[{"href":"https:\/\/secureus.se\/es\/wp-json\/wp\/v2\/media?parent=148058"}],"wp:term":[{"taxonomy":"product_brand","embeddable":true,"href":"https:\/\/secureus.se\/es\/wp-json\/wp\/v2\/product_brand?post=148058"},{"taxonomy":"product_cat","embeddable":true,"href":"https:\/\/secureus.se\/es\/wp-json\/wp\/v2\/product_cat?post=148058"},{"taxonomy":"product_tag","embeddable":true,"href":"https:\/\/secureus.se\/es\/wp-json\/wp\/v2\/product_tag?post=148058"}],"curies":[{"name":"wp","href":"https:\/\/api.w.org\/{rel}","templated":true}]}}