{"id":148060,"date":"2025-02-25T12:22:25","date_gmt":"2025-02-25T11:22:25","guid":{"rendered":"https:\/\/secureus.se\/?post_type=product&#038;p=148060"},"modified":"2026-04-23T10:17:46","modified_gmt":"2026-04-23T08:17:46","slug":"plejd-controller-ctr-01-0-1-10v-16a-mesh-bt","status":"publish","type":"product","link":"https:\/\/secureus.se\/es\/plejd-controller-ctr-01-0-1-10v-16a-mesh-bt\/","title":{"rendered":"Controlador Plejd CTR-01 0\/1-10 V 16 A Malla BT"},"content":{"rendered":"<h1 data-start=\"526\" data-end=\"893\">Plejd CTR-01: Controlador potente y flexible para el control inteligente de la iluminaci\u00f3n<\/h1>\n<p data-start=\"526\" data-end=\"893\">El controlador Plejd CTR-01 es un dispositivo vers\u00e1til y potente que permite tanto el control de rel\u00e9s como el control de productos de terceros con entrada de 0 a 10 V o de 1 a 10 V, como controladores de LED y dispositivos HF.<\/p>\n<p data-start=\"526\" data-end=\"893\">Puede manejar una carga de hasta 16 A y cuenta con detecci\u00f3n de cruce por cero, lo que aumenta la vida \u00fatil de los dispositivos conectados al reducir el desgaste del interruptor.<\/p>\n<p data-start=\"895\" data-end=\"1230\">CTR-01 se puede controlar de forma inal\u00e1mbrica a trav\u00e9s de la aplicaci\u00f3n Plejd y de forma manual mediante un bot\u00f3n pulsador con resorte, un interruptor o un sensor de movimiento.<\/p>\n<p data-start=\"895\" data-end=\"1230\">Tiene dos entradas independientes para un control flexible y admite funciones de tiempo avanzadas como temporizador, astron\u00f3mico y reloj semanal, lo que lo hace ideal para programar y controlar la iluminaci\u00f3n automatizada.<\/p>\n<p data-start=\"1232\" data-end=\"1525\">El dispositivo utiliza tecnolog\u00eda de malla Bluetooth\u00ae, lo que significa que cada dispositivo del sistema act\u00faa como un nodo, ampliando el alcance para una conexi\u00f3n estable y confiable.<\/p>\n<p data-start=\"1232\" data-end=\"1525\">Con un alcance de radio de aproximadamente 10 metros en interiores, se puede integrar f\u00e1cilmente en sistemas Plejd m\u00e1s grandes sin p\u00e9rdida de se\u00f1al.<\/p>\n<p data-start=\"1527\" data-end=\"1858\">El CTR-01 tiene un formato compacto de 46x46x18 mm y se puede instalar directamente en una caja de dispositivo detr\u00e1s de un interruptor, o montar en una pared o riel DIN con el accesorio de clip de montaje MNT-01 (no incluido).<\/p>\n<p data-start=\"1527\" data-end=\"1858\">Est\u00e1 dise\u00f1ado para una tensi\u00f3n de red de 230 V\/50 Hz y tiene un bajo consumo de energ\u00eda en espera de &lt;0,5 W, lo que lo hace energ\u00e9ticamente eficiente.<\/p>\n<p data-start=\"1860\" data-end=\"2019\">Este controlador es una excelente opci\u00f3n tanto para instalaciones privadas como comerciales, donde la necesidad de un control de iluminaci\u00f3n confiable y flexible es primordial.<\/p>\n<h3 data-start=\"2021\" data-end=\"2054\"><strong data-start=\"2025\" data-end=\"2054\">Especificaciones t\u00e9cnicas:<\/strong><\/h3>\n<ul data-start=\"2055\" data-end=\"2636\">\n<li data-start=\"2055\" data-end=\"2087\"><strong data-start=\"2057\" data-end=\"2073\">Tensi\u00f3n de red:<\/strong> 230 V \/ 50 Hz<\/li>\n<li data-start=\"2088\" data-end=\"2117\"><strong data-start=\"2090\" data-end=\"2108\">Energ\u00eda en espera:<\/strong> &lt;0,5 W<\/li>\n<li data-start=\"2118\" data-end=\"2165\"><strong data-start=\"2120\" data-end=\"2136\">Capacidad de ruptura:<\/strong> Hasta 16 A (salida de rel\u00e9)<\/li>\n<li data-start=\"2166\" data-end=\"2212\"><strong data-start=\"2168\" data-end=\"2186\">Comunicaci\u00f3n:<\/strong> Bluetooth\u00ae de malla de 2,4 GHz<\/li>\n<li data-start=\"2213\" data-end=\"2255\"><strong data-start=\"2215\" data-end=\"2233\">Alcance de radio:<\/strong> Unos 10 metros en interiores<\/li>\n<li data-start=\"2256\" data-end=\"2300\"><strong data-start=\"2258\" data-end=\"2271\">Soporte para:<\/strong> Control de 0 a 10 V y de 1 a 10 V<\/li>\n<li data-start=\"2301\" data-end=\"2374\"><strong data-start=\"2303\" data-end=\"2322\">N\u00famero de entradas:<\/strong> 2 para pulsador, interruptor o sensor de movimiento<\/li>\n<li data-start=\"2375\" data-end=\"2424\"><strong data-start=\"2377\" data-end=\"2396\">Funciones del tiempo:<\/strong> Temporizador, astro y reloj semanal<\/li>\n<li data-start=\"2425\" data-end=\"2450\"><strong data-start=\"2427\" data-end=\"2436\">Medida:<\/strong> 46 x 46 x 18 mm<\/li>\n<li data-start=\"2451\" data-end=\"2527\"><strong data-start=\"2453\" data-end=\"2467\">Montaje:<\/strong> Instalaci\u00f3n empotrada en caja de dispositivo o en pared\/riel DIN<\/li>\n<li data-start=\"2528\" data-end=\"2592\"><strong data-start=\"2530\" data-end=\"2540\">Protecci\u00f3n:<\/strong> Detecci\u00f3n de cruce por cero y protecci\u00f3n contra sobretemperatura<\/li>\n<li data-start=\"2593\" data-end=\"2636\"><strong data-start=\"2595\" data-end=\"2608\">Clase de IP:<\/strong> IP20 (solo para uso en interiores)<\/li>\n<\/ul>\n<p data-start=\"2638\" data-end=\"2801\">Con <strong data-start=\"2642\" data-end=\"2658\">Plaid CTR-01<\/strong> \u00bfConsigues uno? <strong data-start=\"2669\" data-end=\"2704\">Soluci\u00f3n inteligente y preparada para el futuro<\/strong> Para el control de la iluminaci\u00f3n, adaptado para todo, desde peque\u00f1as instalaciones dom\u00e9sticas hasta proyectos comerciales m\u00e1s grandes.<\/p>","protected":false},"excerpt":{"rendered":"<p>Plejd CTR-01 es un controlador potente y flexible para el control de rel\u00e9s de hasta 16 A y el control de productos de terceros a trav\u00e9s de 0\u201310 V o 1\u201310 V.<\/p>\n<p>Se puede controlar de forma inal\u00e1mbrica a trav\u00e9s de la aplicaci\u00f3n Plejd y ofrece funciones de tiempo avanzadas como temporizador, astro y reloj semanal.<\/p>\n<p>Perfecto para el control de iluminaci\u00f3n inteligente tanto en hogares como en empresas.<\/p>","protected":false},"featured_media":148059,"template":"","meta":{"_acf_changed":false},"product_brand":[],"product_cat":[4660],"product_tag":[4670],"class_list":{"0":"post-148060","1":"product","2":"type-product","3":"status-publish","4":"has-post-thumbnail","6":"product_cat-plejd-relaer-led","7":"product_tag-plejd","8":"product_shipping_class-postnord-varubrev","9":"pa_brands-plejd","10":"tm-has-options","12":"first","13":"instock","14":"sale","15":"taxable","16":"shipping-taxable","17":"purchasable","18":"product-type-simple"},"acf":[],"_links":{"self":[{"href":"https:\/\/secureus.se\/es\/wp-json\/wp\/v2\/product\/148060","targetHints":{"allow":["GET"]}}],"collection":[{"href":"https:\/\/secureus.se\/es\/wp-json\/wp\/v2\/product"}],"about":[{"href":"https:\/\/secureus.se\/es\/wp-json\/wp\/v2\/types\/product"}],"wp:featuredmedia":[{"embeddable":true,"href":"https:\/\/secureus.se\/es\/wp-json\/wp\/v2\/media\/148059"}],"wp:attachment":[{"href":"https:\/\/secureus.se\/es\/wp-json\/wp\/v2\/media?parent=148060"}],"wp:term":[{"taxonomy":"product_brand","embeddable":true,"href":"https:\/\/secureus.se\/es\/wp-json\/wp\/v2\/product_brand?post=148060"},{"taxonomy":"product_cat","embeddable":true,"href":"https:\/\/secureus.se\/es\/wp-json\/wp\/v2\/product_cat?post=148060"},{"taxonomy":"product_tag","embeddable":true,"href":"https:\/\/secureus.se\/es\/wp-json\/wp\/v2\/product_tag?post=148060"}],"curies":[{"name":"wp","href":"https:\/\/api.w.org\/{rel}","templated":true}]}}