{"id":148064,"date":"2025-02-25T12:22:25","date_gmt":"2025-02-25T11:22:25","guid":{"rendered":"https:\/\/secureus.se\/?post_type=product&#038;p=148064"},"modified":"2026-04-23T10:17:35","modified_gmt":"2026-04-23T08:17:35","slug":"plejd-dosdimmer-dim-01-300va-led-mesh","status":"publish","type":"product","link":"https:\/\/secureus.se\/es\/plejd-dosdimmer-dim-01-300va-led-mesh\/","title":{"rendered":"Regulador de intensidad LED Plejd Dos DIM-01 300VA"},"content":{"rendered":"<h1>Plejd DIM-01: regulador de intensidad inteligente para un control de iluminaci\u00f3n eficiente y uniforme<\/h1>\n<p data-start=\"85\" data-end=\"436\">Plejd Dosdimmer DIM-01 es un regulador universal dise\u00f1ado para proporcionar la m\u00e1xima flexibilidad en el control de la iluminaci\u00f3n.<\/p>\n<p data-start=\"85\" data-end=\"436\">Con soporte para atenuaci\u00f3n de borde delantero y trasero, puede manejar varios tipos de fuentes de luz, incluidas fuentes de luz LED y transformadores electr\u00f3nicos.<\/p>\n<p data-start=\"85\" data-end=\"436\">Puede manejar cargas de hasta 300 VA y puede controlarse tanto de forma manual como inal\u00e1mbrica.<\/p>\n<p data-start=\"438\" data-end=\"843\">DIM-01 est\u00e1 equipado con dos entradas independientes, lo que permite controlarlo a trav\u00e9s de un pulsador con resorte, un sensor de movimiento u otras se\u00f1ales de control externas.<\/p>\n<p data-start=\"438\" data-end=\"843\">Esto significa que puede integrarse en soluciones de iluminaci\u00f3n tanto modernas como tradicionales. Adem\u00e1s, el regulador tiene niveles m\u00ednimos, m\u00e1ximos e iniciales ajustables, lo que facilita el ajuste del brillo para lograr un rendimiento y una comodidad \u00f3ptimos.<\/p>\n<p data-start=\"845\" data-end=\"1228\">Gracias a la tecnolog\u00eda de malla Bluetooth\u00ae, el DIM-01 se puede controlar de forma inal\u00e1mbrica a trav\u00e9s de la aplicaci\u00f3n Plejd, lo que proporciona f\u00e1cil acceso a funciones avanzadas como control de tiempo, escenarios y control remoto.<\/p>\n<p data-start=\"845\" data-end=\"1228\">Los relojes astron\u00f3micos y semanales incorporados le permiten automatizar la iluminaci\u00f3n seg\u00fan la hora del d\u00eda o el amanecer y el atardecer, lo que contribuye tanto a la comodidad como a la eficiencia energ\u00e9tica.<\/p>\n<p data-start=\"1230\" data-end=\"1623\">DIM-01 es compacto, con dimensiones de 46x46x18 mm, y se puede instalar en una caja de dispositivo detr\u00e1s de un pulsador o de una tapa de caja.<\/p>\n<p data-start=\"1230\" data-end=\"1623\">Tambi\u00e9n se puede montar en una pared o riel DIN utilizando el accesorio de clip de montaje MNT-01 (se vende por separado).<\/p>\n<p data-start=\"1230\" data-end=\"1623\">La unidad tiene m\u00faltiples mecanismos de protecci\u00f3n, incluida protecci\u00f3n contra sobretemperatura y sobrecarga, lo que garantiza una larga vida \u00fatil y un funcionamiento confiable.<\/p>\n<p data-start=\"1625\" data-end=\"1833\">Ya sea que desee crear una iluminaci\u00f3n atmosf\u00e9rica en su hogar, oficina o entorno comercial m\u00e1s grande, Plejd DIM-01 es una soluci\u00f3n inteligente y preparada para el futuro para un control de iluminaci\u00f3n suave y eficiente.<\/p>\n<h3 data-start=\"1840\" data-end=\"1875\"><strong data-start=\"1844\" data-end=\"1873\">Especificaciones t\u00e9cnicas:<\/strong><\/h3>\n<ul data-start=\"1876\" data-end=\"2617\">\n<li data-start=\"1876\" data-end=\"1908\"><strong data-start=\"1878\" data-end=\"1894\">Tensi\u00f3n de red:<\/strong> 230 V \/ 50 Hz<\/li>\n<li data-start=\"1909\" data-end=\"1937\"><strong data-start=\"1911\" data-end=\"1929\">Energ\u00eda en espera:<\/strong> 0,3 W<\/li>\n<li data-start=\"1938\" data-end=\"2162\"><strong data-start=\"1940\" data-end=\"1953\">Carga m\u00e1xima:<\/strong>\n<ul data-start=\"1958\" data-end=\"2162\">\n<li data-start=\"1958\" data-end=\"1994\">L\u00e1mpara hal\u00f3gena\/incandescente (230 V): 0\u2013300 W<\/li>\n<li data-start=\"1997\" data-end=\"2048\">Fuentes de luz\/controladores LED (borde de salida de 230 V): 0\u2013200 VA<\/li>\n<li data-start=\"2051\" data-end=\"2103\">Fuentes de luz\/controladores LED (borde frontal de 230 V): 0\u2013100 VA<\/li>\n<li data-start=\"2106\" data-end=\"2162\">Transformadores electr\u00f3nicos (hal\u00f3genos de 12 V): 0\u2013300 VA<\/li>\n<\/ul>\n<\/li>\n<li data-start=\"2163\" data-end=\"2209\"><strong data-start=\"2165\" data-end=\"2183\">Comunicaci\u00f3n:<\/strong> Bluetooth\u00ae de malla de 2,4 GHz<\/li>\n<li data-start=\"2210\" data-end=\"2285\"><strong data-start=\"2212\" data-end=\"2230\">Alcance de radio:<\/strong> Aproximadamente 10 metros en interiores (ampliado con tecnolog\u00eda de malla Plejd)<\/li>\n<li data-start=\"2286\" data-end=\"2363\"><strong data-start=\"2288\" data-end=\"2302\">Montaje:<\/strong> Instalaci\u00f3n empotrada en caja de conexiones, pared o carril DIN<\/li>\n<li data-start=\"2364\" data-end=\"2389\"><strong data-start=\"2366\" data-end=\"2375\">Medida:<\/strong> 46 x 46 x 18 mm<\/li>\n<li data-start=\"2390\" data-end=\"2452\"><strong data-start=\"2392\" data-end=\"2402\">Protecci\u00f3n:<\/strong> Software\/hardware contra sobretemperatura, protecci\u00f3n contra sobrecarga<\/li>\n<li data-start=\"2453\" data-end=\"2496\"><strong data-start=\"2455\" data-end=\"2468\">Clase de IP:<\/strong> IP20 (solo para uso en interiores)<\/li>\n<li data-start=\"2497\" data-end=\"2561\"><strong data-start=\"2499\" data-end=\"2512\">Material:<\/strong> Termopl\u00e1stico libre de hal\u00f3genos, turquesa brillante (RAL 6027)<\/li>\n<li data-start=\"2562\" data-end=\"2617\"><strong data-start=\"2564\" data-end=\"2583\">Compatibilidad:<\/strong> Apple HomeKit, Asistente de Google<\/li>\n<\/ul>","protected":false},"excerpt":{"rendered":"<p>Plejd DIM-01 es un potente regulador universal compatible con atenuaci\u00f3n de borde posterior y de borde anterior hasta 300 VA.<\/p>\n<p>Se controla a trav\u00e9s de la aplicaci\u00f3n Plejd u otros dispositivos y tiene funciones de tiempo integradas como reloj astron\u00f3mico y semanal.<\/p>\n<p>Con dos entradas independientes, se puede conectar a pulsadores con resorte o sensores de movimiento para un control flexible.<\/p>","protected":false},"featured_media":148063,"template":"","meta":{"_acf_changed":false},"product_brand":[],"product_cat":[4660],"product_tag":[],"class_list":{"0":"post-148064","1":"product","2":"type-product","3":"status-publish","4":"has-post-thumbnail","6":"product_cat-plejd-relaer-led","7":"product_shipping_class-postnord-varubrev","8":"pa_brands-plejd","9":"pa_farg-turkos","10":"tm-has-options","12":"first","13":"instock","14":"sale","15":"taxable","16":"shipping-taxable","17":"purchasable","18":"product-type-simple"},"acf":[],"_links":{"self":[{"href":"https:\/\/secureus.se\/es\/wp-json\/wp\/v2\/product\/148064","targetHints":{"allow":["GET"]}}],"collection":[{"href":"https:\/\/secureus.se\/es\/wp-json\/wp\/v2\/product"}],"about":[{"href":"https:\/\/secureus.se\/es\/wp-json\/wp\/v2\/types\/product"}],"wp:featuredmedia":[{"embeddable":true,"href":"https:\/\/secureus.se\/es\/wp-json\/wp\/v2\/media\/148063"}],"wp:attachment":[{"href":"https:\/\/secureus.se\/es\/wp-json\/wp\/v2\/media?parent=148064"}],"wp:term":[{"taxonomy":"product_brand","embeddable":true,"href":"https:\/\/secureus.se\/es\/wp-json\/wp\/v2\/product_brand?post=148064"},{"taxonomy":"product_cat","embeddable":true,"href":"https:\/\/secureus.se\/es\/wp-json\/wp\/v2\/product_cat?post=148064"},{"taxonomy":"product_tag","embeddable":true,"href":"https:\/\/secureus.se\/es\/wp-json\/wp\/v2\/product_tag?post=148064"}],"curies":[{"name":"wp","href":"https:\/\/api.w.org\/{rel}","templated":true}]}}