{"id":148066,"date":"2025-02-25T12:22:25","date_gmt":"2025-02-25T11:22:25","guid":{"rendered":"https:\/\/secureus.se\/?post_type=product&#038;p=148066"},"modified":"2026-04-08T16:28:55","modified_gmt":"2026-04-08T14:28:55","slug":"plejd-dimmer-dal-01-dali-bcast-128ma-dt8-bt","status":"publish","type":"product","link":"https:\/\/secureus.se\/es\/plejd-dimmer-dal-01-dali-bcast-128ma-dt8-bt\/","title":{"rendered":"Regulador de intensidad Plejd DAL-01 DALI Bcast 128 mA DT8 BT"},"content":{"rendered":"<h1 data-start=\"503\" data-end=\"574\"><strong data-start=\"507\" data-end=\"572\">Plejd DAL-01 \u2013 Regulador DALI inteligente con fuente de alimentaci\u00f3n integrada<\/strong><\/h1>\n<p data-start=\"576\" data-end=\"896\">Plejd DAL-01 es un regulador de transmisi\u00f3n DALI que permite un control simple y flexible de soluciones de iluminaci\u00f3n basadas en DALI.<\/p>\n<p data-start=\"576\" data-end=\"896\">Con una fuente de alimentaci\u00f3n incorporada, el DAL-01 puede manejar hasta 64 cargas DALI sin la necesidad de una fuente de alimentaci\u00f3n externa, lo que hace que la instalaci\u00f3n sea m\u00e1s sencilla y rentable.<\/p>\n<p data-start=\"898\" data-end=\"1213\">DAL-01 es compatible con blanco sintonizable (tipo de dispositivo 8 \u2013 DT8), lo que significa que puede controlar tanto el brillo como la temperatura de color de las luminarias DALI conectadas.<\/p>\n<p data-start=\"898\" data-end=\"1213\">Tiene dos entradas independientes que permiten controlar la unidad a trav\u00e9s de un pulsador con resorte, sensor de movimiento u otras se\u00f1ales de control externas.<\/p>\n<p data-start=\"1215\" data-end=\"1581\">La comunicaci\u00f3n inal\u00e1mbrica se realiza a trav\u00e9s de la malla Bluetooth\u00ae, que permite el control a trav\u00e9s de la aplicaci\u00f3n Plejd y la integraci\u00f3n con otros productos Plejd.<\/p>\n<p data-start=\"1215\" data-end=\"1581\">Con la aplicaci\u00f3n, el usuario puede crear escenarios, ajustar los niveles de luz y programar la iluminaci\u00f3n con relojes astron\u00f3micos y semanales integrados, lo que facilita la automatizaci\u00f3n de los horarios de iluminaci\u00f3n seg\u00fan la hora del d\u00eda.<\/p>\n<p data-start=\"1583\" data-end=\"1921\">DAL-01 es compacto y adecuado para instalaci\u00f3n empotrada en una caja de dispositivo detr\u00e1s de un bot\u00f3n pulsador o una cubierta de caja.<\/p>\n<p data-start=\"1583\" data-end=\"1921\">Alternativamente, se puede montar en una pared o riel DIN utilizando el clip de montaje MNT-01 (se vende por separado). El dispositivo tambi\u00e9n tiene protecci\u00f3n contra cortocircuitos y sobretemperatura, lo que garantiza un funcionamiento seguro y a largo plazo.<\/p>\n<p data-start=\"1923\" data-end=\"2147\">Con una alimentaci\u00f3n garantizada de 128 mA y una longitud m\u00e1xima de cable de 300 metros, el DAL-01 es una soluci\u00f3n ideal tanto para instalaciones DALI peque\u00f1as como grandes donde se requiere un control de iluminaci\u00f3n suave e inteligente.<\/p>\n<h3 data-start=\"2154\" data-end=\"2189\"><strong data-start=\"2158\" data-end=\"2187\">Especificaciones t\u00e9cnicas:<\/strong><\/h3>\n<ul data-start=\"2190\" data-end=\"3010\">\n<li data-start=\"2190\" data-end=\"2235\"><strong data-start=\"2192\" data-end=\"2208\">Tensi\u00f3n de red:<\/strong> 230 V\/50 Hz (m\u00e1ximo 0,05 A)<\/li>\n<li data-start=\"2236\" data-end=\"2264\"><strong data-start=\"2238\" data-end=\"2256\">Energ\u00eda en espera:<\/strong> 0,4 W<\/li>\n<li data-start=\"2265\" data-end=\"2333\"><strong data-start=\"2267\" data-end=\"2281\">Soporte DALI:<\/strong> Transmisi\u00f3n DALI-2 (64 cargas), blanco sintonizable (DT8)<\/li>\n<li data-start=\"2334\" data-end=\"2475\"><strong data-start=\"2336\" data-end=\"2350\">Autob\u00fas DALI:<\/strong>\n<ul data-start=\"2355\" data-end=\"2475\">\n<li data-start=\"2355\" data-end=\"2394\">Alimentaci\u00f3n garantizada: 128 mA<\/li>\n<li data-start=\"2397\" data-end=\"2433\">Alimentaci\u00f3n m\u00e1xima: 150 mA<\/li>\n<li data-start=\"2436\" data-end=\"2475\">Longitud m\u00e1xima del cable: 300 metros (1,5 mm\u00b2)<\/li>\n<\/ul>\n<\/li>\n<li data-start=\"2476\" data-end=\"2559\"><strong data-start=\"2478\" data-end=\"2497\">N\u00famero de entradas:<\/strong> 2 (para pulsador, sensor de movimiento u otro control externo)<\/li>\n<li data-start=\"2560\" data-end=\"2606\"><strong data-start=\"2562\" data-end=\"2580\">Comunicaci\u00f3n:<\/strong> Bluetooth\u00ae de malla de 2,4 GHz<\/li>\n<li data-start=\"2607\" data-end=\"2682\"><strong data-start=\"2609\" data-end=\"2627\">Alcance de radio:<\/strong> Aproximadamente 10 metros en interiores (ampliado con tecnolog\u00eda de malla Plejd)<\/li>\n<li data-start=\"2683\" data-end=\"2760\"><strong data-start=\"2685\" data-end=\"2699\">Montaje:<\/strong> Instalaci\u00f3n empotrada en caja de conexiones, pared o carril DIN<\/li>\n<li data-start=\"2761\" data-end=\"2786\"><strong data-start=\"2763\" data-end=\"2772\">Medida:<\/strong> 46 x 46 x 18 mm<\/li>\n<li data-start=\"2787\" data-end=\"2845\"><strong data-start=\"2789\" data-end=\"2799\">Protecci\u00f3n:<\/strong> Software de sobretemperatura, protecci\u00f3n contra cortocircuitos<\/li>\n<li data-start=\"2846\" data-end=\"2889\"><strong data-start=\"2848\" data-end=\"2861\">Clase de IP:<\/strong> IP20 (solo para uso en interiores)<\/li>\n<li data-start=\"2890\" data-end=\"2954\"><strong data-start=\"2892\" data-end=\"2905\">Material:<\/strong> Termopl\u00e1stico libre de hal\u00f3genos, turquesa brillante (RAL 6027)<\/li>\n<li data-start=\"2955\" data-end=\"3010\"><strong data-start=\"2957\" data-end=\"2976\">Compatibilidad:<\/strong> Apple HomeKit, Asistente de Google<\/li>\n<\/ul>\n<p data-start=\"3012\" data-end=\"3198\">Plejd DAL-01 es una soluci\u00f3n confiable y potente para los sistemas de iluminaci\u00f3n modernos basados en DALI y proporciona un control simple y flexible para entornos residenciales y comerciales.<\/p>","protected":false},"excerpt":{"rendered":"<p>Plejd DAL-01 es un regulador DALI avanzado con fuente de alimentaci\u00f3n incorporada para hasta 64 cargas DALI.<\/p>\n<p>Admite luz blanca modulable (DT8) y se puede controlar a trav\u00e9s de la aplicaci\u00f3n Plejd, un bot\u00f3n o un sensor de movimiento.<\/p>\n<p>Con funciones de temporizaci\u00f3n integradas y tecnolog\u00eda de malla Bluetooth\u00ae, el DAL-01 es una soluci\u00f3n flexible y potente para el control de iluminaci\u00f3n inteligente.<\/p>","protected":false},"featured_media":148065,"template":"","meta":{"_acf_changed":false},"product_brand":[],"product_cat":[4660],"product_tag":[4670],"class_list":{"0":"post-148066","1":"product","2":"type-product","3":"status-publish","4":"has-post-thumbnail","6":"product_cat-plejd-relaer-led","7":"product_tag-plejd","8":"product_shipping_class-postnord-varubrev","9":"pa_brands-plejd","10":"pa_farg-turkos","11":"tm-has-options","13":"first","14":"instock","15":"sale","16":"taxable","17":"shipping-taxable","18":"purchasable","19":"product-type-simple"},"acf":[],"_links":{"self":[{"href":"https:\/\/secureus.se\/es\/wp-json\/wp\/v2\/product\/148066","targetHints":{"allow":["GET"]}}],"collection":[{"href":"https:\/\/secureus.se\/es\/wp-json\/wp\/v2\/product"}],"about":[{"href":"https:\/\/secureus.se\/es\/wp-json\/wp\/v2\/types\/product"}],"wp:featuredmedia":[{"embeddable":true,"href":"https:\/\/secureus.se\/es\/wp-json\/wp\/v2\/media\/148065"}],"wp:attachment":[{"href":"https:\/\/secureus.se\/es\/wp-json\/wp\/v2\/media?parent=148066"}],"wp:term":[{"taxonomy":"product_brand","embeddable":true,"href":"https:\/\/secureus.se\/es\/wp-json\/wp\/v2\/product_brand?post=148066"},{"taxonomy":"product_cat","embeddable":true,"href":"https:\/\/secureus.se\/es\/wp-json\/wp\/v2\/product_cat?post=148066"},{"taxonomy":"product_tag","embeddable":true,"href":"https:\/\/secureus.se\/es\/wp-json\/wp\/v2\/product_tag?post=148066"}],"curies":[{"name":"wp","href":"https:\/\/api.w.org\/{rel}","templated":true}]}}