{"id":148311,"date":"2025-02-28T12:32:05","date_gmt":"2025-02-28T11:32:05","guid":{"rendered":"https:\/\/secureus.se\/seagate-st8000vx010-35-skyhawk-8tb-harddisk-sata-6gb-s\/"},"modified":"2025-12-31T21:44:00","modified_gmt":"2025-12-31T20:44:00","slug":"seagate-st8000vx010-35-skyhawk-8tb-harddisk-sata-6gb-s","status":"publish","type":"product","link":"https:\/\/secureus.se\/es\/seagate-st8000vx010-35-skyhawk-8tb-harddisk-sata-6gb-s\/","title":{"rendered":"Disco duro Seagate ST8000VX010 SkyHawk de 3,5\u2033 y 8 TB, SATA 6 GB\/s"},"content":{"rendered":"<div class=\"headernamehrnone\">\n<p><b>Elegante. Seguro. Seguro. | Almacenamiento especializado para monitoreo<\/b>SkyHawk\u2122 se beneficia de la amplia experiencia de Seagate en el dise\u00f1o de discos duros dise\u00f1ados espec\u00edficamente para aplicaciones de vigilancia.<\/p>\n<p><b>Beneficios clave:<\/b><\/p>\n<ul>\n<li><b>Firmware ImagePerfect\u2122<\/b>\u00a0Est\u00e1 dise\u00f1ado para garantizar una captura de video perfecta en cargas de trabajo de vigilancia 24x7 que graban video desde 64 c\u00e1maras HD.<\/li>\n<li><b>Gesti\u00f3n de la salud SkyHawk<\/b>\u00a0ayuda a proteger activamente su almacenamiento de vigilancia centr\u00e1ndose en las opciones de prevenci\u00f3n, intervenci\u00f3n y recuperaci\u00f3n. Se incluye RAID RapidRebuild\u2122, que proporciona una reconstrucci\u00f3n de volumen 3 veces m\u00e1s r\u00e1pida en comparaci\u00f3n con la reconstrucci\u00f3n RAID tradicional.<\/li>\n<li><b>Protecci\u00f3n de datos sin igual<\/b>\u00a0con un plan opcional de servicios de recuperaci\u00f3n de datos Rescue de 2 a\u00f1os, que brinda acceso a los laboratorios seguros de Seagate con \u00e9xito de recuperaci\u00f3n de datos l\u00edder en la industria.<\/li>\n<li><b>Sensores de RV incorporados<\/b>\u00a0permite que las unidades mantengan el rendimiento en sistemas de m\u00faltiples bah\u00edas, brindando a los clientes la flexibilidad de escalar sus sistemas cuando se necesita m\u00e1s almacenamiento.<\/li>\n<li><b>Compatibilidad con transmisi\u00f3n ATA<\/b>\u00a0Permite grabaciones de hasta 64 c\u00e1maras HD para obtener im\u00e1genes fluidas e ininterrumpidas.<\/li>\n<li><b>MTBF de 1 mill\u00f3n de horas, garant\u00eda limitada de 3 a\u00f1os<\/b>\u00a0significa un costo total de propiedad (TCO) mejorado con costos de mantenimiento reducidos.<\/li>\n<li>Yo<b>menor consumo de energ\u00eda<\/b>\u00a0significa una reducci\u00f3n en las emisiones de calor, lo que mejora la confiabilidad de las soluciones de monitoreo. Los componentes resistentes a las manchas protegen el variador de los factores ambientales, aumentando as\u00ed la confiabilidad en el campo.<\/li>\n<\/ul>\n<\/div>\n<div class=\"row headername\">\n<div class=\"item-header rd-hyg-item-header\"><strong>Caracter\u00edsticas principales<\/strong><\/div>\n<div class=\"row\">\n<ul>\n<li>Grabadora de v\u00eddeo en red (NVR)<\/li>\n<li>dispositivos de grabaci\u00f3n de v\u00eddeo DVR<\/li>\n<li>Firmware ImagePerfect\u2122<\/li>\n<li>Gesti\u00f3n de la salud SkyHawk<\/li>\n<li>Protecci\u00f3n de datos sin igual<\/li>\n<li>MTBF de 1 mill\u00f3n de horas, garant\u00eda limitada de 3 a\u00f1os<\/li>\n<\/ul>\n<\/div>\n<\/div>","protected":false},"excerpt":{"rendered":"<p><strong>Seagate SkyHawk ST8000VX010 \u2013 Disco duro SATA de 8 TB y 3,5\u2033<\/strong><\/p>\n<p>SkyHawk est\u00e1 dise\u00f1ado para sistemas de video, ideal para sistemas DVR y NVR. Con la tecnolog\u00eda ImagePerfect y SkyHawk Health Management, garantiza una grabaci\u00f3n de v\u00eddeo confiable y continua. Ofrece una r\u00e1pida transferencia de datos con 6 Gbit\/s y tiene un tama\u00f1o de b\u00fafer de 256 MB. Incluye tres a\u00f1os de Seagate Rescue Data Recovery para mayor protecci\u00f3n de datos.<\/p>","protected":false},"featured_media":148310,"template":"","meta":{"_acf_changed":false},"product_brand":[],"product_cat":[3261],"product_tag":[],"class_list":{"0":"post-148311","1":"product","2":"type-product","3":"status-publish","4":"has-post-thumbnail","6":"product_cat-hdd-harddisk-3-5","7":"product_shipping_class-tunga-paket","8":"pa_brands-seagate","9":"tm-no-options","11":"first","12":"outofstock","13":"sale","14":"taxable","15":"shipping-taxable","16":"purchasable","17":"product-type-simple"},"acf":[],"_links":{"self":[{"href":"https:\/\/secureus.se\/es\/wp-json\/wp\/v2\/product\/148311","targetHints":{"allow":["GET"]}}],"collection":[{"href":"https:\/\/secureus.se\/es\/wp-json\/wp\/v2\/product"}],"about":[{"href":"https:\/\/secureus.se\/es\/wp-json\/wp\/v2\/types\/product"}],"wp:featuredmedia":[{"embeddable":true,"href":"https:\/\/secureus.se\/es\/wp-json\/wp\/v2\/media\/148310"}],"wp:attachment":[{"href":"https:\/\/secureus.se\/es\/wp-json\/wp\/v2\/media?parent=148311"}],"wp:term":[{"taxonomy":"product_brand","embeddable":true,"href":"https:\/\/secureus.se\/es\/wp-json\/wp\/v2\/product_brand?post=148311"},{"taxonomy":"product_cat","embeddable":true,"href":"https:\/\/secureus.se\/es\/wp-json\/wp\/v2\/product_cat?post=148311"},{"taxonomy":"product_tag","embeddable":true,"href":"https:\/\/secureus.se\/es\/wp-json\/wp\/v2\/product_tag?post=148311"}],"curies":[{"name":"wp","href":"https:\/\/api.w.org\/{rel}","templated":true}]}}