{"id":148598,"date":"2025-03-10T11:39:12","date_gmt":"2025-03-10T10:39:12","guid":{"rendered":"https:\/\/secureus.se\/armbagskontakt-aluminium-jck247\/"},"modified":"2026-04-16T16:24:50","modified_gmt":"2026-04-16T14:24:50","slug":"armbagskontakt-aluminium-jck247","status":"publish","type":"product","link":"https:\/\/secureus.se\/es\/armbagskontakt-aluminium-jck247\/","title":{"rendered":"Conector de codo \u2013 Aluminio \u2013 JCK247"},"content":{"rendered":"<h1>Conector de codo \u2013 Aluminio \u2013 JCK247<\/h1>\n<section>JCK247 har tv\u00e5 tryckytor och \u00e4r tillverkad i silvereloxerad aluminium med svarta endcaps.B\u00e5da tryckytorna \u00e4r utformade med fyra taktila rillor och fungerar som extra v\u00e4gledning f\u00f6r personer med synneds\u00e4ttning.Man kan enkelt k\u00e4nna sig till vart man ska trycka f\u00f6r att aktivera d\u00f6rr\u00f6ppning.<\/p>\n<p>JCK247 es parte de una serie de productos de contactos de codo con dos superficies de presi\u00f3n de igual tama\u00f1o.<\/p>\n<p>La serie est\u00e1 especialmente desarrollada para entornos con puertas batientes dobles y permite controlar cada puerta por separado con su propio pulsador.<\/p>\n<p>La funci\u00f3n ayuda a reducir las corrientes de aire fr\u00edo y corrientes de aire, y ahorra energ\u00eda en comparaci\u00f3n con la apertura de ambas puertas cada vez que se abren.<\/p>\n<p>Estos conectores de codo tambi\u00e9n pueden ser adecuados en un paso donde hay dos entradas al local.<\/p>\n<\/section>\n<section>\n<h4>Especificaciones t\u00e9cnicas<\/h4>\n<ul>\n<li>Hecho en Suecia.<\/li>\n<li>Material: Alu.6060-T6, pl\u00e1stico POM (pl\u00e1stico acetal).<\/li>\n<li>Dimensiones versi\u00f3n est\u00e1ndar l\/a\/al: 477x80x23 mm.<\/li>\n<li>Microinterruptor: Est\u00e1ndar 2 piezas NO IP67.<\/li>\n<\/ul>\n<\/section>","protected":false},"excerpt":{"rendered":"<p>Dimensiones del producto: 477 x 80 x 23 mm.<\/p>\n<p>Conector de codo con placas de doble presi\u00f3n en aluminio anodizado plata y tapas finales de color negro.<\/p>\n<p>Modelo largo con ranuras t\u00e1ctiles.<\/p>","protected":false},"featured_media":148596,"template":"","meta":{"_acf_changed":false},"product_brand":[],"product_cat":[1422,4706],"product_tag":[],"class_list":{"0":"post-148598","1":"product","2":"type-product","3":"status-publish","4":"has-post-thumbnail","6":"product_cat-armbagskontakter-dorrautomatik","7":"product_cat-metall","8":"product_shipping_class-tunga-paket","9":"pa_brands-jc-kontakter","10":"tm-no-options","12":"first","13":"instock","14":"sale","15":"taxable","16":"shipping-taxable","17":"purchasable","18":"product-type-simple"},"acf":[],"_links":{"self":[{"href":"https:\/\/secureus.se\/es\/wp-json\/wp\/v2\/product\/148598","targetHints":{"allow":["GET"]}}],"collection":[{"href":"https:\/\/secureus.se\/es\/wp-json\/wp\/v2\/product"}],"about":[{"href":"https:\/\/secureus.se\/es\/wp-json\/wp\/v2\/types\/product"}],"wp:featuredmedia":[{"embeddable":true,"href":"https:\/\/secureus.se\/es\/wp-json\/wp\/v2\/media\/148596"}],"wp:attachment":[{"href":"https:\/\/secureus.se\/es\/wp-json\/wp\/v2\/media?parent=148598"}],"wp:term":[{"taxonomy":"product_brand","embeddable":true,"href":"https:\/\/secureus.se\/es\/wp-json\/wp\/v2\/product_brand?post=148598"},{"taxonomy":"product_cat","embeddable":true,"href":"https:\/\/secureus.se\/es\/wp-json\/wp\/v2\/product_cat?post=148598"},{"taxonomy":"product_tag","embeddable":true,"href":"https:\/\/secureus.se\/es\/wp-json\/wp\/v2\/product_tag?post=148598"}],"curies":[{"name":"wp","href":"https:\/\/api.w.org\/{rel}","templated":true}]}}