{"id":148610,"date":"2025-03-10T11:26:31","date_gmt":"2025-03-10T10:26:31","guid":{"rendered":"https:\/\/secureus.se\/armbagskontakt-aluminium-jck217-400-mm\/"},"modified":"2026-04-16T16:31:47","modified_gmt":"2026-04-16T14:31:47","slug":"armbagskontakt-aluminium-jck217-400-mm","status":"publish","type":"product","link":"https:\/\/secureus.se\/es\/armbagskontakt-aluminium-jck217-400-mm\/","title":{"rendered":"Conector de codo \u2013 Aluminio \u2013 JCK217 400 mm"},"content":{"rendered":"<h1>Conector de codo \u2013 Aluminio \u2013 JCK217 400 mm<\/h1>\n<section>\n<div class=\"elementor-element elementor-element-6a2939e elementor-widget elementor-widget-woocommerce-product-content\" data-id=\"6a2939e\" data-element_type=\"widget\" data-widget_type=\"woocommerce-product-content.default\">\n<div class=\"elementor-widget-container\">\n<section>JCK217 tillh\u00f6r en serie armb\u00e5gskontakter som har en plan tryckyta med fyra taktila rillor i.Rillorna fungerar som extra v\u00e4gledning f\u00f6r personer med synneds\u00e4ttning.Man kan enkelt k\u00e4nna sig till vart man ska trycka f\u00f6r att aktivera d\u00f6rr\u00f6ppning.<\/p>\n<p>JCK217 est\u00e1 hecho de aluminio anodizado negro y tiene tapas de extremo blancas.<\/p>\n<p>Se entrega con 1 microinterruptor en IP67, pero tambi\u00e9n se puede pedir con m\u00e1s.<\/p>\n<\/section>\n<section>\n<h4>Especificaciones t\u00e9cnicas<\/h4>\n<ul>\n<li>Hecho en Suecia.<\/li>\n<li>Material: Alu.6060-T6, pl\u00e1stico POM (pl\u00e1stico acetal).<\/li>\n<li>Dimensiones versi\u00f3n est\u00e1ndar l\/a\/al: 400x80x23 mm.<\/li>\n<li>Microinterruptor: Est\u00e1ndar 1pc NO IP67. Se puede pedir con 2 piezas, as\u00ed como con NO\/NC.<\/li>\n<\/ul>\n<\/section>\n<\/div>\n<\/div>\n<div class=\"elementor-element elementor-element-6b8d4c9 elementor-widget elementor-widget-html\" data-id=\"6b8d4c9\" data-element_type=\"widget\" data-widget_type=\"html.default\"><\/div>\n<\/section>","protected":false},"excerpt":{"rendered":"<p>Dimensiones del producto: 400 x 80 x 23 mm.<\/p>\n<p>Conector de codo en aluminio anodizado negro con tapas blancas.<\/p>\n<p>Placa de presi\u00f3n plana con ranuras t\u00e1ctiles.<\/p>","protected":false},"featured_media":148608,"template":"","meta":{"_acf_changed":false},"product_brand":[],"product_cat":[1422,4706],"product_tag":[],"class_list":{"0":"post-148610","1":"product","2":"type-product","3":"status-publish","4":"has-post-thumbnail","6":"product_cat-armbagskontakter-dorrautomatik","7":"product_cat-metall","8":"product_shipping_class-tunga-paket","9":"pa_brands-jc-kontakter","10":"tm-has-options","12":"first","13":"instock","14":"sale","15":"taxable","16":"shipping-taxable","17":"purchasable","18":"product-type-simple"},"acf":[],"_links":{"self":[{"href":"https:\/\/secureus.se\/es\/wp-json\/wp\/v2\/product\/148610","targetHints":{"allow":["GET"]}}],"collection":[{"href":"https:\/\/secureus.se\/es\/wp-json\/wp\/v2\/product"}],"about":[{"href":"https:\/\/secureus.se\/es\/wp-json\/wp\/v2\/types\/product"}],"wp:featuredmedia":[{"embeddable":true,"href":"https:\/\/secureus.se\/es\/wp-json\/wp\/v2\/media\/148608"}],"wp:attachment":[{"href":"https:\/\/secureus.se\/es\/wp-json\/wp\/v2\/media?parent=148610"}],"wp:term":[{"taxonomy":"product_brand","embeddable":true,"href":"https:\/\/secureus.se\/es\/wp-json\/wp\/v2\/product_brand?post=148610"},{"taxonomy":"product_cat","embeddable":true,"href":"https:\/\/secureus.se\/es\/wp-json\/wp\/v2\/product_cat?post=148610"},{"taxonomy":"product_tag","embeddable":true,"href":"https:\/\/secureus.se\/es\/wp-json\/wp\/v2\/product_tag?post=148610"}],"curies":[{"name":"wp","href":"https:\/\/api.w.org\/{rel}","templated":true}]}}