{"id":148623,"date":"2025-03-04T15:26:28","date_gmt":"2025-03-04T14:26:28","guid":{"rendered":"https:\/\/secureus.se\/armbagskontakt-beroringsfri-jck201\/"},"modified":"2025-12-31T21:44:22","modified_gmt":"2025-12-31T20:44:22","slug":"armbagskontakt-beroringsfri-jck201","status":"publish","type":"product","link":"https:\/\/secureus.se\/es\/armbagskontakt-beroringsfri-jck201\/","title":{"rendered":"Contacto de codo \u2013 Sin contacto \u2013 JCK201"},"content":{"rendered":"<h1>Contacto de codo \u2013 Sin contacto \u2013 JCK201<\/h1>\n<section>JCK201 es un modelo con un sensor IR incorporado, que permite un funcionamiento sin contacto. El sensor IR reacciona a los cambios de luz, lo que permite activar la apertura de la puerta simplemente moviendo la mano delante del contacto.<\/p>\n<p>Este tipo de contacto de codo es especialmente adecuado en entornos donde se desea limitar la propagaci\u00f3n de bacterias, como escuelas, hospitales y otros edificios p\u00fablicos.<\/p>\n<p>El modelo tambi\u00e9n est\u00e1 equipado con luces LED que ayudan a mostrar el estado actual: verde para modo de espera y azul cuando est\u00e1 activado.<\/p>\n<p>El JCK201 se suministra con dos rel\u00e9s y un interruptor DIP que permite varias opciones de instalaci\u00f3n diferentes.<\/p>\n<\/section>\n<section>\n<h4>Especificaciones t\u00e9cnicas<\/h4>\n<ul>\n<li>Hecho en Suecia.<\/li>\n<li>Material: Alu.6060-T6, pl\u00e1stico POM (pl\u00e1stico acetal).<\/li>\n<li>Dimensiones l\/a\/al: 245 x 80 x 26mm.<\/li>\n<li>Sensor de infrarrojos.<\/li>\n<li>Luz LED.<\/li>\n<li>Unidad de control con interruptor dip.<\/li>\n<li>Dos rel\u00e9s.<\/li>\n<\/ul>\n<\/section>\n<p>&nbsp;<\/p>","protected":false},"excerpt":{"rendered":"<p>Dimensiones del producto: 245 x 80 x 26 mm.<\/p>\n<p>Conector de codo de aluminio con sensor IR incorporado para operaci\u00f3n sin contacto.<\/p>\n<p>Luz LED que indica modo de espera y activaci\u00f3n.<\/p>","protected":false},"featured_media":148621,"template":"","meta":{"_acf_changed":false},"product_brand":[],"product_cat":[1422,4706],"product_tag":[],"class_list":{"0":"post-148623","1":"product","2":"type-product","3":"status-publish","4":"has-post-thumbnail","6":"product_cat-armbagskontakter-dorrautomatik","7":"product_cat-metall","8":"product_shipping_class-tunga-paket","9":"pa_brands-jc-kontakter","10":"tm-no-options","12":"first","13":"instock","14":"sale","15":"taxable","16":"shipping-taxable","17":"purchasable","18":"product-type-simple"},"acf":[],"_links":{"self":[{"href":"https:\/\/secureus.se\/es\/wp-json\/wp\/v2\/product\/148623","targetHints":{"allow":["GET"]}}],"collection":[{"href":"https:\/\/secureus.se\/es\/wp-json\/wp\/v2\/product"}],"about":[{"href":"https:\/\/secureus.se\/es\/wp-json\/wp\/v2\/types\/product"}],"wp:featuredmedia":[{"embeddable":true,"href":"https:\/\/secureus.se\/es\/wp-json\/wp\/v2\/media\/148621"}],"wp:attachment":[{"href":"https:\/\/secureus.se\/es\/wp-json\/wp\/v2\/media?parent=148623"}],"wp:term":[{"taxonomy":"product_brand","embeddable":true,"href":"https:\/\/secureus.se\/es\/wp-json\/wp\/v2\/product_brand?post=148623"},{"taxonomy":"product_cat","embeddable":true,"href":"https:\/\/secureus.se\/es\/wp-json\/wp\/v2\/product_cat?post=148623"},{"taxonomy":"product_tag","embeddable":true,"href":"https:\/\/secureus.se\/es\/wp-json\/wp\/v2\/product_tag?post=148623"}],"curies":[{"name":"wp","href":"https:\/\/api.w.org\/{rel}","templated":true}]}}