{"id":148640,"date":"2025-03-10T12:26:19","date_gmt":"2025-03-10T11:26:19","guid":{"rendered":"https:\/\/secureus.se\/armbagskontakt-abs-plast-jck203\/"},"modified":"2025-12-31T21:52:12","modified_gmt":"2025-12-31T20:52:12","slug":"armbagskontakt-abs-plast-jck203","status":"publish","type":"product","link":"https:\/\/secureus.se\/es\/armbagskontakt-abs-plast-jck203\/","title":{"rendered":"Conector de codo \u2013 Pl\u00e1stico ABS \u2013 JCK203 con logotipo opcional"},"content":{"rendered":"<h1 class=\"product_title entry-title elementor-heading-title elementor-size-default\">Conector de codo \u2013 Pl\u00e1stico ABS \u2013 JCK203<\/h1>\n<p>El JCK203 es un conector de codo duradero con una placa de presi\u00f3n convexa y ranuras t\u00e1ctiles como est\u00e1ndar.<\/p>\n<p>Las ranuras facilitan que las personas con discapacidad visual sepan d\u00f3nde presionar para activar el interruptor del codo.<\/p>\n<p>El modelo tiene una tapa blanca y una base gris oscuro en contraste.<\/p>\n<p>JCK203 se entrega con 1 microinterruptor en IP67, pero tambi\u00e9n se puede pedir con m\u00e1s.<\/p>\n<h3>Especificaciones t\u00e9cnicas<\/h3>\n<ul>\n<li>Hecho en Suecia.<\/li>\n<li>Material: Pl\u00e1stico ABS reciclable.<\/li>\n<li>Dimensiones l\/a\/al: 250x95x25 mm.<\/li>\n<li>Microinterruptor: Est\u00e1ndar 1pc NO IP67. Se puede pedir con 2 piezas, as\u00ed como con NO\/NC.<\/li>\n<\/ul>","protected":false},"excerpt":{"rendered":"<p>En el bot\u00f3n \u201cPersonalizar producto\u201d, seleccione el logotipo.<\/p>\n<p>Dimensiones del producto JCK203: 250 x 95 x 25 mm.<\/p>\n<p>Conector de codo de pl\u00e1stico con placa de presi\u00f3n convexa y ranuras t\u00e1ctiles.<\/p>\n<p>Tapa blanca y marco gris oscuro.<\/p>","protected":false},"featured_media":148638,"template":"","meta":{"_acf_changed":false},"product_brand":[],"product_cat":[1422,4705],"product_tag":[2989],"class_list":{"0":"post-148640","1":"product","2":"type-product","3":"status-publish","4":"has-post-thumbnail","6":"product_cat-armbagskontakter-dorrautomatik","7":"product_cat-abs-plast","8":"product_tag-egen-logo-ej-taggar-kort","9":"product_shipping_class-tunga-paket","10":"pa_brands-jc-kontakter","11":"tm-has-options","13":"first","14":"onbackorder","15":"sale","16":"featured","17":"taxable","18":"shipping-taxable","19":"purchasable","20":"product-type-simple"},"acf":[],"_links":{"self":[{"href":"https:\/\/secureus.se\/es\/wp-json\/wp\/v2\/product\/148640","targetHints":{"allow":["GET"]}}],"collection":[{"href":"https:\/\/secureus.se\/es\/wp-json\/wp\/v2\/product"}],"about":[{"href":"https:\/\/secureus.se\/es\/wp-json\/wp\/v2\/types\/product"}],"wp:featuredmedia":[{"embeddable":true,"href":"https:\/\/secureus.se\/es\/wp-json\/wp\/v2\/media\/148638"}],"wp:attachment":[{"href":"https:\/\/secureus.se\/es\/wp-json\/wp\/v2\/media?parent=148640"}],"wp:term":[{"taxonomy":"product_brand","embeddable":true,"href":"https:\/\/secureus.se\/es\/wp-json\/wp\/v2\/product_brand?post=148640"},{"taxonomy":"product_cat","embeddable":true,"href":"https:\/\/secureus.se\/es\/wp-json\/wp\/v2\/product_cat?post=148640"},{"taxonomy":"product_tag","embeddable":true,"href":"https:\/\/secureus.se\/es\/wp-json\/wp\/v2\/product_tag?post=148640"}],"curies":[{"name":"wp","href":"https:\/\/api.w.org\/{rel}","templated":true}]}}