{"id":148655,"date":"2025-03-10T11:53:34","date_gmt":"2025-03-10T10:53:34","guid":{"rendered":"https:\/\/secureus.se\/armbagskontakt-sparkfunktion-jck138\/"},"modified":"2026-04-16T16:20:09","modified_gmt":"2026-04-16T14:20:09","slug":"armbagskontakt-sparkfunktion-jck138","status":"publish","type":"product","link":"https:\/\/secureus.se\/es\/armbagskontakt-sparkfunktion-jck138\/","title":{"rendered":"Contacto con el codo \u2013 Funci\u00f3n de patada \u2013 JCK138"},"content":{"rendered":"<h1 class=\"product_title entry-title elementor-heading-title elementor-size-default\">Contacto con el codo \u2013 Funci\u00f3n de patada \u2013 JCK138<\/h1>\n<section>\n<section>Kombinerad armb\u00e5gskontakt\/sparkkontakt.L\u00e5ng modell som \u00e4r tillverkad i aluminium, med silvereloxerad tryckyta upptill och svart sparkyta i botten.JCK138 tillh\u00f6r en serie armb\u00e5gskontakter som \u00e4r kombinerade med sparkkontakt nedtill.<\/p>\n<p>Los modelos est\u00e1n especialmente desarrollados para facilitar, por ejemplo: El personal del hospital podr\u00e1 abrir puertas de forma r\u00e1pida y sencilla, por ejemplo, la cama, el codo, la cadera o el pie.<\/p>\n<\/section>\n<section>\n<h4>Especificaciones t\u00e9cnicas<\/h4>\n<ul>\n<li>Hecho en Suecia.<\/li>\n<li>Material: Alu.6060-T6, pl\u00e1stico POM (pl\u00e1stico acetal).<\/li>\n<li>Dimensiones versi\u00f3n est\u00e1ndar l\/a\/al: 1200x80x28 mm.<\/li>\n<li>Microinterruptores: Est\u00e1ndar 8 piezas NO IP Clase 67.<\/li>\n<\/ul>\n<\/section>\n<section>\n<h4>Accesorios y opciones<\/h4>\n<ul>\n<li>Unidad de control con salidas duales y se\u00f1al retardada en una salida.<\/li>\n<\/ul>\n<\/section>\n<\/section>","protected":false},"excerpt":{"rendered":"<p>Dimensiones del producto: 1200 x 80 x 28 mm.<\/p>\n<p>Conector de codo largo en aluminio anodizado plata con funci\u00f3n de patada\/conector de patada en la parte inferior en color negro.<\/p>","protected":false},"featured_media":148653,"template":"","meta":{"_acf_changed":false},"product_brand":[],"product_cat":[1422,4706],"product_tag":[],"class_list":{"0":"post-148655","1":"product","2":"type-product","3":"status-publish","4":"has-post-thumbnail","6":"product_cat-armbagskontakter-dorrautomatik","7":"product_cat-metall","8":"product_shipping_class-tunga-paket","9":"pa_brands-jc-kontakter","10":"tm-no-options","12":"first","13":"instock","14":"sale","15":"taxable","16":"shipping-taxable","17":"purchasable","18":"product-type-simple"},"acf":[],"_links":{"self":[{"href":"https:\/\/secureus.se\/es\/wp-json\/wp\/v2\/product\/148655","targetHints":{"allow":["GET"]}}],"collection":[{"href":"https:\/\/secureus.se\/es\/wp-json\/wp\/v2\/product"}],"about":[{"href":"https:\/\/secureus.se\/es\/wp-json\/wp\/v2\/types\/product"}],"wp:featuredmedia":[{"embeddable":true,"href":"https:\/\/secureus.se\/es\/wp-json\/wp\/v2\/media\/148653"}],"wp:attachment":[{"href":"https:\/\/secureus.se\/es\/wp-json\/wp\/v2\/media?parent=148655"}],"wp:term":[{"taxonomy":"product_brand","embeddable":true,"href":"https:\/\/secureus.se\/es\/wp-json\/wp\/v2\/product_brand?post=148655"},{"taxonomy":"product_cat","embeddable":true,"href":"https:\/\/secureus.se\/es\/wp-json\/wp\/v2\/product_cat?post=148655"},{"taxonomy":"product_tag","embeddable":true,"href":"https:\/\/secureus.se\/es\/wp-json\/wp\/v2\/product_tag?post=148655"}],"curies":[{"name":"wp","href":"https:\/\/api.w.org\/{rel}","templated":true}]}}