{"id":148658,"date":"2025-03-10T11:43:26","date_gmt":"2025-03-10T10:43:26","guid":{"rendered":"https:\/\/secureus.se\/armbagskontakt-aluminium-jck257\/"},"modified":"2025-12-31T21:51:45","modified_gmt":"2025-12-31T20:51:45","slug":"armbagskontakt-aluminium-jck257","status":"publish","type":"product","link":"https:\/\/secureus.se\/es\/armbagskontakt-aluminium-jck257\/","title":{"rendered":"Conector de codo \u2013 Aluminio \u2013 JCK257"},"content":{"rendered":"<h1>Conector de codo \u2013 Aluminio \u2013 JCK257<\/h1>\n<section>El JCK257 tiene dos superficies de presi\u00f3n y est\u00e1 hecho de aluminio anodizado negro con tapas de extremo blancas. Ambas superficies de presi\u00f3n est\u00e1n dise\u00f1adas con cuatro ranuras t\u00e1ctiles y sirven como gu\u00eda adicional para personas con discapacidad visual.<\/p>\n<p>Puedes sentir f\u00e1cilmente d\u00f3nde presionar para activar la apertura de la puerta.<\/p>\n<p>JCK257 es parte de una serie de productos de contactos de codo con dos superficies de presi\u00f3n de igual tama\u00f1o.<\/p>\n<p>La serie est\u00e1 especialmente desarrollada para entornos con puertas batientes dobles y permite controlar cada puerta por separado con su propio pulsador.<\/p>\n<p>La funci\u00f3n ayuda a reducir las corrientes de aire fr\u00edo y corrientes de aire, y ahorra energ\u00eda en comparaci\u00f3n con la apertura de ambas puertas cada vez que se abren.<\/p>\n<p>Estos conectores de codo tambi\u00e9n pueden ser adecuados en un paso donde hay dos entradas al local.<\/p>\n<\/section>\n<section>\n<h4>Especificaciones t\u00e9cnicas<\/h4>\n<ul>\n<li>Hecho en Suecia.<\/li>\n<li>Material: Alu.6060-T6, pl\u00e1stico POM (pl\u00e1stico acetal).<\/li>\n<li>Dimensiones versi\u00f3n est\u00e1ndar l\/a\/al: 477x80x23 mm.<\/li>\n<li>Microinterruptor: Est\u00e1ndar 2 piezas NO IP67.<\/li>\n<\/ul>\n<\/section>","protected":false},"excerpt":{"rendered":"<p>Dimensiones del producto: 311 x 80 x 23 mm.<\/p>\n<p>Conector de codo en aluminio anodizado plata con tapas finales de color negro.<\/p>\n<p>Superficies de doble presi\u00f3n con ranuras t\u00e1ctiles.<\/p>","protected":false},"featured_media":148656,"template":"","meta":{"_acf_changed":false},"product_brand":[],"product_cat":[1422,4706],"product_tag":[],"class_list":{"0":"post-148658","1":"product","2":"type-product","3":"status-publish","4":"has-post-thumbnail","6":"product_cat-armbagskontakter-dorrautomatik","7":"product_cat-metall","8":"product_shipping_class-tunga-paket","9":"pa_brands-jc-kontakter","10":"tm-no-options","12":"first","13":"instock","14":"sale","15":"taxable","16":"shipping-taxable","17":"purchasable","18":"product-type-simple"},"acf":[],"_links":{"self":[{"href":"https:\/\/secureus.se\/es\/wp-json\/wp\/v2\/product\/148658","targetHints":{"allow":["GET"]}}],"collection":[{"href":"https:\/\/secureus.se\/es\/wp-json\/wp\/v2\/product"}],"about":[{"href":"https:\/\/secureus.se\/es\/wp-json\/wp\/v2\/types\/product"}],"wp:featuredmedia":[{"embeddable":true,"href":"https:\/\/secureus.se\/es\/wp-json\/wp\/v2\/media\/148656"}],"wp:attachment":[{"href":"https:\/\/secureus.se\/es\/wp-json\/wp\/v2\/media?parent=148658"}],"wp:term":[{"taxonomy":"product_brand","embeddable":true,"href":"https:\/\/secureus.se\/es\/wp-json\/wp\/v2\/product_brand?post=148658"},{"taxonomy":"product_cat","embeddable":true,"href":"https:\/\/secureus.se\/es\/wp-json\/wp\/v2\/product_cat?post=148658"},{"taxonomy":"product_tag","embeddable":true,"href":"https:\/\/secureus.se\/es\/wp-json\/wp\/v2\/product_tag?post=148658"}],"curies":[{"name":"wp","href":"https:\/\/api.w.org\/{rel}","templated":true}]}}