{"id":148661,"date":"2025-03-04T16:48:14","date_gmt":"2025-03-04T15:48:14","guid":{"rendered":"https:\/\/secureus.se\/armbagskontakt-aluminium-jck118-850-mm\/"},"modified":"2025-12-31T21:50:22","modified_gmt":"2025-12-31T20:50:22","slug":"armbagskontakt-aluminium-jck118-850-mm","status":"publish","type":"product","link":"https:\/\/secureus.se\/es\/armbagskontakt-aluminium-jck118-850-mm\/","title":{"rendered":"Conector de codo \u2013 Aluminio \u2013 JCK118 850 mm"},"content":{"rendered":"<h1 class=\"product_title entry-title elementor-heading-title elementor-size-default\">Conector de codo \u2013 Aluminio \u2013 JCK118 850 mm<\/h1>\n<p>JCK118 es un conector de codo de aluminio robusto.<\/p>\n<p>El modelo tiene una placa de presi\u00f3n c\u00f3ncava negra con tapas de extremo blancas en contraste y es particularmente adecuado para su instalaci\u00f3n en entornos exigentes.<\/p>\n<p>JCK118 se entrega con 1 microinterruptor en IP67, pero tambi\u00e9n se puede pedir con m\u00e1s.<\/p>\n<section>\n<h3>Especificaciones t\u00e9cnicas<\/h3>\n<ul>\n<li>Hecho en Suecia.<\/li>\n<li>Material: Alu.6060-T6, pl\u00e1stico POM (pl\u00e1stico acetal).<\/li>\n<li>Dimensiones versi\u00f3n est\u00e1ndar l\/a\/al: 850x80x28 mm.<\/li>\n<li>Microinterruptor: NO Clase IP 67. Est\u00e1ndar 1 NO, puede pedirse con 2 microinterruptores y con microinterruptores alternados NO\/NC.<\/li>\n<\/ul>\n<\/section>","protected":false},"excerpt":{"rendered":"<p>Tama\u00f1o: 850 x 80 x 28 mm.<\/p>\n<p>Conector de codo con placa de presi\u00f3n c\u00f3ncava en aluminio anodizado negro y tapas finales de color blanco.<\/p>","protected":false},"featured_media":148659,"template":"","meta":{"_acf_changed":false},"product_brand":[],"product_cat":[1422,4706],"product_tag":[],"class_list":{"0":"post-148661","1":"product","2":"type-product","3":"status-publish","4":"has-post-thumbnail","6":"product_cat-armbagskontakter-dorrautomatik","7":"product_cat-metall","8":"product_shipping_class-tunga-paket","9":"pa_brands-jc-kontakter","10":"tm-no-options","12":"first","13":"instock","14":"sale","15":"taxable","16":"shipping-taxable","17":"purchasable","18":"product-type-simple"},"acf":[],"_links":{"self":[{"href":"https:\/\/secureus.se\/es\/wp-json\/wp\/v2\/product\/148661","targetHints":{"allow":["GET"]}}],"collection":[{"href":"https:\/\/secureus.se\/es\/wp-json\/wp\/v2\/product"}],"about":[{"href":"https:\/\/secureus.se\/es\/wp-json\/wp\/v2\/types\/product"}],"wp:featuredmedia":[{"embeddable":true,"href":"https:\/\/secureus.se\/es\/wp-json\/wp\/v2\/media\/148659"}],"wp:attachment":[{"href":"https:\/\/secureus.se\/es\/wp-json\/wp\/v2\/media?parent=148661"}],"wp:term":[{"taxonomy":"product_brand","embeddable":true,"href":"https:\/\/secureus.se\/es\/wp-json\/wp\/v2\/product_brand?post=148661"},{"taxonomy":"product_cat","embeddable":true,"href":"https:\/\/secureus.se\/es\/wp-json\/wp\/v2\/product_cat?post=148661"},{"taxonomy":"product_tag","embeddable":true,"href":"https:\/\/secureus.se\/es\/wp-json\/wp\/v2\/product_tag?post=148661"}],"curies":[{"name":"wp","href":"https:\/\/api.w.org\/{rel}","templated":true}]}}