{"id":148666,"date":"2025-03-04T16:38:36","date_gmt":"2025-03-04T15:38:36","guid":{"rendered":"https:\/\/secureus.se\/armbagskontakt-aluminium-jck108-850-mm\/"},"modified":"2026-04-16T16:45:31","modified_gmt":"2026-04-16T14:45:31","slug":"armbagskontakt-aluminium-jck108-850-mm","status":"publish","type":"product","link":"https:\/\/secureus.se\/es\/armbagskontakt-aluminium-jck108-850-mm\/","title":{"rendered":"Conector de codo \u2013 Aluminio \u2013 JCK108 850 mm"},"content":{"rendered":"<h1>Conector de codo \u2013 Aluminio \u2013 JCK108 850 mm<\/h1>\n<section>JCK108 es un conector de codo robusto fabricado en aluminio. El modelo tiene una placa de presi\u00f3n c\u00f3ncava con tapas de extremo negras en contraste y es especialmente adecuado para su instalaci\u00f3n en entornos exigentes.<br \/>\nJCK108 se entrega con 2 microinterruptores en IP67.<\/section>\n<section>\n<h4>Especificaciones t\u00e9cnicas<\/h4>\n<ul>\n<li>Hecho en Suecia.<\/li>\n<li>Material: Alu.6060-T6, pl\u00e1stico POM (pl\u00e1stico acetal).<\/li>\n<li>Dimensiones l\/a\/al: 850x80x28 mm.<\/li>\n<li>Microinterruptor: Est\u00e1ndar 2 piezas NO IP67. Se puede pedir con NO\/NC.<\/li>\n<\/ul>\n<\/section>","protected":false},"excerpt":{"rendered":"<p>Dimensiones del producto: 850 x 80 x 28 mm.<\/p>\n<p>Conector de codo con placa de presi\u00f3n c\u00f3ncava en aluminio anodizado plata y tapas finales de color negro.<\/p>\n<p>Los tapones de extremo de color blanco est\u00e1n disponibles como opci\u00f3n.<\/p>","protected":false},"featured_media":148664,"template":"","meta":{"_acf_changed":false},"product_brand":[],"product_cat":[1422,4706],"product_tag":[],"class_list":{"0":"post-148666","1":"product","2":"type-product","3":"status-publish","4":"has-post-thumbnail","6":"product_cat-armbagskontakter-dorrautomatik","7":"product_cat-metall","8":"product_shipping_class-tunga-paket","9":"pa_brands-jc-kontakter","10":"tm-no-options","12":"first","13":"instock","14":"sale","15":"taxable","16":"shipping-taxable","17":"purchasable","18":"product-type-simple"},"acf":[],"_links":{"self":[{"href":"https:\/\/secureus.se\/es\/wp-json\/wp\/v2\/product\/148666","targetHints":{"allow":["GET"]}}],"collection":[{"href":"https:\/\/secureus.se\/es\/wp-json\/wp\/v2\/product"}],"about":[{"href":"https:\/\/secureus.se\/es\/wp-json\/wp\/v2\/types\/product"}],"wp:featuredmedia":[{"embeddable":true,"href":"https:\/\/secureus.se\/es\/wp-json\/wp\/v2\/media\/148664"}],"wp:attachment":[{"href":"https:\/\/secureus.se\/es\/wp-json\/wp\/v2\/media?parent=148666"}],"wp:term":[{"taxonomy":"product_brand","embeddable":true,"href":"https:\/\/secureus.se\/es\/wp-json\/wp\/v2\/product_brand?post=148666"},{"taxonomy":"product_cat","embeddable":true,"href":"https:\/\/secureus.se\/es\/wp-json\/wp\/v2\/product_cat?post=148666"},{"taxonomy":"product_tag","embeddable":true,"href":"https:\/\/secureus.se\/es\/wp-json\/wp\/v2\/product_tag?post=148666"}],"curies":[{"name":"wp","href":"https:\/\/api.w.org\/{rel}","templated":true}]}}