{"id":148669,"date":"2025-03-04T16:31:44","date_gmt":"2025-03-04T15:31:44","guid":{"rendered":"https:\/\/secureus.se\/armbagskontakt-50mm-alu-jck265\/"},"modified":"2026-04-16T16:49:17","modified_gmt":"2026-04-16T14:49:17","slug":"armbagskontakt-50mm-alu-jck265","status":"publish","type":"product","link":"https:\/\/secureus.se\/es\/armbagskontakt-50mm-alu-jck265\/","title":{"rendered":"Conector de codo de 50 mm, aluminio, JCK265"},"content":{"rendered":"<h1 class=\"product_title entry-title elementor-heading-title elementor-size-default\">Conector de codo de 50 mm, aluminio, JCK265<\/h1>\n<p>JCK265 est\u00e1 especialmente desarrollado para su instalaci\u00f3n en secciones de vidrio con sistemas de perfiles de 50 mm.<\/p>\n<p>El modelo tambi\u00e9n es adecuado para su instalaci\u00f3n en otros entornos donde el espacio es limitado.<\/p>\n<p>JCK265 est\u00e1 equipado con superficies de presi\u00f3n dual y est\u00e1 hecho de aluminio anodizado negro con tapas de extremo blancas.<\/p>\n<p>Nuestros interruptores de codo con superficies de doble presi\u00f3n est\u00e1n desarrollados para entornos con puertas batientes dobles y permiten el control separado de cada puerta.<\/p>\n<p>Esto reduce las corrientes de aire fr\u00edo y las corrientes de aire a la vez que ahorra energ\u00eda, ya que no es necesario abrir ambas puertas para cada paso.<\/p>\n<p>La funci\u00f3n tambi\u00e9n es pr\u00e1ctica en espacios con dos entradas independientes a la misma estancia.<\/p>\n<h4>Especificaciones t\u00e9cnicas<\/h4>\n<ul>\n<li>Hecho en Suecia.<\/li>\n<li>Material: Alu.6060-T6, pl\u00e1stico POM (pl\u00e1stico acetal).<\/li>\n<li>Dimensiones versi\u00f3n est\u00e1ndar l\/a\/al: 311x50x23 mm.<\/li>\n<li>Microinterruptores: 2pcs IP67. 1 NO\/NC (\u00e1rea de presi\u00f3n peque\u00f1a), 1 NO (\u00e1rea de presi\u00f3n grande).<\/li>\n<\/ul>\n<p>&nbsp;<\/p>","protected":false},"excerpt":{"rendered":"<p>Dimensiones del producto: 311 x 50 x 23 mm.<\/p>\n<p>Conector de codo en aluminio anodizado negro con tapas blancas.<\/p>\n<p>Modelo delgado con superficies de impresi\u00f3n duales.<\/p>","protected":false},"featured_media":148668,"template":"","meta":{"_acf_changed":false},"product_brand":[],"product_cat":[1422,4706],"product_tag":[],"class_list":{"0":"post-148669","1":"product","2":"type-product","3":"status-publish","4":"has-post-thumbnail","6":"product_cat-armbagskontakter-dorrautomatik","7":"product_cat-metall","8":"product_shipping_class-tunga-paket","9":"pa_brands-jc-kontakter","10":"tm-has-options","12":"first","13":"instock","14":"sale","15":"taxable","16":"shipping-taxable","17":"purchasable","18":"product-type-simple"},"acf":[],"_links":{"self":[{"href":"https:\/\/secureus.se\/es\/wp-json\/wp\/v2\/product\/148669","targetHints":{"allow":["GET"]}}],"collection":[{"href":"https:\/\/secureus.se\/es\/wp-json\/wp\/v2\/product"}],"about":[{"href":"https:\/\/secureus.se\/es\/wp-json\/wp\/v2\/types\/product"}],"wp:featuredmedia":[{"embeddable":true,"href":"https:\/\/secureus.se\/es\/wp-json\/wp\/v2\/media\/148668"}],"wp:attachment":[{"href":"https:\/\/secureus.se\/es\/wp-json\/wp\/v2\/media?parent=148669"}],"wp:term":[{"taxonomy":"product_brand","embeddable":true,"href":"https:\/\/secureus.se\/es\/wp-json\/wp\/v2\/product_brand?post=148669"},{"taxonomy":"product_cat","embeddable":true,"href":"https:\/\/secureus.se\/es\/wp-json\/wp\/v2\/product_cat?post=148669"},{"taxonomy":"product_tag","embeddable":true,"href":"https:\/\/secureus.se\/es\/wp-json\/wp\/v2\/product_tag?post=148669"}],"curies":[{"name":"wp","href":"https:\/\/api.w.org\/{rel}","templated":true}]}}