{"id":148673,"date":"2025-03-04T16:25:44","date_gmt":"2025-03-04T15:25:44","guid":{"rendered":"https:\/\/secureus.se\/armbagskontakt-50mm-alu-jck255\/"},"modified":"2026-04-16T16:51:21","modified_gmt":"2026-04-16T14:51:21","slug":"armbagskontakt-50mm-alu-jck255","status":"publish","type":"product","link":"https:\/\/secureus.se\/es\/armbagskontakt-50mm-alu-jck255\/","title":{"rendered":"Conector de codo de 50 mm, aluminio, JCK255"},"content":{"rendered":"<h1>Conector de codo de 50 mm, aluminio, JCK255<\/h1>\n<p>JCK255 tiene solo 50 mm de ancho y est\u00e1 desarrollado para su instalaci\u00f3n en secciones de vidrio construidas con sistemas de perfiles de 50 mm, as\u00ed como en otros espacios donde el espacio es limitado.<\/p>\n<section>\n<h4>Especificaciones t\u00e9cnicas<\/h4>\n<ul>\n<li>Hecho en Suecia.<\/li>\n<li>Material: Alu.6060-T6, pl\u00e1stico POM (pl\u00e1stico acetal).<\/li>\n<li>Dimensiones versi\u00f3n est\u00e1ndar l\/a\/al: 245x50x23 mm.<\/li>\n<li>Microinterruptor: Est\u00e1ndar 1pc NO IP67. Se puede pedir con 2 piezas, as\u00ed como con NO\/NC.<\/li>\n<\/ul>\n<\/section>","protected":false},"excerpt":{"rendered":"<p>Dimensiones del producto: 245 x 50 x 23 mm.<\/p>\n<p>Conector de codo en aluminio anodizado negro con tapas blancas.<\/p>\n<p>Modelo delgado de tan solo 50mm.<\/p>","protected":false},"featured_media":148672,"template":"","meta":{"_acf_changed":false},"product_brand":[],"product_cat":[1422,4706],"product_tag":[],"class_list":{"0":"post-148673","1":"product","2":"type-product","3":"status-publish","4":"has-post-thumbnail","6":"product_cat-armbagskontakter-dorrautomatik","7":"product_cat-metall","8":"product_shipping_class-tunga-paket","9":"pa_brands-jc-kontakter","10":"tm-has-options","12":"first","13":"instock","14":"sale","15":"taxable","16":"shipping-taxable","17":"purchasable","18":"product-type-simple"},"acf":[],"_links":{"self":[{"href":"https:\/\/secureus.se\/es\/wp-json\/wp\/v2\/product\/148673","targetHints":{"allow":["GET"]}}],"collection":[{"href":"https:\/\/secureus.se\/es\/wp-json\/wp\/v2\/product"}],"about":[{"href":"https:\/\/secureus.se\/es\/wp-json\/wp\/v2\/types\/product"}],"wp:featuredmedia":[{"embeddable":true,"href":"https:\/\/secureus.se\/es\/wp-json\/wp\/v2\/media\/148672"}],"wp:attachment":[{"href":"https:\/\/secureus.se\/es\/wp-json\/wp\/v2\/media?parent=148673"}],"wp:term":[{"taxonomy":"product_brand","embeddable":true,"href":"https:\/\/secureus.se\/es\/wp-json\/wp\/v2\/product_brand?post=148673"},{"taxonomy":"product_cat","embeddable":true,"href":"https:\/\/secureus.se\/es\/wp-json\/wp\/v2\/product_cat?post=148673"},{"taxonomy":"product_tag","embeddable":true,"href":"https:\/\/secureus.se\/es\/wp-json\/wp\/v2\/product_tag?post=148673"}],"curies":[{"name":"wp","href":"https:\/\/api.w.org\/{rel}","templated":true}]}}