{"id":148697,"date":"2025-03-12T11:01:47","date_gmt":"2025-03-12T10:01:47","guid":{"rendered":"https:\/\/secureus.se\/dorrstangarsats-ts83-3-6-med-uppstallningsarm-brun\/"},"modified":"2026-04-23T11:55:09","modified_gmt":"2026-04-23T09:55:09","slug":"dorrstangarsats-ts83-3-6-med-uppstallningsarm-brun","status":"publish","type":"product","link":"https:\/\/secureus.se\/es\/dorrstangarsats-ts83-3-6-med-uppstallningsarm-brun\/","title":{"rendered":"Cierrapuertas Dormakaba TS83 \u2013 Kit completo \u2013 EN 3-6 \u2013 Brazo de montaje (encendido\/apagado) \u2013 Marr\u00f3n"},"content":{"rendered":"<p><strong>Dormakaba TS83<\/strong> es un cierrapuertas potente y fiable para quienes necesitan un cierre seguro y controlado de puertas interiores y exteriores. Esta variante se entrega como <strong>kit completo<\/strong> en marr\u00f3n con <strong>Brazo de soporte CL-RF Encendido\/Apagado<\/strong>, lo que la convierte en una buena opci\u00f3n cuando se desea poder mantener la puerta abierta cuando sea necesario y activar o desactivar f\u00e1cilmente la funci\u00f3n.<\/p>\n<p>El cierrapuertas se adapta a puertas de hasta <strong>1400 mm<\/strong> y tiene <strong>Fuerza de cierre infinitamente ajustable EN 3-6<\/strong>. Se puede montar en <strong>lado de la bisagra de la hoja de la puerta<\/strong> o <strong>el lado de tope del marco<\/strong> y se adapta a ambos <strong>puertas correderas izquierda y derecha<\/strong>.<\/p>\n<h3>Esto est\u00e1 incluido en el kit.<\/h3>\n<ul>\n<li>Carcasa del cierrapuertas TS83 3-6<\/li>\n<li>Placa de montaje 8380<\/li>\n<li>Brazo de soporte CL-RF Encendido\/Apagado<\/li>\n<\/ul>\n<h3>Caracter\u00edsticas<\/h3>\n<ul>\n<li>Kit completo con carcasa del cierrapuertas, placa de montaje y brazo de montaje.<\/li>\n<li>Cierrapuertas hidr\u00e1ulico con muelle de compresi\u00f3n<\/li>\n<li>Fuerza de cierre <strong>EN 3-6<\/strong><\/li>\n<li>Fuerza de cierre de puerta infinitamente ajustable<\/li>\n<li>Se adapta a puertas izquierdas y derechas.<\/li>\n<li>Se puede montar en el lado de la bisagra de la hoja de la puerta o en el lado del pestillo del marco.<\/li>\n<li>Ancho m\u00e1ximo de la puerta <strong>1400 mm<\/strong><\/li>\n<li>\u00c1ngulo de apertura m\u00e1ximo <strong>150\u00b0<\/strong><\/li>\n<li>Tratamiento de superficie: <strong>Marr\u00f3n<\/strong><\/li>\n<li>Se pueden solicitar colores especiales en las escalas NCS o RAL.<\/li>\n<\/ul>\n<h3>Caracter\u00edsticas<\/h3>\n<ul>\n<li>Freno de apertura de serie<\/li>\n<li>Velocidad de cierre ajustable <strong>180\u00b0 a 0\u00b0<\/strong><\/li>\n<li>Fuerza de impacto ajustable <strong>7\u00b0 a 0\u00b0<\/strong><\/li>\n<li>Brazo de soporte con bot\u00f3n para encender o apagar el soporte<\/li>\n<\/ul>\n<h3>Informaci\u00f3n importante<\/h3>\n<p><strong>El brazo de soporte no debe utilizarse en puertas cortafuegos.<\/strong> Si el cierrapuertas se va a utilizar en una puerta cortafuegos, debe elegir la versi\u00f3n correcta que no tenga funci\u00f3n de apertura autom\u00e1tica.<\/p>\n<h3>Medida<\/h3>\n<ul>\n<li>Longitud: <strong>293 mm<\/strong><\/li>\n<li>Altura: <strong>60 mm<\/strong><\/li>\n<li>Profundidad: <strong>47,5 mm<\/strong><\/li>\n<\/ul>\n<h3>Adecuado para<\/h3>\n<ul>\n<li>puertas interiores<\/li>\n<li>puertas de entrada<\/li>\n<li>puertas de entrada<\/li>\n<li>entornos de puertas donde se necesita una funci\u00f3n de visualizaci\u00f3n<\/li>\n<li>propiedades, oficinas y entornos p\u00fablicos<\/li>\n<\/ul>\n<p>Dormakaba TS83 es una buena opci\u00f3n para aquellos que buscan un <strong>Cierrapuertas con brazo vertical<\/strong> En un conjunto completo. Obtendr\u00e1 un cierrapuertas fiable con gran capacidad de ajuste, funcionamiento estable y la posibilidad de activar o desactivar el sistema f\u00e1cilmente seg\u00fan sus necesidades.<\/p>\n<div style=\"background: #f6f8fa;padding: 14px;border-radius: 6px;margin: 18px 0\"><strong>\u00bfNecesitas ayuda para elegir el cierrapuertas adecuado?<\/strong><br \/>\nCompare el tipo de puerta, el tipo de brazo y el ancho de la puerta, o vea m\u00e1s modelos en nuestra gama.<br \/>\n<a style=\"font-weight: bold\" href=\"https:\/\/secureus.se\/es\/dorrstangare-kompletta\/\"><br \/>\nVea aqu\u00ed todos los cierrapuertas completos \u2192<br \/>\n<\/a><\/div>","protected":false},"excerpt":{"rendered":"<p><strong>Kit completo para cierrapuertas Dormakaba TS83 en color marr\u00f3n.<\/strong> con brazo de encendido\/apagado para cierre controlado de puertas interiores y exteriores. Se adapta a puertas de hasta <strong>1400 mm<\/strong> y se puede montar en <strong>lado de la bisagra de la hoja de la puerta<\/strong> o <strong>el lado de tope del marco<\/strong>.<\/p>\n<p>El conjunto completo incluye: <strong>Carcasa del cierrapuertas TS83 3-6, placa de montaje 8380 y brazo de montaje CL-RF On\/Off<\/strong>. El modelo tiene <strong>Fuerza de cierre ajustable EN 3-6<\/strong>, funci\u00f3n de apertura del freno y de estacionamiento que se puede activar o desactivar f\u00e1cilmente seg\u00fan sea necesario.<\/p>","protected":false},"featured_media":148696,"template":"","meta":{"_acf_changed":false},"product_brand":[],"product_cat":[3258,4864],"product_tag":[4863],"class_list":{"0":"post-148697","1":"product","2":"type-product","3":"status-publish","4":"has-post-thumbnail","6":"product_cat-dorrstangare","7":"product_cat-dorrstangare-kompletta","8":"product_tag-pf","9":"product_shipping_class-tunga-paket","10":"pa_brands-dormakaba","11":"tm-no-options","13":"first","14":"instock","15":"sale","16":"taxable","17":"shipping-taxable","18":"purchasable","19":"product-type-simple"},"acf":[],"_links":{"self":[{"href":"https:\/\/secureus.se\/es\/wp-json\/wp\/v2\/product\/148697","targetHints":{"allow":["GET"]}}],"collection":[{"href":"https:\/\/secureus.se\/es\/wp-json\/wp\/v2\/product"}],"about":[{"href":"https:\/\/secureus.se\/es\/wp-json\/wp\/v2\/types\/product"}],"wp:featuredmedia":[{"embeddable":true,"href":"https:\/\/secureus.se\/es\/wp-json\/wp\/v2\/media\/148696"}],"wp:attachment":[{"href":"https:\/\/secureus.se\/es\/wp-json\/wp\/v2\/media?parent=148697"}],"wp:term":[{"taxonomy":"product_brand","embeddable":true,"href":"https:\/\/secureus.se\/es\/wp-json\/wp\/v2\/product_brand?post=148697"},{"taxonomy":"product_cat","embeddable":true,"href":"https:\/\/secureus.se\/es\/wp-json\/wp\/v2\/product_cat?post=148697"},{"taxonomy":"product_tag","embeddable":true,"href":"https:\/\/secureus.se\/es\/wp-json\/wp\/v2\/product_tag?post=148697"}],"curies":[{"name":"wp","href":"https:\/\/api.w.org\/{rel}","templated":true}]}}