{"id":148881,"date":"2026-01-07T15:13:24","date_gmt":"2026-01-07T14:13:24","guid":{"rendered":"https:\/\/secureus.se\/?post_type=product&#038;p=148881"},"modified":"2026-03-08T06:45:43","modified_gmt":"2026-03-08T05:45:43","slug":"ljuslist-20cm-led-lampa-med-rorelsesensor-perfekt-garderobsbelysning-och-skapbelysning-silver","status":"publish","type":"product","link":"https:\/\/secureus.se\/es\/ljuslist-20cm-led-lampa-med-rorelsesensor-perfekt-garderobsbelysning-och-skapbelysning-silver\/","title":{"rendered":"Tira de luces LED de 20 cm con sensor de movimiento (plateada)"},"content":{"rendered":"<p data-start=\"0\" data-end=\"488\"><strong data-start=\"0\" data-end=\"92\">Tira de luces LED de 20 cm con sensor de movimiento: iluminaci\u00f3n perfecta para armarios y gabinetes.<\/strong><br data-start=\"92\" data-end=\"95\" \/>\u00bfBusca una soluci\u00f3n de iluminaci\u00f3n flexible y energ\u00e9ticamente eficiente para su armario, cocina o debajo de los gabinetes? Esta luz LED ultradelgada de 20 CM con sensor de movimiento est\u00e1 dise\u00f1ada para proporcionar una luz brillante y uniforme exactamente donde la necesita. Con una soluci\u00f3n de bater\u00eda recargable incorporada (carga USB), no tendr\u00e1 que preocuparse por los cables y, gracias al soporte magn\u00e9tico, la instalaci\u00f3n es r\u00e1pida y sencilla.<\/p>\n<h3 data-start=\"490\" data-end=\"510\">Caracter\u00edsticas principales<\/h3>\n<ul data-start=\"511\" data-end=\"1297\">\n<li data-start=\"511\" data-end=\"649\"><strong data-start=\"513\" data-end=\"546\">Sensor de movimiento multimodo<\/strong>:Elija entre Siempre encendido, Sensor nocturno y Sensor todo el d\u00eda para una iluminaci\u00f3n \u00f3ptima independientemente de la hora del d\u00eda.<\/li>\n<li data-start=\"650\" data-end=\"766\"><strong data-start=\"652\" data-end=\"682\">Dise\u00f1o ultrafino y discreto<\/strong>:El perfil delgado se integra f\u00e1cilmente en armarios, gabinetes y otros espacios reducidos.<\/li>\n<li data-start=\"767\" data-end=\"891\"><strong data-start=\"769\" data-end=\"793\">Brillo ajustable<\/strong>:Mantenga presionado el bot\u00f3n para ajustar el brillo de forma continua; Suelte para bloquear su nivel favorito.<\/li>\n<li data-start=\"892\" data-end=\"1062\"><strong data-start=\"894\" data-end=\"924\">Instalaci\u00f3n r\u00e1pida y sencilla<\/strong>:M\u00f3ntelo con el soporte magn\u00e9tico integrado o utilice las tiras adhesivas 3M incluidas para colocar la tira de luz donde desee.<\/li>\n<li data-start=\"1063\" data-end=\"1183\"><strong data-start=\"1065\" data-end=\"1097\">Bater\u00eda recargable por USB<\/strong>La carga eficiente y segura (5 V) a trav\u00e9s de USB significa que no es necesario comprar bater\u00edas desechables.<\/li>\n<li data-start=\"1184\" data-end=\"1297\"><strong data-start=\"1186\" data-end=\"1206\">Calidad sostenible<\/strong>:Construido con luces LED energ\u00e9ticamente eficientes y materiales robustos que pueden soportar el uso diario.<\/li>\n<\/ul>\n<h3 data-start=\"1299\" data-end=\"1327\">Especificaciones t\u00e9cnicas<\/h3>\n<ul data-start=\"1328\" data-end=\"1822\">\n<li data-start=\"1328\" data-end=\"1374\"><strong data-start=\"1330\" data-end=\"1339\">Longitud<\/strong>: 20CM (tambi\u00e9n disponible en 30 y 40CM)<\/li>\n<li data-start=\"1375\" data-end=\"1397\"><strong data-start=\"1377\" data-end=\"1389\">Voltaje<\/strong>:\u226436 V<\/li>\n<li data-start=\"1398\" data-end=\"1458\"><strong data-start=\"1400\" data-end=\"1414\">Fuente de energ\u00eda<\/strong>:Bater\u00eda de litio recargable (pol\u00edmero)<\/li>\n<li data-start=\"1459\" data-end=\"1492\"><strong data-start=\"1461\" data-end=\"1478\">Puerto de carga<\/strong>:USB tipo C<\/li>\n<li data-start=\"1493\" data-end=\"1549\"><strong data-start=\"1495\" data-end=\"1513\">M\u00e9todo de montaje<\/strong>:Parte trasera magn\u00e9tica o tira 3M<\/li>\n<li data-start=\"1550\" data-end=\"1608\"><strong data-start=\"1552\" data-end=\"1579\">\u00c1ngulo y rango del sensor<\/strong>:120\u00b0 y hasta 3 metros<\/li>\n<li data-start=\"1609\" data-end=\"1698\"><strong data-start=\"1611\" data-end=\"1629\">Temperatura de color<\/strong>:Puede variar de c\u00e1lido a neutro o fr\u00edo, seg\u00fan el modelo.<\/li>\n<li data-start=\"1699\" data-end=\"1822\"><strong data-start=\"1701\" data-end=\"1729\">Contenido del paquete<\/strong>:\n<ul data-start=\"1735\" data-end=\"1822\">\n<li data-start=\"1735\" data-end=\"1757\">1 tira de luz (20 cm)<\/li>\n<li data-start=\"1760\" data-end=\"1776\">1\u00d7 cable USB<\/li>\n<li data-start=\"1779\" data-end=\"1806\">2 tiras magn\u00e9ticas 3M<\/li>\n<li data-start=\"1809\" data-end=\"1822\">1 manual<\/li>\n<\/ul>\n<\/li>\n<\/ul>\n<h3 data-start=\"1824\" data-end=\"1856\">\u00bfPor qu\u00e9 elegir esta tira de luz?<\/h3>\n<ul data-start=\"1857\" data-end=\"2254\">\n<li data-start=\"1857\" data-end=\"1949\"><strong data-start=\"1859\" data-end=\"1883\">M\u00e1xima flexibilidad<\/strong>:Perfecto como iluminaci\u00f3n de armario, debajo de los muebles de cocina o en el pasillo.<\/li>\n<li data-start=\"1950\" data-end=\"2043\"><strong data-start=\"1952\" data-end=\"1979\">Suave y ahorra tiempo<\/strong>:La tecnolog\u00eda del sensor solo se activa cuando realmente se necesita luz.<\/li>\n<li data-start=\"2044\" data-end=\"2145\"><strong data-start=\"2046\" data-end=\"2064\">Eficiencia energ\u00e9tica<\/strong>:La tecnolog\u00eda LED consume una energ\u00eda m\u00ednima y prolonga la vida \u00fatil de la bater\u00eda.<\/li>\n<li data-start=\"2146\" data-end=\"2254\"><strong data-start=\"2148\" data-end=\"2168\">F\u00e1cil de mover<\/strong>:Gracias al soporte magn\u00e9tico, puedes mover la tira de luz entre diferentes espacios sin preocupaciones.<\/li>\n<\/ul>\n<h3 data-start=\"2256\" data-end=\"2287\">Compra adicional \u2013 Control remoto<\/h3>\n<p data-start=\"2288\" data-end=\"2576\">\u00bfQuieres controlar la tira de luz de forma remota y ajustar f\u00e1cilmente el brillo y los modos del sensor? Entonces podr\u00e1s adquirir nuestro pr\u00e1ctico mando a distancia. Proporciona control total sobre la l\u00e1mpara sin tener que alcanzar f\u00edsicamente el bot\u00f3n: perfecto para quienes tienen varias l\u00e1mparas o ubicaciones de montaje dif\u00edciles de alcanzar.<\/p>\n<p data-start=\"2578\" data-end=\"2757\">Dale a tus espacios oscuros una actualizaci\u00f3n moderna con este elegante y elegante... <strong data-start=\"2654\" data-end=\"2699\">Tira de luz LED de 20 cm con sensor de movimiento<\/strong>. Cont\u00e1ctanos si tienes alguna pregunta o deseas saber m\u00e1s.<\/p>","protected":false},"excerpt":{"rendered":"<p>Descubre uno <strong data-start=\"2818\" data-end=\"2854\">L\u00e1mpara LED de 20 cm con sensor de movimiento<\/strong> que proporciona una iluminaci\u00f3n eficiente y uniforme en armarios, alacenas o cocinas. El dise\u00f1o ultradelgado se combina con una f\u00e1cil instalaci\u00f3n mediante soporte magn\u00e9tico y una soluci\u00f3n USB recargable. Ajuste el brillo seg\u00fan sea necesario y elija entre m\u00faltiples modos de sensor para un ahorro de energ\u00eda \u00f3ptimo. Para un control a\u00fan m\u00e1s c\u00f3modo, puedes adquirir un control remoto. \u00a1Mejora tus espacios oscuros hoy!<\/p>","protected":false},"featured_media":148880,"template":"","meta":{"_acf_changed":false},"product_brand":[],"product_cat":[4181],"product_tag":[],"class_list":{"0":"post-148881","1":"product","2":"type-product","3":"status-publish","4":"has-post-thumbnail","6":"product_cat-belysning","7":"product_shipping_class-postnord-varubrev","8":"pa_brands-secureus","9":"tm-no-options","11":"first","12":"instock","13":"sale","14":"featured","15":"taxable","16":"shipping-taxable","17":"purchasable","18":"product-type-simple"},"acf":[],"_links":{"self":[{"href":"https:\/\/secureus.se\/es\/wp-json\/wp\/v2\/product\/148881","targetHints":{"allow":["GET"]}}],"collection":[{"href":"https:\/\/secureus.se\/es\/wp-json\/wp\/v2\/product"}],"about":[{"href":"https:\/\/secureus.se\/es\/wp-json\/wp\/v2\/types\/product"}],"wp:featuredmedia":[{"embeddable":true,"href":"https:\/\/secureus.se\/es\/wp-json\/wp\/v2\/media\/148880"}],"wp:attachment":[{"href":"https:\/\/secureus.se\/es\/wp-json\/wp\/v2\/media?parent=148881"}],"wp:term":[{"taxonomy":"product_brand","embeddable":true,"href":"https:\/\/secureus.se\/es\/wp-json\/wp\/v2\/product_brand?post=148881"},{"taxonomy":"product_cat","embeddable":true,"href":"https:\/\/secureus.se\/es\/wp-json\/wp\/v2\/product_cat?post=148881"},{"taxonomy":"product_tag","embeddable":true,"href":"https:\/\/secureus.se\/es\/wp-json\/wp\/v2\/product_tag?post=148881"}],"curies":[{"name":"wp","href":"https:\/\/api.w.org\/{rel}","templated":true}]}}