{"id":148964,"date":"2024-09-02T12:37:11","date_gmt":"2024-09-02T10:37:11","guid":{"rendered":"https:\/\/secureus.se\/assa-abloy-h100-aperio-lasare-for-hoger-handtag\/"},"modified":"2025-10-21T12:43:03","modified_gmt":"2025-10-21T10:43:03","slug":"assa-abloy-h100-aperio-lasare-for-hoger-handtag","status":"publish","type":"product","link":"https:\/\/secureus.se\/es\/assa-abloy-h100-aperio-lasare-for-hoger-handtag\/","title":{"rendered":"Lector ASSA ABLOY H100 Aperio para manija derecha"},"content":{"rendered":"<h2 class=\"display-4 d-none d-md-block\">Informaci\u00f3n del producto<\/h2>\n<div id=\"collapseProductInformation\" class=\"product-presentation__accordion collapse d-md-block\">\n<div class=\"mb-3\">El DBL362 es un lector de hojas de puerta compacto y preparado para el futuro que admite tecnolog\u00edas de 13,56 MHz: MIFARE Classic, MIFARE Plus (nivel 1 y 3), MIFARE DESFire EV1+2, iCLASS y SEOS. El lector tambi\u00e9n tiene soporte para futuras actualizaciones a las pr\u00f3ximas tecnolog\u00edas de 13,56 MHz.<br \/>\nEl lector es a prueba de manipulaciones ya que tiene toda la inteligencia de forma segura en el interior y solo la parte de la antena en el exterior.<br \/>\nEl lector DBL362 consta de una unidad de lectura y una cerradura el\u00e9ctrica ABLOY EL981 con funci\u00f3n de husillo dividido, detecci\u00f3n de presi\u00f3n e indicaci\u00f3n de la posici\u00f3n de la puerta.<\/div>\n<div class=\"mb-3\">No es necesario perforar orificios adicionales en la puerta para montar la carcasa de la cerradura o la unidad lectora, ya que el cable se coloca dentro o fuera de la puerta.<\/div>\n<div class=\"mb-3\">La unidad se complementa con tirador y cilindro de cerradura seg\u00fan deseo.<br \/>\nDBL362 se utiliza principalmente en puertas interiores como protecci\u00f3n antiastillas; ejemplos de tales instalaciones son vestuarios, trasteros internos, puertas interiores, puertas de s\u00f3tanos y oficinas.<br \/>\nToda la programaci\u00f3n del sistema se realiza a trav\u00e9s del software ARX o RX WEB y todos los datos de configuraci\u00f3n se guardan en una base de datos central.<\/div>\n<div class=\"mb-3\">Las ventajas de los lectores de hojas de puerta conectados centralmente son muchas. La administraci\u00f3n de permisos es sencilla ya que las tarjetas individuales se pueden bloquear inmediatamente en el sistema. Los \u00faltimos eventos se guardan en un archivo de registro en el sistema.<br \/>\nEl DBL360 tiene una unidad de control de puerta incorporada (DAC), que permite una f\u00e1cil instalaci\u00f3n ya que se conecta directamente a la unidad central del sistema de control de acceso.<\/div>\n<\/div>","protected":false},"excerpt":{"rendered":"<p>Lector ASSA ABLOY H100 Aperio para manija derecha<\/p>","protected":false},"featured_media":136267,"template":"","meta":{"_acf_changed":false},"product_brand":[],"product_cat":[4124],"product_tag":[4418,4863],"class_list":{"0":"post-148964","1":"product","2":"type-product","3":"status-publish","4":"has-post-thumbnail","6":"product_cat-dorrhandtag-innerdorr","7":"product_tag-assa-passer-lasare-port","8":"product_tag-pf","9":"product_shipping_class-tunga-paket","10":"pa_brands-abloy","11":"tm-no-options","13":"first","14":"instock","15":"sale","16":"taxable","17":"shipping-taxable","18":"purchasable","19":"product-type-simple"},"acf":[],"_links":{"self":[{"href":"https:\/\/secureus.se\/es\/wp-json\/wp\/v2\/product\/148964","targetHints":{"allow":["GET"]}}],"collection":[{"href":"https:\/\/secureus.se\/es\/wp-json\/wp\/v2\/product"}],"about":[{"href":"https:\/\/secureus.se\/es\/wp-json\/wp\/v2\/types\/product"}],"wp:featuredmedia":[{"embeddable":true,"href":"https:\/\/secureus.se\/es\/wp-json\/wp\/v2\/media\/136267"}],"wp:attachment":[{"href":"https:\/\/secureus.se\/es\/wp-json\/wp\/v2\/media?parent=148964"}],"wp:term":[{"taxonomy":"product_brand","embeddable":true,"href":"https:\/\/secureus.se\/es\/wp-json\/wp\/v2\/product_brand?post=148964"},{"taxonomy":"product_cat","embeddable":true,"href":"https:\/\/secureus.se\/es\/wp-json\/wp\/v2\/product_cat?post=148964"},{"taxonomy":"product_tag","embeddable":true,"href":"https:\/\/secureus.se\/es\/wp-json\/wp\/v2\/product_tag?post=148964"}],"curies":[{"name":"wp","href":"https:\/\/api.w.org\/{rel}","templated":true}]}}