{"id":149110,"date":"2025-03-20T11:17:03","date_gmt":"2025-03-20T10:17:03","guid":{"rendered":"https:\/\/secureus.se\/?post_type=product&#038;p=149110"},"modified":"2026-03-30T16:50:44","modified_gmt":"2026-03-30T14:50:44","slug":"kameraovervakning-dekal-dubbelsidig-premium-pet-repfritt-material-a8-a6-a5-a4","status":"publish","type":"product","link":"https:\/\/secureus.se\/es\/kameraovervakning-dekal-dubbelsidig-premium-pet-repfritt-material-a8-a6-a5-a4\/","title":{"rendered":"Adhesivo para c\u00e1maras de vigilancia \u2013 PET de alta calidad (doble cara)"},"content":{"rendered":"<p data-start=\"29\" data-end=\"421\">Mejora tu seguridad con nuestra <strong data-start=\"59\" data-end=\"97\">Pegatina de c\u00e1mara de vigilancia<\/strong>\u00a0\u2013 una soluci\u00f3n elegante y robusta para marcar que el \u00e1rea est\u00e1 siendo monitoreada. Fabricada con material PET de primera calidad resistente a rayones, esta calcoman\u00eda de doble cara ofrece una calidad superior en comparaci\u00f3n con las alternativas de PVC est\u00e1ndar. La superficie a prueba de rayones garantiza que la calcoman\u00eda mantenga su apariencia fresca y n\u00edtida, incluso despu\u00e9s de una exposici\u00f3n prolongada.<\/p>\n<p data-start=\"423\" data-end=\"773\">Con <strong data-start=\"427\" data-end=\"442\">Adhesivo de 3 mm<\/strong> Es muy f\u00e1cil de montar, lo que hace que la instalaci\u00f3n sea r\u00e1pida y sencilla. El dise\u00f1o de doble cara garantiza que el mensaje sea claramente visible desde ambos lados, ya sea en interiores o exteriores. Por tanto, la pegatina es ideal para marcar entradas, ventanas y otros puntos estrat\u00e9gicos donde se desea aumentar la seguridad.<\/p>\n<p data-start=\"775\" data-end=\"795\"><strong data-start=\"775\" data-end=\"795\">Presupuesto:<\/strong><\/p>\n<ul data-start=\"796\" data-end=\"914\">\n<li data-start=\"796\" data-end=\"822\"><strong data-start=\"798\" data-end=\"810\">Tama\u00f1o:<\/strong> Varios tama\u00f1os diferentes, A8, A6, A5, A4.<\/li>\n<li data-start=\"823\" data-end=\"851\"><strong data-start=\"825\" data-end=\"838\">Material:<\/strong> PET sin rayones<\/li>\n<li data-start=\"852\" data-end=\"877\"><strong data-start=\"854\" data-end=\"865\">Dise\u00f1o:<\/strong> De dos caras<\/li>\n<li data-start=\"878\" data-end=\"914\"><strong data-start=\"880\" data-end=\"892\">Adhesivo:<\/strong> 3 mm \u2013 f\u00e1cil montaje<\/li>\n<\/ul>\n<p data-start=\"916\" data-end=\"1059\">Elija nuestra pegatina de vigilancia con c\u00e1mara para una soluci\u00f3n de seguridad duradera y eficaz que disuade a los intrusos y contribuye a un entorno m\u00e1s seguro.<\/p>","protected":false},"excerpt":{"rendered":"<p>Una pegatina de vigilancia para c\u00e1mara de doble cara hecha de material PET resistente a rayones con adhesivo de 3 mm para una f\u00e1cil instalaci\u00f3n, perfecta para aumentar la seguridad tanto en interiores como en exteriores.<\/p>","protected":false},"featured_media":158961,"template":"","meta":{"_acf_changed":false},"product_brand":[],"product_cat":[3227,1793],"product_tag":[],"class_list":{"0":"post-149110","1":"product","2":"type-product","3":"status-publish","4":"has-post-thumbnail","6":"product_cat-kameraovervakning-skylt","7":"product_cat-kameraskyltar","8":"product_shipping_class-postnord-varubrev","9":"pa_brands-secureus","10":"pa_storlek-a4-21x29-7cm","11":"pa_storlek-a5-14-8x21cm","12":"pa_storlek-a6-10-5x14-8cm","13":"pa_storlek-a8-5-2-x-7-4-cm","14":"tm-no-options","16":"first","17":"instock","18":"taxable","19":"shipping-taxable","20":"purchasable","21":"product-type-variable"},"acf":[],"_links":{"self":[{"href":"https:\/\/secureus.se\/es\/wp-json\/wp\/v2\/product\/149110","targetHints":{"allow":["GET"]}}],"collection":[{"href":"https:\/\/secureus.se\/es\/wp-json\/wp\/v2\/product"}],"about":[{"href":"https:\/\/secureus.se\/es\/wp-json\/wp\/v2\/types\/product"}],"wp:featuredmedia":[{"embeddable":true,"href":"https:\/\/secureus.se\/es\/wp-json\/wp\/v2\/media\/158961"}],"wp:attachment":[{"href":"https:\/\/secureus.se\/es\/wp-json\/wp\/v2\/media?parent=149110"}],"wp:term":[{"taxonomy":"product_brand","embeddable":true,"href":"https:\/\/secureus.se\/es\/wp-json\/wp\/v2\/product_brand?post=149110"},{"taxonomy":"product_cat","embeddable":true,"href":"https:\/\/secureus.se\/es\/wp-json\/wp\/v2\/product_cat?post=149110"},{"taxonomy":"product_tag","embeddable":true,"href":"https:\/\/secureus.se\/es\/wp-json\/wp\/v2\/product_tag?post=149110"}],"curies":[{"name":"wp","href":"https:\/\/api.w.org\/{rel}","templated":true}]}}