{"id":149156,"date":"2025-03-24T10:45:41","date_gmt":"2025-03-24T09:45:41","guid":{"rendered":"https:\/\/secureus.se\/?post_type=product&#038;p=149156"},"modified":"2026-04-07T13:23:48","modified_gmt":"2026-04-07T11:23:48","slug":"ajax-hub2-plus-12v-centralenhet-for-bat-husbil-husvagn-ip-wifi-4g-vit","status":"publish","type":"product","link":"https:\/\/secureus.se\/es\/ajax-hub2-plus-12v-centralenhet-for-bat-husbil-husvagn-ip-wifi-4g-vit\/","title":{"rendered":"Ajax Hub2 Plus 12V \u2013 Unidad central para barco, autocaravana y caravana (IP + WiFi + 4G Blanco)"},"content":{"rendered":"<p class=\"\" data-start=\"95\" data-end=\"484\"><strong data-start=\"95\" data-end=\"179\">Ajax Hub2 Plus 12V \u2013 Unidad central para barco, autocaravana y caravana (IP + WiFi + 4G Blanco)<\/strong><br data-start=\"179\" data-end=\"182\" \/>Esta unidad central especialmente adaptada est\u00e1 dise\u00f1ada para instalaciones m\u00f3viles donde la alimentaci\u00f3n de 12 V es crucial. Con una combinaci\u00f3n del Ajax Hub2 Plus WiFi + 4G en un elegante dise\u00f1o blanco y una placa de alimentaci\u00f3n PSU de 12 V compatible, obtienes un sistema de seguridad completo y confiable para barcos, autocaravanas y caravanas.<\/p>\n<p class=\"\" data-start=\"486\" data-end=\"507\"><strong data-start=\"486\" data-end=\"507\">Caracter\u00edsticas principales:<\/strong><\/p>\n<ul data-start=\"508\" data-end=\"1160\">\n<li class=\"\" data-start=\"508\" data-end=\"634\">\n<p class=\"\" data-start=\"510\" data-end=\"634\"><strong data-start=\"510\" data-end=\"538\">Comunicaci\u00f3n avanzada:<\/strong> El dispositivo es compatible con WiFi y 4G, lo que garantiza una conectividad estable incluso en entornos dif\u00edciles.<\/p>\n<\/li>\n<li class=\"\" data-start=\"635\" data-end=\"761\">\n<p class=\"\" data-start=\"637\" data-end=\"761\"><strong data-start=\"637\" data-end=\"665\">Alcance inal\u00e1mbrico robusto:<\/strong> Hasta 2000 metros garantiza que todos los sensores y dispositivos conectados se comuniquen de manera efectiva. Todos los dispositivos Ajax funcionan normalmente con este concentrador.<\/p>\n<\/li>\n<li class=\"\" data-start=\"762\" data-end=\"1014\">\n<p class=\"\" data-start=\"764\" data-end=\"1014\"><strong data-start=\"764\" data-end=\"800\">Fuente de alimentaci\u00f3n integrada de 12 V:<\/strong> Con la tarjeta PSU que se monta directamente en el Hub 2, Hub2Plus o ReX 2, obtienes una soluci\u00f3n flexible con entrada de voltaje de 8 a 32 VCC, perfecta si quieres usar una fuente de alimentaci\u00f3n externa u obtener una soluci\u00f3n preensamblada.<\/p>\n<\/li>\n<li class=\"\" data-start=\"1015\" data-end=\"1160\">\n<p class=\"\" data-start=\"1017\" data-end=\"1160\"><strong data-start=\"1017\" data-end=\"1038\">Protecci\u00f3n vers\u00e1til:<\/strong> El sistema ofrece protecci\u00f3n completa contra robos, incendios y agua, lo que es crucial para veh\u00edculos e instalaciones m\u00f3viles.<\/p>\n<\/li>\n<\/ul>","protected":false},"excerpt":{"rendered":"<p><strong data-start=\"1478\" data-end=\"1562\">Ajax Hub2 Plus 12V \u2013 Unidad central para barco, autocaravana y caravana (IP + WiFi + 4G Blanco)<\/strong><br data-start=\"1562\" data-end=\"1565\" \/>Obtenga un sistema de seguridad completo con comunicaci\u00f3n WiFi y 4G avanzada, largo alcance y fuente de alimentaci\u00f3n de 12 V incorporada (8-32 VDC). Perfecto para barcos, veh\u00edculos recreativos y caravanas: elija tener la fuente de alimentaci\u00f3n preinstalada para una instalaci\u00f3n r\u00e1pida y sencilla.<\/p>","protected":false},"featured_media":151979,"template":"","meta":{"_acf_changed":false},"product_brand":[],"product_cat":[3154],"product_tag":[],"class_list":{"0":"post-149156","1":"product","2":"type-product","3":"status-publish","4":"has-post-thumbnail","6":"product_cat-centralenheter","7":"tm-no-options","9":"first","10":"instock","11":"taxable","12":"shipping-taxable","13":"purchasable","14":"product-type-woosb"},"acf":[],"_links":{"self":[{"href":"https:\/\/secureus.se\/es\/wp-json\/wp\/v2\/product\/149156","targetHints":{"allow":["GET"]}}],"collection":[{"href":"https:\/\/secureus.se\/es\/wp-json\/wp\/v2\/product"}],"about":[{"href":"https:\/\/secureus.se\/es\/wp-json\/wp\/v2\/types\/product"}],"wp:featuredmedia":[{"embeddable":true,"href":"https:\/\/secureus.se\/es\/wp-json\/wp\/v2\/media\/151979"}],"wp:attachment":[{"href":"https:\/\/secureus.se\/es\/wp-json\/wp\/v2\/media?parent=149156"}],"wp:term":[{"taxonomy":"product_brand","embeddable":true,"href":"https:\/\/secureus.se\/es\/wp-json\/wp\/v2\/product_brand?post=149156"},{"taxonomy":"product_cat","embeddable":true,"href":"https:\/\/secureus.se\/es\/wp-json\/wp\/v2\/product_cat?post=149156"},{"taxonomy":"product_tag","embeddable":true,"href":"https:\/\/secureus.se\/es\/wp-json\/wp\/v2\/product_tag?post=149156"}],"curies":[{"name":"wp","href":"https:\/\/api.w.org\/{rel}","templated":true}]}}